{"id":7357,"date":"2023-03-20T07:11:33","date_gmt":"2023-03-20T05:11:33","guid":{"rendered":"https:\/\/360photoboothpro.eu\/polityka-prywatnosci\/"},"modified":"2025-03-12T09:23:51","modified_gmt":"2025-03-12T07:23:51","slug":"polityka-prywatnosci","status":"publish","type":"page","link":"https:\/\/360photoboothpro.eu\/pl\/polityka-prywatnosci\/","title":{"rendered":"Polityka prywatno\u015bci"},"content":{"rendered":"\t\t<div data-elementor-type=\"wp-page\" data-elementor-id=\"7357\" class=\"elementor elementor-7357 elementor-3\" data-elementor-post-type=\"page\">\n\t\t\t\t\t\t<section class=\"elementor-section elementor-top-section elementor-element elementor-element-77d2360 elementor-section-boxed elementor-section-height-default elementor-section-height-default\" data-id=\"77d2360\" data-element_type=\"section\">\r\n\t\t\r\n\t\t\t\t\t\t\t<div class=\"elementor-container elementor-column-gap-default\">\r\n\t\t\t\t\t\t\t\t\t\t\t<div class=\"elementor-column elementor-col-100 elementor-top-column elementor-element elementor-element-3bc6d72\" data-id=\"3bc6d72\" data-element_type=\"column\">\r\n\t\t\t\t\t<div class=\"elementor-widget-wrap elementor-element-populated\">\r\n\t\t\t\t\t\t\t\t<div class=\"elementor-element elementor-element-46807c2 elementor-widget elementor-widget-heading\" data-id=\"46807c2\" data-element_type=\"widget\" data-widget_type=\"heading.default\">\n\t\t\t\t<div class=\"elementor-widget-container\">\n\t\t\t<h2 class=\"elementor-heading-title elementor-size-default\">Polityka prywatno\u015bci<\/h2>\t\t<\/div>\n\t\t\t\t<\/div>\n\t\t\t\t\t<\/div>\r\n\t\t\t\t<\/div>\r\n\t\t\t\t\t<\/div>\r\n\t\t\t\t<\/section>\r\n\t\t\t\t<section class=\"elementor-section elementor-top-section elementor-element elementor-element-234af183 elementor-section-boxed elementor-section-height-default elementor-section-height-default\" data-id=\"234af183\" data-element_type=\"section\">\r\n\t\t\r\n\t\t\t\t\t\t\t<div class=\"elementor-container elementor-column-gap-default\">\r\n\t\t\t\t\t\t\t\t\t\t\t<div class=\"elementor-column elementor-col-100 elementor-top-column elementor-element elementor-element-5cd2b2ea\" data-id=\"5cd2b2ea\" data-element_type=\"column\">\r\n\t\t\t\t\t<div class=\"elementor-widget-wrap elementor-element-populated\">\r\n\t\t\t\t\t\t\t\t<div class=\"elementor-element elementor-element-6f8a2459 elementor-widget elementor-widget-text-editor\" data-id=\"6f8a2459\" data-element_type=\"widget\" data-widget_type=\"text-editor.default\">\n\t\t\t\t<div class=\"elementor-widget-container\">\n\t\t\t\t\t\t\t<h1 class=\"western\"><span style=\"color: #111111;\"><span style=\"font-family: inherit;\"><span style=\"font-size: x-large;\"><b>POLITYKA PRYWATNO\u015aCI<\/b><\/span><\/span><\/span><\/h1>\n<p>Novo Best Concept Team SRL<\/p>\n<p>Niniejsza Polityka prywatno\u015bci opisuje spos\u00f3b gromadzenia, wykorzystywania i udost\u0119pniania danych osobowych u\u017cytkownika podczas odwiedzania lub dokonywania zakup\u00f3w w witrynie https:\/\/360photoboothpro.eu\/ (&#8222;Witryna&#8221;).<\/p>\n<p>GROMADZONE PRZEZ NAS DANE OSOBOWE<\/p>\n<p>Gdy u\u017cytkownik odwiedza Witryn\u0119, automatycznie gromadzimy pewne informacje o jego urz\u0105dzeniu, w tym informacje o przegl\u0105darce internetowej, adresie IP, strefie czasowej i niekt\u00f3rych plikach cookie zainstalowanych na urz\u0105dzeniu. Ponadto, podczas przegl\u0105dania Witryny przez u\u017cytkownika, gromadzimy informacje o poszczeg\u00f3lnych stronach internetowych lub produktach, kt\u00f3re u\u017cytkownik przegl\u0105da, jakie strony internetowe lub wyszukiwane has\u0142a skierowa\u0142y u\u017cytkownika do Witryny oraz informacje o sposobie interakcji u\u017cytkownika z Witryn\u0105. Te automatycznie zbierane informacje okre\u015blamy mianem &#8222;Informacji o urz\u0105dzeniu&#8221;.<\/p>\n<p>Zbieramy informacje o urz\u0105dzeniach przy u\u017cyciu nast\u0119puj\u0105cych technologii:<\/p>\n<p>&#8211; &#8222;Pliki cookie&#8221; to pliki danych, kt\u00f3re s\u0105 umieszczane na urz\u0105dzeniu lub komputerze u\u017cytkownika i cz\u0119sto zawieraj\u0105 anonimowy unikalny identyfikator. Wi\u0119cej informacji na temat plik\u00f3w cookie i sposobu ich wy\u0142\u0105czania mo\u017cna znale\u017a\u0107 na stronie http:\/\/www.allaboutcookies.org.<br \/>&#8211; &#8222;Pliki dziennika&#8221; \u015bledz\u0105 dzia\u0142ania wyst\u0119puj\u0105ce w Witrynie i gromadz\u0105 dane, w tym adres IP u\u017cytkownika, typ przegl\u0105darki, dostawc\u0119 us\u0142ug internetowych, strony odsy\u0142aj\u0105ce\/wyj\u015bciowe oraz znaczniki daty\/godziny.<br \/>&#8211; &#8222;Sygna\u0142y nawigacyjne w sieci Web&#8221;, &#8222;znaczniki&#8221; i &#8222;piksele&#8221; to pliki elektroniczne u\u017cywane do rejestrowania informacji o sposobie przegl\u0105dania Witryny przez u\u017cytkownika.<\/p>\n<p>Ponadto, gdy u\u017cytkownik dokonuje zakupu lub pr\u00f3buje dokona\u0107 zakupu za po\u015brednictwem Witryny, zbieramy od niego okre\u015blone informacje, w tym imi\u0119 i nazwisko, adres rozliczeniowy, adres wysy\u0142ki, informacje dotycz\u0105ce p\u0142atno\u015bci (w tym numery kart kredytowych), adres e-mail i numer telefonu. Informacje te okre\u015blamy mianem &#8222;Informacji o zam\u00f3wieniu&#8221;.<\/p>\n<p>M\u00f3wi\u0105c o &#8222;Danych osobowych&#8221; w niniejszej Polityce prywatno\u015bci, mamy na my\u015bli zar\u00f3wno Informacje o urz\u0105dzeniu, jak i Informacje o zam\u00f3wieniu.<\/p>\n<p>JAK WYKORZYSTUJEMY DANE OSOBOWE U\u017bYTKOWNIKA?<\/p>\n<p>Informacje o zam\u00f3wieniach, kt\u00f3re zbieramy, wykorzystujemy zasadniczo do realizacji wszelkich zam\u00f3wie\u0144 z\u0142o\u017conych za po\u015brednictwem Witryny (w tym przetwarzania informacji o p\u0142atno\u015bciach, organizowania wysy\u0142ki i dostarczania faktur i\/lub potwierdze\u0144 zam\u00f3wie\u0144). Ponadto wykorzystujemy te Informacje o zam\u00f3wieniu do:<br \/>komunikowania si\u0119 z u\u017cytkownikiem;<br \/>sprawdzania naszych zam\u00f3wie\u0144 pod k\u0105tem potencjalnego ryzyka lub oszustwa; oraz<br \/>dostarczania u\u017cytkownikowi informacji lub reklam zwi\u0105zanych z naszymi produktami lub us\u0142ugami, je\u015bli jest to zgodne z preferencjami udost\u0119pnionymi nam przez u\u017cytkownika.<\/p>\n<p>Wykorzystujemy gromadzone przez nas Informacje o urz\u0105dzeniu, aby pom\u00f3c nam w monitorowaniu potencjalnego ryzyka i oszustw (w szczeg\u00f3lno\u015bci adresu IP u\u017cytkownika), a bardziej og\u00f3lnie w celu ulepszenia i optymalizacji naszej Witryny (na przyk\u0142ad poprzez generowanie analiz dotycz\u0105cych sposobu przegl\u0105dania i interakcji naszych klient\u00f3w z Witryn\u0105 oraz w celu oceny sukcesu naszych kampanii marketingowych i reklamowych).<\/p>\n<p>UDOST\u0118PNIANIE DANYCH OSOBOWYCH<\/p>\n<p>Udost\u0119pniamy Dane osobowe u\u017cytkownika stronom trzecim, aby pom\u00f3c nam w korzystaniu z Danych osobowych u\u017cytkownika w spos\u00f3b opisany powy\u017cej. Korzystamy r\u00f3wnie\u017c z Google Analytics, aby pom\u00f3c nam zrozumie\u0107, w jaki spos\u00f3b nasi klienci korzystaj\u0105 z Witryny &#8211; wi\u0119cej informacji o tym, jak Google wykorzystuje dane osobowe u\u017cytkownika, mo\u017cna znale\u017a\u0107 tutaj: https:\/\/www.google.com\/intl\/en\/policies\/privacy\/. U\u017cytkownik mo\u017ce r\u00f3wnie\u017c zrezygnowa\u0107 z Google Analytics tutaj: https:\/\/tools.google.com\/dlpage\/gaoptout.<\/p>\n<p>Wreszcie, mo\u017cemy r\u00f3wnie\u017c udost\u0119pnia\u0107 dane osobowe u\u017cytkownika w celu zachowania zgodno\u015bci z obowi\u0105zuj\u0105cymi przepisami prawa i regulacjami, w odpowiedzi na wezwanie do s\u0105du, nakaz przeszukania lub inne zgodne z prawem \u017c\u0105danie dotycz\u0105ce otrzymanych przez nas informacji lub w celu ochrony naszych praw w inny spos\u00f3b.<\/p>\n<p>REKLAMA BEHAWIORALNA<br \/>Jak opisano powy\u017cej, wykorzystujemy dane osobowe u\u017cytkownika w celu dostarczania mu ukierunkowanych reklam lub komunikat\u00f3w marketingowych, kt\u00f3re naszym zdaniem mog\u0105 by\u0107 dla niego interesuj\u0105ce. Wi\u0119cej informacji na temat dzia\u0142ania reklam ukierunkowanych mo\u017cna znale\u017a\u0107 na stronie edukacyjnej Network Advertising Initiative (&#8222;NAI&#8221;) pod adresem http:\/\/www.networkadvertising.org\/understanding-online-advertising\/how-does-it-work.<\/p>\n<p>U\u017cytkownik mo\u017ce zrezygnowa\u0107 z reklam ukierunkowanych:<\/p>\n<p>FACEBOOK &#8211; https:\/\/www.facebook.com\/settings\/?tab=ads<br \/>GOOGLE &#8211; https:\/\/www.google.com\/settings\/ads\/anonymous<br \/>BING &#8211; https:\/\/advertise.bingads.microsoft.com\/en-us\/resources\/policies\/personalized-ads<\/p>\n<p>Ponadto mo\u017cna zrezygnowa\u0107 z niekt\u00f3rych z tych us\u0142ug, odwiedzaj\u0105c portal rezygnacji Digital Advertising Alliance pod adresem: http:\/\/optout.aboutads.info\/.<\/p>\n<p>NIE \u015aLED\u0179<br \/>Nale\u017cy pami\u0119ta\u0107, \u017ce nie zmieniamy praktyk gromadzenia i wykorzystywania danych w naszej Witrynie, gdy widzimy sygna\u0142 Do Not Track z przegl\u0105darki u\u017cytkownika.<\/p>\n<p>PRAWA U\u017bYTKOWNIKA<br \/>Je\u015bli u\u017cytkownik jest mieszka\u0144cem Europy, ma prawo dost\u0119pu do przechowywanych przez nas jego danych osobowych oraz \u017c\u0105dania ich poprawienia, aktualizacji lub usuni\u0119cia. Je\u015bli chcesz skorzysta\u0107 z tego prawa, skontaktuj si\u0119 z nami za po\u015brednictwem poni\u017cszych danych kontaktowych.<br \/>Ponadto, je\u015bli jeste\u015b mieszka\u0144cem Europy, zwracamy uwag\u0119, \u017ce przetwarzamy Twoje dane w celu realizacji um\u00f3w, kt\u00f3re mo\u017cemy z Tob\u0105 zawrze\u0107 (na przyk\u0142ad, je\u015bli z\u0142o\u017cysz zam\u00f3wienie za po\u015brednictwem Witryny) lub w inny spos\u00f3b w celu realizacji naszych uzasadnionych interes\u00f3w biznesowych wymienionych powy\u017cej.  Ponadto nale\u017cy pami\u0119ta\u0107, \u017ce dane u\u017cytkownika b\u0119d\u0105 przekazywane poza Europ\u0119, w tym do Kanady i Stan\u00f3w Zjednoczonych.<\/p>\n<p>PRZECHOWYWANIE DANYCH<br \/>Gdy u\u017cytkownik z\u0142o\u017cy zam\u00f3wienie za po\u015brednictwem Witryny, zachowamy informacje o zam\u00f3wieniu w naszych rejestrach, chyba \u017ce u\u017cytkownik poprosi nas o usuni\u0119cie tych informacji.<\/p>\n<p>ZMIANY<br \/>Mo\u017cemy od czasu do czasu aktualizowa\u0107 niniejsz\u0105 polityk\u0119 prywatno\u015bci w celu odzwierciedlenia, na przyk\u0142ad, zmian w naszych praktykach lub z innych powod\u00f3w operacyjnych, prawnych lub regulacyjnych.<br \/>KONTAKT<br \/>Aby uzyska\u0107 wi\u0119cej informacji na temat naszych praktyk w zakresie prywatno\u015bci, je\u015bli masz pytania lub je\u015bli chcesz z\u0142o\u017cy\u0107 skarg\u0119, skontaktuj si\u0119 z nami za po\u015brednictwem poczty elektronicznej pod adresem contact@360photoboothpro.eu lub poczt\u0105, korzystaj\u0105c z danych podanych poni\u017cej:<\/p>\n<p>Bucuresti, Calea Mosilor, nr. 88, sc. F, ap. 82, Sector 3, Romania  <\/p>\n\t\t\t\t\t\t<\/div>\n\t\t\t\t<\/div>\n\t\t\t\t\t<\/div>\r\n\t\t\t\t<\/div>\r\n\t\t\t\t\t<\/div>\r\n\t\t\t\t<\/section>\r\n\t\t\t\t<\/div>\n\t\t","protected":false},"excerpt":{"rendered":"<p>Polityka prywatno\u015bci POLITYKA PRYWATNO\u015aCI Novo Best Concept Team SRL Niniejsza Polityka prywatno\u015bci opisuje spos\u00f3b gromadzenia, wykorzystywania i udost\u0119pniania danych osobowych u\u017cytkownika podczas odwiedzania lub dokonywania zakup\u00f3w w witrynie https:\/\/360photoboothpro.eu\/ (&#8222;Witryna&#8221;). GROMADZONE PRZEZ NAS DANE OSOBOWE Gdy u\u017cytkownik odwiedza Witryn\u0119, automatycznie gromadzimy pewne informacje o jego urz\u0105dzeniu, w tym informacje o przegl\u0105darce internetowej, adresie IP, strefie [&hellip;]<\/p>\n","protected":false},"author":1,"featured_media":0,"parent":0,"menu_order":0,"comment_status":"closed","ping_status":"open","template":"elementor_header_footer","meta":{"_acf_changed":false,"footnotes":""},"class_list":["post-7357","page","type-page","status-publish","hentry"],"acf":[],"yoast_head":"<!-- This site is optimized with the Yoast SEO plugin v23.5 - https:\/\/yoast.com\/wordpress\/plugins\/seo\/ -->\n<title>Polityka prywatno\u015bci - 360PhotoBoothPRO<\/title>\n<meta name=\"description\" content=\"Ochrona prywatno\u015bci ma znaczenie. Przeczytaj nasz\u0105 przejrzyst\u0105 Polityk\u0119 prywatno\u015bci na stronie 360 Photo Booth Pro. Zaufaj nam i ciesz si\u0119 bezpieczn\u0105 obs\u0142ug\u0105 online.\" \/>\n<meta name=\"robots\" content=\"index, follow, max-snippet:-1, max-image-preview:large, max-video-preview:-1\" \/>\n<link rel=\"canonical\" href=\"https:\/\/360photoboothpro.eu\/pl\/polityka-prywatnosci\/\" \/>\n<meta property=\"og:locale\" content=\"pl_PL\" \/>\n<meta property=\"og:type\" content=\"article\" \/>\n<meta property=\"og:title\" content=\"Polityka prywatno\u015bci - 360PhotoBoothPRO\" \/>\n<meta property=\"og:description\" content=\"Ochrona prywatno\u015bci ma znaczenie. Przeczytaj nasz\u0105 przejrzyst\u0105 Polityk\u0119 prywatno\u015bci na stronie 360 Photo Booth Pro. Zaufaj nam i ciesz si\u0119 bezpieczn\u0105 obs\u0142ug\u0105 online.\" \/>\n<meta property=\"og:url\" content=\"https:\/\/360photoboothpro.eu\/pl\/polityka-prywatnosci\/\" \/>\n<meta property=\"og:site_name\" content=\"360PhotoBoothPRO\" \/>\n<meta property=\"article:publisher\" content=\"https:\/\/www.facebook.com\/360PhotoBoothPRO.Canada\/\" \/>\n<meta property=\"article:modified_time\" content=\"2025-03-12T07:23:51+00:00\" \/>\n<meta name=\"twitter:card\" content=\"summary_large_image\" \/>\n<meta name=\"twitter:label1\" content=\"Szacowany czas czytania\" \/>\n\t<meta name=\"twitter:data1\" content=\"5 minut\" \/>\n<script type=\"application\/ld+json\" class=\"yoast-schema-graph\">{\"@context\":\"https:\/\/schema.org\",\"@graph\":[{\"@type\":\"WebPage\",\"@id\":\"https:\/\/360photoboothpro.eu\/pl\/polityka-prywatnosci\/\",\"url\":\"https:\/\/360photoboothpro.eu\/pl\/polityka-prywatnosci\/\",\"name\":\"Polityka prywatno\u015bci - 360PhotoBoothPRO\",\"isPartOf\":{\"@id\":\"https:\/\/360photoboothpro.eu\/pl\/#website\"},\"datePublished\":\"2023-03-20T05:11:33+00:00\",\"dateModified\":\"2025-03-12T07:23:51+00:00\",\"description\":\"Ochrona prywatno\u015bci ma znaczenie. Przeczytaj nasz\u0105 przejrzyst\u0105 Polityk\u0119 prywatno\u015bci na stronie 360 Photo Booth Pro. Zaufaj nam i ciesz si\u0119 bezpieczn\u0105 obs\u0142ug\u0105 online.\",\"breadcrumb\":{\"@id\":\"https:\/\/360photoboothpro.eu\/pl\/polityka-prywatnosci\/#breadcrumb\"},\"inLanguage\":\"pl-PL\",\"potentialAction\":[{\"@type\":\"ReadAction\",\"target\":[\"https:\/\/360photoboothpro.eu\/pl\/polityka-prywatnosci\/\"]}]},{\"@type\":\"BreadcrumbList\",\"@id\":\"https:\/\/360photoboothpro.eu\/pl\/polityka-prywatnosci\/#breadcrumb\",\"itemListElement\":[{\"@type\":\"ListItem\",\"position\":1,\"name\":\"Home\",\"item\":\"https:\/\/360photoboothpro.eu\/pl\/\"},{\"@type\":\"ListItem\",\"position\":2,\"name\":\"Polityka prywatno\u015bci\"}]},{\"@type\":\"WebSite\",\"@id\":\"https:\/\/360photoboothpro.eu\/pl\/#website\",\"url\":\"https:\/\/360photoboothpro.eu\/pl\/\",\"name\":\"360PhotoBoothPRO\",\"description\":\"360PhotoBoothPRO\",\"publisher\":{\"@id\":\"https:\/\/360photoboothpro.eu\/pl\/#organization\"},\"potentialAction\":[{\"@type\":\"SearchAction\",\"target\":{\"@type\":\"EntryPoint\",\"urlTemplate\":\"https:\/\/360photoboothpro.eu\/pl\/?s={search_term_string}\"},\"query-input\":{\"@type\":\"PropertyValueSpecification\",\"valueRequired\":true,\"valueName\":\"search_term_string\"}}],\"inLanguage\":\"pl-PL\"},{\"@type\":\"Organization\",\"@id\":\"https:\/\/360photoboothpro.eu\/pl\/#organization\",\"name\":\"360PhotoBoothPRO\",\"url\":\"https:\/\/360photoboothpro.eu\/pl\/\",\"logo\":{\"@type\":\"ImageObject\",\"inLanguage\":\"pl-PL\",\"@id\":\"https:\/\/360photoboothpro.eu\/pl\/#\/schema\/logo\/image\/\",\"url\":\"https:\/\/360photoboothpro.eu\/wp-content\/uploads\/2023\/03\/logo-360photoboothpro-favicon.png\",\"contentUrl\":\"https:\/\/360photoboothpro.eu\/wp-content\/uploads\/2023\/03\/logo-360photoboothpro-favicon.png\",\"width\":317,\"height\":317,\"caption\":\"360PhotoBoothPRO\"},\"image\":{\"@id\":\"https:\/\/360photoboothpro.eu\/pl\/#\/schema\/logo\/image\/\"},\"sameAs\":[\"https:\/\/www.facebook.com\/360PhotoBoothPRO.Canada\/\"]}]}<\/script>\n<!-- \/ Yoast SEO plugin. -->","yoast_head_json":{"title":"Polityka prywatno\u015bci - 360PhotoBoothPRO","description":"Ochrona prywatno\u015bci ma znaczenie. Przeczytaj nasz\u0105 przejrzyst\u0105 Polityk\u0119 prywatno\u015bci na stronie 360 Photo Booth Pro. Zaufaj nam i ciesz si\u0119 bezpieczn\u0105 obs\u0142ug\u0105 online.","robots":{"index":"index","follow":"follow","max-snippet":"max-snippet:-1","max-image-preview":"max-image-preview:large","max-video-preview":"max-video-preview:-1"},"canonical":"https:\/\/360photoboothpro.eu\/pl\/polityka-prywatnosci\/","og_locale":"pl_PL","og_type":"article","og_title":"Polityka prywatno\u015bci - 360PhotoBoothPRO","og_description":"Ochrona prywatno\u015bci ma znaczenie. Przeczytaj nasz\u0105 przejrzyst\u0105 Polityk\u0119 prywatno\u015bci na stronie 360 Photo Booth Pro. Zaufaj nam i ciesz si\u0119 bezpieczn\u0105 obs\u0142ug\u0105 online.","og_url":"https:\/\/360photoboothpro.eu\/pl\/polityka-prywatnosci\/","og_site_name":"360PhotoBoothPRO","article_publisher":"https:\/\/www.facebook.com\/360PhotoBoothPRO.Canada\/","article_modified_time":"2025-03-12T07:23:51+00:00","twitter_card":"summary_large_image","twitter_misc":{"Szacowany czas czytania":"5 minut"},"schema":{"@context":"https:\/\/schema.org","@graph":[{"@type":"WebPage","@id":"https:\/\/360photoboothpro.eu\/pl\/polityka-prywatnosci\/","url":"https:\/\/360photoboothpro.eu\/pl\/polityka-prywatnosci\/","name":"Polityka prywatno\u015bci - 360PhotoBoothPRO","isPartOf":{"@id":"https:\/\/360photoboothpro.eu\/pl\/#website"},"datePublished":"2023-03-20T05:11:33+00:00","dateModified":"2025-03-12T07:23:51+00:00","description":"Ochrona prywatno\u015bci ma znaczenie. Przeczytaj nasz\u0105 przejrzyst\u0105 Polityk\u0119 prywatno\u015bci na stronie 360 Photo Booth Pro. Zaufaj nam i ciesz si\u0119 bezpieczn\u0105 obs\u0142ug\u0105 online.","breadcrumb":{"@id":"https:\/\/360photoboothpro.eu\/pl\/polityka-prywatnosci\/#breadcrumb"},"inLanguage":"pl-PL","potentialAction":[{"@type":"ReadAction","target":["https:\/\/360photoboothpro.eu\/pl\/polityka-prywatnosci\/"]}]},{"@type":"BreadcrumbList","@id":"https:\/\/360photoboothpro.eu\/pl\/polityka-prywatnosci\/#breadcrumb","itemListElement":[{"@type":"ListItem","position":1,"name":"Home","item":"https:\/\/360photoboothpro.eu\/pl\/"},{"@type":"ListItem","position":2,"name":"Polityka prywatno\u015bci"}]},{"@type":"WebSite","@id":"https:\/\/360photoboothpro.eu\/pl\/#website","url":"https:\/\/360photoboothpro.eu\/pl\/","name":"360PhotoBoothPRO","description":"360PhotoBoothPRO","publisher":{"@id":"https:\/\/360photoboothpro.eu\/pl\/#organization"},"potentialAction":[{"@type":"SearchAction","target":{"@type":"EntryPoint","urlTemplate":"https:\/\/360photoboothpro.eu\/pl\/?s={search_term_string}"},"query-input":{"@type":"PropertyValueSpecification","valueRequired":true,"valueName":"search_term_string"}}],"inLanguage":"pl-PL"},{"@type":"Organization","@id":"https:\/\/360photoboothpro.eu\/pl\/#organization","name":"360PhotoBoothPRO","url":"https:\/\/360photoboothpro.eu\/pl\/","logo":{"@type":"ImageObject","inLanguage":"pl-PL","@id":"https:\/\/360photoboothpro.eu\/pl\/#\/schema\/logo\/image\/","url":"https:\/\/360photoboothpro.eu\/wp-content\/uploads\/2023\/03\/logo-360photoboothpro-favicon.png","contentUrl":"https:\/\/360photoboothpro.eu\/wp-content\/uploads\/2023\/03\/logo-360photoboothpro-favicon.png","width":317,"height":317,"caption":"360PhotoBoothPRO"},"image":{"@id":"https:\/\/360photoboothpro.eu\/pl\/#\/schema\/logo\/image\/"},"sameAs":["https:\/\/www.facebook.com\/360PhotoBoothPRO.Canada\/"]}]}},"_links":{"self":[{"href":"https:\/\/360photoboothpro.eu\/pl\/wp-json\/wp\/v2\/pages\/7357"}],"collection":[{"href":"https:\/\/360photoboothpro.eu\/pl\/wp-json\/wp\/v2\/pages"}],"about":[{"href":"https:\/\/360photoboothpro.eu\/pl\/wp-json\/wp\/v2\/types\/page"}],"author":[{"embeddable":true,"href":"https:\/\/360photoboothpro.eu\/pl\/wp-json\/wp\/v2\/users\/1"}],"replies":[{"embeddable":true,"href":"https:\/\/360photoboothpro.eu\/pl\/wp-json\/wp\/v2\/comments?post=7357"}],"version-history":[{"count":2,"href":"https:\/\/360photoboothpro.eu\/pl\/wp-json\/wp\/v2\/pages\/7357\/revisions"}],"predecessor-version":[{"id":14676,"href":"https:\/\/360photoboothpro.eu\/pl\/wp-json\/wp\/v2\/pages\/7357\/revisions\/14676"}],"wp:attachment":[{"href":"https:\/\/360photoboothpro.eu\/pl\/wp-json\/wp\/v2\/media?parent=7357"}],"curies":[{"name":"wp","href":"https:\/\/api.w.org\/{rel}","templated":true}]}}