{"id":7467,"date":"2020-12-25T15:00:25","date_gmt":"2020-12-25T13:00:25","guid":{"rendered":"https:\/\/360photoboothpro.eu\/kontakt\/"},"modified":"2026-04-14T12:02:03","modified_gmt":"2026-04-14T10:02:03","slug":"kontakt","status":"publish","type":"page","link":"https:\/\/360photoboothpro.eu\/pl\/kontakt\/","title":{"rendered":"Kontakt"},"content":{"rendered":"\t\t<div data-elementor-type=\"wp-page\" data-elementor-id=\"7467\" class=\"elementor elementor-7467 elementor-26\" data-elementor-post-type=\"page\">\n\t\t\t\t\t\t<section class=\"elementor-section elementor-top-section elementor-element elementor-element-14757be elementor-section-content-middle mt-5 pt-1 mb-4 elementor-section-boxed elementor-section-height-default elementor-section-height-default\" data-id=\"14757be\" data-element_type=\"section\">\r\n\t\t\r\n\t\t\t\t\t\t\t<div class=\"elementor-container elementor-column-gap-default\">\r\n\t\t\t\t\t\t\t\t\t\t\t<div class=\"elementor-column elementor-col-50 elementor-top-column elementor-element elementor-element-6c3b8e0 w-lg-33 offset-lg-1 mb-3 mb-lg-0\" data-id=\"6c3b8e0\" data-element_type=\"column\">\r\n\t\t\t\t\t<div class=\"elementor-widget-wrap elementor-element-populated\">\r\n\t\t\t\t\t\t\t\t<div class=\"elementor-element elementor-element-124eee6 elementor-widget elementor-widget-heading\" data-id=\"124eee6\" data-element_type=\"widget\" data-widget_type=\"heading.default\">\n\t\t\t\t<div class=\"elementor-widget-container\">\n\t\t\t<h2 class=\"elementor-heading-title elementor-size-default\">Chcesz kupi\u0107 platform\u0119 360 Photo Booth PRO?<br>Jeste\u015bmy tu dla Ciebie! Mo\u017cesz do nas zadzwoni\u0107 \/ napisa\u0107 e-mail \/ wype\u0142ni\u0107 formularz kontaktowy.\n<br>Odpowiadamy r\u00f3wnie\u017c SZYBKO na CZAT.<\/h2>\t\t<\/div>\n\t\t\t\t<\/div>\n\t\t\t\t<div class=\"elementor-element elementor-element-fb014ba elementor-widget elementor-widget-heading\" data-id=\"fb014ba\" data-element_type=\"widget\" data-widget_type=\"heading.default\">\n\t\t\t\t<div class=\"elementor-widget-container\">\n\t\t\t<p class=\"elementor-heading-title elementor-size-default\">Informacje o firmie:<br><strong>Nazwa:<\/strong> NOVO BEST CONCEPT TEAM SRL<br><strong>Numer biznesowy:<\/strong> J16\/2328\/2017<br><strong>VAT:<\/strong> RO38114274<br><strong>Adres:<\/strong> Bucuresti, Calea Mosilor, nr. 88, sc. F, ap. 82, Sector 3, Romania  <\/p>\t\t<\/div>\n\t\t\t\t<\/div>\n\t\t\t\t<div class=\"elementor-element elementor-element-825d361 elementor-widget elementor-widget-heading\" data-id=\"825d361\" data-element_type=\"widget\" data-widget_type=\"heading.default\">\n\t\t\t\t<div class=\"elementor-widget-container\">\n\t\t\t<p class=\"elementor-heading-title elementor-size-default\">Bank Account information:<br><strong>Bank:<\/strong> Raiffeisen Bank<br><strong>Account Number:<\/strong> RO46RZBR0000060030118453<br><strong>Swift Code:<\/strong> RZBRROBUXXX<br>\n<\/p>\t\t<\/div>\n\t\t\t\t<\/div>\n\t\t\t\t\t<\/div>\r\n\t\t\t\t<\/div>\r\n\t\t\t\t<div class=\"elementor-column elementor-col-50 elementor-top-column elementor-element elementor-element-4be1906 w-lg-41 offset-lg-1 custom-form-style-1\" data-id=\"4be1906\" data-element_type=\"column\">\r\n\t\t\t\t\t<div class=\"elementor-widget-wrap\">\r\n\t\t\t\t\t\t\t\t\t<\/div>\r\n\t\t\t\t<\/div>\r\n\t\t\t\t\t<\/div>\r\n\t\t\t\t<\/section>\r\n\t\t\t\t<\/div>\n\t\t","protected":false},"excerpt":{"rendered":"<p>Chcesz kupi\u0107 platform\u0119 360 Photo Booth PRO?Jeste\u015bmy tu dla Ciebie! Mo\u017cesz do nas zadzwoni\u0107 \/ napisa\u0107 e-mail \/ wype\u0142ni\u0107 formularz kontaktowy. Odpowiadamy r\u00f3wnie\u017c SZYBKO na CZAT. Informacje o firmie:Nazwa: NOVO BEST CONCEPT TEAM SRLNumer biznesowy: J16\/2328\/2017VAT: RO38114274Adres: Bucuresti, Calea Mosilor, nr. 88, sc. F, ap. 82, Sector 3, Romania Bank Account information:Bank: Raiffeisen BankAccount Number: [&hellip;]<\/p>\n","protected":false},"author":1,"featured_media":0,"parent":0,"menu_order":0,"comment_status":"closed","ping_status":"closed","template":"elementor_header_footer","meta":{"_acf_changed":false,"footnotes":""},"class_list":["post-7467","page","type-page","status-publish","hentry"],"acf":[],"yoast_head":"<!-- This site is optimized with the Yoast SEO plugin v23.5 - https:\/\/yoast.com\/wordpress\/plugins\/seo\/ -->\n<title>Kontakt - 360PhotoBoothPRO<\/title>\n<meta name=\"description\" content=\"Masz pytania? Skontaktuj si\u0119 z nami w 360 Photo Booth Pro, aby uzyska\u0107 szybkie wsparcie. Nasz oddany zesp\u00f3\u0142 s\u0142u\u017cy pomoc\u0105. Skontaktuj si\u0119 z nami za po\u015brednictwem formularza kontaktowego.\" \/>\n<meta name=\"robots\" content=\"index, follow, max-snippet:-1, max-image-preview:large, max-video-preview:-1\" \/>\n<link rel=\"canonical\" href=\"https:\/\/360photoboothpro.eu\/pl\/kontakt\/\" \/>\n<meta property=\"og:locale\" content=\"pl_PL\" \/>\n<meta property=\"og:type\" content=\"article\" \/>\n<meta property=\"og:title\" content=\"Kontakt - 360PhotoBoothPRO\" \/>\n<meta property=\"og:description\" content=\"Masz pytania? Skontaktuj si\u0119 z nami w 360 Photo Booth Pro, aby uzyska\u0107 szybkie wsparcie. Nasz oddany zesp\u00f3\u0142 s\u0142u\u017cy pomoc\u0105. Skontaktuj si\u0119 z nami za po\u015brednictwem formularza kontaktowego.\" \/>\n<meta property=\"og:url\" content=\"https:\/\/360photoboothpro.eu\/pl\/kontakt\/\" \/>\n<meta property=\"og:site_name\" content=\"360PhotoBoothPRO\" \/>\n<meta property=\"article:publisher\" content=\"https:\/\/www.facebook.com\/360PhotoBoothPRO.Canada\/\" \/>\n<meta property=\"article:modified_time\" content=\"2026-04-14T10:02:03+00:00\" \/>\n<meta name=\"twitter:card\" content=\"summary_large_image\" \/>\n<script type=\"application\/ld+json\" class=\"yoast-schema-graph\">{\"@context\":\"https:\/\/schema.org\",\"@graph\":[{\"@type\":\"WebPage\",\"@id\":\"https:\/\/360photoboothpro.eu\/pl\/kontakt\/\",\"url\":\"https:\/\/360photoboothpro.eu\/pl\/kontakt\/\",\"name\":\"Kontakt - 360PhotoBoothPRO\",\"isPartOf\":{\"@id\":\"https:\/\/360photoboothpro.eu\/pl\/#website\"},\"datePublished\":\"2020-12-25T13:00:25+00:00\",\"dateModified\":\"2026-04-14T10:02:03+00:00\",\"description\":\"Masz pytania? Skontaktuj si\u0119 z nami w 360 Photo Booth Pro, aby uzyska\u0107 szybkie wsparcie. Nasz oddany zesp\u00f3\u0142 s\u0142u\u017cy pomoc\u0105. Skontaktuj si\u0119 z nami za po\u015brednictwem formularza kontaktowego.\",\"breadcrumb\":{\"@id\":\"https:\/\/360photoboothpro.eu\/pl\/kontakt\/#breadcrumb\"},\"inLanguage\":\"pl-PL\",\"potentialAction\":[{\"@type\":\"ReadAction\",\"target\":[\"https:\/\/360photoboothpro.eu\/pl\/kontakt\/\"]}]},{\"@type\":\"BreadcrumbList\",\"@id\":\"https:\/\/360photoboothpro.eu\/pl\/kontakt\/#breadcrumb\",\"itemListElement\":[{\"@type\":\"ListItem\",\"position\":1,\"name\":\"Home\",\"item\":\"https:\/\/360photoboothpro.eu\/pl\/\"},{\"@type\":\"ListItem\",\"position\":2,\"name\":\"Kontakt\"}]},{\"@type\":\"WebSite\",\"@id\":\"https:\/\/360photoboothpro.eu\/pl\/#website\",\"url\":\"https:\/\/360photoboothpro.eu\/pl\/\",\"name\":\"360PhotoBoothPRO\",\"description\":\"360PhotoBoothPRO\",\"publisher\":{\"@id\":\"https:\/\/360photoboothpro.eu\/pl\/#organization\"},\"potentialAction\":[{\"@type\":\"SearchAction\",\"target\":{\"@type\":\"EntryPoint\",\"urlTemplate\":\"https:\/\/360photoboothpro.eu\/pl\/?s={search_term_string}\"},\"query-input\":{\"@type\":\"PropertyValueSpecification\",\"valueRequired\":true,\"valueName\":\"search_term_string\"}}],\"inLanguage\":\"pl-PL\"},{\"@type\":\"Organization\",\"@id\":\"https:\/\/360photoboothpro.eu\/pl\/#organization\",\"name\":\"360PhotoBoothPRO\",\"url\":\"https:\/\/360photoboothpro.eu\/pl\/\",\"logo\":{\"@type\":\"ImageObject\",\"inLanguage\":\"pl-PL\",\"@id\":\"https:\/\/360photoboothpro.eu\/pl\/#\/schema\/logo\/image\/\",\"url\":\"https:\/\/360photoboothpro.eu\/wp-content\/uploads\/2023\/03\/logo-360photoboothpro-favicon.png\",\"contentUrl\":\"https:\/\/360photoboothpro.eu\/wp-content\/uploads\/2023\/03\/logo-360photoboothpro-favicon.png\",\"width\":317,\"height\":317,\"caption\":\"360PhotoBoothPRO\"},\"image\":{\"@id\":\"https:\/\/360photoboothpro.eu\/pl\/#\/schema\/logo\/image\/\"},\"sameAs\":[\"https:\/\/www.facebook.com\/360PhotoBoothPRO.Canada\/\"]}]}<\/script>\n<!-- \/ Yoast SEO plugin. -->","yoast_head_json":{"title":"Kontakt - 360PhotoBoothPRO","description":"Masz pytania? Skontaktuj si\u0119 z nami w 360 Photo Booth Pro, aby uzyska\u0107 szybkie wsparcie. Nasz oddany zesp\u00f3\u0142 s\u0142u\u017cy pomoc\u0105. Skontaktuj si\u0119 z nami za po\u015brednictwem formularza kontaktowego.","robots":{"index":"index","follow":"follow","max-snippet":"max-snippet:-1","max-image-preview":"max-image-preview:large","max-video-preview":"max-video-preview:-1"},"canonical":"https:\/\/360photoboothpro.eu\/pl\/kontakt\/","og_locale":"pl_PL","og_type":"article","og_title":"Kontakt - 360PhotoBoothPRO","og_description":"Masz pytania? Skontaktuj si\u0119 z nami w 360 Photo Booth Pro, aby uzyska\u0107 szybkie wsparcie. Nasz oddany zesp\u00f3\u0142 s\u0142u\u017cy pomoc\u0105. Skontaktuj si\u0119 z nami za po\u015brednictwem formularza kontaktowego.","og_url":"https:\/\/360photoboothpro.eu\/pl\/kontakt\/","og_site_name":"360PhotoBoothPRO","article_publisher":"https:\/\/www.facebook.com\/360PhotoBoothPRO.Canada\/","article_modified_time":"2026-04-14T10:02:03+00:00","twitter_card":"summary_large_image","schema":{"@context":"https:\/\/schema.org","@graph":[{"@type":"WebPage","@id":"https:\/\/360photoboothpro.eu\/pl\/kontakt\/","url":"https:\/\/360photoboothpro.eu\/pl\/kontakt\/","name":"Kontakt - 360PhotoBoothPRO","isPartOf":{"@id":"https:\/\/360photoboothpro.eu\/pl\/#website"},"datePublished":"2020-12-25T13:00:25+00:00","dateModified":"2026-04-14T10:02:03+00:00","description":"Masz pytania? Skontaktuj si\u0119 z nami w 360 Photo Booth Pro, aby uzyska\u0107 szybkie wsparcie. Nasz oddany zesp\u00f3\u0142 s\u0142u\u017cy pomoc\u0105. Skontaktuj si\u0119 z nami za po\u015brednictwem formularza kontaktowego.","breadcrumb":{"@id":"https:\/\/360photoboothpro.eu\/pl\/kontakt\/#breadcrumb"},"inLanguage":"pl-PL","potentialAction":[{"@type":"ReadAction","target":["https:\/\/360photoboothpro.eu\/pl\/kontakt\/"]}]},{"@type":"BreadcrumbList","@id":"https:\/\/360photoboothpro.eu\/pl\/kontakt\/#breadcrumb","itemListElement":[{"@type":"ListItem","position":1,"name":"Home","item":"https:\/\/360photoboothpro.eu\/pl\/"},{"@type":"ListItem","position":2,"name":"Kontakt"}]},{"@type":"WebSite","@id":"https:\/\/360photoboothpro.eu\/pl\/#website","url":"https:\/\/360photoboothpro.eu\/pl\/","name":"360PhotoBoothPRO","description":"360PhotoBoothPRO","publisher":{"@id":"https:\/\/360photoboothpro.eu\/pl\/#organization"},"potentialAction":[{"@type":"SearchAction","target":{"@type":"EntryPoint","urlTemplate":"https:\/\/360photoboothpro.eu\/pl\/?s={search_term_string}"},"query-input":{"@type":"PropertyValueSpecification","valueRequired":true,"valueName":"search_term_string"}}],"inLanguage":"pl-PL"},{"@type":"Organization","@id":"https:\/\/360photoboothpro.eu\/pl\/#organization","name":"360PhotoBoothPRO","url":"https:\/\/360photoboothpro.eu\/pl\/","logo":{"@type":"ImageObject","inLanguage":"pl-PL","@id":"https:\/\/360photoboothpro.eu\/pl\/#\/schema\/logo\/image\/","url":"https:\/\/360photoboothpro.eu\/wp-content\/uploads\/2023\/03\/logo-360photoboothpro-favicon.png","contentUrl":"https:\/\/360photoboothpro.eu\/wp-content\/uploads\/2023\/03\/logo-360photoboothpro-favicon.png","width":317,"height":317,"caption":"360PhotoBoothPRO"},"image":{"@id":"https:\/\/360photoboothpro.eu\/pl\/#\/schema\/logo\/image\/"},"sameAs":["https:\/\/www.facebook.com\/360PhotoBoothPRO.Canada\/"]}]}},"_links":{"self":[{"href":"https:\/\/360photoboothpro.eu\/pl\/wp-json\/wp\/v2\/pages\/7467"}],"collection":[{"href":"https:\/\/360photoboothpro.eu\/pl\/wp-json\/wp\/v2\/pages"}],"about":[{"href":"https:\/\/360photoboothpro.eu\/pl\/wp-json\/wp\/v2\/types\/page"}],"author":[{"embeddable":true,"href":"https:\/\/360photoboothpro.eu\/pl\/wp-json\/wp\/v2\/users\/1"}],"replies":[{"embeddable":true,"href":"https:\/\/360photoboothpro.eu\/pl\/wp-json\/wp\/v2\/comments?post=7467"}],"version-history":[{"count":14,"href":"https:\/\/360photoboothpro.eu\/pl\/wp-json\/wp\/v2\/pages\/7467\/revisions"}],"predecessor-version":[{"id":14775,"href":"https:\/\/360photoboothpro.eu\/pl\/wp-json\/wp\/v2\/pages\/7467\/revisions\/14775"}],"wp:attachment":[{"href":"https:\/\/360photoboothpro.eu\/pl\/wp-json\/wp\/v2\/media?parent=7467"}],"curies":[{"name":"wp","href":"https:\/\/api.w.org\/{rel}","templated":true}]}}