{"id":7538,"date":"2023-03-31T13:30:47","date_gmt":"2023-03-31T11:30:47","guid":{"rendered":"https:\/\/360photoboothpro.eu\/polityka-zwrotow-i-refundacji\/"},"modified":"2024-08-06T09:18:32","modified_gmt":"2024-08-06T07:18:32","slug":"polityka-zwrotow-i-refundacji","status":"publish","type":"page","link":"https:\/\/360photoboothpro.eu\/pl\/polityka-zwrotow-i-refundacji\/","title":{"rendered":"Polityka zwrot\u00f3w i refundacji"},"content":{"rendered":"\t\t<div data-elementor-type=\"wp-page\" data-elementor-id=\"7538\" class=\"elementor elementor-7538 elementor-3802\" data-elementor-post-type=\"page\">\n\t\t\t\t\t\t<section class=\"elementor-section elementor-top-section elementor-element elementor-element-2178fa8 elementor-section-boxed elementor-section-height-default elementor-section-height-default\" data-id=\"2178fa8\" data-element_type=\"section\">\r\n\t\t\r\n\t\t\t\t\t\t\t<div class=\"elementor-container elementor-column-gap-default\">\r\n\t\t\t\t\t\t\t\t\t\t\t<div class=\"elementor-column elementor-col-100 elementor-top-column elementor-element elementor-element-61f3c36\" data-id=\"61f3c36\" data-element_type=\"column\">\r\n\t\t\t\t\t<div class=\"elementor-widget-wrap elementor-element-populated\">\r\n\t\t\t\t\t\t\t\t<div class=\"elementor-element elementor-element-fb8d3b0 elementor-widget elementor-widget-heading\" data-id=\"fb8d3b0\" data-element_type=\"widget\" data-widget_type=\"heading.default\">\n\t\t\t\t<div class=\"elementor-widget-container\">\n\t\t\t<h2 class=\"elementor-heading-title elementor-size-default\">POLITYKA ZWROT\u00d3W I REFUNDACJI<\/h2>\t\t<\/div>\n\t\t\t\t<\/div>\n\t\t\t\t\t<\/div>\r\n\t\t\t\t<\/div>\r\n\t\t\t\t\t<\/div>\r\n\t\t\t\t<\/section>\r\n\t\t\t\t<section class=\"elementor-section elementor-top-section elementor-element elementor-element-28581d1 elementor-section-boxed elementor-section-height-default elementor-section-height-default\" data-id=\"28581d1\" data-element_type=\"section\">\r\n\t\t\r\n\t\t\t\t\t\t\t<div class=\"elementor-container elementor-column-gap-default\">\r\n\t\t\t\t\t\t\t\t\t\t\t<div class=\"elementor-column elementor-col-50 elementor-top-column elementor-element elementor-element-2c90472\" data-id=\"2c90472\" data-element_type=\"column\">\r\n\t\t\t\t\t<div class=\"elementor-widget-wrap elementor-element-populated\">\r\n\t\t\t\t\t\t\t\t<div class=\"elementor-element elementor-element-7b74c01 elementor-widget elementor-widget-text-editor\" data-id=\"7b74c01\" data-element_type=\"widget\" data-widget_type=\"text-editor.default\">\n\t\t\t\t<div class=\"elementor-widget-container\">\n\t\t\t\t\t\t\t<p>Mamy 14-dniow\u0105 polityk\u0119 zwrot\u00f3w, co oznacza, \u017ce masz 14 dni od otrzymania przedmiotu na za\u017c\u0105danie zwrotu.<\/p>\n<p>Przyjmujemy zwroty tylko nieu\u017cywanych produkt\u00f3w lub produkt\u00f3w, kt\u00f3re mog\u0105 zosta\u0107 uszkodzone podczas transportu od nas do Ciebie.<\/p>\n<p>Je\u015bli chcesz zwr\u00f3ci\u0107 nieu\u017cywany produkt (dowolny 360 Photo Booth Pro, dowolne akcesoria lub co\u015b innego) zakupiony na naszej stronie internetowej, z przyjemno\u015bci\u0105 zwr\u00f3cimy Ci pieni\u0105dze lub pomo\u017cemy wymieni\u0107 produkt na inny model dost\u0119pny na naszej stronie internetowej.<\/p>\n<p>Koszt wysy\u0142ki w przypadku zwrotu produktu zostanie pokryty przez u\u017cytkownika. Po poinformowaniu nas o zwrocie, wy\u015blemy Ci e-mailem instrukcje dotycz\u0105ce sposobu i miejsca wys\u0142ania paczki.<\/p>\n<p>Nale\u017cy pami\u0119ta\u0107, \u017ce produkty zamienne zale\u017c\u0105 od dost\u0119pno\u015bci. Do\u0142o\u017cymy wszelkich stara\u0144, aby dopasowa\u0107 specyfikacje pierwotnie zakupionego produktu lub zaoferowa\u0107 por\u00f3wnywalny zamiennik.<\/p>\n<p>Aby rozpocz\u0105\u0107 zwrot, nale\u017cy wype\u0142ni\u0107 i przes\u0142a\u0107 formularz zwrotu znajduj\u0105cy si\u0119 na tej stronie lub wys\u0142a\u0107 do nas wiadomo\u015b\u0107 e-mail na adres contact@360photoboothpro.eu.<\/p>\n<p>Je\u015bli zwrot zostanie zaakceptowany, prze\u015blemy instrukcje dotycz\u0105ce sposobu i miejsca wys\u0142ania paczki. Przedmioty odes\u0142ane do nas bez uprzedniej pro\u015bby o zwrot nie zostan\u0105 przyj\u0119te.<\/p>\n<p>Zawsze mo\u017cesz skontaktowa\u0107 si\u0119 z nami w sprawie wszelkich pyta\u0144 dotycz\u0105cych zwrot\u00f3w pod adresem contact@360photoboothpro.eu.<\/p>\n<p><strong>SZKODY I KWESTIE<\/strong><\/p>\n<p>Prosimy o sprawdzenie zam\u00f3wienia po jego otrzymaniu i skontaktowanie si\u0119 z nami w ci\u0105gu pierwszych 72 godzin po jego otrzymaniu, je\u015bli przedmiot jest wadliwy, uszkodzony lub je\u015bli otrzyma\u0142e\u015b niew\u0142a\u015bciwy przedmiot, aby\u015bmy mogli oceni\u0107 spraw\u0119 i j\u0105 naprawi\u0107.<\/p>\n<p>W takim przypadku mo\u017cna wys\u0142a\u0107 do nas wiadomo\u015b\u0107 e-mail na adres contact@photoboothpro.eu lub zadzwoni\u0107 pod numer (+40)761140547 w godzinach od 09:00 do 17:00 od poniedzia\u0142ku do pi\u0105tku.<\/p>\n<p>Zgodnie z wyborem u\u017cytkownika, mo\u017ce on otrzyma\u0107 pe\u0142ny zwrot pieni\u0119dzy w ci\u0105gu maksymalnie 5 dni roboczych po otrzymaniu od nas zwrotu produktu lub mo\u017cemy wys\u0142a\u0107 mu inny produkt o takich samych specyfikacjach bez ponoszenia przez niego \u017cadnych koszt\u00f3w.<\/p>\n<p><strong>WYMIANY<\/strong><\/p>\n<p>Najszybszym sposobem, aby upewni\u0107 si\u0119, \u017ce otrzymasz to, czego chcesz, jest zwrot przedmiotu, kt\u00f3ry posiadasz, a po zaakceptowaniu zwrotu dokonaj osobnego zakupu nowego przedmiotu.<\/p>\n<p>Je\u015bli chcesz wymieni\u0107 produkt, post\u0119puj zgodnie z instrukcjami zamieszczonymi na tej stronie. Wystarczy poinformowa\u0107 nas o tym poprzez przes\u0142anie formularza zwrotu (formularz zwrotu znajduje si\u0119 na tej stronie) lub wys\u0142anie wiadomo\u015bci e-mail na adres contact@360photoboothpro.eu.<\/p>\n<p><strong>ZWROTY<\/strong><\/p>\n<p>Powiadomimy Ci\u0119 po otrzymaniu i sprawdzeniu Twojego zwrotu oraz poinformujemy Ci\u0119, czy zwrot zosta\u0142 zatwierdzony, czy nie. W przypadku zatwierdzenia, zwrot \u015brodk\u00f3w nast\u0105pi automatycznie na konto podane w formularzu zwrotu, w ci\u0105gu maksymalnie 5 dni roboczych. Nale\u017cy pami\u0119ta\u0107, \u017ce przetworzenie i zaksi\u0119gowanie zwrotu przez bank lub operatora karty kredytowej mo\u017ce zaj\u0105\u0107 troch\u0119 czasu.<\/p>\n<p>Kwota zwrotu zostanie obliczona jako &#8222;suma produkt\u00f3w minus 15% op\u0142aty za uzupe\u0142nienie zapas\u00f3w&#8221; za zwr\u00f3cone produkty.<\/p>\n\t\t\t\t\t\t<\/div>\n\t\t\t\t<\/div>\n\t\t\t\t\t<\/div>\r\n\t\t\t\t<\/div>\r\n\t\t\t\t<div class=\"elementor-column elementor-col-50 elementor-top-column elementor-element elementor-element-048a712\" data-id=\"048a712\" data-element_type=\"column\">\r\n\t\t\t\t\t<div class=\"elementor-widget-wrap elementor-element-populated\">\r\n\t\t\t\t\t\t\t\t<div class=\"elementor-element elementor-element-f57c798 elementor-widget elementor-widget-heading\" data-id=\"f57c798\" data-element_type=\"widget\" data-widget_type=\"heading.default\">\n\t\t\t\t<div class=\"elementor-widget-container\">\n\t\t\t<h2 class=\"elementor-heading-title elementor-size-default\">FORMULARZ ZWROTU<\/h2>\t\t<\/div>\n\t\t\t\t<\/div>\n\t\t\t\t<div class=\"elementor-element elementor-element-62bcc50 elementor-widget elementor-widget-shortcode\" data-id=\"62bcc50\" data-element_type=\"widget\" data-widget_type=\"shortcode.default\">\n\t\t\t\t<div class=\"elementor-widget-container\">\n\t\t\t\t\t<div class=\"elementor-shortcode\"><div class=\"wpforms-container wpforms-container-full\" id=\"wpforms-3837\"><form id=\"wpforms-form-3837\" class=\"wpforms-validate wpforms-form wpforms-ajax-form\" data-formid=\"3837\" method=\"post\" enctype=\"multipart\/form-data\" action=\"\/pl\/wp-json\/wp\/v2\/pages\/7538\" data-token=\"c04eb7d1d822a858c6edb93024e6d1e9\" data-token-time=\"1776544398\"><noscript class=\"wpforms-error-noscript\">Aby wype\u0142ni\u0107 ten formularz, w\u0142\u0105cz obs\u0142ug\u0119 JavaScript w przegl\u0105darce.<\/noscript><div class=\"wpforms-field-container\"><div id=\"wpforms-3837-field_1-container\" class=\"wpforms-field wpforms-field-text\" data-field-id=\"1\"><label class=\"wpforms-field-label\" for=\"wpforms-3837-field_1\">Customer name <span class=\"wpforms-required-label\">*<\/span><\/label><input type=\"text\" id=\"wpforms-3837-field_1\" class=\"wpforms-field-medium wpforms-field-required\" name=\"wpforms[fields][1]\" required><\/div><div id=\"wpforms-3837-field_2-container\" class=\"wpforms-field wpforms-field-text\" data-field-id=\"2\"><label class=\"wpforms-field-label\" for=\"wpforms-3837-field_2\">Customer phone number <span class=\"wpforms-required-label\">*<\/span><\/label><input type=\"text\" id=\"wpforms-3837-field_2\" class=\"wpforms-field-medium wpforms-field-required\" name=\"wpforms[fields][2]\" required><\/div><div id=\"wpforms-3837-field_3-container\" class=\"wpforms-field wpforms-field-email\" data-field-id=\"3\"><label class=\"wpforms-field-label\" for=\"wpforms-3837-field_3\">Email <span class=\"wpforms-required-label\">*<\/span><\/label><input type=\"email\" id=\"wpforms-3837-field_3\" class=\"wpforms-field-medium wpforms-field-required\" name=\"wpforms[fields][3]\" spellcheck=\"false\" required><\/div><div id=\"wpforms-3837-field_4-container\" class=\"wpforms-field wpforms-field-text\" data-field-id=\"4\"><label class=\"wpforms-field-label\" for=\"wpforms-3837-field_4\">Order number <span class=\"wpforms-required-label\">*<\/span><\/label><input type=\"text\" id=\"wpforms-3837-field_4\" class=\"wpforms-field-medium wpforms-field-required\" name=\"wpforms[fields][4]\" required><\/div><div id=\"wpforms-3837-field_5-container\" class=\"wpforms-field wpforms-field-text\" data-field-id=\"5\"><label class=\"wpforms-field-label\" for=\"wpforms-3837-field_5\">Your account number: (we will send your money back in this account) <span class=\"wpforms-required-label\">*<\/span><\/label><input type=\"text\" id=\"wpforms-3837-field_5\" class=\"wpforms-field-medium wpforms-field-required\" name=\"wpforms[fields][5]\" required><\/div><div id=\"wpforms-3837-field_6-container\" class=\"wpforms-field wpforms-field-text\" data-field-id=\"6\"><label class=\"wpforms-field-label\" for=\"wpforms-3837-field_6\">Bank: <span class=\"wpforms-required-label\">*<\/span><\/label><input type=\"text\" id=\"wpforms-3837-field_6\" class=\"wpforms-field-medium wpforms-field-required\" name=\"wpforms[fields][6]\" required><\/div><div id=\"wpforms-3837-field_7-container\" class=\"wpforms-field wpforms-field-text\" data-field-id=\"7\"><label class=\"wpforms-field-label\" for=\"wpforms-3837-field_7\">Account owner (must be the same as the client): <span class=\"wpforms-required-label\">*<\/span><\/label><input type=\"text\" id=\"wpforms-3837-field_7\" class=\"wpforms-field-medium wpforms-field-required\" name=\"wpforms[fields][7]\" required><\/div><\/div><!-- .wpforms-field-container --><div class=\"wpforms-submit-container\" ><input type=\"hidden\" name=\"wpforms[id]\" value=\"3837\"><input type=\"hidden\" name=\"page_title\" value=\"\"><input type=\"hidden\" name=\"page_url\" value=\"https:\/\/360photoboothpro.eu\/pl\/wp-json\/wp\/v2\/pages\/7538\"><button type=\"submit\" name=\"wpforms[submit]\" id=\"wpforms-submit-3837\" class=\"wpforms-submit\" data-alt-text=\"Sending...\" data-submit-text=\"Submit\" aria-live=\"assertive\" value=\"wpforms-submit\">Submit<\/button><img decoding=\"async\" src=\"https:\/\/360photoboothpro.eu\/wp-content\/plugins\/wpforms-lite\/assets\/images\/submit-spin.svg\" class=\"wpforms-submit-spinner\" style=\"display: none;\" width=\"26\" height=\"26\" alt=\"Wczytywanie\"><\/div><\/form><\/div>  <!-- .wpforms-container --><\/div>\n\t\t\t\t<\/div>\n\t\t\t\t<\/div>\n\t\t\t\t\t<\/div>\r\n\t\t\t\t<\/div>\r\n\t\t\t\t\t<\/div>\r\n\t\t\t\t<\/section>\r\n\t\t\t\t<\/div>\n\t\t","protected":false},"excerpt":{"rendered":"<p>POLITYKA ZWROT\u00d3W I REFUNDACJI Mamy 14-dniow\u0105 polityk\u0119 zwrot\u00f3w, co oznacza, \u017ce masz 14 dni od otrzymania przedmiotu na za\u017c\u0105danie zwrotu. Przyjmujemy zwroty tylko nieu\u017cywanych produkt\u00f3w lub produkt\u00f3w, kt\u00f3re mog\u0105 zosta\u0107 uszkodzone podczas transportu od nas do Ciebie. Je\u015bli chcesz zwr\u00f3ci\u0107 nieu\u017cywany produkt (dowolny 360 Photo Booth Pro, dowolne akcesoria lub co\u015b innego) zakupiony na naszej [&hellip;]<\/p>\n","protected":false},"author":1,"featured_media":0,"parent":0,"menu_order":0,"comment_status":"closed","ping_status":"closed","template":"elementor_header_footer","meta":{"_acf_changed":false,"footnotes":""},"class_list":["post-7538","page","type-page","status-publish","hentry"],"acf":[],"yoast_head":"<!-- This site is optimized with the Yoast SEO plugin v23.5 - https:\/\/yoast.com\/wordpress\/plugins\/seo\/ -->\n<title>Polityka zwrot\u00f3w i refundacji - 360PhotoBoothPRO<\/title>\n<meta name=\"description\" content=\"Zapoznaj si\u0119 z nasz\u0105 bezproblemow\u0105 polityk\u0105 zwrot\u00f3w i refundacji. Twoje zadowolenie jest naszym priorytetem. Zaufaj 360 Photo Booth Pro, aby bezpiecznie robi\u0107 zakupy.\" \/>\n<meta name=\"robots\" content=\"index, follow, max-snippet:-1, max-image-preview:large, max-video-preview:-1\" \/>\n<link rel=\"canonical\" href=\"https:\/\/360photoboothpro.eu\/pl\/polityka-zwrotow-i-refundacji\/\" \/>\n<meta property=\"og:locale\" content=\"pl_PL\" \/>\n<meta property=\"og:type\" content=\"article\" \/>\n<meta property=\"og:title\" content=\"Polityka zwrot\u00f3w i refundacji - 360PhotoBoothPRO\" \/>\n<meta property=\"og:description\" content=\"Zapoznaj si\u0119 z nasz\u0105 bezproblemow\u0105 polityk\u0105 zwrot\u00f3w i refundacji. Twoje zadowolenie jest naszym priorytetem. Zaufaj 360 Photo Booth Pro, aby bezpiecznie robi\u0107 zakupy.\" \/>\n<meta property=\"og:url\" content=\"https:\/\/360photoboothpro.eu\/pl\/polityka-zwrotow-i-refundacji\/\" \/>\n<meta property=\"og:site_name\" content=\"360PhotoBoothPRO\" \/>\n<meta property=\"article:publisher\" content=\"https:\/\/www.facebook.com\/360PhotoBoothPRO.Canada\/\" \/>\n<meta property=\"article:modified_time\" content=\"2024-08-06T07:18:32+00:00\" \/>\n<meta name=\"twitter:card\" content=\"summary_large_image\" \/>\n<meta name=\"twitter:label1\" content=\"Szacowany czas czytania\" \/>\n\t<meta name=\"twitter:data1\" content=\"3 minuty\" \/>\n<script type=\"application\/ld+json\" class=\"yoast-schema-graph\">{\"@context\":\"https:\/\/schema.org\",\"@graph\":[{\"@type\":\"WebPage\",\"@id\":\"https:\/\/360photoboothpro.eu\/pl\/polityka-zwrotow-i-refundacji\/\",\"url\":\"https:\/\/360photoboothpro.eu\/pl\/polityka-zwrotow-i-refundacji\/\",\"name\":\"Polityka zwrot\u00f3w i refundacji - 360PhotoBoothPRO\",\"isPartOf\":{\"@id\":\"https:\/\/360photoboothpro.eu\/pl\/#website\"},\"datePublished\":\"2023-03-31T11:30:47+00:00\",\"dateModified\":\"2024-08-06T07:18:32+00:00\",\"description\":\"Zapoznaj si\u0119 z nasz\u0105 bezproblemow\u0105 polityk\u0105 zwrot\u00f3w i refundacji. Twoje zadowolenie jest naszym priorytetem. Zaufaj 360 Photo Booth Pro, aby bezpiecznie robi\u0107 zakupy.\",\"breadcrumb\":{\"@id\":\"https:\/\/360photoboothpro.eu\/pl\/polityka-zwrotow-i-refundacji\/#breadcrumb\"},\"inLanguage\":\"pl-PL\",\"potentialAction\":[{\"@type\":\"ReadAction\",\"target\":[\"https:\/\/360photoboothpro.eu\/pl\/polityka-zwrotow-i-refundacji\/\"]}]},{\"@type\":\"BreadcrumbList\",\"@id\":\"https:\/\/360photoboothpro.eu\/pl\/polityka-zwrotow-i-refundacji\/#breadcrumb\",\"itemListElement\":[{\"@type\":\"ListItem\",\"position\":1,\"name\":\"Home\",\"item\":\"https:\/\/360photoboothpro.eu\/pl\/\"},{\"@type\":\"ListItem\",\"position\":2,\"name\":\"Polityka zwrot\u00f3w i refundacji\"}]},{\"@type\":\"WebSite\",\"@id\":\"https:\/\/360photoboothpro.eu\/pl\/#website\",\"url\":\"https:\/\/360photoboothpro.eu\/pl\/\",\"name\":\"360PhotoBoothPRO\",\"description\":\"360PhotoBoothPRO\",\"publisher\":{\"@id\":\"https:\/\/360photoboothpro.eu\/pl\/#organization\"},\"potentialAction\":[{\"@type\":\"SearchAction\",\"target\":{\"@type\":\"EntryPoint\",\"urlTemplate\":\"https:\/\/360photoboothpro.eu\/pl\/?s={search_term_string}\"},\"query-input\":{\"@type\":\"PropertyValueSpecification\",\"valueRequired\":true,\"valueName\":\"search_term_string\"}}],\"inLanguage\":\"pl-PL\"},{\"@type\":\"Organization\",\"@id\":\"https:\/\/360photoboothpro.eu\/pl\/#organization\",\"name\":\"360PhotoBoothPRO\",\"url\":\"https:\/\/360photoboothpro.eu\/pl\/\",\"logo\":{\"@type\":\"ImageObject\",\"inLanguage\":\"pl-PL\",\"@id\":\"https:\/\/360photoboothpro.eu\/pl\/#\/schema\/logo\/image\/\",\"url\":\"https:\/\/360photoboothpro.eu\/wp-content\/uploads\/2023\/03\/logo-360photoboothpro-favicon.png\",\"contentUrl\":\"https:\/\/360photoboothpro.eu\/wp-content\/uploads\/2023\/03\/logo-360photoboothpro-favicon.png\",\"width\":317,\"height\":317,\"caption\":\"360PhotoBoothPRO\"},\"image\":{\"@id\":\"https:\/\/360photoboothpro.eu\/pl\/#\/schema\/logo\/image\/\"},\"sameAs\":[\"https:\/\/www.facebook.com\/360PhotoBoothPRO.Canada\/\"]}]}<\/script>\n<!-- \/ Yoast SEO plugin. -->","yoast_head_json":{"title":"Polityka zwrot\u00f3w i refundacji - 360PhotoBoothPRO","description":"Zapoznaj si\u0119 z nasz\u0105 bezproblemow\u0105 polityk\u0105 zwrot\u00f3w i refundacji. Twoje zadowolenie jest naszym priorytetem. Zaufaj 360 Photo Booth Pro, aby bezpiecznie robi\u0107 zakupy.","robots":{"index":"index","follow":"follow","max-snippet":"max-snippet:-1","max-image-preview":"max-image-preview:large","max-video-preview":"max-video-preview:-1"},"canonical":"https:\/\/360photoboothpro.eu\/pl\/polityka-zwrotow-i-refundacji\/","og_locale":"pl_PL","og_type":"article","og_title":"Polityka zwrot\u00f3w i refundacji - 360PhotoBoothPRO","og_description":"Zapoznaj si\u0119 z nasz\u0105 bezproblemow\u0105 polityk\u0105 zwrot\u00f3w i refundacji. Twoje zadowolenie jest naszym priorytetem. Zaufaj 360 Photo Booth Pro, aby bezpiecznie robi\u0107 zakupy.","og_url":"https:\/\/360photoboothpro.eu\/pl\/polityka-zwrotow-i-refundacji\/","og_site_name":"360PhotoBoothPRO","article_publisher":"https:\/\/www.facebook.com\/360PhotoBoothPRO.Canada\/","article_modified_time":"2024-08-06T07:18:32+00:00","twitter_card":"summary_large_image","twitter_misc":{"Szacowany czas czytania":"3 minuty"},"schema":{"@context":"https:\/\/schema.org","@graph":[{"@type":"WebPage","@id":"https:\/\/360photoboothpro.eu\/pl\/polityka-zwrotow-i-refundacji\/","url":"https:\/\/360photoboothpro.eu\/pl\/polityka-zwrotow-i-refundacji\/","name":"Polityka zwrot\u00f3w i refundacji - 360PhotoBoothPRO","isPartOf":{"@id":"https:\/\/360photoboothpro.eu\/pl\/#website"},"datePublished":"2023-03-31T11:30:47+00:00","dateModified":"2024-08-06T07:18:32+00:00","description":"Zapoznaj si\u0119 z nasz\u0105 bezproblemow\u0105 polityk\u0105 zwrot\u00f3w i refundacji. Twoje zadowolenie jest naszym priorytetem. Zaufaj 360 Photo Booth Pro, aby bezpiecznie robi\u0107 zakupy.","breadcrumb":{"@id":"https:\/\/360photoboothpro.eu\/pl\/polityka-zwrotow-i-refundacji\/#breadcrumb"},"inLanguage":"pl-PL","potentialAction":[{"@type":"ReadAction","target":["https:\/\/360photoboothpro.eu\/pl\/polityka-zwrotow-i-refundacji\/"]}]},{"@type":"BreadcrumbList","@id":"https:\/\/360photoboothpro.eu\/pl\/polityka-zwrotow-i-refundacji\/#breadcrumb","itemListElement":[{"@type":"ListItem","position":1,"name":"Home","item":"https:\/\/360photoboothpro.eu\/pl\/"},{"@type":"ListItem","position":2,"name":"Polityka zwrot\u00f3w i refundacji"}]},{"@type":"WebSite","@id":"https:\/\/360photoboothpro.eu\/pl\/#website","url":"https:\/\/360photoboothpro.eu\/pl\/","name":"360PhotoBoothPRO","description":"360PhotoBoothPRO","publisher":{"@id":"https:\/\/360photoboothpro.eu\/pl\/#organization"},"potentialAction":[{"@type":"SearchAction","target":{"@type":"EntryPoint","urlTemplate":"https:\/\/360photoboothpro.eu\/pl\/?s={search_term_string}"},"query-input":{"@type":"PropertyValueSpecification","valueRequired":true,"valueName":"search_term_string"}}],"inLanguage":"pl-PL"},{"@type":"Organization","@id":"https:\/\/360photoboothpro.eu\/pl\/#organization","name":"360PhotoBoothPRO","url":"https:\/\/360photoboothpro.eu\/pl\/","logo":{"@type":"ImageObject","inLanguage":"pl-PL","@id":"https:\/\/360photoboothpro.eu\/pl\/#\/schema\/logo\/image\/","url":"https:\/\/360photoboothpro.eu\/wp-content\/uploads\/2023\/03\/logo-360photoboothpro-favicon.png","contentUrl":"https:\/\/360photoboothpro.eu\/wp-content\/uploads\/2023\/03\/logo-360photoboothpro-favicon.png","width":317,"height":317,"caption":"360PhotoBoothPRO"},"image":{"@id":"https:\/\/360photoboothpro.eu\/pl\/#\/schema\/logo\/image\/"},"sameAs":["https:\/\/www.facebook.com\/360PhotoBoothPRO.Canada\/"]}]}},"_links":{"self":[{"href":"https:\/\/360photoboothpro.eu\/pl\/wp-json\/wp\/v2\/pages\/7538"}],"collection":[{"href":"https:\/\/360photoboothpro.eu\/pl\/wp-json\/wp\/v2\/pages"}],"about":[{"href":"https:\/\/360photoboothpro.eu\/pl\/wp-json\/wp\/v2\/types\/page"}],"author":[{"embeddable":true,"href":"https:\/\/360photoboothpro.eu\/pl\/wp-json\/wp\/v2\/users\/1"}],"replies":[{"embeddable":true,"href":"https:\/\/360photoboothpro.eu\/pl\/wp-json\/wp\/v2\/comments?post=7538"}],"version-history":[{"count":3,"href":"https:\/\/360photoboothpro.eu\/pl\/wp-json\/wp\/v2\/pages\/7538\/revisions"}],"predecessor-version":[{"id":14513,"href":"https:\/\/360photoboothpro.eu\/pl\/wp-json\/wp\/v2\/pages\/7538\/revisions\/14513"}],"wp:attachment":[{"href":"https:\/\/360photoboothpro.eu\/pl\/wp-json\/wp\/v2\/media?parent=7538"}],"curies":[{"name":"wp","href":"https:\/\/api.w.org\/{rel}","templated":true}]}}