{"id":7607,"date":"2023-03-31T13:28:51","date_gmt":"2023-03-31T11:28:51","guid":{"rendered":"https:\/\/360photoboothpro.eu\/jak-zamawiac\/"},"modified":"2023-12-18T15:11:42","modified_gmt":"2023-12-18T13:11:42","slug":"jak-zamawiac","status":"publish","type":"page","link":"https:\/\/360photoboothpro.eu\/pl\/jak-zamawiac\/","title":{"rendered":"Jak zamawia\u0107"},"content":{"rendered":"\t\t<div data-elementor-type=\"wp-page\" data-elementor-id=\"7607\" class=\"elementor elementor-7607 elementor-3796\" data-elementor-post-type=\"page\">\n\t\t\t\t\t\t<section class=\"elementor-section elementor-top-section elementor-element elementor-element-e86c21d elementor-section-boxed elementor-section-height-default elementor-section-height-default\" data-id=\"e86c21d\" data-element_type=\"section\">\r\n\t\t\r\n\t\t\t\t\t\t\t<div class=\"elementor-container elementor-column-gap-default\">\r\n\t\t\t\t\t\t\t\t\t\t\t<div class=\"elementor-column elementor-col-100 elementor-top-column elementor-element elementor-element-7602985\" data-id=\"7602985\" data-element_type=\"column\">\r\n\t\t\t\t\t<div class=\"elementor-widget-wrap elementor-element-populated\">\r\n\t\t\t\t\t\t\t\t<div class=\"elementor-element elementor-element-85a2f70 elementor-widget elementor-widget-heading\" data-id=\"85a2f70\" data-element_type=\"widget\" data-widget_type=\"heading.default\">\n\t\t\t\t<div class=\"elementor-widget-container\">\n\t\t\t<h2 class=\"elementor-heading-title elementor-size-default\">JAK ZAMAWIA\u0106<\/h2>\t\t<\/div>\n\t\t\t\t<\/div>\n\t\t\t\t\t<\/div>\r\n\t\t\t\t<\/div>\r\n\t\t\t\t\t<\/div>\r\n\t\t\t\t<\/section>\r\n\t\t\t\t<section class=\"elementor-section elementor-top-section elementor-element elementor-element-ee8d933 elementor-section-boxed elementor-section-height-default elementor-section-height-default\" data-id=\"ee8d933\" data-element_type=\"section\">\r\n\t\t\r\n\t\t\t\t\t\t\t<div class=\"elementor-container elementor-column-gap-default\">\r\n\t\t\t\t\t\t\t\t\t\t\t<div class=\"elementor-column elementor-col-50 elementor-top-column elementor-element elementor-element-8dfe04f\" data-id=\"8dfe04f\" data-element_type=\"column\">\r\n\t\t\t\t\t<div class=\"elementor-widget-wrap elementor-element-populated\">\r\n\t\t\t\t\t\t\t\t<div class=\"elementor-element elementor-element-1156b38 elementor-widget elementor-widget-text-editor\" data-id=\"1156b38\" data-element_type=\"widget\" data-widget_type=\"text-editor.default\">\n\t\t\t\t<div class=\"elementor-widget-container\">\n\t\t\t\t\t\t\t<p id=\"tw-target-text\" class=\"tw-data-text tw-text-large tw-ta\" dir=\"ltr\" data-placeholder=\"Traducere\"><span class=\"Y2IQFc\" lang=\"en\"><strong>SK\u0141ADANIE ZAM\u00d3WIE\u0143 ONLINE<\/strong><\/span><\/p>\n<p>Aby doda\u0107 produkt do &#8222;Koszyka&#8221;, wybierz liczb\u0119 sztuk i naci\u015bnij przycisk &#8222;Dodaj do koszyka&#8221;.<\/p>\n<p>Nast\u0119pnie kliknij &#8222;Wy\u015bwietl koszyk&#8221;. W koszyku zostanie wy\u015bwietlona ostateczna cena produktu z uwzgl\u0119dnieniem wszystkich podatk\u00f3w (w tym podatku VAT w wysoko\u015bci 19% obowi\u0105zuj\u0105cego dla wszystkich produkt\u00f3w zakupionych w Rumunii).<\/p>\t\t\t\t\t\t<\/div>\n\t\t\t\t<\/div>\n\t\t\t\t\t<\/div>\r\n\t\t\t\t<\/div>\r\n\t\t\t\t<div class=\"elementor-column elementor-col-50 elementor-top-column elementor-element elementor-element-0c699eb\" data-id=\"0c699eb\" data-element_type=\"column\">\r\n\t\t\t\t\t<div class=\"elementor-widget-wrap elementor-element-populated\">\r\n\t\t\t\t\t\t\t\t<div class=\"elementor-element elementor-element-0dedcce elementor-widget elementor-widget-text-editor\" data-id=\"0dedcce\" data-element_type=\"widget\" data-widget_type=\"text-editor.default\">\n\t\t\t\t<div class=\"elementor-widget-container\">\n\t\t\t\t\t\t\t<p>Naci\u015bnij przycisk &#8222;Przejd\u017a do kasy&#8221;, dodaj dane dostawy i sfinalizuj zam\u00f3wienie, wybieraj\u0105c metod\u0119 p\u0142atno\u015bci i wprowadzaj\u0105c dane rozliczeniowe.<\/p>\n<p>Po wys\u0142aniu zam\u00f3wienia otrzymasz wiadomo\u015b\u0107 e-mail z potwierdzeniem rejestracji zam\u00f3wienia.<\/p>\n<p>Z\u0142o\u017cone zam\u00f3wienie i zakupiony produkt stanowi\u0105 akceptacj\u0119 przez kupuj\u0105cego wszystkich warunk\u00f3w i zasad korzystania z witryny.<\/p>\n\t\t\t\t\t\t<\/div>\n\t\t\t\t<\/div>\n\t\t\t\t\t<\/div>\r\n\t\t\t\t<\/div>\r\n\t\t\t\t\t<\/div>\r\n\t\t\t\t<\/section>\r\n\t\t\t\t<\/div>\n\t\t","protected":false},"excerpt":{"rendered":"<p>JAK ZAMAWIA\u0106 SK\u0141ADANIE ZAM\u00d3WIE\u0143 ONLINE Aby doda\u0107 produkt do &#8222;Koszyka&#8221;, wybierz liczb\u0119 sztuk i naci\u015bnij przycisk &#8222;Dodaj do koszyka&#8221;. Nast\u0119pnie kliknij &#8222;Wy\u015bwietl koszyk&#8221;. W koszyku zostanie wy\u015bwietlona ostateczna cena produktu z uwzgl\u0119dnieniem wszystkich podatk\u00f3w (w tym podatku VAT w wysoko\u015bci 19% obowi\u0105zuj\u0105cego dla wszystkich produkt\u00f3w zakupionych w Rumunii). Naci\u015bnij przycisk &#8222;Przejd\u017a do kasy&#8221;, dodaj dane [&hellip;]<\/p>\n","protected":false},"author":1,"featured_media":0,"parent":0,"menu_order":0,"comment_status":"closed","ping_status":"closed","template":"elementor_header_footer","meta":{"_acf_changed":false,"footnotes":""},"class_list":["post-7607","page","type-page","status-publish","hentry"],"acf":[],"yoast_head":"<!-- This site is optimized with the Yoast SEO plugin v23.5 - https:\/\/yoast.com\/wordpress\/plugins\/seo\/ -->\n<title>Jak zamawia\u0107 - 360PhotoBoothPRO<\/title>\n<meta name=\"description\" content=\"Zamawianie sta\u0142o si\u0119 proste! Post\u0119puj zgodnie z naszym przewodnikiem w 360 Photo Booth Pro, aby uzyska\u0107 p\u0142ynne wra\u017cenia. Uchwy\u0107 niezapomniane chwile dzi\u0119ki naszym innowacyjnym produktom.\" \/>\n<meta name=\"robots\" content=\"index, follow, max-snippet:-1, max-image-preview:large, max-video-preview:-1\" \/>\n<link rel=\"canonical\" href=\"https:\/\/360photoboothpro.eu\/pl\/jak-zamawiac\/\" \/>\n<meta property=\"og:locale\" content=\"pl_PL\" \/>\n<meta property=\"og:type\" content=\"article\" \/>\n<meta property=\"og:title\" content=\"Jak zamawia\u0107 - 360PhotoBoothPRO\" \/>\n<meta property=\"og:description\" content=\"Zamawianie sta\u0142o si\u0119 proste! Post\u0119puj zgodnie z naszym przewodnikiem w 360 Photo Booth Pro, aby uzyska\u0107 p\u0142ynne wra\u017cenia. Uchwy\u0107 niezapomniane chwile dzi\u0119ki naszym innowacyjnym produktom.\" \/>\n<meta property=\"og:url\" content=\"https:\/\/360photoboothpro.eu\/pl\/jak-zamawiac\/\" \/>\n<meta property=\"og:site_name\" content=\"360PhotoBoothPRO\" \/>\n<meta property=\"article:publisher\" content=\"https:\/\/www.facebook.com\/360PhotoBoothPRO.Canada\/\" \/>\n<meta property=\"article:modified_time\" content=\"2023-12-18T13:11:42+00:00\" \/>\n<meta name=\"twitter:card\" content=\"summary_large_image\" \/>\n<meta name=\"twitter:label1\" content=\"Szacowany czas czytania\" \/>\n\t<meta name=\"twitter:data1\" content=\"1 minuta\" \/>\n<script type=\"application\/ld+json\" class=\"yoast-schema-graph\">{\"@context\":\"https:\/\/schema.org\",\"@graph\":[{\"@type\":\"WebPage\",\"@id\":\"https:\/\/360photoboothpro.eu\/pl\/jak-zamawiac\/\",\"url\":\"https:\/\/360photoboothpro.eu\/pl\/jak-zamawiac\/\",\"name\":\"Jak zamawia\u0107 - 360PhotoBoothPRO\",\"isPartOf\":{\"@id\":\"https:\/\/360photoboothpro.eu\/pl\/#website\"},\"datePublished\":\"2023-03-31T11:28:51+00:00\",\"dateModified\":\"2023-12-18T13:11:42+00:00\",\"description\":\"Zamawianie sta\u0142o si\u0119 proste! Post\u0119puj zgodnie z naszym przewodnikiem w 360 Photo Booth Pro, aby uzyska\u0107 p\u0142ynne wra\u017cenia. Uchwy\u0107 niezapomniane chwile dzi\u0119ki naszym innowacyjnym produktom.\",\"breadcrumb\":{\"@id\":\"https:\/\/360photoboothpro.eu\/pl\/jak-zamawiac\/#breadcrumb\"},\"inLanguage\":\"pl-PL\",\"potentialAction\":[{\"@type\":\"ReadAction\",\"target\":[\"https:\/\/360photoboothpro.eu\/pl\/jak-zamawiac\/\"]}]},{\"@type\":\"BreadcrumbList\",\"@id\":\"https:\/\/360photoboothpro.eu\/pl\/jak-zamawiac\/#breadcrumb\",\"itemListElement\":[{\"@type\":\"ListItem\",\"position\":1,\"name\":\"Home\",\"item\":\"https:\/\/360photoboothpro.eu\/pl\/\"},{\"@type\":\"ListItem\",\"position\":2,\"name\":\"Jak zamawia\u0107\"}]},{\"@type\":\"WebSite\",\"@id\":\"https:\/\/360photoboothpro.eu\/pl\/#website\",\"url\":\"https:\/\/360photoboothpro.eu\/pl\/\",\"name\":\"360PhotoBoothPRO\",\"description\":\"360PhotoBoothPRO\",\"publisher\":{\"@id\":\"https:\/\/360photoboothpro.eu\/pl\/#organization\"},\"potentialAction\":[{\"@type\":\"SearchAction\",\"target\":{\"@type\":\"EntryPoint\",\"urlTemplate\":\"https:\/\/360photoboothpro.eu\/pl\/?s={search_term_string}\"},\"query-input\":{\"@type\":\"PropertyValueSpecification\",\"valueRequired\":true,\"valueName\":\"search_term_string\"}}],\"inLanguage\":\"pl-PL\"},{\"@type\":\"Organization\",\"@id\":\"https:\/\/360photoboothpro.eu\/pl\/#organization\",\"name\":\"360PhotoBoothPRO\",\"url\":\"https:\/\/360photoboothpro.eu\/pl\/\",\"logo\":{\"@type\":\"ImageObject\",\"inLanguage\":\"pl-PL\",\"@id\":\"https:\/\/360photoboothpro.eu\/pl\/#\/schema\/logo\/image\/\",\"url\":\"https:\/\/360photoboothpro.eu\/wp-content\/uploads\/2023\/03\/logo-360photoboothpro-favicon.png\",\"contentUrl\":\"https:\/\/360photoboothpro.eu\/wp-content\/uploads\/2023\/03\/logo-360photoboothpro-favicon.png\",\"width\":317,\"height\":317,\"caption\":\"360PhotoBoothPRO\"},\"image\":{\"@id\":\"https:\/\/360photoboothpro.eu\/pl\/#\/schema\/logo\/image\/\"},\"sameAs\":[\"https:\/\/www.facebook.com\/360PhotoBoothPRO.Canada\/\"]}]}<\/script>\n<!-- \/ Yoast SEO plugin. -->","yoast_head_json":{"title":"Jak zamawia\u0107 - 360PhotoBoothPRO","description":"Zamawianie sta\u0142o si\u0119 proste! Post\u0119puj zgodnie z naszym przewodnikiem w 360 Photo Booth Pro, aby uzyska\u0107 p\u0142ynne wra\u017cenia. Uchwy\u0107 niezapomniane chwile dzi\u0119ki naszym innowacyjnym produktom.","robots":{"index":"index","follow":"follow","max-snippet":"max-snippet:-1","max-image-preview":"max-image-preview:large","max-video-preview":"max-video-preview:-1"},"canonical":"https:\/\/360photoboothpro.eu\/pl\/jak-zamawiac\/","og_locale":"pl_PL","og_type":"article","og_title":"Jak zamawia\u0107 - 360PhotoBoothPRO","og_description":"Zamawianie sta\u0142o si\u0119 proste! Post\u0119puj zgodnie z naszym przewodnikiem w 360 Photo Booth Pro, aby uzyska\u0107 p\u0142ynne wra\u017cenia. Uchwy\u0107 niezapomniane chwile dzi\u0119ki naszym innowacyjnym produktom.","og_url":"https:\/\/360photoboothpro.eu\/pl\/jak-zamawiac\/","og_site_name":"360PhotoBoothPRO","article_publisher":"https:\/\/www.facebook.com\/360PhotoBoothPRO.Canada\/","article_modified_time":"2023-12-18T13:11:42+00:00","twitter_card":"summary_large_image","twitter_misc":{"Szacowany czas czytania":"1 minuta"},"schema":{"@context":"https:\/\/schema.org","@graph":[{"@type":"WebPage","@id":"https:\/\/360photoboothpro.eu\/pl\/jak-zamawiac\/","url":"https:\/\/360photoboothpro.eu\/pl\/jak-zamawiac\/","name":"Jak zamawia\u0107 - 360PhotoBoothPRO","isPartOf":{"@id":"https:\/\/360photoboothpro.eu\/pl\/#website"},"datePublished":"2023-03-31T11:28:51+00:00","dateModified":"2023-12-18T13:11:42+00:00","description":"Zamawianie sta\u0142o si\u0119 proste! Post\u0119puj zgodnie z naszym przewodnikiem w 360 Photo Booth Pro, aby uzyska\u0107 p\u0142ynne wra\u017cenia. Uchwy\u0107 niezapomniane chwile dzi\u0119ki naszym innowacyjnym produktom.","breadcrumb":{"@id":"https:\/\/360photoboothpro.eu\/pl\/jak-zamawiac\/#breadcrumb"},"inLanguage":"pl-PL","potentialAction":[{"@type":"ReadAction","target":["https:\/\/360photoboothpro.eu\/pl\/jak-zamawiac\/"]}]},{"@type":"BreadcrumbList","@id":"https:\/\/360photoboothpro.eu\/pl\/jak-zamawiac\/#breadcrumb","itemListElement":[{"@type":"ListItem","position":1,"name":"Home","item":"https:\/\/360photoboothpro.eu\/pl\/"},{"@type":"ListItem","position":2,"name":"Jak zamawia\u0107"}]},{"@type":"WebSite","@id":"https:\/\/360photoboothpro.eu\/pl\/#website","url":"https:\/\/360photoboothpro.eu\/pl\/","name":"360PhotoBoothPRO","description":"360PhotoBoothPRO","publisher":{"@id":"https:\/\/360photoboothpro.eu\/pl\/#organization"},"potentialAction":[{"@type":"SearchAction","target":{"@type":"EntryPoint","urlTemplate":"https:\/\/360photoboothpro.eu\/pl\/?s={search_term_string}"},"query-input":{"@type":"PropertyValueSpecification","valueRequired":true,"valueName":"search_term_string"}}],"inLanguage":"pl-PL"},{"@type":"Organization","@id":"https:\/\/360photoboothpro.eu\/pl\/#organization","name":"360PhotoBoothPRO","url":"https:\/\/360photoboothpro.eu\/pl\/","logo":{"@type":"ImageObject","inLanguage":"pl-PL","@id":"https:\/\/360photoboothpro.eu\/pl\/#\/schema\/logo\/image\/","url":"https:\/\/360photoboothpro.eu\/wp-content\/uploads\/2023\/03\/logo-360photoboothpro-favicon.png","contentUrl":"https:\/\/360photoboothpro.eu\/wp-content\/uploads\/2023\/03\/logo-360photoboothpro-favicon.png","width":317,"height":317,"caption":"360PhotoBoothPRO"},"image":{"@id":"https:\/\/360photoboothpro.eu\/pl\/#\/schema\/logo\/image\/"},"sameAs":["https:\/\/www.facebook.com\/360PhotoBoothPRO.Canada\/"]}]}},"_links":{"self":[{"href":"https:\/\/360photoboothpro.eu\/pl\/wp-json\/wp\/v2\/pages\/7607"}],"collection":[{"href":"https:\/\/360photoboothpro.eu\/pl\/wp-json\/wp\/v2\/pages"}],"about":[{"href":"https:\/\/360photoboothpro.eu\/pl\/wp-json\/wp\/v2\/types\/page"}],"author":[{"embeddable":true,"href":"https:\/\/360photoboothpro.eu\/pl\/wp-json\/wp\/v2\/users\/1"}],"replies":[{"embeddable":true,"href":"https:\/\/360photoboothpro.eu\/pl\/wp-json\/wp\/v2\/comments?post=7607"}],"version-history":[{"count":1,"href":"https:\/\/360photoboothpro.eu\/pl\/wp-json\/wp\/v2\/pages\/7607\/revisions"}],"predecessor-version":[{"id":7615,"href":"https:\/\/360photoboothpro.eu\/pl\/wp-json\/wp\/v2\/pages\/7607\/revisions\/7615"}],"wp:attachment":[{"href":"https:\/\/360photoboothpro.eu\/pl\/wp-json\/wp\/v2\/media?parent=7607"}],"curies":[{"name":"wp","href":"https:\/\/api.w.org\/{rel}","templated":true}]}}