{"id":7676,"date":"2023-04-25T09:32:41","date_gmt":"2023-04-25T07:32:41","guid":{"rendered":"https:\/\/360photoboothpro.eu\/o-nas\/"},"modified":"2025-03-12T09:23:18","modified_gmt":"2025-03-12T07:23:18","slug":"o-nas","status":"publish","type":"page","link":"https:\/\/360photoboothpro.eu\/pl\/o-nas\/","title":{"rendered":"O nas"},"content":{"rendered":"\t\t<div data-elementor-type=\"wp-page\" data-elementor-id=\"7676\" class=\"elementor elementor-7676 elementor-4830\" data-elementor-post-type=\"page\">\n\t\t\t\t\t\t<section class=\"elementor-section elementor-top-section elementor-element elementor-element-247f217 elementor-section-boxed elementor-section-height-default elementor-section-height-default\" data-id=\"247f217\" data-element_type=\"section\">\r\n\t\t\r\n\t\t\t\t\t\t\t<div class=\"elementor-container elementor-column-gap-default\">\r\n\t\t\t\t\t\t\t\t\t\t\t<div class=\"elementor-column elementor-col-100 elementor-top-column elementor-element elementor-element-0705ce1\" data-id=\"0705ce1\" data-element_type=\"column\">\r\n\t\t\t\t\t<div class=\"elementor-widget-wrap elementor-element-populated\">\r\n\t\t\t\t\t\t\t\t<div class=\"elementor-element elementor-element-712c1a2 elementor-widget elementor-widget-porto_ultimate_heading\" data-id=\"712c1a2\" data-element_type=\"widget\" data-widget_type=\"porto_ultimate_heading.default\">\n\t\t\t\t<div class=\"elementor-widget-container\">\n\t\t\t<div class=\"porto-u-heading  porto-u-3747\"><div class=\"porto-u-main-heading\"><h2   >O nas<\/h2><\/div><style>.porto-u-3747.porto-u-heading{text-align:center}<\/style><\/div>\t\t<\/div>\n\t\t\t\t<\/div>\n\t\t\t\t<div class=\"elementor-element elementor-element-6fbd8bb elementor-widget elementor-widget-text-editor\" data-id=\"6fbd8bb\" data-element_type=\"widget\" data-widget_type=\"text-editor.default\">\n\t\t\t\t<div class=\"elementor-widget-container\">\n\t\t\t\t\t\t\t<p>Za\u0142o\u017cyli\u015bmy t\u0119 firm\u0119, NOVO BEST CONCEPT TEAM, z jednym pomys\u0142em: oferowa\u0107 platformy 360 Photo Booth PRO w NAJLEPSZEJ mo\u017cliwej cenie. Od tego momentu zrobili\u015bmy wszystko, co w naszej mocy, aby zoptymalizowa\u0107 koszty, dzi\u0119ki czemu mo\u017cemy zaoferowa\u0107 produkty o najlepszym stosunku jako\u015bci do ceny.<\/p>\n<p>Chcemy stworzy\u0107 mo\u017cliwo\u015bci ekonomiczne dla ponad 25 000 firm z ca\u0142ego \u015bwiata.&nbsp;<\/p>\n<p>Nasza firma znajduje si\u0119 w Bucuresti, Calea Mosilor, nr. 88, sc. F, ap. 82, Sector 3, Romania.<\/p>\n<p>Jako JEDYNI W EUROPIE oferujemy platformy 360 Camera Booth z 2-LETNI\u0104 GWARANCJ\u0104 i mo\u017cliwo\u015bci\u0105 PRZED\u0141U\u017bENIA gwarancji do 3 LAT, a dop\u00f3ki jest ona obj\u0119ta gwarancj\u0105, BEZP\u0141ATNIE ODBIERAMY wadliwy produkt w celu oddania go do serwisu i WYMIANY PLATFORMY podczas naprawy.<\/p>\n<p>Jeste\u015bmy r\u00f3wnie\u017c bardzo dumni z oferowanych przez nas produkt\u00f3w. Sprawdzamy i testujemy ka\u017cd\u0105 platform\u0119 360VideoBooth PRO przed dostaw\u0105.<\/p>\n<p>Rozpocz\u0119li\u015bmy t\u0119 pi\u0119kn\u0105 podr\u00f3\u017c od sklep\u00f3w internetowych z siedzib\u0105 w Kanadzie i Rumunii.<\/p>\n<p>Co dalej? Chcemy rozszerzy\u0107 nasze us\u0142ugi na ca\u0142y \u015bwiat. Po Kanadzie i Europie otworzymy nowe sklepy w Wielkiej Brytanii, Stanach Zjednoczonych i Ameryce Po\u0142udniowej.<\/p>\t\t\t\t\t\t<\/div>\n\t\t\t\t<\/div>\n\t\t\t\t\t<\/div>\r\n\t\t\t\t<\/div>\r\n\t\t\t\t\t<\/div>\r\n\t\t\t\t<\/section>\r\n\t\t\t\t<\/div>\n\t\t","protected":false},"excerpt":{"rendered":"<p>O nas Za\u0142o\u017cyli\u015bmy t\u0119 firm\u0119, NOVO BEST CONCEPT TEAM, z jednym pomys\u0142em: oferowa\u0107 platformy 360 Photo Booth PRO w NAJLEPSZEJ mo\u017cliwej cenie. Od tego momentu zrobili\u015bmy wszystko, co w naszej mocy, aby zoptymalizowa\u0107 koszty, dzi\u0119ki czemu mo\u017cemy zaoferowa\u0107 produkty o najlepszym stosunku jako\u015bci do ceny. Chcemy stworzy\u0107 mo\u017cliwo\u015bci ekonomiczne dla ponad 25 000 firm z [&hellip;]<\/p>\n","protected":false},"author":1,"featured_media":0,"parent":0,"menu_order":0,"comment_status":"closed","ping_status":"closed","template":"elementor_header_footer","meta":{"_acf_changed":false,"footnotes":""},"class_list":["post-7676","page","type-page","status-publish","hentry"],"acf":[],"yoast_head":"<!-- This site is optimized with the Yoast SEO plugin v23.5 - https:\/\/yoast.com\/wordpress\/plugins\/seo\/ -->\n<title>O nas - 360PhotoBoothPRO<\/title>\n<meta name=\"description\" content=\"Odkryj nasz\u0105 histori\u0119 na 360 Photo Booth Pro. Dowiedz si\u0119 wi\u0119cej o naszej misji i zaanga\u017cowaniu w tworzenie najwy\u017cszej jako\u015bci rozwi\u0105za\u0144 dla fotobudek. Do\u0142\u0105cz do nas, aby uchwyci\u0107 chwile.\" \/>\n<meta name=\"robots\" content=\"index, follow, max-snippet:-1, max-image-preview:large, max-video-preview:-1\" \/>\n<link rel=\"canonical\" href=\"https:\/\/360photoboothpro.eu\/pl\/o-nas\/\" \/>\n<meta property=\"og:locale\" content=\"pl_PL\" \/>\n<meta property=\"og:type\" content=\"article\" \/>\n<meta property=\"og:title\" content=\"O nas - 360PhotoBoothPRO\" \/>\n<meta property=\"og:description\" content=\"Odkryj nasz\u0105 histori\u0119 na 360 Photo Booth Pro. Dowiedz si\u0119 wi\u0119cej o naszej misji i zaanga\u017cowaniu w tworzenie najwy\u017cszej jako\u015bci rozwi\u0105za\u0144 dla fotobudek. Do\u0142\u0105cz do nas, aby uchwyci\u0107 chwile.\" \/>\n<meta property=\"og:url\" content=\"https:\/\/360photoboothpro.eu\/pl\/o-nas\/\" \/>\n<meta property=\"og:site_name\" content=\"360PhotoBoothPRO\" \/>\n<meta property=\"article:publisher\" content=\"https:\/\/www.facebook.com\/360PhotoBoothPRO.Canada\/\" \/>\n<meta property=\"article:modified_time\" content=\"2025-03-12T07:23:18+00:00\" \/>\n<meta name=\"twitter:card\" content=\"summary_large_image\" \/>\n<meta name=\"twitter:label1\" content=\"Szacowany czas czytania\" \/>\n\t<meta name=\"twitter:data1\" content=\"1 minuta\" \/>\n<script type=\"application\/ld+json\" class=\"yoast-schema-graph\">{\"@context\":\"https:\/\/schema.org\",\"@graph\":[{\"@type\":\"WebPage\",\"@id\":\"https:\/\/360photoboothpro.eu\/pl\/o-nas\/\",\"url\":\"https:\/\/360photoboothpro.eu\/pl\/o-nas\/\",\"name\":\"O nas - 360PhotoBoothPRO\",\"isPartOf\":{\"@id\":\"https:\/\/360photoboothpro.eu\/pl\/#website\"},\"datePublished\":\"2023-04-25T07:32:41+00:00\",\"dateModified\":\"2025-03-12T07:23:18+00:00\",\"description\":\"Odkryj nasz\u0105 histori\u0119 na 360 Photo Booth Pro. Dowiedz si\u0119 wi\u0119cej o naszej misji i zaanga\u017cowaniu w tworzenie najwy\u017cszej jako\u015bci rozwi\u0105za\u0144 dla fotobudek. Do\u0142\u0105cz do nas, aby uchwyci\u0107 chwile.\",\"breadcrumb\":{\"@id\":\"https:\/\/360photoboothpro.eu\/pl\/o-nas\/#breadcrumb\"},\"inLanguage\":\"pl-PL\",\"potentialAction\":[{\"@type\":\"ReadAction\",\"target\":[\"https:\/\/360photoboothpro.eu\/pl\/o-nas\/\"]}]},{\"@type\":\"BreadcrumbList\",\"@id\":\"https:\/\/360photoboothpro.eu\/pl\/o-nas\/#breadcrumb\",\"itemListElement\":[{\"@type\":\"ListItem\",\"position\":1,\"name\":\"Home\",\"item\":\"https:\/\/360photoboothpro.eu\/pl\/\"},{\"@type\":\"ListItem\",\"position\":2,\"name\":\"O nas\"}]},{\"@type\":\"WebSite\",\"@id\":\"https:\/\/360photoboothpro.eu\/pl\/#website\",\"url\":\"https:\/\/360photoboothpro.eu\/pl\/\",\"name\":\"360PhotoBoothPRO\",\"description\":\"360PhotoBoothPRO\",\"publisher\":{\"@id\":\"https:\/\/360photoboothpro.eu\/pl\/#organization\"},\"potentialAction\":[{\"@type\":\"SearchAction\",\"target\":{\"@type\":\"EntryPoint\",\"urlTemplate\":\"https:\/\/360photoboothpro.eu\/pl\/?s={search_term_string}\"},\"query-input\":{\"@type\":\"PropertyValueSpecification\",\"valueRequired\":true,\"valueName\":\"search_term_string\"}}],\"inLanguage\":\"pl-PL\"},{\"@type\":\"Organization\",\"@id\":\"https:\/\/360photoboothpro.eu\/pl\/#organization\",\"name\":\"360PhotoBoothPRO\",\"url\":\"https:\/\/360photoboothpro.eu\/pl\/\",\"logo\":{\"@type\":\"ImageObject\",\"inLanguage\":\"pl-PL\",\"@id\":\"https:\/\/360photoboothpro.eu\/pl\/#\/schema\/logo\/image\/\",\"url\":\"https:\/\/360photoboothpro.eu\/wp-content\/uploads\/2023\/03\/logo-360photoboothpro-favicon.png\",\"contentUrl\":\"https:\/\/360photoboothpro.eu\/wp-content\/uploads\/2023\/03\/logo-360photoboothpro-favicon.png\",\"width\":317,\"height\":317,\"caption\":\"360PhotoBoothPRO\"},\"image\":{\"@id\":\"https:\/\/360photoboothpro.eu\/pl\/#\/schema\/logo\/image\/\"},\"sameAs\":[\"https:\/\/www.facebook.com\/360PhotoBoothPRO.Canada\/\"]}]}<\/script>\n<!-- \/ Yoast SEO plugin. -->","yoast_head_json":{"title":"O nas - 360PhotoBoothPRO","description":"Odkryj nasz\u0105 histori\u0119 na 360 Photo Booth Pro. Dowiedz si\u0119 wi\u0119cej o naszej misji i zaanga\u017cowaniu w tworzenie najwy\u017cszej jako\u015bci rozwi\u0105za\u0144 dla fotobudek. Do\u0142\u0105cz do nas, aby uchwyci\u0107 chwile.","robots":{"index":"index","follow":"follow","max-snippet":"max-snippet:-1","max-image-preview":"max-image-preview:large","max-video-preview":"max-video-preview:-1"},"canonical":"https:\/\/360photoboothpro.eu\/pl\/o-nas\/","og_locale":"pl_PL","og_type":"article","og_title":"O nas - 360PhotoBoothPRO","og_description":"Odkryj nasz\u0105 histori\u0119 na 360 Photo Booth Pro. Dowiedz si\u0119 wi\u0119cej o naszej misji i zaanga\u017cowaniu w tworzenie najwy\u017cszej jako\u015bci rozwi\u0105za\u0144 dla fotobudek. Do\u0142\u0105cz do nas, aby uchwyci\u0107 chwile.","og_url":"https:\/\/360photoboothpro.eu\/pl\/o-nas\/","og_site_name":"360PhotoBoothPRO","article_publisher":"https:\/\/www.facebook.com\/360PhotoBoothPRO.Canada\/","article_modified_time":"2025-03-12T07:23:18+00:00","twitter_card":"summary_large_image","twitter_misc":{"Szacowany czas czytania":"1 minuta"},"schema":{"@context":"https:\/\/schema.org","@graph":[{"@type":"WebPage","@id":"https:\/\/360photoboothpro.eu\/pl\/o-nas\/","url":"https:\/\/360photoboothpro.eu\/pl\/o-nas\/","name":"O nas - 360PhotoBoothPRO","isPartOf":{"@id":"https:\/\/360photoboothpro.eu\/pl\/#website"},"datePublished":"2023-04-25T07:32:41+00:00","dateModified":"2025-03-12T07:23:18+00:00","description":"Odkryj nasz\u0105 histori\u0119 na 360 Photo Booth Pro. Dowiedz si\u0119 wi\u0119cej o naszej misji i zaanga\u017cowaniu w tworzenie najwy\u017cszej jako\u015bci rozwi\u0105za\u0144 dla fotobudek. Do\u0142\u0105cz do nas, aby uchwyci\u0107 chwile.","breadcrumb":{"@id":"https:\/\/360photoboothpro.eu\/pl\/o-nas\/#breadcrumb"},"inLanguage":"pl-PL","potentialAction":[{"@type":"ReadAction","target":["https:\/\/360photoboothpro.eu\/pl\/o-nas\/"]}]},{"@type":"BreadcrumbList","@id":"https:\/\/360photoboothpro.eu\/pl\/o-nas\/#breadcrumb","itemListElement":[{"@type":"ListItem","position":1,"name":"Home","item":"https:\/\/360photoboothpro.eu\/pl\/"},{"@type":"ListItem","position":2,"name":"O nas"}]},{"@type":"WebSite","@id":"https:\/\/360photoboothpro.eu\/pl\/#website","url":"https:\/\/360photoboothpro.eu\/pl\/","name":"360PhotoBoothPRO","description":"360PhotoBoothPRO","publisher":{"@id":"https:\/\/360photoboothpro.eu\/pl\/#organization"},"potentialAction":[{"@type":"SearchAction","target":{"@type":"EntryPoint","urlTemplate":"https:\/\/360photoboothpro.eu\/pl\/?s={search_term_string}"},"query-input":{"@type":"PropertyValueSpecification","valueRequired":true,"valueName":"search_term_string"}}],"inLanguage":"pl-PL"},{"@type":"Organization","@id":"https:\/\/360photoboothpro.eu\/pl\/#organization","name":"360PhotoBoothPRO","url":"https:\/\/360photoboothpro.eu\/pl\/","logo":{"@type":"ImageObject","inLanguage":"pl-PL","@id":"https:\/\/360photoboothpro.eu\/pl\/#\/schema\/logo\/image\/","url":"https:\/\/360photoboothpro.eu\/wp-content\/uploads\/2023\/03\/logo-360photoboothpro-favicon.png","contentUrl":"https:\/\/360photoboothpro.eu\/wp-content\/uploads\/2023\/03\/logo-360photoboothpro-favicon.png","width":317,"height":317,"caption":"360PhotoBoothPRO"},"image":{"@id":"https:\/\/360photoboothpro.eu\/pl\/#\/schema\/logo\/image\/"},"sameAs":["https:\/\/www.facebook.com\/360PhotoBoothPRO.Canada\/"]}]}},"_links":{"self":[{"href":"https:\/\/360photoboothpro.eu\/pl\/wp-json\/wp\/v2\/pages\/7676"}],"collection":[{"href":"https:\/\/360photoboothpro.eu\/pl\/wp-json\/wp\/v2\/pages"}],"about":[{"href":"https:\/\/360photoboothpro.eu\/pl\/wp-json\/wp\/v2\/types\/page"}],"author":[{"embeddable":true,"href":"https:\/\/360photoboothpro.eu\/pl\/wp-json\/wp\/v2\/users\/1"}],"replies":[{"embeddable":true,"href":"https:\/\/360photoboothpro.eu\/pl\/wp-json\/wp\/v2\/comments?post=7676"}],"version-history":[{"count":7,"href":"https:\/\/360photoboothpro.eu\/pl\/wp-json\/wp\/v2\/pages\/7676\/revisions"}],"predecessor-version":[{"id":14640,"href":"https:\/\/360photoboothpro.eu\/pl\/wp-json\/wp\/v2\/pages\/7676\/revisions\/14640"}],"wp:attachment":[{"href":"https:\/\/360photoboothpro.eu\/pl\/wp-json\/wp\/v2\/media?parent=7676"}],"curies":[{"name":"wp","href":"https:\/\/api.w.org\/{rel}","templated":true}]}}