{"id":10771,"date":"2023-10-12T09:31:35","date_gmt":"2023-10-12T07:31:35","guid":{"rendered":"https:\/\/360photoboothpro.eu\/?post_type=product&#038;p=10771"},"modified":"2024-12-01T13:35:25","modified_gmt":"2024-12-01T11:35:25","slug":"magic-mirror-photobooth-165-1-cm","status":"publish","type":"product","link":"https:\/\/360photoboothpro.eu\/pl\/produkt\/magic-mirror-photobooth-165-1-cm\/","title":{"rendered":"Fotobudka Magic Mirror 165,1 cm"},"content":{"rendered":"<p id=\"tw-target-text\" class=\"tw-data-text tw-text-large tw-ta\" dir=\"ltr\" data-placeholder=\"Traducere\"><span class=\"Y2IQFc\" lang=\"en\">Oferujemy na SPRZEDA\u017b (i zapewniamy WSPARCIE TECHNICZNE przy INSTALACJI) Magic Mirror Photo Booth 165,1 cm:  <\/span><\/p>\n<ul>\n<li>  Fotobudka Magic Mirror<\/li>\n<li>  Wy\u015bwietlacz LG A + o rozdzielczo\u015bci 4K<\/li>\n<li>  Diody LED Bluetooth RGB wbudowane w obudow\u0119 z mo\u017cliwo\u015bci\u0105 zmiany kolor\u00f3w za pomoc\u0105 pilota zdalnego sterowania<\/li>\n<li>  Mini PC Procesor Intel Core i5, 8 GB pami\u0119ci RAM, 256 GB SSD, licencja Windows 10 Pro<\/li>\n<li>  Aparat Canon 2000D + obiektyw 18-55<\/li>\n<li>  Profesjonalna termiczna drukarka fotograficzna Hiti P525L &#8211; Drukarka do fotobudki<\/li>\n<li>  Materia\u0142y eksploatacyjne na 1000 wydruk\u00f3w 10 x 15 cm<\/li>\n<li>  Okr\u0105g\u0142a lampa LED<\/li>\n<li>  Wst\u0119pnie zainstalowane oprogramowanie produkcyjne zaprojektowane i przetestowane przez naszego dostawc\u0119 z nast\u0119puj\u0105cymi funkcjami: U\u017cyj wbudowanych animacji lub prze\u015blij w\u0142asne, aby zapewni\u0107 swoim go\u015bciom jedyne w swoim rodzaju wra\u017cenia; Jeszcze bardziej spersonalizuj do\u015bwiadczenie stoiska, pozwalaj\u0105c go\u015bciom narysowa\u0107 sw\u00f3j podpis i w\u0142\u0105czy\u0107 go do swojego wydruku; Dodaj zabaw\u0119 do do\u015bwiadczenia, umo\u017cliwiaj\u0105c go\u015bciom dodawanie wbudowanych lub niestandardowych naklejek i emotikon\u00f3w do ich wydruku; Dostosuj ekrany, kt\u00f3re widz\u0105 Twoi go\u015bcie, aby idealnie pasowa\u0142y do Twojego wydarzenia dzi\u0119ki w\u0142asnej grafice, logo i przyciskom; \u0141atwo udost\u0119pniaj swoje zdj\u0119cia i filmy za po\u015brednictwem poczty e-mail, SMS, AirDrop, kodu QR, a tak\u017ce drukuj swoje zdj\u0119cia; Uzyskaj najwy\u017csz\u0105 jako\u015b\u0107 wydruk\u00f3w, korzystaj\u0105c z wbudowanego edytora szablon\u00f3w, aby doda\u0107 swoje logo, tekst lub inn\u0105 grafik\u0119.<\/li>\n<li>  Pomoc techniczna<\/li>\n<\/ul>\n","protected":false},"excerpt":{"rendered":"<p>Nasza firma znajduje si\u0119 w Rumunii.<br \/>\nWysy\u0142amy produkty z naszego magazynu.<br \/>\nProdukt zostanie wys\u0142any w ci\u0105gu 5-7 dni roboczych.<\/p>\n","protected":false},"featured_media":10796,"comment_status":"open","ping_status":"closed","template":"","meta":{"_acf_changed":false},"product_cat":[491],"product_tag":[],"class_list":{"0":"post-10771","1":"product","2":"type-product","3":"status-publish","4":"has-post-thumbnail","6":"product_cat-magiczne-lustro","8":"first","9":"outofstock","10":"taxable","11":"shipping-taxable","12":"purchasable","13":"product-type-simple"},"acf":[],"yoast_head":"<!-- This site is optimized with the Yoast SEO plugin v23.5 - https:\/\/yoast.com\/wordpress\/plugins\/seo\/ -->\n<title>Fotobudka Magic Mirror 165,1 cm - 360PhotoBoothPRO<\/title>\n<meta name=\"description\" content=\"Photo Booth PRO is an online store where you can buy quality Fotobudka Magic Mirror 165,1 cm at an affordable price. Buy now!\" \/>\n<meta name=\"robots\" content=\"index, follow, max-snippet:-1, max-image-preview:large, max-video-preview:-1\" \/>\n<link rel=\"canonical\" href=\"https:\/\/360photoboothpro.eu\/pl\/produkt\/magic-mirror-photobooth-165-1-cm\/\" \/>\n<meta property=\"og:locale\" content=\"pl_PL\" \/>\n<meta property=\"og:type\" content=\"article\" \/>\n<meta property=\"og:title\" content=\"Fotobudka Magic Mirror 165,1 cm - 360PhotoBoothPRO\" \/>\n<meta property=\"og:description\" content=\"Photo Booth PRO is an online store where you can buy quality Fotobudka Magic Mirror 165,1 cm at an affordable price. Buy now!\" \/>\n<meta property=\"og:url\" content=\"https:\/\/360photoboothpro.eu\/pl\/produkt\/magic-mirror-photobooth-165-1-cm\/\" \/>\n<meta property=\"og:site_name\" content=\"360PhotoBoothPRO\" \/>\n<meta property=\"article:publisher\" content=\"https:\/\/www.facebook.com\/360PhotoBoothPRO.Canada\/\" \/>\n<meta property=\"article:modified_time\" content=\"2024-12-01T11:35:25+00:00\" \/>\n<meta property=\"og:image\" content=\"https:\/\/360photoboothpro.eu\/wp-content\/uploads\/2023\/10\/magic-mirror-photobooth-for-sale-social.jpg\" \/>\n<meta name=\"twitter:card\" content=\"summary_large_image\" \/>\n<meta name=\"twitter:label1\" content=\"Szacowany czas czytania\" \/>\n\t<meta name=\"twitter:data1\" content=\"1 minuta\" \/>\n<script type=\"application\/ld+json\" class=\"yoast-schema-graph\">{\"@context\":\"https:\/\/schema.org\",\"@graph\":[{\"@type\":\"WebPage\",\"@id\":\"https:\/\/360photoboothpro.eu\/pl\/produkt\/magic-mirror-photobooth-165-1-cm\/\",\"url\":\"https:\/\/360photoboothpro.eu\/pl\/produkt\/magic-mirror-photobooth-165-1-cm\/\",\"name\":\"Fotobudka Magic Mirror 165,1 cm - 360PhotoBoothPRO\",\"isPartOf\":{\"@id\":\"https:\/\/360photoboothpro.eu\/pl\/#website\"},\"primaryImageOfPage\":{\"@id\":\"https:\/\/360photoboothpro.eu\/pl\/produkt\/magic-mirror-photobooth-165-1-cm\/#primaryimage\"},\"image\":{\"@id\":\"https:\/\/360photoboothpro.eu\/pl\/produkt\/magic-mirror-photobooth-165-1-cm\/#primaryimage\"},\"thumbnailUrl\":\"https:\/\/360photoboothpro.eu\/wp-content\/uploads\/2023\/10\/cabina-foto-magic-mirror-photobooth-de-vanzare-4.jpg\",\"datePublished\":\"2023-10-12T07:31:35+00:00\",\"dateModified\":\"2024-12-01T11:35:25+00:00\",\"description\":\"Photo Booth PRO is an online store where you can buy quality Fotobudka Magic Mirror 165,1 cm at an affordable price. Buy now!\",\"breadcrumb\":{\"@id\":\"https:\/\/360photoboothpro.eu\/pl\/produkt\/magic-mirror-photobooth-165-1-cm\/#breadcrumb\"},\"inLanguage\":\"pl-PL\",\"potentialAction\":[{\"@type\":\"ReadAction\",\"target\":[\"https:\/\/360photoboothpro.eu\/pl\/produkt\/magic-mirror-photobooth-165-1-cm\/\"]}]},{\"@type\":\"ImageObject\",\"inLanguage\":\"pl-PL\",\"@id\":\"https:\/\/360photoboothpro.eu\/pl\/produkt\/magic-mirror-photobooth-165-1-cm\/#primaryimage\",\"url\":\"https:\/\/360photoboothpro.eu\/wp-content\/uploads\/2023\/10\/cabina-foto-magic-mirror-photobooth-de-vanzare-4.jpg\",\"contentUrl\":\"https:\/\/360photoboothpro.eu\/wp-content\/uploads\/2023\/10\/cabina-foto-magic-mirror-photobooth-de-vanzare-4.jpg\",\"width\":1080,\"height\":1080},{\"@type\":\"BreadcrumbList\",\"@id\":\"https:\/\/360photoboothpro.eu\/pl\/produkt\/magic-mirror-photobooth-165-1-cm\/#breadcrumb\",\"itemListElement\":[{\"@type\":\"ListItem\",\"position\":1,\"name\":\"Home\",\"item\":\"https:\/\/360photoboothpro.eu\/pl\/\"},{\"@type\":\"ListItem\",\"position\":2,\"name\":\"Sklep\",\"item\":\"https:\/\/360photoboothpro.eu\/pl\/sklep\/\"},{\"@type\":\"ListItem\",\"position\":3,\"name\":\"Fotobudka Magic Mirror 165,1 cm\"}]},{\"@type\":\"WebSite\",\"@id\":\"https:\/\/360photoboothpro.eu\/pl\/#website\",\"url\":\"https:\/\/360photoboothpro.eu\/pl\/\",\"name\":\"360PhotoBoothPRO\",\"description\":\"360PhotoBoothPRO\",\"publisher\":{\"@id\":\"https:\/\/360photoboothpro.eu\/pl\/#organization\"},\"potentialAction\":[{\"@type\":\"SearchAction\",\"target\":{\"@type\":\"EntryPoint\",\"urlTemplate\":\"https:\/\/360photoboothpro.eu\/pl\/?s={search_term_string}\"},\"query-input\":{\"@type\":\"PropertyValueSpecification\",\"valueRequired\":true,\"valueName\":\"search_term_string\"}}],\"inLanguage\":\"pl-PL\"},{\"@type\":\"Organization\",\"@id\":\"https:\/\/360photoboothpro.eu\/pl\/#organization\",\"name\":\"360PhotoBoothPRO\",\"url\":\"https:\/\/360photoboothpro.eu\/pl\/\",\"logo\":{\"@type\":\"ImageObject\",\"inLanguage\":\"pl-PL\",\"@id\":\"https:\/\/360photoboothpro.eu\/pl\/#\/schema\/logo\/image\/\",\"url\":\"https:\/\/360photoboothpro.eu\/wp-content\/uploads\/2023\/03\/logo-360photoboothpro-favicon.png\",\"contentUrl\":\"https:\/\/360photoboothpro.eu\/wp-content\/uploads\/2023\/03\/logo-360photoboothpro-favicon.png\",\"width\":317,\"height\":317,\"caption\":\"360PhotoBoothPRO\"},\"image\":{\"@id\":\"https:\/\/360photoboothpro.eu\/pl\/#\/schema\/logo\/image\/\"},\"sameAs\":[\"https:\/\/www.facebook.com\/360PhotoBoothPRO.Canada\/\"]}]}<\/script>\n<!-- \/ Yoast SEO plugin. -->","yoast_head_json":{"title":"Fotobudka Magic Mirror 165,1 cm - 360PhotoBoothPRO","description":"Photo Booth PRO is an online store where you can buy quality Fotobudka Magic Mirror 165,1 cm at an affordable price. Buy now!","robots":{"index":"index","follow":"follow","max-snippet":"max-snippet:-1","max-image-preview":"max-image-preview:large","max-video-preview":"max-video-preview:-1"},"canonical":"https:\/\/360photoboothpro.eu\/pl\/produkt\/magic-mirror-photobooth-165-1-cm\/","og_locale":"pl_PL","og_type":"article","og_title":"Fotobudka Magic Mirror 165,1 cm - 360PhotoBoothPRO","og_description":"Photo Booth PRO is an online store where you can buy quality Fotobudka Magic Mirror 165,1 cm at an affordable price. Buy now!","og_url":"https:\/\/360photoboothpro.eu\/pl\/produkt\/magic-mirror-photobooth-165-1-cm\/","og_site_name":"360PhotoBoothPRO","article_publisher":"https:\/\/www.facebook.com\/360PhotoBoothPRO.Canada\/","article_modified_time":"2024-12-01T11:35:25+00:00","og_image":[{"url":"https:\/\/360photoboothpro.eu\/wp-content\/uploads\/2023\/10\/magic-mirror-photobooth-for-sale-social.jpg"}],"twitter_card":"summary_large_image","twitter_misc":{"Szacowany czas czytania":"1 minuta"},"schema":{"@context":"https:\/\/schema.org","@graph":[{"@type":"WebPage","@id":"https:\/\/360photoboothpro.eu\/pl\/produkt\/magic-mirror-photobooth-165-1-cm\/","url":"https:\/\/360photoboothpro.eu\/pl\/produkt\/magic-mirror-photobooth-165-1-cm\/","name":"Fotobudka Magic Mirror 165,1 cm - 360PhotoBoothPRO","isPartOf":{"@id":"https:\/\/360photoboothpro.eu\/pl\/#website"},"primaryImageOfPage":{"@id":"https:\/\/360photoboothpro.eu\/pl\/produkt\/magic-mirror-photobooth-165-1-cm\/#primaryimage"},"image":{"@id":"https:\/\/360photoboothpro.eu\/pl\/produkt\/magic-mirror-photobooth-165-1-cm\/#primaryimage"},"thumbnailUrl":"https:\/\/360photoboothpro.eu\/wp-content\/uploads\/2023\/10\/cabina-foto-magic-mirror-photobooth-de-vanzare-4.jpg","datePublished":"2023-10-12T07:31:35+00:00","dateModified":"2024-12-01T11:35:25+00:00","description":"Photo Booth PRO is an online store where you can buy quality Fotobudka Magic Mirror 165,1 cm at an affordable price. Buy now!","breadcrumb":{"@id":"https:\/\/360photoboothpro.eu\/pl\/produkt\/magic-mirror-photobooth-165-1-cm\/#breadcrumb"},"inLanguage":"pl-PL","potentialAction":[{"@type":"ReadAction","target":["https:\/\/360photoboothpro.eu\/pl\/produkt\/magic-mirror-photobooth-165-1-cm\/"]}]},{"@type":"ImageObject","inLanguage":"pl-PL","@id":"https:\/\/360photoboothpro.eu\/pl\/produkt\/magic-mirror-photobooth-165-1-cm\/#primaryimage","url":"https:\/\/360photoboothpro.eu\/wp-content\/uploads\/2023\/10\/cabina-foto-magic-mirror-photobooth-de-vanzare-4.jpg","contentUrl":"https:\/\/360photoboothpro.eu\/wp-content\/uploads\/2023\/10\/cabina-foto-magic-mirror-photobooth-de-vanzare-4.jpg","width":1080,"height":1080},{"@type":"BreadcrumbList","@id":"https:\/\/360photoboothpro.eu\/pl\/produkt\/magic-mirror-photobooth-165-1-cm\/#breadcrumb","itemListElement":[{"@type":"ListItem","position":1,"name":"Home","item":"https:\/\/360photoboothpro.eu\/pl\/"},{"@type":"ListItem","position":2,"name":"Sklep","item":"https:\/\/360photoboothpro.eu\/pl\/sklep\/"},{"@type":"ListItem","position":3,"name":"Fotobudka Magic Mirror 165,1 cm"}]},{"@type":"WebSite","@id":"https:\/\/360photoboothpro.eu\/pl\/#website","url":"https:\/\/360photoboothpro.eu\/pl\/","name":"360PhotoBoothPRO","description":"360PhotoBoothPRO","publisher":{"@id":"https:\/\/360photoboothpro.eu\/pl\/#organization"},"potentialAction":[{"@type":"SearchAction","target":{"@type":"EntryPoint","urlTemplate":"https:\/\/360photoboothpro.eu\/pl\/?s={search_term_string}"},"query-input":{"@type":"PropertyValueSpecification","valueRequired":true,"valueName":"search_term_string"}}],"inLanguage":"pl-PL"},{"@type":"Organization","@id":"https:\/\/360photoboothpro.eu\/pl\/#organization","name":"360PhotoBoothPRO","url":"https:\/\/360photoboothpro.eu\/pl\/","logo":{"@type":"ImageObject","inLanguage":"pl-PL","@id":"https:\/\/360photoboothpro.eu\/pl\/#\/schema\/logo\/image\/","url":"https:\/\/360photoboothpro.eu\/wp-content\/uploads\/2023\/03\/logo-360photoboothpro-favicon.png","contentUrl":"https:\/\/360photoboothpro.eu\/wp-content\/uploads\/2023\/03\/logo-360photoboothpro-favicon.png","width":317,"height":317,"caption":"360PhotoBoothPRO"},"image":{"@id":"https:\/\/360photoboothpro.eu\/pl\/#\/schema\/logo\/image\/"},"sameAs":["https:\/\/www.facebook.com\/360PhotoBoothPRO.Canada\/"]}]}},"_links":{"self":[{"href":"https:\/\/360photoboothpro.eu\/pl\/wp-json\/wp\/v2\/product\/10771"}],"collection":[{"href":"https:\/\/360photoboothpro.eu\/pl\/wp-json\/wp\/v2\/product"}],"about":[{"href":"https:\/\/360photoboothpro.eu\/pl\/wp-json\/wp\/v2\/types\/product"}],"replies":[{"embeddable":true,"href":"https:\/\/360photoboothpro.eu\/pl\/wp-json\/wp\/v2\/comments?post=10771"}],"wp:featuredmedia":[{"embeddable":true,"href":"https:\/\/360photoboothpro.eu\/pl\/wp-json\/wp\/v2\/media\/10796"}],"wp:attachment":[{"href":"https:\/\/360photoboothpro.eu\/pl\/wp-json\/wp\/v2\/media?parent=10771"}],"wp:term":[{"taxonomy":"product_cat","embeddable":true,"href":"https:\/\/360photoboothpro.eu\/pl\/wp-json\/wp\/v2\/product_cat?post=10771"},{"taxonomy":"product_tag","embeddable":true,"href":"https:\/\/360photoboothpro.eu\/pl\/wp-json\/wp\/v2\/product_tag?post=10771"}],"curies":[{"name":"wp","href":"https:\/\/api.w.org\/{rel}","templated":true}]}}