{"id":12598,"date":"2024-02-14T14:51:44","date_gmt":"2024-02-14T12:51:44","guid":{"rendered":"https:\/\/360photoboothpro.eu\/?post_type=product&#038;p=12598"},"modified":"2024-12-01T13:36:01","modified_gmt":"2024-12-01T11:36:01","slug":"upgrade-to-full-plug-play-package","status":"publish","type":"product","link":"https:\/\/360photoboothpro.eu\/pl\/produkt\/upgrade-to-full-plug-play-package\/","title":{"rendered":"AKTUALIZACJA do PE\u0141NEGO PAKIETU PLUG &amp; PLAY"},"content":{"rendered":"<p>Ten UPGRADE mo\u017cna zakupi\u0107 TYLKO RAZ z jedn\u0105 z platform 360 w tej kategorii: <a href=\"https:\/\/360photoboothpro.eu\/pl\/kategoria-produktu\/360-photo-booth-platforms-pl\/\">Platformy 360 Photo Booth<\/a><\/p>\n<p>Zakup tego UPGRADE wi\u0105\u017ce si\u0119 z dodaniem do platformy 360 Photo Booth nast\u0119puj\u0105cych element\u00f3w:<\/p>\n<style>.elementor-8905 .elementor-element.elementor-element-6eb62ad .elementor-icon-list-items:not(.elementor-inline-items) .elementor-icon-list-item:not(:last-child){padding-bottom:calc(11px\/2);}.elementor-8905 .elementor-element.elementor-element-6eb62ad .elementor-icon-list-items:not(.elementor-inline-items) .elementor-icon-list-item:not(:first-child){margin-top:calc(11px\/2);}.elementor-8905 .elementor-element.elementor-element-6eb62ad .elementor-icon-list-items.elementor-inline-items .elementor-icon-list-item{margin-right:calc(11px\/2);margin-left:calc(11px\/2);}.elementor-8905 .elementor-element.elementor-element-6eb62ad .elementor-icon-list-items.elementor-inline-items{margin-right:calc(-11px\/2);margin-left:calc(-11px\/2);}body.rtl .elementor-8905 .elementor-element.elementor-element-6eb62ad .elementor-icon-list-items.elementor-inline-items .elementor-icon-list-item:after{left:calc(-11px\/2);}body:not(.rtl) .elementor-8905 .elementor-element.elementor-element-6eb62ad .elementor-icon-list-items.elementor-inline-items .elementor-icon-list-item:after{right:calc(-11px\/2);}.elementor-8905 .elementor-element.elementor-element-6eb62ad .elementor-icon-list-icon i{color:#61CE70;transition:color 0.3s;}.elementor-8905 .elementor-element.elementor-element-6eb62ad .elementor-icon-list-icon svg{fill:#61CE70;transition:fill 0.3s;}.elementor-8905 .elementor-element.elementor-element-6eb62ad .elementor-icon-list-item:hover .elementor-icon-list-icon i{color:#6EC1E4;}.elementor-8905 .elementor-element.elementor-element-6eb62ad .elementor-icon-list-item:hover .elementor-icon-list-icon svg{fill:#6EC1E4;}.elementor-8905 .elementor-element.elementor-element-6eb62ad{--e-icon-list-icon-size:29px;--icon-vertical-offset:0px;}.elementor-8905 .elementor-element.elementor-element-6eb62ad .elementor-icon-list-text{transition:color 0.3s;}<\/style><div class=\"porto-block elementor elementor-8905\" data-id=\"8905\">\t\t<section class=\"elementor-section elementor-top-section elementor-element elementor-element-7411f33 elementor-section-boxed elementor-section-height-default elementor-section-height-default\" data-id=\"7411f33\" data-element_type=\"section\">\r\n\t\t\r\n\t\t\t\t\t\t\t<div class=\"elementor-container elementor-column-gap-default\">\r\n\t\t\t\t\t\t\t\t\t\t\t<div class=\"elementor-column elementor-col-100 elementor-top-column elementor-element elementor-element-a632ad4\" data-id=\"a632ad4\" data-element_type=\"column\">\r\n\t\t\t\t\t<div class=\"elementor-widget-wrap elementor-element-populated\">\r\n\t\t\t\t\t\t\t\t<div class=\"elementor-element elementor-element-6eb62ad elementor-icon-list--layout-traditional elementor-list-item-link-full_width elementor-widget elementor-widget-icon-list\" data-id=\"6eb62ad\" data-element_type=\"widget\" data-widget_type=\"icon-list.default\">\n\t\t\t\t<div class=\"elementor-widget-container\">\n\t\t\t\t\t<ul class=\"elementor-icon-list-items\">\n\t\t\t\t\t\t\t<li class=\"elementor-icon-list-item\">\n\t\t\t\t\t\t\t\t\t\t\t<span class=\"elementor-icon-list-icon\">\n\t\t\t\t\t\t\t<i aria-hidden=\"true\" class=\"fas fa-check\"><\/i>\t\t\t\t\t\t<\/span>\n\t\t\t\t\t\t\t\t\t\t<span class=\"elementor-icon-list-text\">KAMERA SPORTOWA 4K GoPro 10 Black (mo\u017cliwo\u015b\u0107 UPGRADE do GoPro 11 Black);<\/span>\n\t\t\t\t\t\t\t\t\t<\/li>\n\t\t\t\t\t\t\t\t<li class=\"elementor-icon-list-item\">\n\t\t\t\t\t\t\t\t\t\t\t<span class=\"elementor-icon-list-icon\">\n\t\t\t\t\t\t\t<i aria-hidden=\"true\" class=\"fas fa-check\"><\/i>\t\t\t\t\t\t<\/span>\n\t\t\t\t\t\t\t\t\t\t<span class=\"elementor-icon-list-text\">Karta pami\u0119ci SanDisk Micro SD Hight Endurance MEMORY CARD, 128 GB, klasa 10, kompatybilna z GoPro, kt\u00f3ra mo\u017ce nagrywa\u0107 klipy wideo Full HD i 4K. Karta ta posiada klas\u0119 pr\u0119dko\u015bci UHS-I (Ultra Hight Speed-1), V30 (Video Speed Class 30), kt\u00f3ra gwarantuje, \u017ce pr\u0119dko\u015b\u0107 zapisu nie spadnie poni\u017cej 30 MB\/s (osi\u0105ga do 40 MB\/s). Pr\u0119dko\u015b\u0107 transferu odczytu mo\u017ce osi\u0105gn\u0105\u0107 nawet 100 MB\/s. Jest odporna na wstrz\u0105sy, wysok\u0105 temperatur\u0119 i zawiera ADAPTER microSD do SD z prze\u0142\u0105cznikiem ochrony przed zapisem, kt\u00f3ry umo\u017cliwia korzystanie z tej karty w urz\u0105dzeniach kompatybilnych z SD.<\/span>\n\t\t\t\t\t\t\t\t\t<\/li>\n\t\t\t\t\t\t\t\t<li class=\"elementor-icon-list-item\">\n\t\t\t\t\t\t\t\t\t\t\t<span class=\"elementor-icon-list-icon\">\n\t\t\t\t\t\t\t<i aria-hidden=\"true\" class=\"fas fa-check\"><\/i>\t\t\t\t\t\t<\/span>\n\t\t\t\t\t\t\t\t\t\t<span class=\"elementor-icon-list-text\">Z\u0141\u0104CZA niezb\u0119dne do dzia\u0142ania GoPro (KABEL ZASILANIA USB typu C, SZYBKA \u0141ADOWARKA, DODATKOWY ADAPTER BEZPRZEWODOWY);<\/span>\n\t\t\t\t\t\t\t\t\t<\/li>\n\t\t\t\t\t\t\t\t<li class=\"elementor-icon-list-item\">\n\t\t\t\t\t\t\t\t\t\t\t<span class=\"elementor-icon-list-icon\">\n\t\t\t\t\t\t\t<i aria-hidden=\"true\" class=\"fas fa-check\"><\/i>\t\t\t\t\t\t<\/span>\n\t\t\t\t\t\t\t\t\t\t<span class=\"elementor-icon-list-text\">OPROGRAMOWANIE \"toolsforgopro\";<\/span>\n\t\t\t\t\t\t\t\t\t<\/li>\n\t\t\t\t\t\t\t\t<li class=\"elementor-icon-list-item\">\n\t\t\t\t\t\t\t\t\t\t\t<span class=\"elementor-icon-list-icon\">\n\t\t\t\t\t\t\t<i aria-hidden=\"true\" class=\"fas fa-check\"><\/i>\t\t\t\t\t\t<\/span>\n\t\t\t\t\t\t\t\t\t\t<span class=\"elementor-icon-list-text\">siatkowy system bezprzewodowy TP-LINK, niezb\u0119dny do przesy\u0142ania film\u00f3w bez dost\u0119pu do Internetu;<\/span>\n\t\t\t\t\t\t\t\t\t<\/li>\n\t\t\t\t\t\t\t\t<li class=\"elementor-icon-list-item\">\n\t\t\t\t\t\t\t\t\t\t\t<span class=\"elementor-icon-list-icon\">\n\t\t\t\t\t\t\t<i aria-hidden=\"true\" class=\"fas fa-check\"><\/i>\t\t\t\t\t\t<\/span>\n\t\t\t\t\t\t\t\t\t\t<span class=\"elementor-icon-list-text\">2 X POWERBANK (BATERIE z 2 portami USB typu A) o pojemno\u015bci 10 000 mAh ka\u017cdy (1 G\u0141\u00d3WNY i 1 REZERWOWY) do zasilania GoPRO i PROFFESIONAL RING LIGHT.<\/span>\n\t\t\t\t\t\t\t\t\t<\/li>\n\t\t\t\t\t\t\t\t<li class=\"elementor-icon-list-item\">\n\t\t\t\t\t\t\t\t\t\t\t<span class=\"elementor-icon-list-icon\">\n\t\t\t\t\t\t\t<i aria-hidden=\"true\" class=\"fas fa-check\"><\/i>\t\t\t\t\t\t<\/span>\n\t\t\t\t\t\t\t\t\t\t<span class=\"elementor-icon-list-text\">Profesjonalne OPROGRAMOWANIE Video Booth 360 - INTERFEJS W J\u0118ZYKU ANGIELSKIM, Z DO\u017bYWOTNI\u0104 LICENCJ\u0104 I BEZP\u0141ATNYMI AKTUALIZACJAMI NA 1 ROK, w kt\u00f3rym filmy s\u0105 automatycznie renderowane, mo\u017cna umie\u015bci\u0107 INTRO\/OUTRO, T\u0141O MUZYCZNE, TEMPLAT\/LAYOUT, niezliczone EFEKTY GRAFICZNE (BLACK &amp; WHITE, BLUR, WAVES, itp.) i DYNAMICZNE EFEKTY typu SLOW MOTION, BOOMERANG, QUAD, itp.) oraz EFEKTY DYNAMICZNE typu SLOW MOTION, FAST MOTION, ZOOM, BOOMERANG, MIRROR, QUAD, STACK z mo\u017cliwo\u015bci\u0105 dodania klucza kolor\u00f3w (GREY, SEPIA, RED, GREEN, BLUE). Ich przej\u015bcia maj\u0105 nast\u0119puj\u0105ce warianty: LOSOWE, KRZY\u017bOWE, ZANIKAJ\u0104CE CZARNE, ZANIKAJ\u0104CE BIA\u0141E, SLAJD W LEWO, SLAJD W PRAWO, PLASTEREK W LEWO, PLASTEREK W PRAWO, WYCIERANIE PROMIENIOWE, KAMERA, PIKSEL. Biblioteka obraz\u00f3w i wideo. Mo\u017cliwo\u015b\u0107 korzystania z GREENSCREEN i dodawania LOGO do nagrywanych film\u00f3w. Mo\u017cesz WYBRA\u0106 CZAS TRWANIA NAGRYWANIA, ROZMIAR Klipu wideo, CZ\u0118STOTLIWO\u015a\u0106 ODTWARZANIA, ORIENTACJ\u0118, PRZYCINANIE, JAKO\u015a\u0106 i FORMAT PLIKU. W zestawie funkcja SHARING STATION, kt\u00f3ra NIE WYMAGA PO\u0141\u0104CZENIA Z INTERNETEM, aby go\u015bcie mogli odbiera\u0107 klipy. Mo\u017cesz KOPIOWA\u0106 PLIKI na pami\u0119\u0107 USB ze szczeg\u00f3\u0142ami Event Publisher i Event Viewer. Mo\u017cesz tak\u017ce kopiowa\u0107 pliki do pami\u0119ci masowej w chmurze za pomoc\u0105 funkcji \"Kopiuj do folder\u00f3w\" i szczeg\u00f3\u0142\u00f3w przesy\u0142ania FTP. Licencj\u0119 mo\u017cna w dowolnym momencie przenie\u015b\u0107 na inne urz\u0105dzenie. Dzia\u0142a w systemach Windows 7, 8, 8.1, 10 i 11.<\/span>\n\t\t\t\t\t\t\t\t\t<\/li>\n\t\t\t\t\t\t<\/ul>\n\t\t\t\t<\/div>\n\t\t\t\t<\/div>\n\t\t\t\t\t<\/div>\r\n\t\t\t\t<\/div>\r\n\t\t\t\t\t<\/div>\r\n\t\t\t\t<\/section>\r\n\t\t<\/div>\n<span class=\"Y2IQFc\" lang=\"en\">OBSERWACJA! Do uruchomienia oprogramowania wymagany jest LAPTOP o minimalnej konfiguracji: procesor i5 z dedykowan\u0105 kart\u0105 graficzn\u0105, 8 GB pami\u0119ci RAM i dysk twardy typu SSD, kt\u00f3ry JEST DO KUPIENIA ODDZIELNIE (SKONTAKTUJ SI\u0118 Z NAMI W CELU UZYSKANIA SZCZEG\u00d3\u0141\u00d3W).<\/span><\/p>\n","protected":false},"excerpt":{"rendered":"<p>Ten produkt mo\u017cna kupi\u0107 TYLKO RAZ z jedn\u0105 z platform 360 w tej kategorii: <a href=\"https:\/\/360photoboothpro.eu\/product-category\/360-video-booth-platforms\/\">Platformy 360 Photo Booth<\/a><\/p>\n","protected":false},"featured_media":14280,"comment_status":"open","ping_status":"closed","template":"","meta":{"_acf_changed":false},"product_cat":[446],"product_tag":[390,392,396,389,382,395,387,398,401,384,402,380],"class_list":{"0":"post-12598","1":"product","2":"type-product","3":"status-publish","4":"has-post-thumbnail","6":"product_cat-aktualizacje-dla-platform-360","7":"product_tag-fotobudka-360","8":"product_tag-fotobudka-360-na-sprzedaz","9":"product_tag-fotobudka-360-obrotow","10":"product_tag-fotobudka-360-stopni","11":"product_tag-kabina-360-na-sprzedaz","12":"product_tag-kabina-do-selfie-360","13":"product_tag-kabina-fotograficzna-z-kamera-360","14":"product_tag-kabina-wideo-360","15":"product_tag-kabina-wideo-360-na-sprzedaz","16":"product_tag-kabina-z-kamera-360","17":"product_tag-obrotowa-budka-fotograficzna","18":"product_tag-stoisko-360","20":"first","21":"instock","22":"taxable","23":"shipping-taxable","24":"purchasable","25":"product-type-simple"},"acf":[],"yoast_head":"<!-- This site is optimized with the Yoast SEO plugin v23.5 - https:\/\/yoast.com\/wordpress\/plugins\/seo\/ -->\n<title>AKTUALIZACJA do PE\u0141NEGO PAKIETU PLUG &amp; PLAY - 360PhotoBoothPRO<\/title>\n<meta name=\"description\" content=\"Photo Booth PRO is an online store where you can buy quality AKTUALIZACJA do PE\u0141NEGO PAKIETU PLUG &amp; PLAY at an affordable price. Buy now!\" \/>\n<meta name=\"robots\" content=\"index, follow, max-snippet:-1, max-image-preview:large, max-video-preview:-1\" \/>\n<link rel=\"canonical\" href=\"https:\/\/360photoboothpro.eu\/pl\/produkt\/upgrade-to-full-plug-play-package\/\" \/>\n<meta property=\"og:locale\" content=\"pl_PL\" \/>\n<meta property=\"og:type\" content=\"article\" \/>\n<meta property=\"og:title\" content=\"AKTUALIZACJA do PE\u0141NEGO PAKIETU PLUG &amp; PLAY - 360PhotoBoothPRO\" \/>\n<meta property=\"og:description\" content=\"Photo Booth PRO is an online store where you can buy quality AKTUALIZACJA do PE\u0141NEGO PAKIETU PLUG &amp; PLAY at an affordable price. Buy now!\" \/>\n<meta property=\"og:url\" content=\"https:\/\/360photoboothpro.eu\/pl\/produkt\/upgrade-to-full-plug-play-package\/\" \/>\n<meta property=\"og:site_name\" content=\"360PhotoBoothPRO\" \/>\n<meta property=\"article:publisher\" content=\"https:\/\/www.facebook.com\/360PhotoBoothPRO.Canada\/\" \/>\n<meta property=\"article:modified_time\" content=\"2024-12-01T11:36:01+00:00\" \/>\n<meta property=\"og:image\" content=\"https:\/\/360photoboothpro.eu\/wp-content\/uploads\/2024\/02\/360-photo-booth-pro-full-plug-and-play-package-4.jpg\" \/>\n<meta name=\"twitter:card\" content=\"summary_large_image\" \/>\n<meta name=\"twitter:image\" content=\"https:\/\/360photoboothpro.eu\/wp-content\/uploads\/2024\/03\/360-video-booth-pro-pachet-full-plug-and-play-1.jpg\" \/>\n<meta name=\"twitter:label1\" content=\"Szacowany czas czytania\" \/>\n\t<meta name=\"twitter:data1\" content=\"1 minuta\" \/>\n<script type=\"application\/ld+json\" class=\"yoast-schema-graph\">{\"@context\":\"https:\/\/schema.org\",\"@graph\":[{\"@type\":\"WebPage\",\"@id\":\"https:\/\/360photoboothpro.eu\/pl\/produkt\/upgrade-to-full-plug-play-package\/\",\"url\":\"https:\/\/360photoboothpro.eu\/pl\/produkt\/upgrade-to-full-plug-play-package\/\",\"name\":\"AKTUALIZACJA do PE\u0141NEGO PAKIETU PLUG &amp; PLAY - 360PhotoBoothPRO\",\"isPartOf\":{\"@id\":\"https:\/\/360photoboothpro.eu\/pl\/#website\"},\"primaryImageOfPage\":{\"@id\":\"https:\/\/360photoboothpro.eu\/pl\/produkt\/upgrade-to-full-plug-play-package\/#primaryimage\"},\"image\":{\"@id\":\"https:\/\/360photoboothpro.eu\/pl\/produkt\/upgrade-to-full-plug-play-package\/#primaryimage\"},\"thumbnailUrl\":\"https:\/\/360photoboothpro.eu\/wp-content\/uploads\/2024\/02\/360-photobooth-upgrade-to-full-plug-and-play-package-2024.jpg\",\"datePublished\":\"2024-02-14T12:51:44+00:00\",\"dateModified\":\"2024-12-01T11:36:01+00:00\",\"description\":\"Photo Booth PRO is an online store where you can buy quality AKTUALIZACJA do PE\u0141NEGO PAKIETU PLUG &amp; PLAY at an affordable price. Buy now!\",\"breadcrumb\":{\"@id\":\"https:\/\/360photoboothpro.eu\/pl\/produkt\/upgrade-to-full-plug-play-package\/#breadcrumb\"},\"inLanguage\":\"pl-PL\",\"potentialAction\":[{\"@type\":\"ReadAction\",\"target\":[\"https:\/\/360photoboothpro.eu\/pl\/produkt\/upgrade-to-full-plug-play-package\/\"]}]},{\"@type\":\"ImageObject\",\"inLanguage\":\"pl-PL\",\"@id\":\"https:\/\/360photoboothpro.eu\/pl\/produkt\/upgrade-to-full-plug-play-package\/#primaryimage\",\"url\":\"https:\/\/360photoboothpro.eu\/wp-content\/uploads\/2024\/02\/360-photobooth-upgrade-to-full-plug-and-play-package-2024.jpg\",\"contentUrl\":\"https:\/\/360photoboothpro.eu\/wp-content\/uploads\/2024\/02\/360-photobooth-upgrade-to-full-plug-and-play-package-2024.jpg\",\"width\":2000,\"height\":2000,\"caption\":\"360 photobooth upgrade to full plug and play package\"},{\"@type\":\"BreadcrumbList\",\"@id\":\"https:\/\/360photoboothpro.eu\/pl\/produkt\/upgrade-to-full-plug-play-package\/#breadcrumb\",\"itemListElement\":[{\"@type\":\"ListItem\",\"position\":1,\"name\":\"Home\",\"item\":\"https:\/\/360photoboothpro.eu\/pl\/\"},{\"@type\":\"ListItem\",\"position\":2,\"name\":\"Sklep\",\"item\":\"https:\/\/360photoboothpro.eu\/pl\/sklep\/\"},{\"@type\":\"ListItem\",\"position\":3,\"name\":\"AKTUALIZACJA do PE\u0141NEGO PAKIETU PLUG &amp; PLAY\"}]},{\"@type\":\"WebSite\",\"@id\":\"https:\/\/360photoboothpro.eu\/pl\/#website\",\"url\":\"https:\/\/360photoboothpro.eu\/pl\/\",\"name\":\"360PhotoBoothPRO\",\"description\":\"360PhotoBoothPRO\",\"publisher\":{\"@id\":\"https:\/\/360photoboothpro.eu\/pl\/#organization\"},\"potentialAction\":[{\"@type\":\"SearchAction\",\"target\":{\"@type\":\"EntryPoint\",\"urlTemplate\":\"https:\/\/360photoboothpro.eu\/pl\/?s={search_term_string}\"},\"query-input\":{\"@type\":\"PropertyValueSpecification\",\"valueRequired\":true,\"valueName\":\"search_term_string\"}}],\"inLanguage\":\"pl-PL\"},{\"@type\":\"Organization\",\"@id\":\"https:\/\/360photoboothpro.eu\/pl\/#organization\",\"name\":\"360PhotoBoothPRO\",\"url\":\"https:\/\/360photoboothpro.eu\/pl\/\",\"logo\":{\"@type\":\"ImageObject\",\"inLanguage\":\"pl-PL\",\"@id\":\"https:\/\/360photoboothpro.eu\/pl\/#\/schema\/logo\/image\/\",\"url\":\"https:\/\/360photoboothpro.eu\/wp-content\/uploads\/2023\/03\/logo-360photoboothpro-favicon.png\",\"contentUrl\":\"https:\/\/360photoboothpro.eu\/wp-content\/uploads\/2023\/03\/logo-360photoboothpro-favicon.png\",\"width\":317,\"height\":317,\"caption\":\"360PhotoBoothPRO\"},\"image\":{\"@id\":\"https:\/\/360photoboothpro.eu\/pl\/#\/schema\/logo\/image\/\"},\"sameAs\":[\"https:\/\/www.facebook.com\/360PhotoBoothPRO.Canada\/\"]}]}<\/script>\n<!-- \/ Yoast SEO plugin. -->","yoast_head_json":{"title":"AKTUALIZACJA do PE\u0141NEGO PAKIETU PLUG &amp; PLAY - 360PhotoBoothPRO","description":"Photo Booth PRO is an online store where you can buy quality AKTUALIZACJA do PE\u0141NEGO PAKIETU PLUG &amp; PLAY at an affordable price. Buy now!","robots":{"index":"index","follow":"follow","max-snippet":"max-snippet:-1","max-image-preview":"max-image-preview:large","max-video-preview":"max-video-preview:-1"},"canonical":"https:\/\/360photoboothpro.eu\/pl\/produkt\/upgrade-to-full-plug-play-package\/","og_locale":"pl_PL","og_type":"article","og_title":"AKTUALIZACJA do PE\u0141NEGO PAKIETU PLUG &amp; PLAY - 360PhotoBoothPRO","og_description":"Photo Booth PRO is an online store where you can buy quality AKTUALIZACJA do PE\u0141NEGO PAKIETU PLUG &amp; PLAY at an affordable price. Buy now!","og_url":"https:\/\/360photoboothpro.eu\/pl\/produkt\/upgrade-to-full-plug-play-package\/","og_site_name":"360PhotoBoothPRO","article_publisher":"https:\/\/www.facebook.com\/360PhotoBoothPRO.Canada\/","article_modified_time":"2024-12-01T11:36:01+00:00","og_image":[{"url":"https:\/\/360photoboothpro.eu\/wp-content\/uploads\/2024\/02\/360-photo-booth-pro-full-plug-and-play-package-4.jpg"}],"twitter_card":"summary_large_image","twitter_image":"https:\/\/360photoboothpro.eu\/wp-content\/uploads\/2024\/03\/360-video-booth-pro-pachet-full-plug-and-play-1.jpg","twitter_misc":{"Szacowany czas czytania":"1 minuta"},"schema":{"@context":"https:\/\/schema.org","@graph":[{"@type":"WebPage","@id":"https:\/\/360photoboothpro.eu\/pl\/produkt\/upgrade-to-full-plug-play-package\/","url":"https:\/\/360photoboothpro.eu\/pl\/produkt\/upgrade-to-full-plug-play-package\/","name":"AKTUALIZACJA do PE\u0141NEGO PAKIETU PLUG &amp; PLAY - 360PhotoBoothPRO","isPartOf":{"@id":"https:\/\/360photoboothpro.eu\/pl\/#website"},"primaryImageOfPage":{"@id":"https:\/\/360photoboothpro.eu\/pl\/produkt\/upgrade-to-full-plug-play-package\/#primaryimage"},"image":{"@id":"https:\/\/360photoboothpro.eu\/pl\/produkt\/upgrade-to-full-plug-play-package\/#primaryimage"},"thumbnailUrl":"https:\/\/360photoboothpro.eu\/wp-content\/uploads\/2024\/02\/360-photobooth-upgrade-to-full-plug-and-play-package-2024.jpg","datePublished":"2024-02-14T12:51:44+00:00","dateModified":"2024-12-01T11:36:01+00:00","description":"Photo Booth PRO is an online store where you can buy quality AKTUALIZACJA do PE\u0141NEGO PAKIETU PLUG &amp; PLAY at an affordable price. Buy now!","breadcrumb":{"@id":"https:\/\/360photoboothpro.eu\/pl\/produkt\/upgrade-to-full-plug-play-package\/#breadcrumb"},"inLanguage":"pl-PL","potentialAction":[{"@type":"ReadAction","target":["https:\/\/360photoboothpro.eu\/pl\/produkt\/upgrade-to-full-plug-play-package\/"]}]},{"@type":"ImageObject","inLanguage":"pl-PL","@id":"https:\/\/360photoboothpro.eu\/pl\/produkt\/upgrade-to-full-plug-play-package\/#primaryimage","url":"https:\/\/360photoboothpro.eu\/wp-content\/uploads\/2024\/02\/360-photobooth-upgrade-to-full-plug-and-play-package-2024.jpg","contentUrl":"https:\/\/360photoboothpro.eu\/wp-content\/uploads\/2024\/02\/360-photobooth-upgrade-to-full-plug-and-play-package-2024.jpg","width":2000,"height":2000,"caption":"360 photobooth upgrade to full plug and play package"},{"@type":"BreadcrumbList","@id":"https:\/\/360photoboothpro.eu\/pl\/produkt\/upgrade-to-full-plug-play-package\/#breadcrumb","itemListElement":[{"@type":"ListItem","position":1,"name":"Home","item":"https:\/\/360photoboothpro.eu\/pl\/"},{"@type":"ListItem","position":2,"name":"Sklep","item":"https:\/\/360photoboothpro.eu\/pl\/sklep\/"},{"@type":"ListItem","position":3,"name":"AKTUALIZACJA do PE\u0141NEGO PAKIETU PLUG &amp; PLAY"}]},{"@type":"WebSite","@id":"https:\/\/360photoboothpro.eu\/pl\/#website","url":"https:\/\/360photoboothpro.eu\/pl\/","name":"360PhotoBoothPRO","description":"360PhotoBoothPRO","publisher":{"@id":"https:\/\/360photoboothpro.eu\/pl\/#organization"},"potentialAction":[{"@type":"SearchAction","target":{"@type":"EntryPoint","urlTemplate":"https:\/\/360photoboothpro.eu\/pl\/?s={search_term_string}"},"query-input":{"@type":"PropertyValueSpecification","valueRequired":true,"valueName":"search_term_string"}}],"inLanguage":"pl-PL"},{"@type":"Organization","@id":"https:\/\/360photoboothpro.eu\/pl\/#organization","name":"360PhotoBoothPRO","url":"https:\/\/360photoboothpro.eu\/pl\/","logo":{"@type":"ImageObject","inLanguage":"pl-PL","@id":"https:\/\/360photoboothpro.eu\/pl\/#\/schema\/logo\/image\/","url":"https:\/\/360photoboothpro.eu\/wp-content\/uploads\/2023\/03\/logo-360photoboothpro-favicon.png","contentUrl":"https:\/\/360photoboothpro.eu\/wp-content\/uploads\/2023\/03\/logo-360photoboothpro-favicon.png","width":317,"height":317,"caption":"360PhotoBoothPRO"},"image":{"@id":"https:\/\/360photoboothpro.eu\/pl\/#\/schema\/logo\/image\/"},"sameAs":["https:\/\/www.facebook.com\/360PhotoBoothPRO.Canada\/"]}]}},"_links":{"self":[{"href":"https:\/\/360photoboothpro.eu\/pl\/wp-json\/wp\/v2\/product\/12598"}],"collection":[{"href":"https:\/\/360photoboothpro.eu\/pl\/wp-json\/wp\/v2\/product"}],"about":[{"href":"https:\/\/360photoboothpro.eu\/pl\/wp-json\/wp\/v2\/types\/product"}],"replies":[{"embeddable":true,"href":"https:\/\/360photoboothpro.eu\/pl\/wp-json\/wp\/v2\/comments?post=12598"}],"wp:featuredmedia":[{"embeddable":true,"href":"https:\/\/360photoboothpro.eu\/pl\/wp-json\/wp\/v2\/media\/14280"}],"wp:attachment":[{"href":"https:\/\/360photoboothpro.eu\/pl\/wp-json\/wp\/v2\/media?parent=12598"}],"wp:term":[{"taxonomy":"product_cat","embeddable":true,"href":"https:\/\/360photoboothpro.eu\/pl\/wp-json\/wp\/v2\/product_cat?post=12598"},{"taxonomy":"product_tag","embeddable":true,"href":"https:\/\/360photoboothpro.eu\/pl\/wp-json\/wp\/v2\/product_tag?post=12598"}],"curies":[{"name":"wp","href":"https:\/\/api.w.org\/{rel}","templated":true}]}}