{"id":7763,"date":"2023-04-12T08:34:05","date_gmt":"2023-04-12T06:34:05","guid":{"rendered":"https:\/\/360photoboothpro.eu\/product\/battery-12v-24v-for-360-photo-booth-platform\/"},"modified":"2024-12-01T13:35:30","modified_gmt":"2024-12-01T11:35:30","slug":"bateria-12-v-slash-24-v-do-platformy-360-photo-booth-platform","status":"publish","type":"product","link":"https:\/\/360photoboothpro.eu\/pl\/produkt\/bateria-12-v-slash-24-v-do-platformy-360-photo-booth-platform\/","title":{"rendered":"BATERIA (12 V \/ 24 V) do platformy 360 Photo Booth PLATFORM"},"content":{"rendered":"<p>AKUMULATOR 12V \/ 24V, 44.800 mAh, do platformy 360 Photo Booth PRO (mo\u017ce by\u0107 umieszczony pod sto\u0142em obrotowym), kt\u00f3ry uruchamia silnik ramienia obrotowego.<\/p>\n<p>Autonomia: 7-8 godzin w idealnych warunkach, testowane w naszych kabinach wideo 360. Mo\u017ce si\u0119 to r\u00f3\u017cni\u0107 ze wzgl\u0119du na wiele czynnik\u00f3w: temperatur\u0119, zu\u017cycie energii przez silnik 360, cz\u0119stotliwo\u015b\u0107 klient\u00f3w na platformie 360, d\u0142ugo\u015b\u0107 film\u00f3w i wykorzystanie silnika itp.<\/p>\n<p>\u0141adowanie: 6-8 godzin<\/p>\n","protected":false},"excerpt":{"rendered":"<p>AKUMULATOR 12V \/ 24V, 44.800 mAh, do platformy 360 Photo Booth PRO, kt\u00f3ry uruchamia silnik ramienia obrotowego. Autonomia: 7-8 godzin. \u0141adowanie: 6-8 godzin.<\/p>\n","protected":false},"featured_media":7170,"comment_status":"open","ping_status":"closed","template":"","meta":{"_acf_changed":false},"product_cat":[377],"product_tag":[399],"class_list":{"0":"post-7763","1":"product","2":"type-product","3":"status-publish","4":"has-post-thumbnail","6":"product_cat-akcesoria","7":"product_tag-bateria-do-fotobudki-360","9":"first","10":"instock","11":"taxable","12":"shipping-taxable","13":"purchasable","14":"product-type-simple"},"acf":[],"yoast_head":"<!-- This site is optimized with the Yoast SEO plugin v23.5 - https:\/\/yoast.com\/wordpress\/plugins\/seo\/ -->\n<title>BATERIA (12 V \/ 24 V) do platformy 360 Photo Booth PLATFORM - 360PhotoBoothPRO<\/title>\n<meta name=\"description\" content=\"Photo Booth PRO is an online store where you can buy quality BATERIA (12 V \/ 24 V) do platformy 360 Photo Booth PLATFORM at an affordable price. Buy now!\" \/>\n<meta name=\"robots\" content=\"index, follow, max-snippet:-1, max-image-preview:large, max-video-preview:-1\" \/>\n<link rel=\"canonical\" href=\"https:\/\/360photoboothpro.eu\/pl\/produkt\/bateria-12-v-slash-24-v-do-platformy-360-photo-booth-platform\/\" \/>\n<meta property=\"og:locale\" content=\"pl_PL\" \/>\n<meta property=\"og:type\" content=\"article\" \/>\n<meta property=\"og:title\" content=\"BATERIA (12 V \/ 24 V) do platformy 360 Photo Booth PLATFORM - 360PhotoBoothPRO\" \/>\n<meta property=\"og:description\" content=\"Photo Booth PRO is an online store where you can buy quality BATERIA (12 V \/ 24 V) do platformy 360 Photo Booth PLATFORM at an affordable price. Buy now!\" \/>\n<meta property=\"og:url\" content=\"https:\/\/360photoboothpro.eu\/pl\/produkt\/bateria-12-v-slash-24-v-do-platformy-360-photo-booth-platform\/\" \/>\n<meta property=\"og:site_name\" content=\"360PhotoBoothPRO\" \/>\n<meta property=\"article:publisher\" content=\"https:\/\/www.facebook.com\/360PhotoBoothPRO.Canada\/\" \/>\n<meta property=\"article:modified_time\" content=\"2024-12-01T11:35:30+00:00\" \/>\n<meta property=\"og:image\" content=\"https:\/\/360photoboothpro.eu\/wp-content\/uploads\/2023\/04\/battery-for-360-photobooth-platform-social.jpg\" \/>\n<meta name=\"twitter:card\" content=\"summary_large_image\" \/>\n<script type=\"application\/ld+json\" class=\"yoast-schema-graph\">{\"@context\":\"https:\/\/schema.org\",\"@graph\":[{\"@type\":\"WebPage\",\"@id\":\"https:\/\/360photoboothpro.eu\/pl\/produkt\/bateria-12-v-slash-24-v-do-platformy-360-photo-booth-platform\/\",\"url\":\"https:\/\/360photoboothpro.eu\/pl\/produkt\/bateria-12-v-slash-24-v-do-platformy-360-photo-booth-platform\/\",\"name\":\"BATERIA (12 V \/ 24 V) do platformy 360 Photo Booth PLATFORM - 360PhotoBoothPRO\",\"isPartOf\":{\"@id\":\"https:\/\/360photoboothpro.eu\/pl\/#website\"},\"primaryImageOfPage\":{\"@id\":\"https:\/\/360photoboothpro.eu\/pl\/produkt\/bateria-12-v-slash-24-v-do-platformy-360-photo-booth-platform\/#primaryimage\"},\"image\":{\"@id\":\"https:\/\/360photoboothpro.eu\/pl\/produkt\/bateria-12-v-slash-24-v-do-platformy-360-photo-booth-platform\/#primaryimage\"},\"thumbnailUrl\":\"https:\/\/360photoboothpro.eu\/wp-content\/uploads\/2023\/04\/12V-24V-BATTERY-FOR-THE-360-Photo-Booth-PRO-PLATFORM-3.webp\",\"datePublished\":\"2023-04-12T06:34:05+00:00\",\"dateModified\":\"2024-12-01T11:35:30+00:00\",\"description\":\"Photo Booth PRO is an online store where you can buy quality BATERIA (12 V \/ 24 V) do platformy 360 Photo Booth PLATFORM at an affordable price. Buy now!\",\"breadcrumb\":{\"@id\":\"https:\/\/360photoboothpro.eu\/pl\/produkt\/bateria-12-v-slash-24-v-do-platformy-360-photo-booth-platform\/#breadcrumb\"},\"inLanguage\":\"pl-PL\",\"potentialAction\":[{\"@type\":\"ReadAction\",\"target\":[\"https:\/\/360photoboothpro.eu\/pl\/produkt\/bateria-12-v-slash-24-v-do-platformy-360-photo-booth-platform\/\"]}]},{\"@type\":\"ImageObject\",\"inLanguage\":\"pl-PL\",\"@id\":\"https:\/\/360photoboothpro.eu\/pl\/produkt\/bateria-12-v-slash-24-v-do-platformy-360-photo-booth-platform\/#primaryimage\",\"url\":\"https:\/\/360photoboothpro.eu\/wp-content\/uploads\/2023\/04\/12V-24V-BATTERY-FOR-THE-360-Photo-Booth-PRO-PLATFORM-3.webp\",\"contentUrl\":\"https:\/\/360photoboothpro.eu\/wp-content\/uploads\/2023\/04\/12V-24V-BATTERY-FOR-THE-360-Photo-Booth-PRO-PLATFORM-3.webp\",\"width\":960,\"height\":960,\"caption\":\"12V \/ 24V BATTERY FOR THE 360 Photo Booth PRO PLATFORM\"},{\"@type\":\"BreadcrumbList\",\"@id\":\"https:\/\/360photoboothpro.eu\/pl\/produkt\/bateria-12-v-slash-24-v-do-platformy-360-photo-booth-platform\/#breadcrumb\",\"itemListElement\":[{\"@type\":\"ListItem\",\"position\":1,\"name\":\"Home\",\"item\":\"https:\/\/360photoboothpro.eu\/pl\/\"},{\"@type\":\"ListItem\",\"position\":2,\"name\":\"Sklep\",\"item\":\"https:\/\/360photoboothpro.eu\/pl\/sklep\/\"},{\"@type\":\"ListItem\",\"position\":3,\"name\":\"BATERIA (12 V \/ 24 V) do platformy 360 Photo Booth PLATFORM\"}]},{\"@type\":\"WebSite\",\"@id\":\"https:\/\/360photoboothpro.eu\/pl\/#website\",\"url\":\"https:\/\/360photoboothpro.eu\/pl\/\",\"name\":\"360PhotoBoothPRO\",\"description\":\"360PhotoBoothPRO\",\"publisher\":{\"@id\":\"https:\/\/360photoboothpro.eu\/pl\/#organization\"},\"potentialAction\":[{\"@type\":\"SearchAction\",\"target\":{\"@type\":\"EntryPoint\",\"urlTemplate\":\"https:\/\/360photoboothpro.eu\/pl\/?s={search_term_string}\"},\"query-input\":{\"@type\":\"PropertyValueSpecification\",\"valueRequired\":true,\"valueName\":\"search_term_string\"}}],\"inLanguage\":\"pl-PL\"},{\"@type\":\"Organization\",\"@id\":\"https:\/\/360photoboothpro.eu\/pl\/#organization\",\"name\":\"360PhotoBoothPRO\",\"url\":\"https:\/\/360photoboothpro.eu\/pl\/\",\"logo\":{\"@type\":\"ImageObject\",\"inLanguage\":\"pl-PL\",\"@id\":\"https:\/\/360photoboothpro.eu\/pl\/#\/schema\/logo\/image\/\",\"url\":\"https:\/\/360photoboothpro.eu\/wp-content\/uploads\/2023\/03\/logo-360photoboothpro-favicon.png\",\"contentUrl\":\"https:\/\/360photoboothpro.eu\/wp-content\/uploads\/2023\/03\/logo-360photoboothpro-favicon.png\",\"width\":317,\"height\":317,\"caption\":\"360PhotoBoothPRO\"},\"image\":{\"@id\":\"https:\/\/360photoboothpro.eu\/pl\/#\/schema\/logo\/image\/\"},\"sameAs\":[\"https:\/\/www.facebook.com\/360PhotoBoothPRO.Canada\/\"]}]}<\/script>\n<!-- \/ Yoast SEO plugin. -->","yoast_head_json":{"title":"BATERIA (12 V \/ 24 V) do platformy 360 Photo Booth PLATFORM - 360PhotoBoothPRO","description":"Photo Booth PRO is an online store where you can buy quality BATERIA (12 V \/ 24 V) do platformy 360 Photo Booth PLATFORM at an affordable price. Buy now!","robots":{"index":"index","follow":"follow","max-snippet":"max-snippet:-1","max-image-preview":"max-image-preview:large","max-video-preview":"max-video-preview:-1"},"canonical":"https:\/\/360photoboothpro.eu\/pl\/produkt\/bateria-12-v-slash-24-v-do-platformy-360-photo-booth-platform\/","og_locale":"pl_PL","og_type":"article","og_title":"BATERIA (12 V \/ 24 V) do platformy 360 Photo Booth PLATFORM - 360PhotoBoothPRO","og_description":"Photo Booth PRO is an online store where you can buy quality BATERIA (12 V \/ 24 V) do platformy 360 Photo Booth PLATFORM at an affordable price. Buy now!","og_url":"https:\/\/360photoboothpro.eu\/pl\/produkt\/bateria-12-v-slash-24-v-do-platformy-360-photo-booth-platform\/","og_site_name":"360PhotoBoothPRO","article_publisher":"https:\/\/www.facebook.com\/360PhotoBoothPRO.Canada\/","article_modified_time":"2024-12-01T11:35:30+00:00","og_image":[{"url":"https:\/\/360photoboothpro.eu\/wp-content\/uploads\/2023\/04\/battery-for-360-photobooth-platform-social.jpg"}],"twitter_card":"summary_large_image","schema":{"@context":"https:\/\/schema.org","@graph":[{"@type":"WebPage","@id":"https:\/\/360photoboothpro.eu\/pl\/produkt\/bateria-12-v-slash-24-v-do-platformy-360-photo-booth-platform\/","url":"https:\/\/360photoboothpro.eu\/pl\/produkt\/bateria-12-v-slash-24-v-do-platformy-360-photo-booth-platform\/","name":"BATERIA (12 V \/ 24 V) do platformy 360 Photo Booth PLATFORM - 360PhotoBoothPRO","isPartOf":{"@id":"https:\/\/360photoboothpro.eu\/pl\/#website"},"primaryImageOfPage":{"@id":"https:\/\/360photoboothpro.eu\/pl\/produkt\/bateria-12-v-slash-24-v-do-platformy-360-photo-booth-platform\/#primaryimage"},"image":{"@id":"https:\/\/360photoboothpro.eu\/pl\/produkt\/bateria-12-v-slash-24-v-do-platformy-360-photo-booth-platform\/#primaryimage"},"thumbnailUrl":"https:\/\/360photoboothpro.eu\/wp-content\/uploads\/2023\/04\/12V-24V-BATTERY-FOR-THE-360-Photo-Booth-PRO-PLATFORM-3.webp","datePublished":"2023-04-12T06:34:05+00:00","dateModified":"2024-12-01T11:35:30+00:00","description":"Photo Booth PRO is an online store where you can buy quality BATERIA (12 V \/ 24 V) do platformy 360 Photo Booth PLATFORM at an affordable price. Buy now!","breadcrumb":{"@id":"https:\/\/360photoboothpro.eu\/pl\/produkt\/bateria-12-v-slash-24-v-do-platformy-360-photo-booth-platform\/#breadcrumb"},"inLanguage":"pl-PL","potentialAction":[{"@type":"ReadAction","target":["https:\/\/360photoboothpro.eu\/pl\/produkt\/bateria-12-v-slash-24-v-do-platformy-360-photo-booth-platform\/"]}]},{"@type":"ImageObject","inLanguage":"pl-PL","@id":"https:\/\/360photoboothpro.eu\/pl\/produkt\/bateria-12-v-slash-24-v-do-platformy-360-photo-booth-platform\/#primaryimage","url":"https:\/\/360photoboothpro.eu\/wp-content\/uploads\/2023\/04\/12V-24V-BATTERY-FOR-THE-360-Photo-Booth-PRO-PLATFORM-3.webp","contentUrl":"https:\/\/360photoboothpro.eu\/wp-content\/uploads\/2023\/04\/12V-24V-BATTERY-FOR-THE-360-Photo-Booth-PRO-PLATFORM-3.webp","width":960,"height":960,"caption":"12V \/ 24V BATTERY FOR THE 360 Photo Booth PRO PLATFORM"},{"@type":"BreadcrumbList","@id":"https:\/\/360photoboothpro.eu\/pl\/produkt\/bateria-12-v-slash-24-v-do-platformy-360-photo-booth-platform\/#breadcrumb","itemListElement":[{"@type":"ListItem","position":1,"name":"Home","item":"https:\/\/360photoboothpro.eu\/pl\/"},{"@type":"ListItem","position":2,"name":"Sklep","item":"https:\/\/360photoboothpro.eu\/pl\/sklep\/"},{"@type":"ListItem","position":3,"name":"BATERIA (12 V \/ 24 V) do platformy 360 Photo Booth PLATFORM"}]},{"@type":"WebSite","@id":"https:\/\/360photoboothpro.eu\/pl\/#website","url":"https:\/\/360photoboothpro.eu\/pl\/","name":"360PhotoBoothPRO","description":"360PhotoBoothPRO","publisher":{"@id":"https:\/\/360photoboothpro.eu\/pl\/#organization"},"potentialAction":[{"@type":"SearchAction","target":{"@type":"EntryPoint","urlTemplate":"https:\/\/360photoboothpro.eu\/pl\/?s={search_term_string}"},"query-input":{"@type":"PropertyValueSpecification","valueRequired":true,"valueName":"search_term_string"}}],"inLanguage":"pl-PL"},{"@type":"Organization","@id":"https:\/\/360photoboothpro.eu\/pl\/#organization","name":"360PhotoBoothPRO","url":"https:\/\/360photoboothpro.eu\/pl\/","logo":{"@type":"ImageObject","inLanguage":"pl-PL","@id":"https:\/\/360photoboothpro.eu\/pl\/#\/schema\/logo\/image\/","url":"https:\/\/360photoboothpro.eu\/wp-content\/uploads\/2023\/03\/logo-360photoboothpro-favicon.png","contentUrl":"https:\/\/360photoboothpro.eu\/wp-content\/uploads\/2023\/03\/logo-360photoboothpro-favicon.png","width":317,"height":317,"caption":"360PhotoBoothPRO"},"image":{"@id":"https:\/\/360photoboothpro.eu\/pl\/#\/schema\/logo\/image\/"},"sameAs":["https:\/\/www.facebook.com\/360PhotoBoothPRO.Canada\/"]}]}},"_links":{"self":[{"href":"https:\/\/360photoboothpro.eu\/pl\/wp-json\/wp\/v2\/product\/7763"}],"collection":[{"href":"https:\/\/360photoboothpro.eu\/pl\/wp-json\/wp\/v2\/product"}],"about":[{"href":"https:\/\/360photoboothpro.eu\/pl\/wp-json\/wp\/v2\/types\/product"}],"replies":[{"embeddable":true,"href":"https:\/\/360photoboothpro.eu\/pl\/wp-json\/wp\/v2\/comments?post=7763"}],"wp:featuredmedia":[{"embeddable":true,"href":"https:\/\/360photoboothpro.eu\/pl\/wp-json\/wp\/v2\/media\/7170"}],"wp:attachment":[{"href":"https:\/\/360photoboothpro.eu\/pl\/wp-json\/wp\/v2\/media?parent=7763"}],"wp:term":[{"taxonomy":"product_cat","embeddable":true,"href":"https:\/\/360photoboothpro.eu\/pl\/wp-json\/wp\/v2\/product_cat?post=7763"},{"taxonomy":"product_tag","embeddable":true,"href":"https:\/\/360photoboothpro.eu\/pl\/wp-json\/wp\/v2\/product_tag?post=7763"}],"curies":[{"name":"wp","href":"https:\/\/api.w.org\/{rel}","templated":true}]}}