{"id":7795,"date":"2023-04-12T07:53:46","date_gmt":"2023-04-12T05:53:46","guid":{"rendered":"https:\/\/360photoboothpro.eu\/?post_type=product&#038;p=7795"},"modified":"2025-06-08T09:12:06","modified_gmt":"2025-06-08T07:12:06","slug":"zestaw-2-biegunow-ograniczajacych","status":"publish","type":"product","link":"https:\/\/360photoboothpro.eu\/pl\/produkt\/zestaw-2-biegunow-ograniczajacych\/","title":{"rendered":"Zestaw 2 tyczek ograniczaj\u0105cych"},"content":{"rendered":"<p>Ten produkt mo\u017cna kupi\u0107 TYLKO RAZ z jedn\u0105 z platform 360 w tej kategorii: <a href=\"https:\/\/360photoboothpro.eu\/pl\/kategoria-produktu\/360-photo-booth-platforms-pl\/\">Platformy 360 Photo Booth<\/a><\/p>\n<p>S\u0141UPKI DELIMITACYJNE, kt\u00f3re s\u0105 sprzedawane jako zestaw 2 s\u0142upk\u00f3w z 1 przewodem w zestawie.<\/p>\n","protected":false},"excerpt":{"rendered":"<p>Ten produkt mo\u017cna kupi\u0107 TYLKO RAZ z jedn\u0105 z platform 360 w tej kategorii: <a href=\"https:\/\/360photoboothpro.eu\/product-category\/360-video-booth-platforms\/\">Platformy 360 Photo Booth<\/a><\/p>\n","protected":false},"featured_media":7062,"comment_status":"open","ping_status":"closed","template":"","meta":{"_acf_changed":false},"product_cat":[377],"product_tag":[390,392,396,389,382,395,387,398,401,384,402,380],"class_list":{"0":"post-7795","1":"product","2":"type-product","3":"status-publish","4":"has-post-thumbnail","6":"product_cat-akcesoria","7":"product_tag-fotobudka-360","8":"product_tag-fotobudka-360-na-sprzedaz","9":"product_tag-fotobudka-360-obrotow","10":"product_tag-fotobudka-360-stopni","11":"product_tag-kabina-360-na-sprzedaz","12":"product_tag-kabina-do-selfie-360","13":"product_tag-kabina-fotograficzna-z-kamera-360","14":"product_tag-kabina-wideo-360","15":"product_tag-kabina-wideo-360-na-sprzedaz","16":"product_tag-kabina-z-kamera-360","17":"product_tag-obrotowa-budka-fotograficzna","18":"product_tag-stoisko-360","20":"first","21":"outofstock","22":"sale","23":"taxable","24":"shipping-taxable","25":"purchasable","26":"product-type-simple"},"acf":[],"yoast_head":"<!-- This site is optimized with the Yoast SEO plugin v23.5 - https:\/\/yoast.com\/wordpress\/plugins\/seo\/ -->\n<title>Zestaw 2 tyczek ograniczaj\u0105cych - 360PhotoBoothPRO<\/title>\n<meta name=\"description\" content=\"Photo Booth PRO is an online store where you can buy quality Zestaw 2 tyczek ograniczaj\u0105cych at an affordable price. Buy now!\" \/>\n<meta name=\"robots\" content=\"index, follow, max-snippet:-1, max-image-preview:large, max-video-preview:-1\" \/>\n<link rel=\"canonical\" href=\"https:\/\/360photoboothpro.eu\/pl\/produkt\/zestaw-2-biegunow-ograniczajacych\/\" \/>\n<meta property=\"og:locale\" content=\"pl_PL\" \/>\n<meta property=\"og:type\" content=\"article\" \/>\n<meta property=\"og:title\" content=\"Zestaw 2 tyczek ograniczaj\u0105cych - 360PhotoBoothPRO\" \/>\n<meta property=\"og:description\" content=\"Photo Booth PRO is an online store where you can buy quality Zestaw 2 tyczek ograniczaj\u0105cych at an affordable price. Buy now!\" \/>\n<meta property=\"og:url\" content=\"https:\/\/360photoboothpro.eu\/pl\/produkt\/zestaw-2-biegunow-ograniczajacych\/\" \/>\n<meta property=\"og:site_name\" content=\"360PhotoBoothPRO\" \/>\n<meta property=\"article:publisher\" content=\"https:\/\/www.facebook.com\/360PhotoBoothPRO.Canada\/\" \/>\n<meta property=\"article:modified_time\" content=\"2025-06-08T07:12:06+00:00\" \/>\n<meta property=\"og:image\" content=\"https:\/\/360photoboothpro.eu\/wp-content\/uploads\/2023\/04\/set-2-delimitation-poles-social.jpg\" \/>\n<meta name=\"twitter:card\" content=\"summary_large_image\" \/>\n<meta name=\"twitter:label1\" content=\"Szacowany czas czytania\" \/>\n\t<meta name=\"twitter:data1\" content=\"1 minuta\" \/>\n<script type=\"application\/ld+json\" class=\"yoast-schema-graph\">{\"@context\":\"https:\/\/schema.org\",\"@graph\":[{\"@type\":\"WebPage\",\"@id\":\"https:\/\/360photoboothpro.eu\/pl\/produkt\/zestaw-2-biegunow-ograniczajacych\/\",\"url\":\"https:\/\/360photoboothpro.eu\/pl\/produkt\/zestaw-2-biegunow-ograniczajacych\/\",\"name\":\"Zestaw 2 tyczek ograniczaj\u0105cych - 360PhotoBoothPRO\",\"isPartOf\":{\"@id\":\"https:\/\/360photoboothpro.eu\/pl\/#website\"},\"primaryImageOfPage\":{\"@id\":\"https:\/\/360photoboothpro.eu\/pl\/produkt\/zestaw-2-biegunow-ograniczajacych\/#primaryimage\"},\"image\":{\"@id\":\"https:\/\/360photoboothpro.eu\/pl\/produkt\/zestaw-2-biegunow-ograniczajacych\/#primaryimage\"},\"thumbnailUrl\":\"https:\/\/360photoboothpro.eu\/wp-content\/uploads\/2023\/04\/delimitation-posts-for-360-photo-booth-pro-1.jpg\",\"datePublished\":\"2023-04-12T05:53:46+00:00\",\"dateModified\":\"2025-06-08T07:12:06+00:00\",\"description\":\"Photo Booth PRO is an online store where you can buy quality Zestaw 2 tyczek ograniczaj\u0105cych at an affordable price. Buy now!\",\"breadcrumb\":{\"@id\":\"https:\/\/360photoboothpro.eu\/pl\/produkt\/zestaw-2-biegunow-ograniczajacych\/#breadcrumb\"},\"inLanguage\":\"pl-PL\",\"potentialAction\":[{\"@type\":\"ReadAction\",\"target\":[\"https:\/\/360photoboothpro.eu\/pl\/produkt\/zestaw-2-biegunow-ograniczajacych\/\"]}]},{\"@type\":\"ImageObject\",\"inLanguage\":\"pl-PL\",\"@id\":\"https:\/\/360photoboothpro.eu\/pl\/produkt\/zestaw-2-biegunow-ograniczajacych\/#primaryimage\",\"url\":\"https:\/\/360photoboothpro.eu\/wp-content\/uploads\/2023\/04\/delimitation-posts-for-360-photo-booth-pro-1.jpg\",\"contentUrl\":\"https:\/\/360photoboothpro.eu\/wp-content\/uploads\/2023\/04\/delimitation-posts-for-360-photo-booth-pro-1.jpg\",\"width\":400,\"height\":400,\"caption\":\"delimitation posts for 360 photo booth pro\"},{\"@type\":\"BreadcrumbList\",\"@id\":\"https:\/\/360photoboothpro.eu\/pl\/produkt\/zestaw-2-biegunow-ograniczajacych\/#breadcrumb\",\"itemListElement\":[{\"@type\":\"ListItem\",\"position\":1,\"name\":\"Home\",\"item\":\"https:\/\/360photoboothpro.eu\/pl\/\"},{\"@type\":\"ListItem\",\"position\":2,\"name\":\"Sklep\",\"item\":\"https:\/\/360photoboothpro.eu\/pl\/sklep\/\"},{\"@type\":\"ListItem\",\"position\":3,\"name\":\"Zestaw 2 tyczek ograniczaj\u0105cych\"}]},{\"@type\":\"WebSite\",\"@id\":\"https:\/\/360photoboothpro.eu\/pl\/#website\",\"url\":\"https:\/\/360photoboothpro.eu\/pl\/\",\"name\":\"360PhotoBoothPRO\",\"description\":\"360PhotoBoothPRO\",\"publisher\":{\"@id\":\"https:\/\/360photoboothpro.eu\/pl\/#organization\"},\"potentialAction\":[{\"@type\":\"SearchAction\",\"target\":{\"@type\":\"EntryPoint\",\"urlTemplate\":\"https:\/\/360photoboothpro.eu\/pl\/?s={search_term_string}\"},\"query-input\":{\"@type\":\"PropertyValueSpecification\",\"valueRequired\":true,\"valueName\":\"search_term_string\"}}],\"inLanguage\":\"pl-PL\"},{\"@type\":\"Organization\",\"@id\":\"https:\/\/360photoboothpro.eu\/pl\/#organization\",\"name\":\"360PhotoBoothPRO\",\"url\":\"https:\/\/360photoboothpro.eu\/pl\/\",\"logo\":{\"@type\":\"ImageObject\",\"inLanguage\":\"pl-PL\",\"@id\":\"https:\/\/360photoboothpro.eu\/pl\/#\/schema\/logo\/image\/\",\"url\":\"https:\/\/360photoboothpro.eu\/wp-content\/uploads\/2023\/03\/logo-360photoboothpro-favicon.png\",\"contentUrl\":\"https:\/\/360photoboothpro.eu\/wp-content\/uploads\/2023\/03\/logo-360photoboothpro-favicon.png\",\"width\":317,\"height\":317,\"caption\":\"360PhotoBoothPRO\"},\"image\":{\"@id\":\"https:\/\/360photoboothpro.eu\/pl\/#\/schema\/logo\/image\/\"},\"sameAs\":[\"https:\/\/www.facebook.com\/360PhotoBoothPRO.Canada\/\"]}]}<\/script>\n<!-- \/ Yoast SEO plugin. -->","yoast_head_json":{"title":"Zestaw 2 tyczek ograniczaj\u0105cych - 360PhotoBoothPRO","description":"Photo Booth PRO is an online store where you can buy quality Zestaw 2 tyczek ograniczaj\u0105cych at an affordable price. Buy now!","robots":{"index":"index","follow":"follow","max-snippet":"max-snippet:-1","max-image-preview":"max-image-preview:large","max-video-preview":"max-video-preview:-1"},"canonical":"https:\/\/360photoboothpro.eu\/pl\/produkt\/zestaw-2-biegunow-ograniczajacych\/","og_locale":"pl_PL","og_type":"article","og_title":"Zestaw 2 tyczek ograniczaj\u0105cych - 360PhotoBoothPRO","og_description":"Photo Booth PRO is an online store where you can buy quality Zestaw 2 tyczek ograniczaj\u0105cych at an affordable price. Buy now!","og_url":"https:\/\/360photoboothpro.eu\/pl\/produkt\/zestaw-2-biegunow-ograniczajacych\/","og_site_name":"360PhotoBoothPRO","article_publisher":"https:\/\/www.facebook.com\/360PhotoBoothPRO.Canada\/","article_modified_time":"2025-06-08T07:12:06+00:00","og_image":[{"url":"https:\/\/360photoboothpro.eu\/wp-content\/uploads\/2023\/04\/set-2-delimitation-poles-social.jpg"}],"twitter_card":"summary_large_image","twitter_misc":{"Szacowany czas czytania":"1 minuta"},"schema":{"@context":"https:\/\/schema.org","@graph":[{"@type":"WebPage","@id":"https:\/\/360photoboothpro.eu\/pl\/produkt\/zestaw-2-biegunow-ograniczajacych\/","url":"https:\/\/360photoboothpro.eu\/pl\/produkt\/zestaw-2-biegunow-ograniczajacych\/","name":"Zestaw 2 tyczek ograniczaj\u0105cych - 360PhotoBoothPRO","isPartOf":{"@id":"https:\/\/360photoboothpro.eu\/pl\/#website"},"primaryImageOfPage":{"@id":"https:\/\/360photoboothpro.eu\/pl\/produkt\/zestaw-2-biegunow-ograniczajacych\/#primaryimage"},"image":{"@id":"https:\/\/360photoboothpro.eu\/pl\/produkt\/zestaw-2-biegunow-ograniczajacych\/#primaryimage"},"thumbnailUrl":"https:\/\/360photoboothpro.eu\/wp-content\/uploads\/2023\/04\/delimitation-posts-for-360-photo-booth-pro-1.jpg","datePublished":"2023-04-12T05:53:46+00:00","dateModified":"2025-06-08T07:12:06+00:00","description":"Photo Booth PRO is an online store where you can buy quality Zestaw 2 tyczek ograniczaj\u0105cych at an affordable price. Buy now!","breadcrumb":{"@id":"https:\/\/360photoboothpro.eu\/pl\/produkt\/zestaw-2-biegunow-ograniczajacych\/#breadcrumb"},"inLanguage":"pl-PL","potentialAction":[{"@type":"ReadAction","target":["https:\/\/360photoboothpro.eu\/pl\/produkt\/zestaw-2-biegunow-ograniczajacych\/"]}]},{"@type":"ImageObject","inLanguage":"pl-PL","@id":"https:\/\/360photoboothpro.eu\/pl\/produkt\/zestaw-2-biegunow-ograniczajacych\/#primaryimage","url":"https:\/\/360photoboothpro.eu\/wp-content\/uploads\/2023\/04\/delimitation-posts-for-360-photo-booth-pro-1.jpg","contentUrl":"https:\/\/360photoboothpro.eu\/wp-content\/uploads\/2023\/04\/delimitation-posts-for-360-photo-booth-pro-1.jpg","width":400,"height":400,"caption":"delimitation posts for 360 photo booth pro"},{"@type":"BreadcrumbList","@id":"https:\/\/360photoboothpro.eu\/pl\/produkt\/zestaw-2-biegunow-ograniczajacych\/#breadcrumb","itemListElement":[{"@type":"ListItem","position":1,"name":"Home","item":"https:\/\/360photoboothpro.eu\/pl\/"},{"@type":"ListItem","position":2,"name":"Sklep","item":"https:\/\/360photoboothpro.eu\/pl\/sklep\/"},{"@type":"ListItem","position":3,"name":"Zestaw 2 tyczek ograniczaj\u0105cych"}]},{"@type":"WebSite","@id":"https:\/\/360photoboothpro.eu\/pl\/#website","url":"https:\/\/360photoboothpro.eu\/pl\/","name":"360PhotoBoothPRO","description":"360PhotoBoothPRO","publisher":{"@id":"https:\/\/360photoboothpro.eu\/pl\/#organization"},"potentialAction":[{"@type":"SearchAction","target":{"@type":"EntryPoint","urlTemplate":"https:\/\/360photoboothpro.eu\/pl\/?s={search_term_string}"},"query-input":{"@type":"PropertyValueSpecification","valueRequired":true,"valueName":"search_term_string"}}],"inLanguage":"pl-PL"},{"@type":"Organization","@id":"https:\/\/360photoboothpro.eu\/pl\/#organization","name":"360PhotoBoothPRO","url":"https:\/\/360photoboothpro.eu\/pl\/","logo":{"@type":"ImageObject","inLanguage":"pl-PL","@id":"https:\/\/360photoboothpro.eu\/pl\/#\/schema\/logo\/image\/","url":"https:\/\/360photoboothpro.eu\/wp-content\/uploads\/2023\/03\/logo-360photoboothpro-favicon.png","contentUrl":"https:\/\/360photoboothpro.eu\/wp-content\/uploads\/2023\/03\/logo-360photoboothpro-favicon.png","width":317,"height":317,"caption":"360PhotoBoothPRO"},"image":{"@id":"https:\/\/360photoboothpro.eu\/pl\/#\/schema\/logo\/image\/"},"sameAs":["https:\/\/www.facebook.com\/360PhotoBoothPRO.Canada\/"]}]}},"_links":{"self":[{"href":"https:\/\/360photoboothpro.eu\/pl\/wp-json\/wp\/v2\/product\/7795"}],"collection":[{"href":"https:\/\/360photoboothpro.eu\/pl\/wp-json\/wp\/v2\/product"}],"about":[{"href":"https:\/\/360photoboothpro.eu\/pl\/wp-json\/wp\/v2\/types\/product"}],"replies":[{"embeddable":true,"href":"https:\/\/360photoboothpro.eu\/pl\/wp-json\/wp\/v2\/comments?post=7795"}],"wp:featuredmedia":[{"embeddable":true,"href":"https:\/\/360photoboothpro.eu\/pl\/wp-json\/wp\/v2\/media\/7062"}],"wp:attachment":[{"href":"https:\/\/360photoboothpro.eu\/pl\/wp-json\/wp\/v2\/media?parent=7795"}],"wp:term":[{"taxonomy":"product_cat","embeddable":true,"href":"https:\/\/360photoboothpro.eu\/pl\/wp-json\/wp\/v2\/product_cat?post=7795"},{"taxonomy":"product_tag","embeddable":true,"href":"https:\/\/360photoboothpro.eu\/pl\/wp-json\/wp\/v2\/product_tag?post=7795"}],"curies":[{"name":"wp","href":"https:\/\/api.w.org\/{rel}","templated":true}]}}