{"id":7884,"date":"2023-04-12T06:44:23","date_gmt":"2023-04-12T04:44:23","guid":{"rendered":"https:\/\/360photoboothpro.eu\/product\/obudowa-zaslona-z-oswietleniem-led-dla-360-foto-budki-pro\/"},"modified":"2024-08-10T00:37:35","modified_gmt":"2024-08-09T22:37:35","slug":"obudowa-zaslona-z-oswietleniem-led-dla-360-foto-budki-pro","status":"publish","type":"product","link":"https:\/\/360photoboothpro.eu\/pl\/produkt\/obudowa-zaslona-z-oswietleniem-led-dla-360-foto-budki-pro\/","title":{"rendered":"T\u0142o w obudowie z o\u015bwietleniem LED do fotobudki 360 PRO"},"content":{"rendered":"<p>Obudowa t\u0142a z o\u015bwietleniem LED dla platformy 360 Photo Booth PRO.<\/p>\n<p>Napinany materia\u0142, kt\u00f3ry mo\u017cna spersonalizowa\u0107 za pomoc\u0105 logo firmy na metalowej konstrukcji.<\/p>\n<p>Wysoko\u015b\u0107: 94,5&#8243;<br \/>\n\u015arednica: 118&#8243;<br \/>\nObszar dost\u0119pu: 31.5&#8243;<\/p>\n<p>O\u015bwietlenie LED RGB mo\u017ce by\u0107 sterowane za pomoc\u0105 pilota zdalnego sterowania.<\/p>\n<p>W zestawie torba transportowa.<\/p>\n","protected":false},"excerpt":{"rendered":"<p id=\"tw-target-text\" class=\"tw-data-text tw-text-large tw-ta\" dir=\"ltr\" data-placeholder=\"Traducere\"><span class=\"Y2IQFc\" lang=\"en\">Aby m\u00f3c wy\u015bwietli\u0107 cen\u0119, nale\u017cy wybra\u0107 \u017c\u0105dane opcje z poni\u017cszej listy:<\/span><\/p>\n","protected":false},"featured_media":6981,"comment_status":"open","ping_status":"closed","template":"","meta":{"_acf_changed":false},"product_cat":[377,510],"product_tag":[464],"class_list":{"0":"post-7884","1":"product","2":"type-product","3":"status-publish","4":"has-post-thumbnail","6":"product_cat-akcesoria","7":"product_cat-tlo-obudowy","8":"product_tag-obudowa-tla-dla-360-photo-booth-pro","10":"first","11":"instock","12":"taxable","13":"shipping-taxable","14":"purchasable","15":"product-type-variable"},"acf":[],"yoast_head":"<!-- This site is optimized with the Yoast SEO plugin v23.5 - https:\/\/yoast.com\/wordpress\/plugins\/seo\/ -->\n<title>T\u0142o w obudowie z o\u015bwietleniem LED do fotobudki 360 PRO - 360PhotoBoothPRO<\/title>\n<meta name=\"description\" content=\"Photo Booth PRO is an online store where you can buy quality T\u0142o w obudowie z o\u015bwietleniem LED do fotobudki 360 PRO at an affordable price. Buy now!\" \/>\n<meta name=\"robots\" content=\"index, follow, max-snippet:-1, max-image-preview:large, max-video-preview:-1\" \/>\n<link rel=\"canonical\" href=\"https:\/\/360photoboothpro.eu\/pl\/produkt\/obudowa-zaslona-z-oswietleniem-led-dla-360-foto-budki-pro\/\" \/>\n<meta property=\"og:locale\" content=\"pl_PL\" \/>\n<meta property=\"og:type\" content=\"article\" \/>\n<meta property=\"og:title\" content=\"T\u0142o w obudowie z o\u015bwietleniem LED do fotobudki 360 PRO - 360PhotoBoothPRO\" \/>\n<meta property=\"og:description\" content=\"Photo Booth PRO is an online store where you can buy quality T\u0142o w obudowie z o\u015bwietleniem LED do fotobudki 360 PRO at an affordable price. Buy now!\" \/>\n<meta property=\"og:url\" content=\"https:\/\/360photoboothpro.eu\/pl\/produkt\/obudowa-zaslona-z-oswietleniem-led-dla-360-foto-budki-pro\/\" \/>\n<meta property=\"og:site_name\" content=\"360PhotoBoothPRO\" \/>\n<meta property=\"article:publisher\" content=\"https:\/\/www.facebook.com\/360PhotoBoothPRO.Canada\/\" \/>\n<meta property=\"article:modified_time\" content=\"2024-08-09T22:37:35+00:00\" \/>\n<meta property=\"og:image\" content=\"https:\/\/360photoboothpro.eu\/wp-content\/uploads\/2023\/04\/backdrop-led-360-photobooth-enclosure-social.jpg\" \/>\n<meta name=\"twitter:card\" content=\"summary_large_image\" \/>\n<script type=\"application\/ld+json\" class=\"yoast-schema-graph\">{\"@context\":\"https:\/\/schema.org\",\"@graph\":[{\"@type\":\"WebPage\",\"@id\":\"https:\/\/360photoboothpro.eu\/pl\/produkt\/obudowa-zaslona-z-oswietleniem-led-dla-360-foto-budki-pro\/\",\"url\":\"https:\/\/360photoboothpro.eu\/pl\/produkt\/obudowa-zaslona-z-oswietleniem-led-dla-360-foto-budki-pro\/\",\"name\":\"T\u0142o w obudowie z o\u015bwietleniem LED do fotobudki 360 PRO - 360PhotoBoothPRO\",\"isPartOf\":{\"@id\":\"https:\/\/360photoboothpro.eu\/pl\/#website\"},\"primaryImageOfPage\":{\"@id\":\"https:\/\/360photoboothpro.eu\/pl\/produkt\/obudowa-zaslona-z-oswietleniem-led-dla-360-foto-budki-pro\/#primaryimage\"},\"image\":{\"@id\":\"https:\/\/360photoboothpro.eu\/pl\/produkt\/obudowa-zaslona-z-oswietleniem-led-dla-360-foto-budki-pro\/#primaryimage\"},\"thumbnailUrl\":\"https:\/\/360photoboothpro.eu\/wp-content\/uploads\/2023\/04\/enclosure-backdrop-with-led-lights-2.webp\",\"datePublished\":\"2023-04-12T04:44:23+00:00\",\"dateModified\":\"2024-08-09T22:37:35+00:00\",\"description\":\"Photo Booth PRO is an online store where you can buy quality T\u0142o w obudowie z o\u015bwietleniem LED do fotobudki 360 PRO at an affordable price. Buy now!\",\"breadcrumb\":{\"@id\":\"https:\/\/360photoboothpro.eu\/pl\/produkt\/obudowa-zaslona-z-oswietleniem-led-dla-360-foto-budki-pro\/#breadcrumb\"},\"inLanguage\":\"pl-PL\",\"potentialAction\":[{\"@type\":\"ReadAction\",\"target\":[\"https:\/\/360photoboothpro.eu\/pl\/produkt\/obudowa-zaslona-z-oswietleniem-led-dla-360-foto-budki-pro\/\"]}]},{\"@type\":\"ImageObject\",\"inLanguage\":\"pl-PL\",\"@id\":\"https:\/\/360photoboothpro.eu\/pl\/produkt\/obudowa-zaslona-z-oswietleniem-led-dla-360-foto-budki-pro\/#primaryimage\",\"url\":\"https:\/\/360photoboothpro.eu\/wp-content\/uploads\/2023\/04\/enclosure-backdrop-with-led-lights-2.webp\",\"contentUrl\":\"https:\/\/360photoboothpro.eu\/wp-content\/uploads\/2023\/04\/enclosure-backdrop-with-led-lights-2.webp\",\"width\":709,\"height\":709,\"caption\":\"enclosure backdrop with led lights for 360 photo booth platform\"},{\"@type\":\"BreadcrumbList\",\"@id\":\"https:\/\/360photoboothpro.eu\/pl\/produkt\/obudowa-zaslona-z-oswietleniem-led-dla-360-foto-budki-pro\/#breadcrumb\",\"itemListElement\":[{\"@type\":\"ListItem\",\"position\":1,\"name\":\"Home\",\"item\":\"https:\/\/360photoboothpro.eu\/pl\/\"},{\"@type\":\"ListItem\",\"position\":2,\"name\":\"Sklep\",\"item\":\"https:\/\/360photoboothpro.eu\/pl\/sklep\/\"},{\"@type\":\"ListItem\",\"position\":3,\"name\":\"T\u0142o w obudowie z o\u015bwietleniem LED do fotobudki 360 PRO\"}]},{\"@type\":\"WebSite\",\"@id\":\"https:\/\/360photoboothpro.eu\/pl\/#website\",\"url\":\"https:\/\/360photoboothpro.eu\/pl\/\",\"name\":\"360PhotoBoothPRO\",\"description\":\"360PhotoBoothPRO\",\"publisher\":{\"@id\":\"https:\/\/360photoboothpro.eu\/pl\/#organization\"},\"potentialAction\":[{\"@type\":\"SearchAction\",\"target\":{\"@type\":\"EntryPoint\",\"urlTemplate\":\"https:\/\/360photoboothpro.eu\/pl\/?s={search_term_string}\"},\"query-input\":{\"@type\":\"PropertyValueSpecification\",\"valueRequired\":true,\"valueName\":\"search_term_string\"}}],\"inLanguage\":\"pl-PL\"},{\"@type\":\"Organization\",\"@id\":\"https:\/\/360photoboothpro.eu\/pl\/#organization\",\"name\":\"360PhotoBoothPRO\",\"url\":\"https:\/\/360photoboothpro.eu\/pl\/\",\"logo\":{\"@type\":\"ImageObject\",\"inLanguage\":\"pl-PL\",\"@id\":\"https:\/\/360photoboothpro.eu\/pl\/#\/schema\/logo\/image\/\",\"url\":\"https:\/\/360photoboothpro.eu\/wp-content\/uploads\/2023\/03\/logo-360photoboothpro-favicon.png\",\"contentUrl\":\"https:\/\/360photoboothpro.eu\/wp-content\/uploads\/2023\/03\/logo-360photoboothpro-favicon.png\",\"width\":317,\"height\":317,\"caption\":\"360PhotoBoothPRO\"},\"image\":{\"@id\":\"https:\/\/360photoboothpro.eu\/pl\/#\/schema\/logo\/image\/\"},\"sameAs\":[\"https:\/\/www.facebook.com\/360PhotoBoothPRO.Canada\/\"]}]}<\/script>\n<!-- \/ Yoast SEO plugin. -->","yoast_head_json":{"title":"T\u0142o w obudowie z o\u015bwietleniem LED do fotobudki 360 PRO - 360PhotoBoothPRO","description":"Photo Booth PRO is an online store where you can buy quality T\u0142o w obudowie z o\u015bwietleniem LED do fotobudki 360 PRO at an affordable price. Buy now!","robots":{"index":"index","follow":"follow","max-snippet":"max-snippet:-1","max-image-preview":"max-image-preview:large","max-video-preview":"max-video-preview:-1"},"canonical":"https:\/\/360photoboothpro.eu\/pl\/produkt\/obudowa-zaslona-z-oswietleniem-led-dla-360-foto-budki-pro\/","og_locale":"pl_PL","og_type":"article","og_title":"T\u0142o w obudowie z o\u015bwietleniem LED do fotobudki 360 PRO - 360PhotoBoothPRO","og_description":"Photo Booth PRO is an online store where you can buy quality T\u0142o w obudowie z o\u015bwietleniem LED do fotobudki 360 PRO at an affordable price. Buy now!","og_url":"https:\/\/360photoboothpro.eu\/pl\/produkt\/obudowa-zaslona-z-oswietleniem-led-dla-360-foto-budki-pro\/","og_site_name":"360PhotoBoothPRO","article_publisher":"https:\/\/www.facebook.com\/360PhotoBoothPRO.Canada\/","article_modified_time":"2024-08-09T22:37:35+00:00","og_image":[{"url":"https:\/\/360photoboothpro.eu\/wp-content\/uploads\/2023\/04\/backdrop-led-360-photobooth-enclosure-social.jpg"}],"twitter_card":"summary_large_image","schema":{"@context":"https:\/\/schema.org","@graph":[{"@type":"WebPage","@id":"https:\/\/360photoboothpro.eu\/pl\/produkt\/obudowa-zaslona-z-oswietleniem-led-dla-360-foto-budki-pro\/","url":"https:\/\/360photoboothpro.eu\/pl\/produkt\/obudowa-zaslona-z-oswietleniem-led-dla-360-foto-budki-pro\/","name":"T\u0142o w obudowie z o\u015bwietleniem LED do fotobudki 360 PRO - 360PhotoBoothPRO","isPartOf":{"@id":"https:\/\/360photoboothpro.eu\/pl\/#website"},"primaryImageOfPage":{"@id":"https:\/\/360photoboothpro.eu\/pl\/produkt\/obudowa-zaslona-z-oswietleniem-led-dla-360-foto-budki-pro\/#primaryimage"},"image":{"@id":"https:\/\/360photoboothpro.eu\/pl\/produkt\/obudowa-zaslona-z-oswietleniem-led-dla-360-foto-budki-pro\/#primaryimage"},"thumbnailUrl":"https:\/\/360photoboothpro.eu\/wp-content\/uploads\/2023\/04\/enclosure-backdrop-with-led-lights-2.webp","datePublished":"2023-04-12T04:44:23+00:00","dateModified":"2024-08-09T22:37:35+00:00","description":"Photo Booth PRO is an online store where you can buy quality T\u0142o w obudowie z o\u015bwietleniem LED do fotobudki 360 PRO at an affordable price. Buy now!","breadcrumb":{"@id":"https:\/\/360photoboothpro.eu\/pl\/produkt\/obudowa-zaslona-z-oswietleniem-led-dla-360-foto-budki-pro\/#breadcrumb"},"inLanguage":"pl-PL","potentialAction":[{"@type":"ReadAction","target":["https:\/\/360photoboothpro.eu\/pl\/produkt\/obudowa-zaslona-z-oswietleniem-led-dla-360-foto-budki-pro\/"]}]},{"@type":"ImageObject","inLanguage":"pl-PL","@id":"https:\/\/360photoboothpro.eu\/pl\/produkt\/obudowa-zaslona-z-oswietleniem-led-dla-360-foto-budki-pro\/#primaryimage","url":"https:\/\/360photoboothpro.eu\/wp-content\/uploads\/2023\/04\/enclosure-backdrop-with-led-lights-2.webp","contentUrl":"https:\/\/360photoboothpro.eu\/wp-content\/uploads\/2023\/04\/enclosure-backdrop-with-led-lights-2.webp","width":709,"height":709,"caption":"enclosure backdrop with led lights for 360 photo booth platform"},{"@type":"BreadcrumbList","@id":"https:\/\/360photoboothpro.eu\/pl\/produkt\/obudowa-zaslona-z-oswietleniem-led-dla-360-foto-budki-pro\/#breadcrumb","itemListElement":[{"@type":"ListItem","position":1,"name":"Home","item":"https:\/\/360photoboothpro.eu\/pl\/"},{"@type":"ListItem","position":2,"name":"Sklep","item":"https:\/\/360photoboothpro.eu\/pl\/sklep\/"},{"@type":"ListItem","position":3,"name":"T\u0142o w obudowie z o\u015bwietleniem LED do fotobudki 360 PRO"}]},{"@type":"WebSite","@id":"https:\/\/360photoboothpro.eu\/pl\/#website","url":"https:\/\/360photoboothpro.eu\/pl\/","name":"360PhotoBoothPRO","description":"360PhotoBoothPRO","publisher":{"@id":"https:\/\/360photoboothpro.eu\/pl\/#organization"},"potentialAction":[{"@type":"SearchAction","target":{"@type":"EntryPoint","urlTemplate":"https:\/\/360photoboothpro.eu\/pl\/?s={search_term_string}"},"query-input":{"@type":"PropertyValueSpecification","valueRequired":true,"valueName":"search_term_string"}}],"inLanguage":"pl-PL"},{"@type":"Organization","@id":"https:\/\/360photoboothpro.eu\/pl\/#organization","name":"360PhotoBoothPRO","url":"https:\/\/360photoboothpro.eu\/pl\/","logo":{"@type":"ImageObject","inLanguage":"pl-PL","@id":"https:\/\/360photoboothpro.eu\/pl\/#\/schema\/logo\/image\/","url":"https:\/\/360photoboothpro.eu\/wp-content\/uploads\/2023\/03\/logo-360photoboothpro-favicon.png","contentUrl":"https:\/\/360photoboothpro.eu\/wp-content\/uploads\/2023\/03\/logo-360photoboothpro-favicon.png","width":317,"height":317,"caption":"360PhotoBoothPRO"},"image":{"@id":"https:\/\/360photoboothpro.eu\/pl\/#\/schema\/logo\/image\/"},"sameAs":["https:\/\/www.facebook.com\/360PhotoBoothPRO.Canada\/"]}]}},"_links":{"self":[{"href":"https:\/\/360photoboothpro.eu\/pl\/wp-json\/wp\/v2\/product\/7884"}],"collection":[{"href":"https:\/\/360photoboothpro.eu\/pl\/wp-json\/wp\/v2\/product"}],"about":[{"href":"https:\/\/360photoboothpro.eu\/pl\/wp-json\/wp\/v2\/types\/product"}],"replies":[{"embeddable":true,"href":"https:\/\/360photoboothpro.eu\/pl\/wp-json\/wp\/v2\/comments?post=7884"}],"wp:featuredmedia":[{"embeddable":true,"href":"https:\/\/360photoboothpro.eu\/pl\/wp-json\/wp\/v2\/media\/6981"}],"wp:attachment":[{"href":"https:\/\/360photoboothpro.eu\/pl\/wp-json\/wp\/v2\/media?parent=7884"}],"wp:term":[{"taxonomy":"product_cat","embeddable":true,"href":"https:\/\/360photoboothpro.eu\/pl\/wp-json\/wp\/v2\/product_cat?post=7884"},{"taxonomy":"product_tag","embeddable":true,"href":"https:\/\/360photoboothpro.eu\/pl\/wp-json\/wp\/v2\/product_tag?post=7884"}],"curies":[{"name":"wp","href":"https:\/\/api.w.org\/{rel}","templated":true}]}}