{"id":8717,"date":"2023-04-11T11:46:00","date_gmt":"2023-04-11T09:46:00","guid":{"rendered":"https:\/\/360photoboothpro.eu\/product\/360-photo-booth-pro-68-cm-automatic-infinity-mirror-360-camera-booth-360-video-booth\/"},"modified":"2025-07-13T04:36:57","modified_gmt":"2025-07-13T02:36:57","slug":"360-photo-booth-pro-68-cm-automatic-infinity-mirror-360-camera-booth-360-video-booth","status":"publish","type":"product","link":"https:\/\/360photoboothpro.eu\/pl\/produkt\/360-photo-booth-pro-68-cm-automatic-infinity-mirror-360-camera-booth-360-video-booth\/","title":{"rendered":"360 Photo Booth PRO &#8211; 68cm AUTOMATYCZNE lustro niesko\u0144czono\u015bci (kabina z kamer\u0105 360, kabina wideo 360)"},"content":{"rendered":"<p id=\"tw-target-text\" class=\"tw-data-text tw-text-large tw-ta\" dir=\"ltr\" data-placeholder=\"Traducere\"><span class=\"Y2IQFc\" lang=\"en\">360 Photo Booth PRO 68cm na sprzeda\u017c (zapewniamy wsparcie techniczne przy uruchomieniu).<\/span><\/p>\n<p><span class=\"Y2IQFc\" lang=\"en\">PLATFORMA STANDARDOWA: Platforma 360 Photo Booth PRO: zobacz szczeg\u00f3\u0142owy OPIS.<\/span><\/p>\n<p>&nbsp;<\/p>\n<p id=\"tw-target-text\" class=\"tw-data-text tw-text-large tw-ta\" dir=\"ltr\" data-placeholder=\"Traducere\"><span class=\"Y2IQFc\" lang=\"en\">W PAKIECIE &#8222;STANDARD&#8221;, 360 Photo Booth PRO &#8211; 68cm Automatyczne Lustro Infinity (\u015aREDNICA 68cm\/ POJEMNO\u015a\u0106 1-2 OS\u00d3B, maksymalnie 450kg\/ WAGA 41kg) ZAWIERA:<\/span><\/p>\n<style>.elementor-7724 .elementor-element.elementor-element-b8e0d4b .elementor-icon-list-items:not(.elementor-inline-items) .elementor-icon-list-item:not(:last-child){padding-bottom:calc(10px\/2);}.elementor-7724 .elementor-element.elementor-element-b8e0d4b .elementor-icon-list-items:not(.elementor-inline-items) .elementor-icon-list-item:not(:first-child){margin-top:calc(10px\/2);}.elementor-7724 .elementor-element.elementor-element-b8e0d4b .elementor-icon-list-items.elementor-inline-items .elementor-icon-list-item{margin-right:calc(10px\/2);margin-left:calc(10px\/2);}.elementor-7724 .elementor-element.elementor-element-b8e0d4b .elementor-icon-list-items.elementor-inline-items{margin-right:calc(-10px\/2);margin-left:calc(-10px\/2);}body.rtl .elementor-7724 .elementor-element.elementor-element-b8e0d4b .elementor-icon-list-items.elementor-inline-items .elementor-icon-list-item:after{left:calc(-10px\/2);}body:not(.rtl) .elementor-7724 .elementor-element.elementor-element-b8e0d4b .elementor-icon-list-items.elementor-inline-items .elementor-icon-list-item:after{right:calc(-10px\/2);}.elementor-7724 .elementor-element.elementor-element-b8e0d4b .elementor-icon-list-icon i{color:#61CE70;transition:color 0.3s;}.elementor-7724 .elementor-element.elementor-element-b8e0d4b .elementor-icon-list-icon svg{fill:#61CE70;transition:fill 0.3s;}.elementor-7724 .elementor-element.elementor-element-b8e0d4b .elementor-icon-list-item:hover .elementor-icon-list-icon i{color:#6EC1E4;}.elementor-7724 .elementor-element.elementor-element-b8e0d4b .elementor-icon-list-item:hover .elementor-icon-list-icon svg{fill:#6EC1E4;}.elementor-7724 .elementor-element.elementor-element-b8e0d4b{--e-icon-list-icon-size:29px;--icon-vertical-offset:0px;}.elementor-7724 .elementor-element.elementor-element-b8e0d4b .elementor-icon-list-text{transition:color 0.3s;}<\/style><div class=\"porto-block elementor elementor-7724\" data-id=\"7724\">\t\t<section class=\"elementor-section elementor-top-section elementor-element elementor-element-11652cb elementor-section-boxed elementor-section-height-default elementor-section-height-default\" data-id=\"11652cb\" data-element_type=\"section\">\r\n\t\t\r\n\t\t\t\t\t\t\t<div class=\"elementor-container elementor-column-gap-default\">\r\n\t\t\t\t\t\t\t\t\t\t\t<div class=\"elementor-column elementor-col-100 elementor-top-column elementor-element elementor-element-d6a5b4c\" data-id=\"d6a5b4c\" data-element_type=\"column\">\r\n\t\t\t\t\t<div class=\"elementor-widget-wrap elementor-element-populated\">\r\n\t\t\t\t\t\t\t\t<div class=\"elementor-element elementor-element-b8e0d4b elementor-icon-list--layout-traditional elementor-list-item-link-full_width elementor-widget elementor-widget-icon-list\" data-id=\"b8e0d4b\" data-element_type=\"widget\" data-widget_type=\"icon-list.default\">\n\t\t\t\t<div class=\"elementor-widget-container\">\n\t\t\t\t\t<ul class=\"elementor-icon-list-items\">\n\t\t\t\t\t\t\t<li class=\"elementor-icon-list-item\">\n\t\t\t\t\t\t\t\t\t\t\t<span class=\"elementor-icon-list-icon\">\n\t\t\t\t\t\t\t<i aria-hidden=\"true\" class=\"fas fa-check\"><\/i>\t\t\t\t\t\t<\/span>\n\t\t\t\t\t\t\t\t\t\t<span class=\"elementor-icon-list-text\">Najwy\u017cszej jako\u015bci platforma ze szk\u0142a hartowanego o okr\u0105g\u0142ym kszta\u0142cie i wysoko\u015bci 16 cm, wykonana z najwy\u017csz\u0105 dba\u0142o\u015bci\u0105 o szczeg\u00f3\u0142y, zaprojektowana w programie CAD, a jej elementy s\u0105 wycinane laserowo i montowane r\u0119cznie. Wszystkie elementy elektroniczne s\u0105 hermetycznie zamkni\u0119te w celu zapewnienia ochrony i bezpiecze\u0144stwa podczas pracy. Konstrukcja oporowa platformy wykonana jest z profili metalowych, co zapewnia jej wysok\u0105 odporno\u015b\u0107 na obci\u0105\u017cenia. Blat wykonany jest z hartowanego szk\u0142a, kt\u00f3re jest bardzo wytrzyma\u0142e.<\/span>\n\t\t\t\t\t\t\t\t\t<\/li>\n\t\t\t\t\t\t\t\t<li class=\"elementor-icon-list-item\">\n\t\t\t\t\t\t\t\t\t\t\t<span class=\"elementor-icon-list-icon\">\n\t\t\t\t\t\t\t<i aria-hidden=\"true\" class=\"fas fa-check\"><\/i>\t\t\t\t\t\t<\/span>\n\t\t\t\t\t\t\t\t\t\t<span class=\"elementor-icon-list-text\">Przemys\u0142owy SILNIK METALOWY z przek\u0142adni\u0105 pasow\u0105, wyposa\u017cony w system zapobiegaj\u0105cy po\u015blizgowi. Ponadto silnik jest zabezpieczony przed wstrz\u0105sami (na wypadek, gdyby obracaj\u0105ce si\u0119 rami\u0119 uderzy\u0142o w przeszkod\u0119).<\/span>\n\t\t\t\t\t\t\t\t\t<\/li>\n\t\t\t\t\t\t\t\t<li class=\"elementor-icon-list-item\">\n\t\t\t\t\t\t\t\t\t\t\t<span class=\"elementor-icon-list-icon\">\n\t\t\t\t\t\t\t<i aria-hidden=\"true\" class=\"fas fa-check\"><\/i>\t\t\t\t\t\t<\/span>\n\t\t\t\t\t\t\t\t\t\t<span class=\"elementor-icon-list-text\">Bardzo wytrzyma\u0142e rami\u0119 obrotowe, wykonane z profili metalowych, z pilotem zdalnego sterowania (2 szt.), kt\u00f3ry posiada funkcj\u0119 powolnego uruchamiania, regulacj\u0119 pr\u0119dko\u015bci (5 stopni pr\u0119dko\u015bci) i mo\u017cliwo\u015b\u0107 zmiany kierunku obrotu. Zmotoryzowane rami\u0119 ma r\u00f3wnie\u017c REGULOWAN\u0104 WYSOKO\u015a\u0106 (w zakresie 130-190 cm) i REGULOWANY K\u0104T OBROTU (w zakresie 45-135 stopni). W tej regulowanej wersji platforma mo\u017ce by\u0107 u\u017cywana zar\u00f3wno przez dzieci, jak i doros\u0142ych.<\/span>\n\t\t\t\t\t\t\t\t\t<\/li>\n\t\t\t\t\t\t\t\t<li class=\"elementor-icon-list-item\">\n\t\t\t\t\t\t\t\t\t\t\t<span class=\"elementor-icon-list-icon\">\n\t\t\t\t\t\t\t<i aria-hidden=\"true\" class=\"fas fa-check\"><\/i>\t\t\t\t\t\t<\/span>\n\t\t\t\t\t\t\t\t\t\t<span class=\"elementor-icon-list-text\">Obs\u0142uga akumulator\u00f3w;<\/span>\n\t\t\t\t\t\t\t\t\t<\/li>\n\t\t\t\t\t\t\t\t<li class=\"elementor-icon-list-item\">\n\t\t\t\t\t\t\t\t\t\t\t<span class=\"elementor-icon-list-icon\">\n\t\t\t\t\t\t\t<i aria-hidden=\"true\" class=\"fas fa-check\"><\/i>\t\t\t\t\t\t<\/span>\n\t\t\t\t\t\t\t\t\t\t<span class=\"elementor-icon-list-text\">iPhone +iPad +GoPro +DSLR SUPPORT;<\/span>\n\t\t\t\t\t\t\t\t\t<\/li>\n\t\t\t\t\t\t\t\t<li class=\"elementor-icon-list-item\">\n\t\t\t\t\t\t\t\t\t\t\t<span class=\"elementor-icon-list-icon\">\n\t\t\t\t\t\t\t<i aria-hidden=\"true\" class=\"fas fa-check\"><\/i>\t\t\t\t\t\t<\/span>\n\t\t\t\t\t\t\t\t\t\t<span class=\"elementor-icon-list-text\">Profesjonalna lampa pier\u015bcieniowa (\u015aREDNICA ZEWN\u0118TRZNA 30 cm, \u015aREDNICA WEWN\u0118TRZNA 23,5 cm, GRUBO\u015a\u0106 PIER\u015aCIENIA 3,25 cm), wyposa\u017cona w PRZYCISK REGULACJI INTENSYWNO\u015aCI \u015aWIAT\u0141A (10 POZIOM\u00d3W INTENSYWNO\u015aCI), o MOCY 10 W, kt\u00f3ra ma REGULOWAN\u0104 TEMPERATUR\u0118 BARWY (mi\u0119dzy 3000 a 6500 stopni Kelvina) i emituje zar\u00f3wno CIEP\u0141E \u015aWIAT\u0141O, NORMALNE \u015aWIAT\u0141O, jak i ZIMNE \u015aWIAT\u0141O. 184 diody LED (144 STANDARDOWE LED + 40 MAGICZNYCH LED) emituj\u0105 16 KOLOR\u00d3W PODSTAWOWYCH i 17 TRYB\u00d3W EFEKT\u00d3W RGB. Lampa ma pier\u015bcie\u0144 regulowany w zakresie 180 stopni, a kabel USB ma 2 metry.<\/span>\n\t\t\t\t\t\t\t\t\t<\/li>\n\t\t\t\t\t\t\t\t<li class=\"elementor-icon-list-item\">\n\t\t\t\t\t\t\t\t\t\t\t<span class=\"elementor-icon-list-icon\">\n\t\t\t\t\t\t\t<i aria-hidden=\"true\" class=\"fas fa-check\"><\/i>\t\t\t\t\t\t<\/span>\n\t\t\t\t\t\t\t\t\t\t<span class=\"elementor-icon-list-text\">ADAPTER i KABEL ZASILANIA (d\u0142ugo\u015b\u0107 2 metry);<\/span>\n\t\t\t\t\t\t\t\t\t<\/li>\n\t\t\t\t\t\t\t\t<li class=\"elementor-icon-list-item\">\n\t\t\t\t\t\t\t\t\t\t\t<span class=\"elementor-icon-list-icon\">\n\t\t\t\t\t\t\t<i aria-hidden=\"true\" class=\"fas fa-check\"><\/i>\t\t\t\t\t\t<\/span>\n\t\t\t\t\t\t\t\t\t\t<span class=\"elementor-icon-list-text\">SYSTEM O\u015aWIETLENIA AMBIENTNEGO LED RGB, umieszczony u podstawy platformy, odporny na wilgo\u0107, kt\u00f3rego kolory mo\u017cna wybiera\u0107 za pomoc\u0105 ZDALNEGO STEROWANIA. Dzi\u0119ki tej listwie ledowej platforma z \u0142atwo\u015bci\u0105 wpasowuje si\u0119 w \u015brodowisko specyficzne dla wydarze\u0144.<\/span>\n\t\t\t\t\t\t\t\t\t<\/li>\n\t\t\t\t\t\t\t\t<li class=\"elementor-icon-list-item\">\n\t\t\t\t\t\t\t\t\t\t\t<span class=\"elementor-icon-list-icon\">\n\t\t\t\t\t\t\t<i aria-hidden=\"true\" class=\"fas fa-check\"><\/i>\t\t\t\t\t\t<\/span>\n\t\t\t\t\t\t\t\t\t\t<span class=\"elementor-icon-list-text\">WSPORNIKI DO REGULACJI WYSOKO\u015aCI zamocowane u podstawy platformy, kt\u00f3re zwi\u0119kszaj\u0105 poziom STABILNO\u015aCI i BEZPIECZE\u0143STWA. Oczywi\u015bcie, aby unikn\u0105\u0107 niestabilno\u015bci, konieczne jest, aby powierzchnia, na kt\u00f3rej umieszczona jest platforma, by\u0142a prosta, bez nier\u00f3wno\u015bci (zawsze konieczne jest sprawdzenie powierzchni, na kt\u00f3rej zostanie umieszczona platforma).<\/span>\n\t\t\t\t\t\t\t\t\t<\/li>\n\t\t\t\t\t\t\t\t<li class=\"elementor-icon-list-item\">\n\t\t\t\t\t\t\t\t\t\t\t<span class=\"elementor-icon-list-icon\">\n\t\t\t\t\t\t\t<i aria-hidden=\"true\" class=\"fas fa-check\"><\/i>\t\t\t\t\t\t<\/span>\n\t\t\t\t\t\t\t\t\t\t<span class=\"elementor-icon-list-text\">DOSTOSOWANIE platformy za pomoc\u0105 laminowanego kleju z LOGO i danymi u\u017cytkownika;<\/span>\n\t\t\t\t\t\t\t\t\t<\/li>\n\t\t\t\t\t\t\t\t<li class=\"elementor-icon-list-item\">\n\t\t\t\t\t\t\t\t\t\t\t<span class=\"elementor-icon-list-icon\">\n\t\t\t\t\t\t\t<i aria-hidden=\"true\" class=\"fas fa-check\"><\/i>\t\t\t\t\t\t<\/span>\n\t\t\t\t\t\t\t\t\t\t<span class=\"elementor-icon-list-text\">TRANSPARENTNA OCHRONA wykonana z PVC do laminowanych naklejek z logo;<\/span>\n\t\t\t\t\t\t\t\t\t<\/li>\n\t\t\t\t\t\t\t\t<li class=\"elementor-icon-list-item\">\n\t\t\t\t\t\t\t\t\t\t\t<span class=\"elementor-icon-list-icon\">\n\t\t\t\t\t\t\t<i aria-hidden=\"true\" class=\"fas fa-check\"><\/i>\t\t\t\t\t\t<\/span>\n\t\t\t\t\t\t\t\t\t\t<span class=\"elementor-icon-list-text\">OKR\u0104G\u0141Y CZERWONY DYWAN, wykonany z FLANNELU, kt\u00f3ry znajduje si\u0119 pod platform\u0105, aby chroni\u0107 powierzchni\u0119, na kt\u00f3rej jest zamontowany i kt\u00f3ry, maj\u0105c \u015brednic\u0119 nieco wi\u0119ksz\u0105 ni\u017c platforma, przekracza jej kraw\u0119dzie i tworzy kontur, kt\u00f3ry nadaje jej wi\u0119cej elegancji;<\/span>\n\t\t\t\t\t\t\t\t\t<\/li>\n\t\t\t\t\t\t\t\t<li class=\"elementor-icon-list-item\">\n\t\t\t\t\t\t\t\t\t\t\t<span class=\"elementor-icon-list-icon\">\n\t\t\t\t\t\t\t<i aria-hidden=\"true\" class=\"fas fa-check\"><\/i>\t\t\t\t\t\t<\/span>\n\t\t\t\t\t\t\t\t\t\t<span class=\"elementor-icon-list-text\">POKROWIEC OCHRONNY I TRANSPORTOWY WYKONANY Z WODOODPORNEGO MATERIA\u0141U, Z WIELODYSEKCYJNYMI SILIKONOWYMI K\u00d3\u0141KAMI I UCHWYTAMI U\u0141ATWIAJ\u0104CYMI PRZENOSZENIE (MO\u017bLIWA ROZBUDOWA DO WALIZKI LOTNICZEJ: DODATKOWO 300 EURO).<\/span>\n\t\t\t\t\t\t\t\t\t<\/li>\n\t\t\t\t\t\t\t\t<li class=\"elementor-icon-list-item\">\n\t\t\t\t\t\t\t\t\t\t\t<span class=\"elementor-icon-list-icon\">\n\t\t\t\t\t\t\t<i aria-hidden=\"true\" class=\"fas fa-check\"><\/i>\t\t\t\t\t\t<\/span>\n\t\t\t\t\t\t\t\t\t\t<span class=\"elementor-icon-list-text\">INSTRUKCJE U\u017bYTKOWANIA.<\/span>\n\t\t\t\t\t\t\t\t\t<\/li>\n\t\t\t\t\t\t<\/ul>\n\t\t\t\t<\/div>\n\t\t\t\t<\/div>\n\t\t\t\t\t<\/div>\r\n\t\t\t\t<\/div>\r\n\t\t\t\t\t<\/div>\r\n\t\t\t\t<\/section>\r\n\t\t<\/div>\n<p>&nbsp;<\/p>\n<p>Masz r\u00f3wnie\u017c mo\u017cliwo\u015b\u0107 AKTUALIZACJI do &#8222;PE\u0141NEGO <span class=\"Y2IQFc\" lang=\"en\">PAKIETU PLUG &amp; PLAY<\/span>&#8221; &#8211; <a href=\"https:\/\/360photoboothpro.eu\/product\/upgrade-to-full-plug-play-package\/\">ZOBACZ, CO ZAWIERA, szczeg\u00f3\u0142owo na nast\u0119pnej stronie: KLIKNIJ TUTAJ.<\/a><\/p>\n","protected":false},"excerpt":{"rendered":"<p id=\"tw-target-text\" class=\"tw-data-text tw-text-large tw-ta\" dir=\"ltr\" data-placeholder=\"Traducere\"><span class=\"Y2IQFc\" lang=\"en\">Nasza firma znajduje si\u0119 w Rumunii.<br \/>\nWysy\u0142amy produkty z naszego magazynu.<br \/>\nProdukt zostanie wys\u0142any w ci\u0105gu 5-7 dni roboczych.<\/span><\/p>\n","protected":false},"featured_media":12636,"comment_status":"open","ping_status":"closed","template":"","meta":{"_acf_changed":false},"product_cat":[456],"product_tag":[390,392,396,389,382,395,387,398,401,384,402,380],"class_list":{"0":"post-8717","1":"product","2":"type-product","3":"status-publish","4":"has-post-thumbnail","6":"product_cat-360-photo-booth-platforms-pl","7":"product_tag-fotobudka-360","8":"product_tag-fotobudka-360-na-sprzedaz","9":"product_tag-fotobudka-360-obrotow","10":"product_tag-fotobudka-360-stopni","11":"product_tag-kabina-360-na-sprzedaz","12":"product_tag-kabina-do-selfie-360","13":"product_tag-kabina-fotograficzna-z-kamera-360","14":"product_tag-kabina-wideo-360","15":"product_tag-kabina-wideo-360-na-sprzedaz","16":"product_tag-kabina-z-kamera-360","17":"product_tag-obrotowa-budka-fotograficzna","18":"product_tag-stoisko-360","20":"first","21":"instock","22":"taxable","23":"shipping-taxable","24":"purchasable","25":"product-type-simple"},"acf":[],"yoast_head":"<!-- This site is optimized with the Yoast SEO plugin v23.5 - https:\/\/yoast.com\/wordpress\/plugins\/seo\/ -->\n<title>360 Photo Booth PRO - 68cm AUTOMATYCZNE lustro niesko\u0144czono\u015bci (kabina z kamer\u0105 360, kabina wideo 360) - 360PhotoBoothPRO<\/title>\n<meta name=\"description\" content=\"Photo Booth PRO is an online store where you can buy quality 360 Photo Booth PRO - 68cm AUTOMATYCZNE lustro niesko\u0144czono\u015bci (kabina z kamer\u0105 360, kabina wideo 360) at an affordable price. Buy now!\" \/>\n<meta name=\"robots\" content=\"index, follow, max-snippet:-1, max-image-preview:large, max-video-preview:-1\" \/>\n<link rel=\"canonical\" href=\"https:\/\/360photoboothpro.eu\/pl\/produkt\/360-photo-booth-pro-68-cm-automatic-infinity-mirror-360-camera-booth-360-video-booth\/\" \/>\n<meta property=\"og:locale\" content=\"pl_PL\" \/>\n<meta property=\"og:type\" content=\"article\" \/>\n<meta property=\"og:title\" content=\"360 Photo Booth PRO - 68cm AUTOMATYCZNE lustro niesko\u0144czono\u015bci (kabina z kamer\u0105 360, kabina wideo 360) - 360PhotoBoothPRO\" \/>\n<meta property=\"og:description\" content=\"Photo Booth PRO is an online store where you can buy quality 360 Photo Booth PRO - 68cm AUTOMATYCZNE lustro niesko\u0144czono\u015bci (kabina z kamer\u0105 360, kabina wideo 360) at an affordable price. Buy now!\" \/>\n<meta property=\"og:url\" content=\"https:\/\/360photoboothpro.eu\/pl\/produkt\/360-photo-booth-pro-68-cm-automatic-infinity-mirror-360-camera-booth-360-video-booth\/\" \/>\n<meta property=\"og:site_name\" content=\"360PhotoBoothPRO\" \/>\n<meta property=\"article:publisher\" content=\"https:\/\/www.facebook.com\/360PhotoBoothPRO.Canada\/\" \/>\n<meta property=\"article:modified_time\" content=\"2025-07-13T02:36:57+00:00\" \/>\n<meta property=\"og:image\" content=\"https:\/\/360photoboothpro.eu\/wp-content\/uploads\/2023\/04\/360-photo-booth-pro-automatic-infinity-mirror-360-camera-booth-360-video-booth-24-social.jpg\" \/>\n<meta name=\"twitter:card\" content=\"summary_large_image\" \/>\n<script type=\"application\/ld+json\" class=\"yoast-schema-graph\">{\"@context\":\"https:\/\/schema.org\",\"@graph\":[{\"@type\":\"WebPage\",\"@id\":\"https:\/\/360photoboothpro.eu\/pl\/produkt\/360-photo-booth-pro-68-cm-automatic-infinity-mirror-360-camera-booth-360-video-booth\/\",\"url\":\"https:\/\/360photoboothpro.eu\/pl\/produkt\/360-photo-booth-pro-68-cm-automatic-infinity-mirror-360-camera-booth-360-video-booth\/\",\"name\":\"360 Photo Booth PRO - 68cm AUTOMATYCZNE lustro niesko\u0144czono\u015bci (kabina z kamer\u0105 360, kabina wideo 360) - 360PhotoBoothPRO\",\"isPartOf\":{\"@id\":\"https:\/\/360photoboothpro.eu\/pl\/#website\"},\"primaryImageOfPage\":{\"@id\":\"https:\/\/360photoboothpro.eu\/pl\/produkt\/360-photo-booth-pro-68-cm-automatic-infinity-mirror-360-camera-booth-360-video-booth\/#primaryimage\"},\"image\":{\"@id\":\"https:\/\/360photoboothpro.eu\/pl\/produkt\/360-photo-booth-pro-68-cm-automatic-infinity-mirror-360-camera-booth-360-video-booth\/#primaryimage\"},\"thumbnailUrl\":\"https:\/\/360photoboothpro.eu\/wp-content\/uploads\/2023\/04\/360-photo-booth-pro-automatic-infinity-mirror-360-camera-booth-360-video-booth-24.jpg\",\"datePublished\":\"2023-04-11T09:46:00+00:00\",\"dateModified\":\"2025-07-13T02:36:57+00:00\",\"description\":\"Photo Booth PRO is an online store where you can buy quality 360 Photo Booth PRO - 68cm AUTOMATYCZNE lustro niesko\u0144czono\u015bci (kabina z kamer\u0105 360, kabina wideo 360) at an affordable price. Buy now!\",\"breadcrumb\":{\"@id\":\"https:\/\/360photoboothpro.eu\/pl\/produkt\/360-photo-booth-pro-68-cm-automatic-infinity-mirror-360-camera-booth-360-video-booth\/#breadcrumb\"},\"inLanguage\":\"pl-PL\",\"potentialAction\":[{\"@type\":\"ReadAction\",\"target\":[\"https:\/\/360photoboothpro.eu\/pl\/produkt\/360-photo-booth-pro-68-cm-automatic-infinity-mirror-360-camera-booth-360-video-booth\/\"]}]},{\"@type\":\"ImageObject\",\"inLanguage\":\"pl-PL\",\"@id\":\"https:\/\/360photoboothpro.eu\/pl\/produkt\/360-photo-booth-pro-68-cm-automatic-infinity-mirror-360-camera-booth-360-video-booth\/#primaryimage\",\"url\":\"https:\/\/360photoboothpro.eu\/wp-content\/uploads\/2023\/04\/360-photo-booth-pro-automatic-infinity-mirror-360-camera-booth-360-video-booth-24.jpg\",\"contentUrl\":\"https:\/\/360photoboothpro.eu\/wp-content\/uploads\/2023\/04\/360-photo-booth-pro-automatic-infinity-mirror-360-camera-booth-360-video-booth-24.jpg\",\"width\":1000,\"height\":1000,\"caption\":\"360-photo-booth-pro-automatic-infinity-mirror-360-camera-booth-360-video-booth-24\"},{\"@type\":\"BreadcrumbList\",\"@id\":\"https:\/\/360photoboothpro.eu\/pl\/produkt\/360-photo-booth-pro-68-cm-automatic-infinity-mirror-360-camera-booth-360-video-booth\/#breadcrumb\",\"itemListElement\":[{\"@type\":\"ListItem\",\"position\":1,\"name\":\"Home\",\"item\":\"https:\/\/360photoboothpro.eu\/pl\/\"},{\"@type\":\"ListItem\",\"position\":2,\"name\":\"Sklep\",\"item\":\"https:\/\/360photoboothpro.eu\/pl\/sklep\/\"},{\"@type\":\"ListItem\",\"position\":3,\"name\":\"360 Photo Booth PRO &#8211; 68cm AUTOMATYCZNE lustro niesko\u0144czono\u015bci (kabina z kamer\u0105 360, kabina wideo 360)\"}]},{\"@type\":\"WebSite\",\"@id\":\"https:\/\/360photoboothpro.eu\/pl\/#website\",\"url\":\"https:\/\/360photoboothpro.eu\/pl\/\",\"name\":\"360PhotoBoothPRO\",\"description\":\"360PhotoBoothPRO\",\"publisher\":{\"@id\":\"https:\/\/360photoboothpro.eu\/pl\/#organization\"},\"potentialAction\":[{\"@type\":\"SearchAction\",\"target\":{\"@type\":\"EntryPoint\",\"urlTemplate\":\"https:\/\/360photoboothpro.eu\/pl\/?s={search_term_string}\"},\"query-input\":{\"@type\":\"PropertyValueSpecification\",\"valueRequired\":true,\"valueName\":\"search_term_string\"}}],\"inLanguage\":\"pl-PL\"},{\"@type\":\"Organization\",\"@id\":\"https:\/\/360photoboothpro.eu\/pl\/#organization\",\"name\":\"360PhotoBoothPRO\",\"url\":\"https:\/\/360photoboothpro.eu\/pl\/\",\"logo\":{\"@type\":\"ImageObject\",\"inLanguage\":\"pl-PL\",\"@id\":\"https:\/\/360photoboothpro.eu\/pl\/#\/schema\/logo\/image\/\",\"url\":\"https:\/\/360photoboothpro.eu\/wp-content\/uploads\/2023\/03\/logo-360photoboothpro-favicon.png\",\"contentUrl\":\"https:\/\/360photoboothpro.eu\/wp-content\/uploads\/2023\/03\/logo-360photoboothpro-favicon.png\",\"width\":317,\"height\":317,\"caption\":\"360PhotoBoothPRO\"},\"image\":{\"@id\":\"https:\/\/360photoboothpro.eu\/pl\/#\/schema\/logo\/image\/\"},\"sameAs\":[\"https:\/\/www.facebook.com\/360PhotoBoothPRO.Canada\/\"]}]}<\/script>\n<!-- \/ Yoast SEO plugin. -->","yoast_head_json":{"title":"360 Photo Booth PRO - 68cm AUTOMATYCZNE lustro niesko\u0144czono\u015bci (kabina z kamer\u0105 360, kabina wideo 360) - 360PhotoBoothPRO","description":"Photo Booth PRO is an online store where you can buy quality 360 Photo Booth PRO - 68cm AUTOMATYCZNE lustro niesko\u0144czono\u015bci (kabina z kamer\u0105 360, kabina wideo 360) at an affordable price. Buy now!","robots":{"index":"index","follow":"follow","max-snippet":"max-snippet:-1","max-image-preview":"max-image-preview:large","max-video-preview":"max-video-preview:-1"},"canonical":"https:\/\/360photoboothpro.eu\/pl\/produkt\/360-photo-booth-pro-68-cm-automatic-infinity-mirror-360-camera-booth-360-video-booth\/","og_locale":"pl_PL","og_type":"article","og_title":"360 Photo Booth PRO - 68cm AUTOMATYCZNE lustro niesko\u0144czono\u015bci (kabina z kamer\u0105 360, kabina wideo 360) - 360PhotoBoothPRO","og_description":"Photo Booth PRO is an online store where you can buy quality 360 Photo Booth PRO - 68cm AUTOMATYCZNE lustro niesko\u0144czono\u015bci (kabina z kamer\u0105 360, kabina wideo 360) at an affordable price. Buy now!","og_url":"https:\/\/360photoboothpro.eu\/pl\/produkt\/360-photo-booth-pro-68-cm-automatic-infinity-mirror-360-camera-booth-360-video-booth\/","og_site_name":"360PhotoBoothPRO","article_publisher":"https:\/\/www.facebook.com\/360PhotoBoothPRO.Canada\/","article_modified_time":"2025-07-13T02:36:57+00:00","og_image":[{"url":"https:\/\/360photoboothpro.eu\/wp-content\/uploads\/2023\/04\/360-photo-booth-pro-automatic-infinity-mirror-360-camera-booth-360-video-booth-24-social.jpg"}],"twitter_card":"summary_large_image","schema":{"@context":"https:\/\/schema.org","@graph":[{"@type":"WebPage","@id":"https:\/\/360photoboothpro.eu\/pl\/produkt\/360-photo-booth-pro-68-cm-automatic-infinity-mirror-360-camera-booth-360-video-booth\/","url":"https:\/\/360photoboothpro.eu\/pl\/produkt\/360-photo-booth-pro-68-cm-automatic-infinity-mirror-360-camera-booth-360-video-booth\/","name":"360 Photo Booth PRO - 68cm AUTOMATYCZNE lustro niesko\u0144czono\u015bci (kabina z kamer\u0105 360, kabina wideo 360) - 360PhotoBoothPRO","isPartOf":{"@id":"https:\/\/360photoboothpro.eu\/pl\/#website"},"primaryImageOfPage":{"@id":"https:\/\/360photoboothpro.eu\/pl\/produkt\/360-photo-booth-pro-68-cm-automatic-infinity-mirror-360-camera-booth-360-video-booth\/#primaryimage"},"image":{"@id":"https:\/\/360photoboothpro.eu\/pl\/produkt\/360-photo-booth-pro-68-cm-automatic-infinity-mirror-360-camera-booth-360-video-booth\/#primaryimage"},"thumbnailUrl":"https:\/\/360photoboothpro.eu\/wp-content\/uploads\/2023\/04\/360-photo-booth-pro-automatic-infinity-mirror-360-camera-booth-360-video-booth-24.jpg","datePublished":"2023-04-11T09:46:00+00:00","dateModified":"2025-07-13T02:36:57+00:00","description":"Photo Booth PRO is an online store where you can buy quality 360 Photo Booth PRO - 68cm AUTOMATYCZNE lustro niesko\u0144czono\u015bci (kabina z kamer\u0105 360, kabina wideo 360) at an affordable price. Buy now!","breadcrumb":{"@id":"https:\/\/360photoboothpro.eu\/pl\/produkt\/360-photo-booth-pro-68-cm-automatic-infinity-mirror-360-camera-booth-360-video-booth\/#breadcrumb"},"inLanguage":"pl-PL","potentialAction":[{"@type":"ReadAction","target":["https:\/\/360photoboothpro.eu\/pl\/produkt\/360-photo-booth-pro-68-cm-automatic-infinity-mirror-360-camera-booth-360-video-booth\/"]}]},{"@type":"ImageObject","inLanguage":"pl-PL","@id":"https:\/\/360photoboothpro.eu\/pl\/produkt\/360-photo-booth-pro-68-cm-automatic-infinity-mirror-360-camera-booth-360-video-booth\/#primaryimage","url":"https:\/\/360photoboothpro.eu\/wp-content\/uploads\/2023\/04\/360-photo-booth-pro-automatic-infinity-mirror-360-camera-booth-360-video-booth-24.jpg","contentUrl":"https:\/\/360photoboothpro.eu\/wp-content\/uploads\/2023\/04\/360-photo-booth-pro-automatic-infinity-mirror-360-camera-booth-360-video-booth-24.jpg","width":1000,"height":1000,"caption":"360-photo-booth-pro-automatic-infinity-mirror-360-camera-booth-360-video-booth-24"},{"@type":"BreadcrumbList","@id":"https:\/\/360photoboothpro.eu\/pl\/produkt\/360-photo-booth-pro-68-cm-automatic-infinity-mirror-360-camera-booth-360-video-booth\/#breadcrumb","itemListElement":[{"@type":"ListItem","position":1,"name":"Home","item":"https:\/\/360photoboothpro.eu\/pl\/"},{"@type":"ListItem","position":2,"name":"Sklep","item":"https:\/\/360photoboothpro.eu\/pl\/sklep\/"},{"@type":"ListItem","position":3,"name":"360 Photo Booth PRO &#8211; 68cm AUTOMATYCZNE lustro niesko\u0144czono\u015bci (kabina z kamer\u0105 360, kabina wideo 360)"}]},{"@type":"WebSite","@id":"https:\/\/360photoboothpro.eu\/pl\/#website","url":"https:\/\/360photoboothpro.eu\/pl\/","name":"360PhotoBoothPRO","description":"360PhotoBoothPRO","publisher":{"@id":"https:\/\/360photoboothpro.eu\/pl\/#organization"},"potentialAction":[{"@type":"SearchAction","target":{"@type":"EntryPoint","urlTemplate":"https:\/\/360photoboothpro.eu\/pl\/?s={search_term_string}"},"query-input":{"@type":"PropertyValueSpecification","valueRequired":true,"valueName":"search_term_string"}}],"inLanguage":"pl-PL"},{"@type":"Organization","@id":"https:\/\/360photoboothpro.eu\/pl\/#organization","name":"360PhotoBoothPRO","url":"https:\/\/360photoboothpro.eu\/pl\/","logo":{"@type":"ImageObject","inLanguage":"pl-PL","@id":"https:\/\/360photoboothpro.eu\/pl\/#\/schema\/logo\/image\/","url":"https:\/\/360photoboothpro.eu\/wp-content\/uploads\/2023\/03\/logo-360photoboothpro-favicon.png","contentUrl":"https:\/\/360photoboothpro.eu\/wp-content\/uploads\/2023\/03\/logo-360photoboothpro-favicon.png","width":317,"height":317,"caption":"360PhotoBoothPRO"},"image":{"@id":"https:\/\/360photoboothpro.eu\/pl\/#\/schema\/logo\/image\/"},"sameAs":["https:\/\/www.facebook.com\/360PhotoBoothPRO.Canada\/"]}]}},"_links":{"self":[{"href":"https:\/\/360photoboothpro.eu\/pl\/wp-json\/wp\/v2\/product\/8717"}],"collection":[{"href":"https:\/\/360photoboothpro.eu\/pl\/wp-json\/wp\/v2\/product"}],"about":[{"href":"https:\/\/360photoboothpro.eu\/pl\/wp-json\/wp\/v2\/types\/product"}],"replies":[{"embeddable":true,"href":"https:\/\/360photoboothpro.eu\/pl\/wp-json\/wp\/v2\/comments?post=8717"}],"wp:featuredmedia":[{"embeddable":true,"href":"https:\/\/360photoboothpro.eu\/pl\/wp-json\/wp\/v2\/media\/12636"}],"wp:attachment":[{"href":"https:\/\/360photoboothpro.eu\/pl\/wp-json\/wp\/v2\/media?parent=8717"}],"wp:term":[{"taxonomy":"product_cat","embeddable":true,"href":"https:\/\/360photoboothpro.eu\/pl\/wp-json\/wp\/v2\/product_cat?post=8717"},{"taxonomy":"product_tag","embeddable":true,"href":"https:\/\/360photoboothpro.eu\/pl\/wp-json\/wp\/v2\/product_tag?post=8717"}],"curies":[{"name":"wp","href":"https:\/\/api.w.org\/{rel}","templated":true}]}}