{"id":7379,"date":"2023-03-20T07:11:33","date_gmt":"2023-03-20T05:11:33","guid":{"rendered":"https:\/\/360photoboothpro.eu\/politica-de-privacidade\/"},"modified":"2025-03-12T09:23:51","modified_gmt":"2025-03-12T07:23:51","slug":"politica-de-privacidade","status":"publish","type":"page","link":"https:\/\/360photoboothpro.eu\/pt-pt\/politica-de-privacidade\/","title":{"rendered":"Pol\u00edtica de Privacidade"},"content":{"rendered":"\t\t<div data-elementor-type=\"wp-page\" data-elementor-id=\"7379\" class=\"elementor elementor-7379 elementor-3\" data-elementor-post-type=\"page\">\n\t\t\t\t\t\t<section class=\"elementor-section elementor-top-section elementor-element elementor-element-77d2360 elementor-section-boxed elementor-section-height-default elementor-section-height-default\" data-id=\"77d2360\" data-element_type=\"section\">\r\n\t\t\r\n\t\t\t\t\t\t\t<div class=\"elementor-container elementor-column-gap-default\">\r\n\t\t\t\t\t\t\t\t\t\t\t<div class=\"elementor-column elementor-col-100 elementor-top-column elementor-element elementor-element-3bc6d72\" data-id=\"3bc6d72\" data-element_type=\"column\">\r\n\t\t\t\t\t<div class=\"elementor-widget-wrap elementor-element-populated\">\r\n\t\t\t\t\t\t\t\t<div class=\"elementor-element elementor-element-46807c2 elementor-widget elementor-widget-heading\" data-id=\"46807c2\" data-element_type=\"widget\" data-widget_type=\"heading.default\">\n\t\t\t\t<div class=\"elementor-widget-container\">\n\t\t\t<h2 class=\"elementor-heading-title elementor-size-default\">Pol\u00edtica de privacidade<\/h2>\t\t<\/div>\n\t\t\t\t<\/div>\n\t\t\t\t\t<\/div>\r\n\t\t\t\t<\/div>\r\n\t\t\t\t\t<\/div>\r\n\t\t\t\t<\/section>\r\n\t\t\t\t<section class=\"elementor-section elementor-top-section elementor-element elementor-element-234af183 elementor-section-boxed elementor-section-height-default elementor-section-height-default\" data-id=\"234af183\" data-element_type=\"section\">\r\n\t\t\r\n\t\t\t\t\t\t\t<div class=\"elementor-container elementor-column-gap-default\">\r\n\t\t\t\t\t\t\t\t\t\t\t<div class=\"elementor-column elementor-col-100 elementor-top-column elementor-element elementor-element-5cd2b2ea\" data-id=\"5cd2b2ea\" data-element_type=\"column\">\r\n\t\t\t\t\t<div class=\"elementor-widget-wrap elementor-element-populated\">\r\n\t\t\t\t\t\t\t\t<div class=\"elementor-element elementor-element-6f8a2459 elementor-widget elementor-widget-text-editor\" data-id=\"6f8a2459\" data-element_type=\"widget\" data-widget_type=\"text-editor.default\">\n\t\t\t\t<div class=\"elementor-widget-container\">\n\t\t\t\t\t\t\t<h1 class=\"western\"><span style=\"color: #111111;\"><span style=\"font-family: inherit;\"><span style=\"font-size: x-large;\"><b>POL\u00cdTICA DE PRIVACIDADE<\/b><\/span><\/span><\/span><\/h1>\n<p>Novo Best Concept Team SRL<\/p>\n<p>Esta Pol\u00edtica de Privacidade descreve a forma como as suas informa\u00e7\u00f5es pessoais s\u00e3o recolhidas, utilizadas e partilhadas quando visita ou efectua uma compra em https:\/\/360photoboothpro.eu\/ (o &#8220;Site&#8221;).<\/p>\n<p>INFORMA\u00c7\u00d5ES PESSOAIS QUE RECOLHEMOS<\/p>\n<p>Quando visita o S\u00edtio, recolhemos automaticamente determinadas informa\u00e7\u00f5es sobre o seu dispositivo, incluindo informa\u00e7\u00f5es sobre o seu navegador Web, endere\u00e7o IP, fuso hor\u00e1rio e alguns dos cookies instalados no seu dispositivo. Al\u00e9m disso, \u00e0 medida que o utilizador navega no Site, recolhemos informa\u00e7\u00f5es sobre as p\u00e1ginas Web ou produtos individuais que visualiza, que sites ou termos de pesquisa o encaminharam para o Site e informa\u00e7\u00f5es sobre a forma como interage com o Site. Referimo-nos a estas informa\u00e7\u00f5es recolhidas automaticamente como &#8220;Informa\u00e7\u00f5es do dispositivo&#8221;.<\/p>\n<p>Recolhemos Informa\u00e7\u00f5es do dispositivo utilizando as seguintes tecnologias:<\/p>\n<p>&#8211; Os &#8220;cookies&#8221; s\u00e3o ficheiros de dados que s\u00e3o colocados no seu dispositivo ou computador e que incluem frequentemente um identificador \u00fanico an\u00f3nimo. Para mais informa\u00e7\u00f5es sobre cookies e sobre como desactivar os cookies, visite http:\/\/www.allaboutcookies.org.<br \/>&#8211; Os &#8220;ficheiros de registo&#8221; registam as ac\u00e7\u00f5es que ocorrem no Site e recolhem dados, incluindo o seu endere\u00e7o IP, tipo de browser, fornecedor de servi\u00e7os Internet, p\u00e1ginas de refer\u00eancia\/sa\u00edda e carimbos de data\/hora.<br \/>&#8211; Os &#8220;Web beacons&#8221;, &#8220;tags&#8221; e &#8220;pixels&#8221; s\u00e3o ficheiros electr\u00f3nicos utilizados para registar informa\u00e7\u00f5es sobre a forma como o utilizador navega no Site.<\/p>\n<p>Al\u00e9m disso, quando o utilizador faz uma compra ou tenta fazer uma compra atrav\u00e9s do S\u00edtio, recolhemos determinadas informa\u00e7\u00f5es do utilizador, incluindo o seu nome, endere\u00e7o de factura\u00e7\u00e3o, endere\u00e7o de envio, informa\u00e7\u00f5es de pagamento (incluindo n\u00fameros de cart\u00e3o de cr\u00e9dito), endere\u00e7o de correio electr\u00f3nico e n\u00famero de telefone. Referimo-nos a estas informa\u00e7\u00f5es como &#8220;Informa\u00e7\u00f5es da encomenda&#8221;.<\/p>\n<p>Quando falamos de &#8220;Informa\u00e7\u00f5es Pessoais&#8221; nesta Pol\u00edtica de Privacidade, estamos a falar de Informa\u00e7\u00f5es do Dispositivo e de Informa\u00e7\u00f5es da Encomenda.<\/p>\n<p>COMO \u00c9 QUE UTILIZAMOS AS SUAS INFORMA\u00c7\u00d5ES PESSOAIS?<\/p>\n<p>Utilizamos as Informa\u00e7\u00f5es de Encomenda que recolhemos geralmente para cumprir quaisquer encomendas efectuadas atrav\u00e9s do S\u00edtio (incluindo o processamento das suas informa\u00e7\u00f5es de pagamento, a organiza\u00e7\u00e3o do envio e o fornecimento de facturas e\/ou confirma\u00e7\u00f5es de encomendas). Adicionalmente, utilizamos esta Informa\u00e7\u00e3o de Encomenda para:<br \/>Comunicar contigo;<br \/>Verificar as nossas encomendas quanto a potenciais riscos ou fraudes; e<br \/>Quando em linha com as prefer\u00eancias que partilhaste connosco, fornecer-te informa\u00e7\u00e3o ou publicidade relacionada com os nossos produtos ou servi\u00e7os.<\/p>\n<p>Utilizamos as Informa\u00e7\u00f5es do dispositivo que recolhemos para nos ajudar a detectar potenciais riscos e fraudes (em particular, o seu endere\u00e7o IP) e, de uma forma mais geral, para melhorar e optimizar o nosso Site (por exemplo, gerando an\u00e1lises sobre a forma como os nossos clientes navegam e interagem com o Site e para avaliar o sucesso das nossas campanhas de marketing e publicidade).<\/p>\n<p>PARTILHAR AS SUAS INFORMA\u00c7\u00d5ES PESSOAIS<\/p>\n<p>Partilhamos as suas Informa\u00e7\u00f5es Pessoais com terceiros para nos ajudarem a utilizar as suas Informa\u00e7\u00f5es Pessoais, conforme descrito acima. Tamb\u00e9m utilizamos o Google Analytics para nos ajudar a compreender a forma como os nossos clientes utilizam o Site &#8211; pode ler mais sobre a forma como o Google utiliza as suas Informa\u00e7\u00f5es Pessoais aqui: https:\/\/www.google.com\/intl\/en\/policies\/privacy\/. Tamb\u00e9m pode optar por n\u00e3o utilizar o Google Analytics aqui: https:\/\/tools.google.com\/dlpage\/gaoptout.<\/p>\n<p>Por fim, tamb\u00e9m podemos partilhar as suas Informa\u00e7\u00f5es Pessoais para cumprir as leis e regulamentos aplic\u00e1veis, para responder a uma intima\u00e7\u00e3o, mandado de busca ou outro pedido legal de informa\u00e7\u00f5es que recebemos, ou para proteger os nossos direitos.<\/p>\n<p>PUBLICIDADE COMPORTAMENTAL<br \/>Conforme descrito acima, utilizamos as tuas Informa\u00e7\u00f5es Pessoais para te fornecer an\u00fancios direcionados ou comunica\u00e7\u00f5es de marketing que acreditamos serem do teu interesse. Para mais informa\u00e7\u00f5es sobre o funcionamento da publicidade direccionada, pode visitar a p\u00e1gina educativa da Network Advertising Initiative (&#8220;NAI&#8221;) em http:\/\/www.networkadvertising.org\/understanding-online-advertising\/how-does-it-work.<\/p>\n<p>Pode optar por n\u00e3o receber publicidade direccionada:<\/p>\n<p>FACEBOOK &#8211; https:\/\/www.facebook.com\/settings\/?tab=ads<br \/>GOOGLE &#8211; https:\/\/www.google.com\/settings\/ads\/anonymous<br \/>BING &#8211; https:\/\/advertise.bingads.microsoft.com\/en-us\/resources\/policies\/personalized-ads<\/p>\n<p>Al\u00e9m disso, o utilizador pode optar por n\u00e3o participar em alguns destes servi\u00e7os visitando o portal de exclus\u00e3o da Digital Advertising Alliance em: http:\/\/optout.aboutads.info\/.<\/p>\n<p>N\u00c3O RASTREAR<br \/>Tem em aten\u00e7\u00e3o que n\u00e3o alteramos as pr\u00e1ticas de recolha e utiliza\u00e7\u00e3o de dados do nosso Site quando vemos um sinal de N\u00e3o Rastrear do teu browser.<\/p>\n<p>OS TEUS DIREITOS<br \/>Se fores um residente europeu, tens o direito de aceder \u00e0s informa\u00e7\u00f5es pessoais que temos sobre ti e de pedir que as tuas informa\u00e7\u00f5es pessoais sejam corrigidas, actualizadas ou eliminadas. Se pretenderes exercer este direito, contacta-nos atrav\u00e9s das informa\u00e7\u00f5es de contacto abaixo.<br \/>Al\u00e9m disso, se fores um residente europeu, notamos que estamos a processar as tuas informa\u00e7\u00f5es para cumprir contratos que possamos ter contigo (por exemplo, se fizeres uma encomenda atrav\u00e9s do S\u00edtio) ou para prosseguir os nossos interesses comerciais leg\u00edtimos acima indicados.  Al\u00e9m disso, tenha em aten\u00e7\u00e3o que as suas informa\u00e7\u00f5es ser\u00e3o transferidas para fora da Europa, incluindo para o Canad\u00e1 e os Estados Unidos.<\/p>\n<p>RETEN\u00c7\u00c3O DE DADOS<br \/>Quando fizeres uma encomenda atrav\u00e9s do Site, manteremos a tua Informa\u00e7\u00e3o de Encomenda nos nossos registos, a menos que e at\u00e9 que nos pe\u00e7as para apagar essa informa\u00e7\u00e3o.<\/p>\n<p>ALTERA\u00c7\u00d5ES<br \/>Podemos atualizar esta pol\u00edtica de privacidade de tempos a tempos para refletir, por exemplo, altera\u00e7\u00f5es \u00e0s nossas pr\u00e1ticas ou por outras raz\u00f5es operacionais, legais ou regulamentares.<br \/>CONTACTE-NOS<br \/>Para mais informa\u00e7\u00f5es sobre as nossas pr\u00e1ticas de privacidade, se tiveres d\u00favidas ou se quiseres fazer uma reclama\u00e7\u00e3o, contacta-nos por e-mail para contact@360photoboothpro.eu ou por correio, utilizando os detalhes fornecidos abaixo:<\/p>\n<p>Bucuresti, Calea Mosilor, nr. 88, sc. F, ap. 82, Setor 3, Rom\u00e9nia  <\/p>\n\t\t\t\t\t\t<\/div>\n\t\t\t\t<\/div>\n\t\t\t\t\t<\/div>\r\n\t\t\t\t<\/div>\r\n\t\t\t\t\t<\/div>\r\n\t\t\t\t<\/section>\r\n\t\t\t\t<\/div>\n\t\t","protected":false},"excerpt":{"rendered":"<p>Pol\u00edtica de privacidade POL\u00cdTICA DE PRIVACIDADE Novo Best Concept Team SRL Esta Pol\u00edtica de Privacidade descreve a forma como as suas informa\u00e7\u00f5es pessoais s\u00e3o recolhidas, utilizadas e partilhadas quando visita ou efectua uma compra em https:\/\/360photoboothpro.eu\/ (o &#8220;Site&#8221;). INFORMA\u00c7\u00d5ES PESSOAIS QUE RECOLHEMOS Quando visita o S\u00edtio, recolhemos automaticamente determinadas informa\u00e7\u00f5es sobre o seu dispositivo, incluindo [&hellip;]<\/p>\n","protected":false},"author":1,"featured_media":0,"parent":0,"menu_order":0,"comment_status":"closed","ping_status":"open","template":"elementor_header_footer","meta":{"_acf_changed":false,"footnotes":""},"class_list":["post-7379","page","type-page","status-publish","hentry"],"acf":[],"yoast_head":"<!-- This site is optimized with the Yoast SEO plugin v23.5 - https:\/\/yoast.com\/wordpress\/plugins\/seo\/ -->\n<title>Pol\u00edtica de Privacidade - 360PhotoBoothPRO<\/title>\n<meta name=\"description\" content=\"A prote\u00e7\u00e3o da sua privacidade \u00e9 importante. Leia a nossa Pol\u00edtica de Privacidade transparente em 360 Photo Booth Pro. Confie em n\u00f3s para uma experi\u00eancia online segura.\" \/>\n<meta name=\"robots\" content=\"index, follow, max-snippet:-1, max-image-preview:large, max-video-preview:-1\" \/>\n<link rel=\"canonical\" href=\"https:\/\/360photoboothpro.eu\/pt-pt\/politica-de-privacidade\/\" \/>\n<meta property=\"og:locale\" content=\"pt_PT\" \/>\n<meta property=\"og:type\" content=\"article\" \/>\n<meta property=\"og:title\" content=\"Pol\u00edtica de Privacidade - 360PhotoBoothPRO\" \/>\n<meta property=\"og:description\" content=\"A prote\u00e7\u00e3o da sua privacidade \u00e9 importante. Leia a nossa Pol\u00edtica de Privacidade transparente em 360 Photo Booth Pro. Confie em n\u00f3s para uma experi\u00eancia online segura.\" \/>\n<meta property=\"og:url\" content=\"https:\/\/360photoboothpro.eu\/pt-pt\/politica-de-privacidade\/\" \/>\n<meta property=\"og:site_name\" content=\"360PhotoBoothPRO\" \/>\n<meta property=\"article:publisher\" content=\"https:\/\/www.facebook.com\/360PhotoBoothPRO.Canada\/\" \/>\n<meta property=\"article:modified_time\" content=\"2025-03-12T07:23:51+00:00\" \/>\n<meta name=\"twitter:card\" content=\"summary_large_image\" \/>\n<meta name=\"twitter:label1\" content=\"Tempo estimado de leitura\" \/>\n\t<meta name=\"twitter:data1\" content=\"5 minutos\" \/>\n<script type=\"application\/ld+json\" class=\"yoast-schema-graph\">{\"@context\":\"https:\/\/schema.org\",\"@graph\":[{\"@type\":\"WebPage\",\"@id\":\"https:\/\/360photoboothpro.eu\/pt-pt\/politica-de-privacidade\/\",\"url\":\"https:\/\/360photoboothpro.eu\/pt-pt\/politica-de-privacidade\/\",\"name\":\"Pol\u00edtica de Privacidade - 360PhotoBoothPRO\",\"isPartOf\":{\"@id\":\"https:\/\/360photoboothpro.eu\/pt-pt\/#website\"},\"datePublished\":\"2023-03-20T05:11:33+00:00\",\"dateModified\":\"2025-03-12T07:23:51+00:00\",\"description\":\"A prote\u00e7\u00e3o da sua privacidade \u00e9 importante. Leia a nossa Pol\u00edtica de Privacidade transparente em 360 Photo Booth Pro. Confie em n\u00f3s para uma experi\u00eancia online segura.\",\"breadcrumb\":{\"@id\":\"https:\/\/360photoboothpro.eu\/pt-pt\/politica-de-privacidade\/#breadcrumb\"},\"inLanguage\":\"pt-PT\",\"potentialAction\":[{\"@type\":\"ReadAction\",\"target\":[\"https:\/\/360photoboothpro.eu\/pt-pt\/politica-de-privacidade\/\"]}]},{\"@type\":\"BreadcrumbList\",\"@id\":\"https:\/\/360photoboothpro.eu\/pt-pt\/politica-de-privacidade\/#breadcrumb\",\"itemListElement\":[{\"@type\":\"ListItem\",\"position\":1,\"name\":\"Home\",\"item\":\"https:\/\/360photoboothpro.eu\/pt-pt\/\"},{\"@type\":\"ListItem\",\"position\":2,\"name\":\"Pol\u00edtica de Privacidade\"}]},{\"@type\":\"WebSite\",\"@id\":\"https:\/\/360photoboothpro.eu\/pt-pt\/#website\",\"url\":\"https:\/\/360photoboothpro.eu\/pt-pt\/\",\"name\":\"360PhotoBoothPRO\",\"description\":\"360PhotoBoothPRO\",\"publisher\":{\"@id\":\"https:\/\/360photoboothpro.eu\/pt-pt\/#organization\"},\"potentialAction\":[{\"@type\":\"SearchAction\",\"target\":{\"@type\":\"EntryPoint\",\"urlTemplate\":\"https:\/\/360photoboothpro.eu\/pt-pt\/?s={search_term_string}\"},\"query-input\":{\"@type\":\"PropertyValueSpecification\",\"valueRequired\":true,\"valueName\":\"search_term_string\"}}],\"inLanguage\":\"pt-PT\"},{\"@type\":\"Organization\",\"@id\":\"https:\/\/360photoboothpro.eu\/pt-pt\/#organization\",\"name\":\"360PhotoBoothPRO\",\"url\":\"https:\/\/360photoboothpro.eu\/pt-pt\/\",\"logo\":{\"@type\":\"ImageObject\",\"inLanguage\":\"pt-PT\",\"@id\":\"https:\/\/360photoboothpro.eu\/pt-pt\/#\/schema\/logo\/image\/\",\"url\":\"https:\/\/360photoboothpro.eu\/wp-content\/uploads\/2023\/03\/logo-360photoboothpro-favicon.png\",\"contentUrl\":\"https:\/\/360photoboothpro.eu\/wp-content\/uploads\/2023\/03\/logo-360photoboothpro-favicon.png\",\"width\":317,\"height\":317,\"caption\":\"360PhotoBoothPRO\"},\"image\":{\"@id\":\"https:\/\/360photoboothpro.eu\/pt-pt\/#\/schema\/logo\/image\/\"},\"sameAs\":[\"https:\/\/www.facebook.com\/360PhotoBoothPRO.Canada\/\"]}]}<\/script>\n<!-- \/ Yoast SEO plugin. -->","yoast_head_json":{"title":"Pol\u00edtica de Privacidade - 360PhotoBoothPRO","description":"A prote\u00e7\u00e3o da sua privacidade \u00e9 importante. Leia a nossa Pol\u00edtica de Privacidade transparente em 360 Photo Booth Pro. Confie em n\u00f3s para uma experi\u00eancia online segura.","robots":{"index":"index","follow":"follow","max-snippet":"max-snippet:-1","max-image-preview":"max-image-preview:large","max-video-preview":"max-video-preview:-1"},"canonical":"https:\/\/360photoboothpro.eu\/pt-pt\/politica-de-privacidade\/","og_locale":"pt_PT","og_type":"article","og_title":"Pol\u00edtica de Privacidade - 360PhotoBoothPRO","og_description":"A prote\u00e7\u00e3o da sua privacidade \u00e9 importante. Leia a nossa Pol\u00edtica de Privacidade transparente em 360 Photo Booth Pro. Confie em n\u00f3s para uma experi\u00eancia online segura.","og_url":"https:\/\/360photoboothpro.eu\/pt-pt\/politica-de-privacidade\/","og_site_name":"360PhotoBoothPRO","article_publisher":"https:\/\/www.facebook.com\/360PhotoBoothPRO.Canada\/","article_modified_time":"2025-03-12T07:23:51+00:00","twitter_card":"summary_large_image","twitter_misc":{"Tempo estimado de leitura":"5 minutos"},"schema":{"@context":"https:\/\/schema.org","@graph":[{"@type":"WebPage","@id":"https:\/\/360photoboothpro.eu\/pt-pt\/politica-de-privacidade\/","url":"https:\/\/360photoboothpro.eu\/pt-pt\/politica-de-privacidade\/","name":"Pol\u00edtica de Privacidade - 360PhotoBoothPRO","isPartOf":{"@id":"https:\/\/360photoboothpro.eu\/pt-pt\/#website"},"datePublished":"2023-03-20T05:11:33+00:00","dateModified":"2025-03-12T07:23:51+00:00","description":"A prote\u00e7\u00e3o da sua privacidade \u00e9 importante. Leia a nossa Pol\u00edtica de Privacidade transparente em 360 Photo Booth Pro. Confie em n\u00f3s para uma experi\u00eancia online segura.","breadcrumb":{"@id":"https:\/\/360photoboothpro.eu\/pt-pt\/politica-de-privacidade\/#breadcrumb"},"inLanguage":"pt-PT","potentialAction":[{"@type":"ReadAction","target":["https:\/\/360photoboothpro.eu\/pt-pt\/politica-de-privacidade\/"]}]},{"@type":"BreadcrumbList","@id":"https:\/\/360photoboothpro.eu\/pt-pt\/politica-de-privacidade\/#breadcrumb","itemListElement":[{"@type":"ListItem","position":1,"name":"Home","item":"https:\/\/360photoboothpro.eu\/pt-pt\/"},{"@type":"ListItem","position":2,"name":"Pol\u00edtica de Privacidade"}]},{"@type":"WebSite","@id":"https:\/\/360photoboothpro.eu\/pt-pt\/#website","url":"https:\/\/360photoboothpro.eu\/pt-pt\/","name":"360PhotoBoothPRO","description":"360PhotoBoothPRO","publisher":{"@id":"https:\/\/360photoboothpro.eu\/pt-pt\/#organization"},"potentialAction":[{"@type":"SearchAction","target":{"@type":"EntryPoint","urlTemplate":"https:\/\/360photoboothpro.eu\/pt-pt\/?s={search_term_string}"},"query-input":{"@type":"PropertyValueSpecification","valueRequired":true,"valueName":"search_term_string"}}],"inLanguage":"pt-PT"},{"@type":"Organization","@id":"https:\/\/360photoboothpro.eu\/pt-pt\/#organization","name":"360PhotoBoothPRO","url":"https:\/\/360photoboothpro.eu\/pt-pt\/","logo":{"@type":"ImageObject","inLanguage":"pt-PT","@id":"https:\/\/360photoboothpro.eu\/pt-pt\/#\/schema\/logo\/image\/","url":"https:\/\/360photoboothpro.eu\/wp-content\/uploads\/2023\/03\/logo-360photoboothpro-favicon.png","contentUrl":"https:\/\/360photoboothpro.eu\/wp-content\/uploads\/2023\/03\/logo-360photoboothpro-favicon.png","width":317,"height":317,"caption":"360PhotoBoothPRO"},"image":{"@id":"https:\/\/360photoboothpro.eu\/pt-pt\/#\/schema\/logo\/image\/"},"sameAs":["https:\/\/www.facebook.com\/360PhotoBoothPRO.Canada\/"]}]}},"_links":{"self":[{"href":"https:\/\/360photoboothpro.eu\/pt-pt\/wp-json\/wp\/v2\/pages\/7379"}],"collection":[{"href":"https:\/\/360photoboothpro.eu\/pt-pt\/wp-json\/wp\/v2\/pages"}],"about":[{"href":"https:\/\/360photoboothpro.eu\/pt-pt\/wp-json\/wp\/v2\/types\/page"}],"author":[{"embeddable":true,"href":"https:\/\/360photoboothpro.eu\/pt-pt\/wp-json\/wp\/v2\/users\/1"}],"replies":[{"embeddable":true,"href":"https:\/\/360photoboothpro.eu\/pt-pt\/wp-json\/wp\/v2\/comments?post=7379"}],"version-history":[{"count":2,"href":"https:\/\/360photoboothpro.eu\/pt-pt\/wp-json\/wp\/v2\/pages\/7379\/revisions"}],"predecessor-version":[{"id":14673,"href":"https:\/\/360photoboothpro.eu\/pt-pt\/wp-json\/wp\/v2\/pages\/7379\/revisions\/14673"}],"wp:attachment":[{"href":"https:\/\/360photoboothpro.eu\/pt-pt\/wp-json\/wp\/v2\/media?parent=7379"}],"curies":[{"name":"wp","href":"https:\/\/api.w.org\/{rel}","templated":true}]}}