{"id":7566,"date":"2023-03-31T13:30:47","date_gmt":"2023-03-31T11:30:47","guid":{"rendered":"https:\/\/360photoboothpro.eu\/politica-de-devolucoes-e-reembolsos\/"},"modified":"2024-08-06T09:18:33","modified_gmt":"2024-08-06T07:18:33","slug":"politica-de-devolucoes-e-reembolsos","status":"publish","type":"page","link":"https:\/\/360photoboothpro.eu\/pt-pt\/politica-de-devolucoes-e-reembolsos\/","title":{"rendered":"Pol\u00edtica de devolu\u00e7\u00f5es e reembolsos"},"content":{"rendered":"\t\t<div data-elementor-type=\"wp-page\" data-elementor-id=\"7566\" class=\"elementor elementor-7566 elementor-3802\" data-elementor-post-type=\"page\">\n\t\t\t\t\t\t<section class=\"elementor-section elementor-top-section elementor-element elementor-element-2178fa8 elementor-section-boxed elementor-section-height-default elementor-section-height-default\" data-id=\"2178fa8\" data-element_type=\"section\">\r\n\t\t\r\n\t\t\t\t\t\t\t<div class=\"elementor-container elementor-column-gap-default\">\r\n\t\t\t\t\t\t\t\t\t\t\t<div class=\"elementor-column elementor-col-100 elementor-top-column elementor-element elementor-element-61f3c36\" data-id=\"61f3c36\" data-element_type=\"column\">\r\n\t\t\t\t\t<div class=\"elementor-widget-wrap elementor-element-populated\">\r\n\t\t\t\t\t\t\t\t<div class=\"elementor-element elementor-element-fb8d3b0 elementor-widget elementor-widget-heading\" data-id=\"fb8d3b0\" data-element_type=\"widget\" data-widget_type=\"heading.default\">\n\t\t\t\t<div class=\"elementor-widget-container\">\n\t\t\t<h2 class=\"elementor-heading-title elementor-size-default\">POL\u00cdTICA DE DEVOLU\u00c7\u00d5ES E REEMBOLSOS<\/h2>\t\t<\/div>\n\t\t\t\t<\/div>\n\t\t\t\t\t<\/div>\r\n\t\t\t\t<\/div>\r\n\t\t\t\t\t<\/div>\r\n\t\t\t\t<\/section>\r\n\t\t\t\t<section class=\"elementor-section elementor-top-section elementor-element elementor-element-28581d1 elementor-section-boxed elementor-section-height-default elementor-section-height-default\" data-id=\"28581d1\" data-element_type=\"section\">\r\n\t\t\r\n\t\t\t\t\t\t\t<div class=\"elementor-container elementor-column-gap-default\">\r\n\t\t\t\t\t\t\t\t\t\t\t<div class=\"elementor-column elementor-col-50 elementor-top-column elementor-element elementor-element-2c90472\" data-id=\"2c90472\" data-element_type=\"column\">\r\n\t\t\t\t\t<div class=\"elementor-widget-wrap elementor-element-populated\">\r\n\t\t\t\t\t\t\t\t<div class=\"elementor-element elementor-element-7b74c01 elementor-widget elementor-widget-text-editor\" data-id=\"7b74c01\" data-element_type=\"widget\" data-widget_type=\"text-editor.default\">\n\t\t\t\t<div class=\"elementor-widget-container\">\n\t\t\t\t\t\t\t<p>Temos uma pol\u00edtica de devolu\u00e7\u00e3o de 14 dias, o que significa que tem 14 dias ap\u00f3s a rece\u00e7\u00e3o do artigo para solicitar uma devolu\u00e7\u00e3o.<\/p>\n<p>S\u00f3 aceitamos devolu\u00e7\u00f5es de produtos n\u00e3o utilizados ou de produtos que possam ter sido danificados durante o transporte da nossa parte para o cliente.<\/p>\n<p>Se pretender devolver um produto n\u00e3o utilizado (qualquer 360 Photo Booth Pro, qualquer acess\u00f3rio ou outro) comprado no nosso s\u00edtio Web, teremos todo o gosto em reembols\u00e1-lo ou ajud\u00e1-lo a trocar o produto por um modelo diferente dispon\u00edvel no nosso s\u00edtio Web.<\/p>\n<p>Os custos de envio em caso de devolu\u00e7\u00e3o de um produto ser\u00e3o suportados pelo utilizador. Depois de nos informar sobre uma devolu\u00e7\u00e3o, enviar-lhe-emos por correio eletr\u00f3nico instru\u00e7\u00f5es sobre como e para onde enviar a sua encomenda.<\/p>\n<p>Note-se que os produtos de substitui\u00e7\u00e3o est\u00e3o sujeitos a disponibilidade. Faremos o nosso melhor para corresponder \u00e0s especifica\u00e7\u00f5es do produto que adquiriu originalmente ou oferecer-lhe uma substitui\u00e7\u00e3o compar\u00e1vel.<\/p>\n<p>Para iniciar uma devolu\u00e7\u00e3o, preencha e envie o formul\u00e1rio de devolu\u00e7\u00e3o nesta p\u00e1gina ou envie-nos uma mensagem de correio eletr\u00f3nico para contact@360photoboothpro.eu.<\/p>\n<p>Se a sua devolu\u00e7\u00e3o for aceite, enviar-lhe-emos instru\u00e7\u00f5es sobre como e para onde enviar a sua encomenda. Os artigos devolvidos sem pedido pr\u00e9vio de devolu\u00e7\u00e3o n\u00e3o ser\u00e3o aceites.<\/p>\n<p>Pode sempre contactar-nos para qualquer quest\u00e3o relativa \u00e0 devolu\u00e7\u00e3o em contact@360photoboothpro.eu<\/p>\n<p><strong>DANOS E QUEST\u00d5ES<\/strong><\/p>\n<p>Por favor, inspeccione a sua encomenda ap\u00f3s a recep\u00e7\u00e3o e contacte-nos nas primeiras 72 horas ap\u00f3s a recep\u00e7\u00e3o, se o artigo estiver defeituoso, danificado ou se tiver recebido o artigo errado, para que possamos avaliar o problema e corrigi-lo.<\/p>\n<p>Neste caso, pode enviar-nos um e-mail para contact@photoboothpro.eu ou pode telefonar-nos para (+40)761140547 entre as 09:00 &#8211; 17:00 de segunda a sexta-feira.<\/p>\n<p>\u00c0 sua escolha, pode receber um reembolso total no prazo m\u00e1ximo de 5 dias \u00fateis ap\u00f3s a recep\u00e7\u00e3o do produto, ou podemos enviar-lhe outro produto com as mesmas especifica\u00e7\u00f5es sem custos para si.<\/p>\n<p><strong>TROCAS<\/strong><\/p>\n<p>A forma mais r\u00e1pida de garantir que obt\u00e9m o que pretende \u00e9 devolver o artigo que tem e, assim que a devolu\u00e7\u00e3o for aceite, fazer uma compra separada para o novo artigo.<\/p>\n<p>Se pretender trocar um produto, siga as instru\u00e7\u00f5es apresentadas nesta p\u00e1gina. Basta informar-nos atrav\u00e9s de um formul\u00e1rio de devolu\u00e7\u00e3o (o formul\u00e1rio de devolu\u00e7\u00e3o \u00e9 colocado nesta p\u00e1gina) ou enviar-nos um e-mail para contact@360photoboothpro.eu.<\/p>\n<p><strong>REEMBOLSOS<\/strong><\/p>\n<p>Iremos notific\u00e1-lo assim que recebermos e inspeccionarmos a sua devolu\u00e7\u00e3o e inform\u00e1-lo-emos se o reembolso foi aprovado ou n\u00e3o. Se for aprovado, ser\u00e1 automaticamente reembolsado na sua conta preenchida no formul\u00e1rio de devolu\u00e7\u00e3o, num prazo m\u00e1ximo de 5 dias \u00fateis. N\u00e3o se esque\u00e7a de que pode demorar algum tempo at\u00e9 que o seu banco ou a empresa do cart\u00e3o de cr\u00e9dito processem e publiquem o reembolso.<\/p>\n<p>O montante do reembolso ser\u00e1 calculado como &#8220;o total dos produtos menos uma taxa de reabastecimento de 15%&#8221; para os produtos devolvidos.<\/p>\n\t\t\t\t\t\t<\/div>\n\t\t\t\t<\/div>\n\t\t\t\t\t<\/div>\r\n\t\t\t\t<\/div>\r\n\t\t\t\t<div class=\"elementor-column elementor-col-50 elementor-top-column elementor-element elementor-element-048a712\" data-id=\"048a712\" data-element_type=\"column\">\r\n\t\t\t\t\t<div class=\"elementor-widget-wrap elementor-element-populated\">\r\n\t\t\t\t\t\t\t\t<div class=\"elementor-element elementor-element-f57c798 elementor-widget elementor-widget-heading\" data-id=\"f57c798\" data-element_type=\"widget\" data-widget_type=\"heading.default\">\n\t\t\t\t<div class=\"elementor-widget-container\">\n\t\t\t<h2 class=\"elementor-heading-title elementor-size-default\">FORMUL\u00c1RIO DE DEVOLU\u00c7\u00c3O<\/h2>\t\t<\/div>\n\t\t\t\t<\/div>\n\t\t\t\t<div class=\"elementor-element elementor-element-62bcc50 elementor-widget elementor-widget-shortcode\" data-id=\"62bcc50\" data-element_type=\"widget\" data-widget_type=\"shortcode.default\">\n\t\t\t\t<div class=\"elementor-widget-container\">\n\t\t\t\t\t<div class=\"elementor-shortcode\"><div class=\"wpforms-container wpforms-container-full\" id=\"wpforms-3837\"><form id=\"wpforms-form-3837\" class=\"wpforms-validate wpforms-form wpforms-ajax-form\" data-formid=\"3837\" method=\"post\" enctype=\"multipart\/form-data\" action=\"\/pt-pt\/wp-json\/wp\/v2\/pages\/7566\" data-token=\"ce6fa998d60144c4646034dc8d37aa00\" data-token-time=\"1777637627\"><noscript class=\"wpforms-error-noscript\">Please enable JavaScript in your browser to complete this form.<\/noscript><div class=\"wpforms-field-container\"><div id=\"wpforms-3837-field_1-container\" class=\"wpforms-field wpforms-field-text\" data-field-id=\"1\"><label class=\"wpforms-field-label\" for=\"wpforms-3837-field_1\">Customer name <span class=\"wpforms-required-label\">*<\/span><\/label><input type=\"text\" id=\"wpforms-3837-field_1\" class=\"wpforms-field-medium wpforms-field-required\" name=\"wpforms[fields][1]\" required><\/div><div id=\"wpforms-3837-field_2-container\" class=\"wpforms-field wpforms-field-text\" data-field-id=\"2\"><label class=\"wpforms-field-label\" for=\"wpforms-3837-field_2\">Customer phone number <span class=\"wpforms-required-label\">*<\/span><\/label><input type=\"text\" id=\"wpforms-3837-field_2\" class=\"wpforms-field-medium wpforms-field-required\" name=\"wpforms[fields][2]\" required><\/div><div id=\"wpforms-3837-field_3-container\" class=\"wpforms-field wpforms-field-email\" data-field-id=\"3\"><label class=\"wpforms-field-label\" for=\"wpforms-3837-field_3\">Email <span class=\"wpforms-required-label\">*<\/span><\/label><input type=\"email\" id=\"wpforms-3837-field_3\" class=\"wpforms-field-medium wpforms-field-required\" name=\"wpforms[fields][3]\" spellcheck=\"false\" required><\/div><div id=\"wpforms-3837-field_4-container\" class=\"wpforms-field wpforms-field-text\" data-field-id=\"4\"><label class=\"wpforms-field-label\" for=\"wpforms-3837-field_4\">Order number <span class=\"wpforms-required-label\">*<\/span><\/label><input type=\"text\" id=\"wpforms-3837-field_4\" class=\"wpforms-field-medium wpforms-field-required\" name=\"wpforms[fields][4]\" required><\/div><div id=\"wpforms-3837-field_5-container\" class=\"wpforms-field wpforms-field-text\" data-field-id=\"5\"><label class=\"wpforms-field-label\" for=\"wpforms-3837-field_5\">Your account number: (we will send your money back in this account) <span class=\"wpforms-required-label\">*<\/span><\/label><input type=\"text\" id=\"wpforms-3837-field_5\" class=\"wpforms-field-medium wpforms-field-required\" name=\"wpforms[fields][5]\" required><\/div><div id=\"wpforms-3837-field_6-container\" class=\"wpforms-field wpforms-field-text\" data-field-id=\"6\"><label class=\"wpforms-field-label\" for=\"wpforms-3837-field_6\">Bank: <span class=\"wpforms-required-label\">*<\/span><\/label><input type=\"text\" id=\"wpforms-3837-field_6\" class=\"wpforms-field-medium wpforms-field-required\" name=\"wpforms[fields][6]\" required><\/div><div id=\"wpforms-3837-field_7-container\" class=\"wpforms-field wpforms-field-text\" data-field-id=\"7\"><label class=\"wpforms-field-label\" for=\"wpforms-3837-field_7\">Account owner (must be the same as the client): <span class=\"wpforms-required-label\">*<\/span><\/label><input type=\"text\" id=\"wpforms-3837-field_7\" class=\"wpforms-field-medium wpforms-field-required\" name=\"wpforms[fields][7]\" required><\/div><\/div><!-- .wpforms-field-container --><div class=\"wpforms-submit-container\" ><input type=\"hidden\" name=\"wpforms[id]\" value=\"3837\"><input type=\"hidden\" name=\"page_title\" value=\"\"><input type=\"hidden\" name=\"page_url\" value=\"https:\/\/360photoboothpro.eu\/pt-pt\/wp-json\/wp\/v2\/pages\/7566\"><button type=\"submit\" name=\"wpforms[submit]\" id=\"wpforms-submit-3837\" class=\"wpforms-submit\" data-alt-text=\"Sending...\" data-submit-text=\"Submit\" aria-live=\"assertive\" value=\"wpforms-submit\">Submit<\/button><img decoding=\"async\" src=\"https:\/\/360photoboothpro.eu\/wp-content\/plugins\/wpforms-lite\/assets\/images\/submit-spin.svg\" class=\"wpforms-submit-spinner\" style=\"display: none;\" width=\"26\" height=\"26\" alt=\"Loading\"><\/div><\/form><\/div>  <!-- .wpforms-container --><\/div>\n\t\t\t\t<\/div>\n\t\t\t\t<\/div>\n\t\t\t\t\t<\/div>\r\n\t\t\t\t<\/div>\r\n\t\t\t\t\t<\/div>\r\n\t\t\t\t<\/section>\r\n\t\t\t\t<\/div>\n\t\t","protected":false},"excerpt":{"rendered":"<p>POL\u00cdTICA DE DEVOLU\u00c7\u00d5ES E REEMBOLSOS Temos uma pol\u00edtica de devolu\u00e7\u00e3o de 14 dias, o que significa que tem 14 dias ap\u00f3s a rece\u00e7\u00e3o do artigo para solicitar uma devolu\u00e7\u00e3o. S\u00f3 aceitamos devolu\u00e7\u00f5es de produtos n\u00e3o utilizados ou de produtos que possam ter sido danificados durante o transporte da nossa parte para o cliente. Se pretender [&hellip;]<\/p>\n","protected":false},"author":1,"featured_media":0,"parent":0,"menu_order":0,"comment_status":"closed","ping_status":"closed","template":"elementor_header_footer","meta":{"_acf_changed":false,"footnotes":""},"class_list":["post-7566","page","type-page","status-publish","hentry"],"acf":[],"yoast_head":"<!-- This site is optimized with the Yoast SEO plugin v23.5 - https:\/\/yoast.com\/wordpress\/plugins\/seo\/ -->\n<title>Pol\u00edtica de devolu\u00e7\u00f5es e reembolsos - 360PhotoBoothPRO<\/title>\n<meta name=\"description\" content=\"Explore a nossa Pol\u00edtica de Devolu\u00e7\u00f5es e Reembolsos sem complica\u00e7\u00f5es. A sua satisfa\u00e7\u00e3o \u00e9 a nossa prioridade. Confie na 360 Photo Booth Pro para uma experi\u00eancia de compra segura.\" \/>\n<meta name=\"robots\" content=\"index, follow, max-snippet:-1, max-image-preview:large, max-video-preview:-1\" \/>\n<link rel=\"canonical\" href=\"https:\/\/360photoboothpro.eu\/pt-pt\/politica-de-devolucoes-e-reembolsos\/\" \/>\n<meta property=\"og:locale\" content=\"pt_PT\" \/>\n<meta property=\"og:type\" content=\"article\" \/>\n<meta property=\"og:title\" content=\"Pol\u00edtica de devolu\u00e7\u00f5es e reembolsos - 360PhotoBoothPRO\" \/>\n<meta property=\"og:description\" content=\"Explore a nossa Pol\u00edtica de Devolu\u00e7\u00f5es e Reembolsos sem complica\u00e7\u00f5es. A sua satisfa\u00e7\u00e3o \u00e9 a nossa prioridade. Confie na 360 Photo Booth Pro para uma experi\u00eancia de compra segura.\" \/>\n<meta property=\"og:url\" content=\"https:\/\/360photoboothpro.eu\/pt-pt\/politica-de-devolucoes-e-reembolsos\/\" \/>\n<meta property=\"og:site_name\" content=\"360PhotoBoothPRO\" \/>\n<meta property=\"article:publisher\" content=\"https:\/\/www.facebook.com\/360PhotoBoothPRO.Canada\/\" \/>\n<meta property=\"article:modified_time\" content=\"2024-08-06T07:18:33+00:00\" \/>\n<meta name=\"twitter:card\" content=\"summary_large_image\" \/>\n<meta name=\"twitter:label1\" content=\"Tempo estimado de leitura\" \/>\n\t<meta name=\"twitter:data1\" content=\"3 minutos\" \/>\n<script type=\"application\/ld+json\" class=\"yoast-schema-graph\">{\"@context\":\"https:\/\/schema.org\",\"@graph\":[{\"@type\":\"WebPage\",\"@id\":\"https:\/\/360photoboothpro.eu\/pt-pt\/politica-de-devolucoes-e-reembolsos\/\",\"url\":\"https:\/\/360photoboothpro.eu\/pt-pt\/politica-de-devolucoes-e-reembolsos\/\",\"name\":\"Pol\u00edtica de devolu\u00e7\u00f5es e reembolsos - 360PhotoBoothPRO\",\"isPartOf\":{\"@id\":\"https:\/\/360photoboothpro.eu\/pt-pt\/#website\"},\"datePublished\":\"2023-03-31T11:30:47+00:00\",\"dateModified\":\"2024-08-06T07:18:33+00:00\",\"description\":\"Explore a nossa Pol\u00edtica de Devolu\u00e7\u00f5es e Reembolsos sem complica\u00e7\u00f5es. A sua satisfa\u00e7\u00e3o \u00e9 a nossa prioridade. Confie na 360 Photo Booth Pro para uma experi\u00eancia de compra segura.\",\"breadcrumb\":{\"@id\":\"https:\/\/360photoboothpro.eu\/pt-pt\/politica-de-devolucoes-e-reembolsos\/#breadcrumb\"},\"inLanguage\":\"pt-PT\",\"potentialAction\":[{\"@type\":\"ReadAction\",\"target\":[\"https:\/\/360photoboothpro.eu\/pt-pt\/politica-de-devolucoes-e-reembolsos\/\"]}]},{\"@type\":\"BreadcrumbList\",\"@id\":\"https:\/\/360photoboothpro.eu\/pt-pt\/politica-de-devolucoes-e-reembolsos\/#breadcrumb\",\"itemListElement\":[{\"@type\":\"ListItem\",\"position\":1,\"name\":\"Home\",\"item\":\"https:\/\/360photoboothpro.eu\/pt-pt\/\"},{\"@type\":\"ListItem\",\"position\":2,\"name\":\"Pol\u00edtica de devolu\u00e7\u00f5es e reembolsos\"}]},{\"@type\":\"WebSite\",\"@id\":\"https:\/\/360photoboothpro.eu\/pt-pt\/#website\",\"url\":\"https:\/\/360photoboothpro.eu\/pt-pt\/\",\"name\":\"360PhotoBoothPRO\",\"description\":\"360PhotoBoothPRO\",\"publisher\":{\"@id\":\"https:\/\/360photoboothpro.eu\/pt-pt\/#organization\"},\"potentialAction\":[{\"@type\":\"SearchAction\",\"target\":{\"@type\":\"EntryPoint\",\"urlTemplate\":\"https:\/\/360photoboothpro.eu\/pt-pt\/?s={search_term_string}\"},\"query-input\":{\"@type\":\"PropertyValueSpecification\",\"valueRequired\":true,\"valueName\":\"search_term_string\"}}],\"inLanguage\":\"pt-PT\"},{\"@type\":\"Organization\",\"@id\":\"https:\/\/360photoboothpro.eu\/pt-pt\/#organization\",\"name\":\"360PhotoBoothPRO\",\"url\":\"https:\/\/360photoboothpro.eu\/pt-pt\/\",\"logo\":{\"@type\":\"ImageObject\",\"inLanguage\":\"pt-PT\",\"@id\":\"https:\/\/360photoboothpro.eu\/pt-pt\/#\/schema\/logo\/image\/\",\"url\":\"https:\/\/360photoboothpro.eu\/wp-content\/uploads\/2023\/03\/logo-360photoboothpro-favicon.png\",\"contentUrl\":\"https:\/\/360photoboothpro.eu\/wp-content\/uploads\/2023\/03\/logo-360photoboothpro-favicon.png\",\"width\":317,\"height\":317,\"caption\":\"360PhotoBoothPRO\"},\"image\":{\"@id\":\"https:\/\/360photoboothpro.eu\/pt-pt\/#\/schema\/logo\/image\/\"},\"sameAs\":[\"https:\/\/www.facebook.com\/360PhotoBoothPRO.Canada\/\"]}]}<\/script>\n<!-- \/ Yoast SEO plugin. -->","yoast_head_json":{"title":"Pol\u00edtica de devolu\u00e7\u00f5es e reembolsos - 360PhotoBoothPRO","description":"Explore a nossa Pol\u00edtica de Devolu\u00e7\u00f5es e Reembolsos sem complica\u00e7\u00f5es. A sua satisfa\u00e7\u00e3o \u00e9 a nossa prioridade. Confie na 360 Photo Booth Pro para uma experi\u00eancia de compra segura.","robots":{"index":"index","follow":"follow","max-snippet":"max-snippet:-1","max-image-preview":"max-image-preview:large","max-video-preview":"max-video-preview:-1"},"canonical":"https:\/\/360photoboothpro.eu\/pt-pt\/politica-de-devolucoes-e-reembolsos\/","og_locale":"pt_PT","og_type":"article","og_title":"Pol\u00edtica de devolu\u00e7\u00f5es e reembolsos - 360PhotoBoothPRO","og_description":"Explore a nossa Pol\u00edtica de Devolu\u00e7\u00f5es e Reembolsos sem complica\u00e7\u00f5es. A sua satisfa\u00e7\u00e3o \u00e9 a nossa prioridade. Confie na 360 Photo Booth Pro para uma experi\u00eancia de compra segura.","og_url":"https:\/\/360photoboothpro.eu\/pt-pt\/politica-de-devolucoes-e-reembolsos\/","og_site_name":"360PhotoBoothPRO","article_publisher":"https:\/\/www.facebook.com\/360PhotoBoothPRO.Canada\/","article_modified_time":"2024-08-06T07:18:33+00:00","twitter_card":"summary_large_image","twitter_misc":{"Tempo estimado de leitura":"3 minutos"},"schema":{"@context":"https:\/\/schema.org","@graph":[{"@type":"WebPage","@id":"https:\/\/360photoboothpro.eu\/pt-pt\/politica-de-devolucoes-e-reembolsos\/","url":"https:\/\/360photoboothpro.eu\/pt-pt\/politica-de-devolucoes-e-reembolsos\/","name":"Pol\u00edtica de devolu\u00e7\u00f5es e reembolsos - 360PhotoBoothPRO","isPartOf":{"@id":"https:\/\/360photoboothpro.eu\/pt-pt\/#website"},"datePublished":"2023-03-31T11:30:47+00:00","dateModified":"2024-08-06T07:18:33+00:00","description":"Explore a nossa Pol\u00edtica de Devolu\u00e7\u00f5es e Reembolsos sem complica\u00e7\u00f5es. A sua satisfa\u00e7\u00e3o \u00e9 a nossa prioridade. Confie na 360 Photo Booth Pro para uma experi\u00eancia de compra segura.","breadcrumb":{"@id":"https:\/\/360photoboothpro.eu\/pt-pt\/politica-de-devolucoes-e-reembolsos\/#breadcrumb"},"inLanguage":"pt-PT","potentialAction":[{"@type":"ReadAction","target":["https:\/\/360photoboothpro.eu\/pt-pt\/politica-de-devolucoes-e-reembolsos\/"]}]},{"@type":"BreadcrumbList","@id":"https:\/\/360photoboothpro.eu\/pt-pt\/politica-de-devolucoes-e-reembolsos\/#breadcrumb","itemListElement":[{"@type":"ListItem","position":1,"name":"Home","item":"https:\/\/360photoboothpro.eu\/pt-pt\/"},{"@type":"ListItem","position":2,"name":"Pol\u00edtica de devolu\u00e7\u00f5es e reembolsos"}]},{"@type":"WebSite","@id":"https:\/\/360photoboothpro.eu\/pt-pt\/#website","url":"https:\/\/360photoboothpro.eu\/pt-pt\/","name":"360PhotoBoothPRO","description":"360PhotoBoothPRO","publisher":{"@id":"https:\/\/360photoboothpro.eu\/pt-pt\/#organization"},"potentialAction":[{"@type":"SearchAction","target":{"@type":"EntryPoint","urlTemplate":"https:\/\/360photoboothpro.eu\/pt-pt\/?s={search_term_string}"},"query-input":{"@type":"PropertyValueSpecification","valueRequired":true,"valueName":"search_term_string"}}],"inLanguage":"pt-PT"},{"@type":"Organization","@id":"https:\/\/360photoboothpro.eu\/pt-pt\/#organization","name":"360PhotoBoothPRO","url":"https:\/\/360photoboothpro.eu\/pt-pt\/","logo":{"@type":"ImageObject","inLanguage":"pt-PT","@id":"https:\/\/360photoboothpro.eu\/pt-pt\/#\/schema\/logo\/image\/","url":"https:\/\/360photoboothpro.eu\/wp-content\/uploads\/2023\/03\/logo-360photoboothpro-favicon.png","contentUrl":"https:\/\/360photoboothpro.eu\/wp-content\/uploads\/2023\/03\/logo-360photoboothpro-favicon.png","width":317,"height":317,"caption":"360PhotoBoothPRO"},"image":{"@id":"https:\/\/360photoboothpro.eu\/pt-pt\/#\/schema\/logo\/image\/"},"sameAs":["https:\/\/www.facebook.com\/360PhotoBoothPRO.Canada\/"]}]}},"_links":{"self":[{"href":"https:\/\/360photoboothpro.eu\/pt-pt\/wp-json\/wp\/v2\/pages\/7566"}],"collection":[{"href":"https:\/\/360photoboothpro.eu\/pt-pt\/wp-json\/wp\/v2\/pages"}],"about":[{"href":"https:\/\/360photoboothpro.eu\/pt-pt\/wp-json\/wp\/v2\/types\/page"}],"author":[{"embeddable":true,"href":"https:\/\/360photoboothpro.eu\/pt-pt\/wp-json\/wp\/v2\/users\/1"}],"replies":[{"embeddable":true,"href":"https:\/\/360photoboothpro.eu\/pt-pt\/wp-json\/wp\/v2\/comments?post=7566"}],"version-history":[{"count":3,"href":"https:\/\/360photoboothpro.eu\/pt-pt\/wp-json\/wp\/v2\/pages\/7566\/revisions"}],"predecessor-version":[{"id":14514,"href":"https:\/\/360photoboothpro.eu\/pt-pt\/wp-json\/wp\/v2\/pages\/7566\/revisions\/14514"}],"wp:attachment":[{"href":"https:\/\/360photoboothpro.eu\/pt-pt\/wp-json\/wp\/v2\/media?parent=7566"}],"curies":[{"name":"wp","href":"https:\/\/api.w.org\/{rel}","templated":true}]}}