{"id":7589,"date":"2023-03-31T13:30:05","date_gmt":"2023-03-31T11:30:05","guid":{"rendered":"https:\/\/360photoboothpro.eu\/politica-de-expedicao\/"},"modified":"2024-08-06T10:22:35","modified_gmt":"2024-08-06T08:22:35","slug":"politica-de-expedicao","status":"publish","type":"page","link":"https:\/\/360photoboothpro.eu\/pt-pt\/politica-de-expedicao\/","title":{"rendered":"Pol\u00edtica de envio"},"content":{"rendered":"\t\t<div data-elementor-type=\"wp-page\" data-elementor-id=\"7589\" class=\"elementor elementor-7589 elementor-3800\" data-elementor-post-type=\"page\">\n\t\t\t\t\t\t<section class=\"elementor-section elementor-top-section elementor-element elementor-element-1b28c9c elementor-section-boxed elementor-section-height-default elementor-section-height-default\" data-id=\"1b28c9c\" data-element_type=\"section\">\r\n\t\t\r\n\t\t\t\t\t\t\t<div class=\"elementor-container elementor-column-gap-default\">\r\n\t\t\t\t\t\t\t\t\t\t\t<div class=\"elementor-column elementor-col-100 elementor-top-column elementor-element elementor-element-26a6f6c\" data-id=\"26a6f6c\" data-element_type=\"column\">\r\n\t\t\t\t\t<div class=\"elementor-widget-wrap elementor-element-populated\">\r\n\t\t\t\t\t\t\t\t<div class=\"elementor-element elementor-element-cdc1e04 elementor-widget elementor-widget-heading\" data-id=\"cdc1e04\" data-element_type=\"widget\" data-widget_type=\"heading.default\">\n\t\t\t\t<div class=\"elementor-widget-container\">\n\t\t\t<h2 class=\"elementor-heading-title elementor-size-default\">POL\u00cdTICA DE ENVIO<\/h2>\t\t<\/div>\n\t\t\t\t<\/div>\n\t\t\t\t\t<\/div>\r\n\t\t\t\t<\/div>\r\n\t\t\t\t\t<\/div>\r\n\t\t\t\t<\/section>\r\n\t\t\t\t<section class=\"elementor-section elementor-top-section elementor-element elementor-element-b382702 elementor-section-boxed elementor-section-height-default elementor-section-height-default\" data-id=\"b382702\" data-element_type=\"section\">\r\n\t\t\r\n\t\t\t\t\t\t\t<div class=\"elementor-container elementor-column-gap-default\">\r\n\t\t\t\t\t\t\t\t\t\t\t<div class=\"elementor-column elementor-col-50 elementor-top-column elementor-element elementor-element-c0a6b74\" data-id=\"c0a6b74\" data-element_type=\"column\">\r\n\t\t\t\t\t<div class=\"elementor-widget-wrap elementor-element-populated\">\r\n\t\t\t\t\t\t\t\t<div class=\"elementor-element elementor-element-40885d6 elementor-widget elementor-widget-text-editor\" data-id=\"40885d6\" data-element_type=\"widget\" data-widget_type=\"text-editor.default\">\n\t\t\t\t<div class=\"elementor-widget-container\">\n\t\t\t\t\t\t\t<h3><strong>A entrega \u00e9 gratuita em toda a Europa. O prazo de entrega \u00e9 de 5-7 dias em toda a Europa.<\/strong><\/h3>\n<p>Entregamos os produtos com a <a href=\"https:\/\/www.dhl.com\/\">DHL<\/a><\/p>\n<p><span style=\"color: var(--porto-body-color); letter-spacing: var(--porto-body-ls,0);\">e pode verificar o estado da entrega clicando em <\/span><a style=\"letter-spacing: var(--porto-body-ls,0);\" href=\"https:\/\/www.mydhli.com\/global-en\/home\/tracking.html\" rel=\"nofollow\">OUVIR: https:\/\/www.mydhli.com\/global-en\/home\/tracking.html.<\/a><\/p>\n<p>O cliente tem a responsabilidade de verificar a integridade do produto ap\u00f3s a rece\u00e7\u00e3o da embalagem e, no prazo de 24 horas ap\u00f3s a rece\u00e7\u00e3o, tem a obriga\u00e7\u00e3o de notificar a NOVO BEST CONCEPT TEAM SRL por escrito atrav\u00e9s de um e-mail acompanhado de fotos demonstrativas dos defeitos ocorridos, neste endere\u00e7o: <a href=\"mailto:contact@360photoboothpro.eu\">contact@360photoboothpro.eu.<\/a> Simultaneamente, se forem comunicados danos importantes na embalagem do produto aquando da entrega do mesmo, o cliente deve elaborar um relat\u00f3rio de danos\/perdas ou de avarias em conjunto com o agente da empresa de transportes e conservar uma c\u00f3pia. Para os produtos entregues na morada indicada na encomenda e posteriormente transportados pelo cliente para outra morada, n\u00e3o assumimos a responsabilidade pela integridade do transporte do respectivo produto!<\/p>\n<p>No momento da entrega na AWB ou da elabora\u00e7\u00e3o de um auto de constata\u00e7\u00e3o, s\u00e3o feitas men\u00e7\u00f5es a eventuais problemas de integridade\/conte\u00fado de algumas parcelas, sendo recusada a recep\u00e7\u00e3o e o pagamento da parcela. Qualquer reclama\u00e7\u00e3o posterior relativa a estes aspectos \u00e9 nula e sem efeito.<\/p>\n\t\t\t\t\t\t<\/div>\n\t\t\t\t<\/div>\n\t\t\t\t\t<\/div>\r\n\t\t\t\t<\/div>\r\n\t\t\t\t<div class=\"elementor-column elementor-col-50 elementor-top-column elementor-element elementor-element-7bbb91b\" data-id=\"7bbb91b\" data-element_type=\"column\">\r\n\t\t\t\t\t<div class=\"elementor-widget-wrap elementor-element-populated\">\r\n\t\t\t\t\t\t\t\t<div class=\"elementor-element elementor-element-2e4d68c elementor-widget elementor-widget-text-editor\" data-id=\"2e4d68c\" data-element_type=\"widget\" data-widget_type=\"text-editor.default\">\n\t\t\t\t<div class=\"elementor-widget-container\">\n\t\t\t\t\t\t\t<p class=\"tw-data-text tw-text-large tw-ta\" dir=\"ltr\" data-placeholder=\"Traducere\"><span class=\"Y2IQFc\" lang=\"en\">Poder\u00e3o tamb\u00e9m existir excep\u00e7\u00f5es \u00e0 entrega dentro do prazo normal de entrega, no caso de encomendas pagas por transfer\u00eancia banc\u00e1ria ou ordem de pagamento, cuja transac\u00e7\u00e3o banc\u00e1ria poder\u00e1 demorar consoante o tempo de processamento de cada banco; nesta situa\u00e7\u00e3o, a encomenda s\u00f3 ser\u00e1 processada quando o dinheiro tiver sido transferido para a conta da NOVO BEST CONCEPT TEAM SRL.  <\/span><\/p>\n<p class=\"tw-data-text tw-text-large tw-ta\" dir=\"ltr\" data-placeholder=\"Traducere\"><span class=\"Y2IQFc\" lang=\"en\">Podem ocorrer atrasos na entrega devido a condi\u00e7\u00f5es climat\u00e9ricas desfavor\u00e1veis, estradas intransit\u00e1veis ou outras causas relacionadas com a evolu\u00e7\u00e3o do clima, as formalidades aduaneiras, etc.<\/span><\/p>\n<p class=\"tw-data-text tw-text-large tw-ta\" dir=\"ltr\" data-placeholder=\"Traducere\"><span class=\"Y2IQFc\" lang=\"en\">Antes de encomendar um produto, verifique se o mesmo se encontra em stock. Os produtos que n\u00e3o est\u00e3o actualmente em stock n\u00e3o podem ser entregues. As respectivas encomendas podem ser guardadas por um per\u00edodo de um m\u00eas, a pedido do cliente, e s\u00e3o entregues quando voltam a estar em stock. Se n\u00e3o puderem ser honradas no prazo de um m\u00eas, estas encomendas ser\u00e3o consideradas anuladas, sem qualquer outra notifica\u00e7\u00e3o. Se o cliente n\u00e3o especificar que estas encomendas s\u00e3o mantidas, estas ser\u00e3o consideradas nulas.<\/span><\/p>\n\t\t\t\t\t\t<\/div>\n\t\t\t\t<\/div>\n\t\t\t\t\t<\/div>\r\n\t\t\t\t<\/div>\r\n\t\t\t\t\t<\/div>\r\n\t\t\t\t<\/section>\r\n\t\t\t\t<\/div>\n\t\t","protected":false},"excerpt":{"rendered":"<p>POL\u00cdTICA DE ENVIO A entrega \u00e9 gratuita em toda a Europa. O prazo de entrega \u00e9 de 5-7 dias em toda a Europa. Entregamos os produtos com a DHL e pode verificar o estado da entrega clicando em OUVIR: https:\/\/www.mydhli.com\/global-en\/home\/tracking.html. O cliente tem a responsabilidade de verificar a integridade do produto ap\u00f3s a rece\u00e7\u00e3o da [&hellip;]<\/p>\n","protected":false},"author":1,"featured_media":0,"parent":0,"menu_order":0,"comment_status":"closed","ping_status":"closed","template":"elementor_header_footer","meta":{"_acf_changed":false,"footnotes":""},"class_list":["post-7589","page","type-page","status-publish","hentry"],"acf":[],"yoast_head":"<!-- This site is optimized with the Yoast SEO plugin v23.5 - https:\/\/yoast.com\/wordpress\/plugins\/seo\/ -->\n<title>Pol\u00edtica de envio - 360PhotoBoothPRO<\/title>\n<meta name=\"description\" content=\"Descubra o envio fi\u00e1vel na 360 Photo Booth Pro. Entrega atempada e op\u00e7\u00f5es internacionais para sua conveni\u00eancia. Experimente fazer compras sem problemas.\" \/>\n<meta name=\"robots\" content=\"index, follow, max-snippet:-1, max-image-preview:large, max-video-preview:-1\" \/>\n<link rel=\"canonical\" href=\"https:\/\/360photoboothpro.eu\/pt-pt\/politica-de-expedicao\/\" \/>\n<meta property=\"og:locale\" content=\"pt_PT\" \/>\n<meta property=\"og:type\" content=\"article\" \/>\n<meta property=\"og:title\" content=\"Pol\u00edtica de envio - 360PhotoBoothPRO\" \/>\n<meta property=\"og:description\" content=\"Descubra o envio fi\u00e1vel na 360 Photo Booth Pro. Entrega atempada e op\u00e7\u00f5es internacionais para sua conveni\u00eancia. Experimente fazer compras sem problemas.\" \/>\n<meta property=\"og:url\" content=\"https:\/\/360photoboothpro.eu\/pt-pt\/politica-de-expedicao\/\" \/>\n<meta property=\"og:site_name\" content=\"360PhotoBoothPRO\" \/>\n<meta property=\"article:publisher\" content=\"https:\/\/www.facebook.com\/360PhotoBoothPRO.Canada\/\" \/>\n<meta property=\"article:modified_time\" content=\"2024-08-06T08:22:35+00:00\" \/>\n<meta name=\"twitter:card\" content=\"summary_large_image\" \/>\n<meta name=\"twitter:label1\" content=\"Tempo estimado de leitura\" \/>\n\t<meta name=\"twitter:data1\" content=\"2 minutos\" \/>\n<script type=\"application\/ld+json\" class=\"yoast-schema-graph\">{\"@context\":\"https:\/\/schema.org\",\"@graph\":[{\"@type\":\"WebPage\",\"@id\":\"https:\/\/360photoboothpro.eu\/pt-pt\/politica-de-expedicao\/\",\"url\":\"https:\/\/360photoboothpro.eu\/pt-pt\/politica-de-expedicao\/\",\"name\":\"Pol\u00edtica de envio - 360PhotoBoothPRO\",\"isPartOf\":{\"@id\":\"https:\/\/360photoboothpro.eu\/pt-pt\/#website\"},\"datePublished\":\"2023-03-31T11:30:05+00:00\",\"dateModified\":\"2024-08-06T08:22:35+00:00\",\"description\":\"Descubra o envio fi\u00e1vel na 360 Photo Booth Pro. Entrega atempada e op\u00e7\u00f5es internacionais para sua conveni\u00eancia. Experimente fazer compras sem problemas.\",\"breadcrumb\":{\"@id\":\"https:\/\/360photoboothpro.eu\/pt-pt\/politica-de-expedicao\/#breadcrumb\"},\"inLanguage\":\"pt-PT\",\"potentialAction\":[{\"@type\":\"ReadAction\",\"target\":[\"https:\/\/360photoboothpro.eu\/pt-pt\/politica-de-expedicao\/\"]}]},{\"@type\":\"BreadcrumbList\",\"@id\":\"https:\/\/360photoboothpro.eu\/pt-pt\/politica-de-expedicao\/#breadcrumb\",\"itemListElement\":[{\"@type\":\"ListItem\",\"position\":1,\"name\":\"Home\",\"item\":\"https:\/\/360photoboothpro.eu\/pt-pt\/\"},{\"@type\":\"ListItem\",\"position\":2,\"name\":\"Pol\u00edtica de envio\"}]},{\"@type\":\"WebSite\",\"@id\":\"https:\/\/360photoboothpro.eu\/pt-pt\/#website\",\"url\":\"https:\/\/360photoboothpro.eu\/pt-pt\/\",\"name\":\"360PhotoBoothPRO\",\"description\":\"360PhotoBoothPRO\",\"publisher\":{\"@id\":\"https:\/\/360photoboothpro.eu\/pt-pt\/#organization\"},\"potentialAction\":[{\"@type\":\"SearchAction\",\"target\":{\"@type\":\"EntryPoint\",\"urlTemplate\":\"https:\/\/360photoboothpro.eu\/pt-pt\/?s={search_term_string}\"},\"query-input\":{\"@type\":\"PropertyValueSpecification\",\"valueRequired\":true,\"valueName\":\"search_term_string\"}}],\"inLanguage\":\"pt-PT\"},{\"@type\":\"Organization\",\"@id\":\"https:\/\/360photoboothpro.eu\/pt-pt\/#organization\",\"name\":\"360PhotoBoothPRO\",\"url\":\"https:\/\/360photoboothpro.eu\/pt-pt\/\",\"logo\":{\"@type\":\"ImageObject\",\"inLanguage\":\"pt-PT\",\"@id\":\"https:\/\/360photoboothpro.eu\/pt-pt\/#\/schema\/logo\/image\/\",\"url\":\"https:\/\/360photoboothpro.eu\/wp-content\/uploads\/2023\/03\/logo-360photoboothpro-favicon.png\",\"contentUrl\":\"https:\/\/360photoboothpro.eu\/wp-content\/uploads\/2023\/03\/logo-360photoboothpro-favicon.png\",\"width\":317,\"height\":317,\"caption\":\"360PhotoBoothPRO\"},\"image\":{\"@id\":\"https:\/\/360photoboothpro.eu\/pt-pt\/#\/schema\/logo\/image\/\"},\"sameAs\":[\"https:\/\/www.facebook.com\/360PhotoBoothPRO.Canada\/\"]}]}<\/script>\n<!-- \/ Yoast SEO plugin. -->","yoast_head_json":{"title":"Pol\u00edtica de envio - 360PhotoBoothPRO","description":"Descubra o envio fi\u00e1vel na 360 Photo Booth Pro. Entrega atempada e op\u00e7\u00f5es internacionais para sua conveni\u00eancia. Experimente fazer compras sem problemas.","robots":{"index":"index","follow":"follow","max-snippet":"max-snippet:-1","max-image-preview":"max-image-preview:large","max-video-preview":"max-video-preview:-1"},"canonical":"https:\/\/360photoboothpro.eu\/pt-pt\/politica-de-expedicao\/","og_locale":"pt_PT","og_type":"article","og_title":"Pol\u00edtica de envio - 360PhotoBoothPRO","og_description":"Descubra o envio fi\u00e1vel na 360 Photo Booth Pro. Entrega atempada e op\u00e7\u00f5es internacionais para sua conveni\u00eancia. Experimente fazer compras sem problemas.","og_url":"https:\/\/360photoboothpro.eu\/pt-pt\/politica-de-expedicao\/","og_site_name":"360PhotoBoothPRO","article_publisher":"https:\/\/www.facebook.com\/360PhotoBoothPRO.Canada\/","article_modified_time":"2024-08-06T08:22:35+00:00","twitter_card":"summary_large_image","twitter_misc":{"Tempo estimado de leitura":"2 minutos"},"schema":{"@context":"https:\/\/schema.org","@graph":[{"@type":"WebPage","@id":"https:\/\/360photoboothpro.eu\/pt-pt\/politica-de-expedicao\/","url":"https:\/\/360photoboothpro.eu\/pt-pt\/politica-de-expedicao\/","name":"Pol\u00edtica de envio - 360PhotoBoothPRO","isPartOf":{"@id":"https:\/\/360photoboothpro.eu\/pt-pt\/#website"},"datePublished":"2023-03-31T11:30:05+00:00","dateModified":"2024-08-06T08:22:35+00:00","description":"Descubra o envio fi\u00e1vel na 360 Photo Booth Pro. Entrega atempada e op\u00e7\u00f5es internacionais para sua conveni\u00eancia. Experimente fazer compras sem problemas.","breadcrumb":{"@id":"https:\/\/360photoboothpro.eu\/pt-pt\/politica-de-expedicao\/#breadcrumb"},"inLanguage":"pt-PT","potentialAction":[{"@type":"ReadAction","target":["https:\/\/360photoboothpro.eu\/pt-pt\/politica-de-expedicao\/"]}]},{"@type":"BreadcrumbList","@id":"https:\/\/360photoboothpro.eu\/pt-pt\/politica-de-expedicao\/#breadcrumb","itemListElement":[{"@type":"ListItem","position":1,"name":"Home","item":"https:\/\/360photoboothpro.eu\/pt-pt\/"},{"@type":"ListItem","position":2,"name":"Pol\u00edtica de envio"}]},{"@type":"WebSite","@id":"https:\/\/360photoboothpro.eu\/pt-pt\/#website","url":"https:\/\/360photoboothpro.eu\/pt-pt\/","name":"360PhotoBoothPRO","description":"360PhotoBoothPRO","publisher":{"@id":"https:\/\/360photoboothpro.eu\/pt-pt\/#organization"},"potentialAction":[{"@type":"SearchAction","target":{"@type":"EntryPoint","urlTemplate":"https:\/\/360photoboothpro.eu\/pt-pt\/?s={search_term_string}"},"query-input":{"@type":"PropertyValueSpecification","valueRequired":true,"valueName":"search_term_string"}}],"inLanguage":"pt-PT"},{"@type":"Organization","@id":"https:\/\/360photoboothpro.eu\/pt-pt\/#organization","name":"360PhotoBoothPRO","url":"https:\/\/360photoboothpro.eu\/pt-pt\/","logo":{"@type":"ImageObject","inLanguage":"pt-PT","@id":"https:\/\/360photoboothpro.eu\/pt-pt\/#\/schema\/logo\/image\/","url":"https:\/\/360photoboothpro.eu\/wp-content\/uploads\/2023\/03\/logo-360photoboothpro-favicon.png","contentUrl":"https:\/\/360photoboothpro.eu\/wp-content\/uploads\/2023\/03\/logo-360photoboothpro-favicon.png","width":317,"height":317,"caption":"360PhotoBoothPRO"},"image":{"@id":"https:\/\/360photoboothpro.eu\/pt-pt\/#\/schema\/logo\/image\/"},"sameAs":["https:\/\/www.facebook.com\/360PhotoBoothPRO.Canada\/"]}]}},"_links":{"self":[{"href":"https:\/\/360photoboothpro.eu\/pt-pt\/wp-json\/wp\/v2\/pages\/7589"}],"collection":[{"href":"https:\/\/360photoboothpro.eu\/pt-pt\/wp-json\/wp\/v2\/pages"}],"about":[{"href":"https:\/\/360photoboothpro.eu\/pt-pt\/wp-json\/wp\/v2\/types\/page"}],"author":[{"embeddable":true,"href":"https:\/\/360photoboothpro.eu\/pt-pt\/wp-json\/wp\/v2\/users\/1"}],"replies":[{"embeddable":true,"href":"https:\/\/360photoboothpro.eu\/pt-pt\/wp-json\/wp\/v2\/comments?post=7589"}],"version-history":[{"count":3,"href":"https:\/\/360photoboothpro.eu\/pt-pt\/wp-json\/wp\/v2\/pages\/7589\/revisions"}],"predecessor-version":[{"id":14525,"href":"https:\/\/360photoboothpro.eu\/pt-pt\/wp-json\/wp\/v2\/pages\/7589\/revisions\/14525"}],"wp:attachment":[{"href":"https:\/\/360photoboothpro.eu\/pt-pt\/wp-json\/wp\/v2\/media?parent=7589"}],"curies":[{"name":"wp","href":"https:\/\/api.w.org\/{rel}","templated":true}]}}