{"id":7682,"date":"2023-04-25T09:32:41","date_gmt":"2023-04-25T07:32:41","guid":{"rendered":"https:\/\/360photoboothpro.eu\/sobre-nos\/"},"modified":"2025-03-12T09:23:18","modified_gmt":"2025-03-12T07:23:18","slug":"sobre-nos","status":"publish","type":"page","link":"https:\/\/360photoboothpro.eu\/pt-pt\/sobre-nos\/","title":{"rendered":"Sobre n\u00f3s"},"content":{"rendered":"\t\t<div data-elementor-type=\"wp-page\" data-elementor-id=\"7682\" class=\"elementor elementor-7682 elementor-4830\" data-elementor-post-type=\"page\">\n\t\t\t\t\t\t<section class=\"elementor-section elementor-top-section elementor-element elementor-element-247f217 elementor-section-boxed elementor-section-height-default elementor-section-height-default\" data-id=\"247f217\" data-element_type=\"section\">\r\n\t\t\r\n\t\t\t\t\t\t\t<div class=\"elementor-container elementor-column-gap-default\">\r\n\t\t\t\t\t\t\t\t\t\t\t<div class=\"elementor-column elementor-col-100 elementor-top-column elementor-element elementor-element-0705ce1\" data-id=\"0705ce1\" data-element_type=\"column\">\r\n\t\t\t\t\t<div class=\"elementor-widget-wrap elementor-element-populated\">\r\n\t\t\t\t\t\t\t\t<div class=\"elementor-element elementor-element-712c1a2 elementor-widget elementor-widget-porto_ultimate_heading\" data-id=\"712c1a2\" data-element_type=\"widget\" data-widget_type=\"porto_ultimate_heading.default\">\n\t\t\t\t<div class=\"elementor-widget-container\">\n\t\t\t<div class=\"porto-u-heading  porto-u-8158\"><div class=\"porto-u-main-heading\"><h2   >Sobre n\u00f3s<\/h2><\/div><style>.porto-u-8158.porto-u-heading{text-align:center}<\/style><\/div>\t\t<\/div>\n\t\t\t\t<\/div>\n\t\t\t\t<div class=\"elementor-element elementor-element-6fbd8bb elementor-widget elementor-widget-text-editor\" data-id=\"6fbd8bb\" data-element_type=\"widget\" data-widget_type=\"text-editor.default\">\n\t\t\t\t<div class=\"elementor-widget-container\">\n\t\t\t\t\t\t\t<p>Cri\u00e1mos esta empresa, a NOVO BEST CONCEPT TEAM, com uma ideia: oferecer plataformas 360 Photo Booth PRO ao MELHOR pre\u00e7o poss\u00edvel. A partir da\u00ed, fizemos tudo o que estava ao nosso alcance para optimizar os custos, de modo a podermos oferecer-lhe os produtos com a melhor rela\u00e7\u00e3o qualidade\/pre\u00e7o.<\/p>\n<p>Queremos criar oportunidades econ\u00f3micas para mais de 25.000 empresas de todo o mundo.&nbsp;<\/p>\n<p>A nossa empresa est\u00e1 situada em Bucuresti, Calea Mosilor, nr. 88, sc. F, ap. 82, Setor 3, Rom\u00e9nia.<\/p>\n<p>Somos os \u00daNICOS NA EUROPA a oferecer plataformas de cabina com c\u00e2mara 360 com uma GARANTIA DE 2 ANOS e a possibilidade de EXTENS\u00c3O da garantia at\u00e9 3 ANOS e, durante o per\u00edodo de garantia, RECOLHEMOS GRATUITAMENTE o produto defeituoso para o colocar em servi\u00e7o e SUBSTITUIR A PLATAFORMA durante a repara\u00e7\u00e3o.<\/p>\n<p>Al\u00e9m disso, estamos muito orgulhosos dos produtos que oferecemos. Verificamos e testamos cada plataforma 360VideoBooth PRO antes da entrega.<\/p>\n<p>Come\u00e7\u00e1mos esta bela viagem com lojas online sediadas no Canad\u00e1 e na Rom\u00e9nia.<\/p>\n<p>O que \u00e9 que se segue? Queremos alargar os nossos servi\u00e7os a todo o mundo. Depois do Canad\u00e1 e da Europa, abriremos novas lojas no Reino Unido, nos EUA e na Am\u00e9rica do Sul.<\/p>\t\t\t\t\t\t<\/div>\n\t\t\t\t<\/div>\n\t\t\t\t\t<\/div>\r\n\t\t\t\t<\/div>\r\n\t\t\t\t\t<\/div>\r\n\t\t\t\t<\/section>\r\n\t\t\t\t<\/div>\n\t\t","protected":false},"excerpt":{"rendered":"<p>Sobre n\u00f3s Cri\u00e1mos esta empresa, a NOVO BEST CONCEPT TEAM, com uma ideia: oferecer plataformas 360 Photo Booth PRO ao MELHOR pre\u00e7o poss\u00edvel. A partir da\u00ed, fizemos tudo o que estava ao nosso alcance para optimizar os custos, de modo a podermos oferecer-lhe os produtos com a melhor rela\u00e7\u00e3o qualidade\/pre\u00e7o. Queremos criar oportunidades econ\u00f3micas para [&hellip;]<\/p>\n","protected":false},"author":1,"featured_media":0,"parent":0,"menu_order":0,"comment_status":"closed","ping_status":"closed","template":"elementor_header_footer","meta":{"_acf_changed":false,"footnotes":""},"class_list":["post-7682","page","type-page","status-publish","hentry"],"acf":[],"yoast_head":"<!-- This site is optimized with the Yoast SEO plugin v23.5 - https:\/\/yoast.com\/wordpress\/plugins\/seo\/ -->\n<title>Sobre n\u00f3s - 360PhotoBoothPRO<\/title>\n<meta name=\"description\" content=\"Descubra a nossa hist\u00f3ria em 360 Photo Booth Pro. Conhe\u00e7a a nossa miss\u00e3o e o nosso compromisso com solu\u00e7\u00f5es de cabina fotogr\u00e1fica de alta qualidade. Junte-se a n\u00f3s para captar momentos.\" \/>\n<meta name=\"robots\" content=\"index, follow, max-snippet:-1, max-image-preview:large, max-video-preview:-1\" \/>\n<link rel=\"canonical\" href=\"https:\/\/360photoboothpro.eu\/pt-pt\/sobre-nos\/\" \/>\n<meta property=\"og:locale\" content=\"pt_PT\" \/>\n<meta property=\"og:type\" content=\"article\" \/>\n<meta property=\"og:title\" content=\"Sobre n\u00f3s - 360PhotoBoothPRO\" \/>\n<meta property=\"og:description\" content=\"Descubra a nossa hist\u00f3ria em 360 Photo Booth Pro. Conhe\u00e7a a nossa miss\u00e3o e o nosso compromisso com solu\u00e7\u00f5es de cabina fotogr\u00e1fica de alta qualidade. Junte-se a n\u00f3s para captar momentos.\" \/>\n<meta property=\"og:url\" content=\"https:\/\/360photoboothpro.eu\/pt-pt\/sobre-nos\/\" \/>\n<meta property=\"og:site_name\" content=\"360PhotoBoothPRO\" \/>\n<meta property=\"article:publisher\" content=\"https:\/\/www.facebook.com\/360PhotoBoothPRO.Canada\/\" \/>\n<meta property=\"article:modified_time\" content=\"2025-03-12T07:23:18+00:00\" \/>\n<meta name=\"twitter:card\" content=\"summary_large_image\" \/>\n<meta name=\"twitter:label1\" content=\"Tempo estimado de leitura\" \/>\n\t<meta name=\"twitter:data1\" content=\"1 minuto\" \/>\n<script type=\"application\/ld+json\" class=\"yoast-schema-graph\">{\"@context\":\"https:\/\/schema.org\",\"@graph\":[{\"@type\":\"WebPage\",\"@id\":\"https:\/\/360photoboothpro.eu\/pt-pt\/sobre-nos\/\",\"url\":\"https:\/\/360photoboothpro.eu\/pt-pt\/sobre-nos\/\",\"name\":\"Sobre n\u00f3s - 360PhotoBoothPRO\",\"isPartOf\":{\"@id\":\"https:\/\/360photoboothpro.eu\/pt-pt\/#website\"},\"datePublished\":\"2023-04-25T07:32:41+00:00\",\"dateModified\":\"2025-03-12T07:23:18+00:00\",\"description\":\"Descubra a nossa hist\u00f3ria em 360 Photo Booth Pro. Conhe\u00e7a a nossa miss\u00e3o e o nosso compromisso com solu\u00e7\u00f5es de cabina fotogr\u00e1fica de alta qualidade. Junte-se a n\u00f3s para captar momentos.\",\"breadcrumb\":{\"@id\":\"https:\/\/360photoboothpro.eu\/pt-pt\/sobre-nos\/#breadcrumb\"},\"inLanguage\":\"pt-PT\",\"potentialAction\":[{\"@type\":\"ReadAction\",\"target\":[\"https:\/\/360photoboothpro.eu\/pt-pt\/sobre-nos\/\"]}]},{\"@type\":\"BreadcrumbList\",\"@id\":\"https:\/\/360photoboothpro.eu\/pt-pt\/sobre-nos\/#breadcrumb\",\"itemListElement\":[{\"@type\":\"ListItem\",\"position\":1,\"name\":\"Home\",\"item\":\"https:\/\/360photoboothpro.eu\/pt-pt\/\"},{\"@type\":\"ListItem\",\"position\":2,\"name\":\"Sobre n\u00f3s\"}]},{\"@type\":\"WebSite\",\"@id\":\"https:\/\/360photoboothpro.eu\/pt-pt\/#website\",\"url\":\"https:\/\/360photoboothpro.eu\/pt-pt\/\",\"name\":\"360PhotoBoothPRO\",\"description\":\"360PhotoBoothPRO\",\"publisher\":{\"@id\":\"https:\/\/360photoboothpro.eu\/pt-pt\/#organization\"},\"potentialAction\":[{\"@type\":\"SearchAction\",\"target\":{\"@type\":\"EntryPoint\",\"urlTemplate\":\"https:\/\/360photoboothpro.eu\/pt-pt\/?s={search_term_string}\"},\"query-input\":{\"@type\":\"PropertyValueSpecification\",\"valueRequired\":true,\"valueName\":\"search_term_string\"}}],\"inLanguage\":\"pt-PT\"},{\"@type\":\"Organization\",\"@id\":\"https:\/\/360photoboothpro.eu\/pt-pt\/#organization\",\"name\":\"360PhotoBoothPRO\",\"url\":\"https:\/\/360photoboothpro.eu\/pt-pt\/\",\"logo\":{\"@type\":\"ImageObject\",\"inLanguage\":\"pt-PT\",\"@id\":\"https:\/\/360photoboothpro.eu\/pt-pt\/#\/schema\/logo\/image\/\",\"url\":\"https:\/\/360photoboothpro.eu\/wp-content\/uploads\/2023\/03\/logo-360photoboothpro-favicon.png\",\"contentUrl\":\"https:\/\/360photoboothpro.eu\/wp-content\/uploads\/2023\/03\/logo-360photoboothpro-favicon.png\",\"width\":317,\"height\":317,\"caption\":\"360PhotoBoothPRO\"},\"image\":{\"@id\":\"https:\/\/360photoboothpro.eu\/pt-pt\/#\/schema\/logo\/image\/\"},\"sameAs\":[\"https:\/\/www.facebook.com\/360PhotoBoothPRO.Canada\/\"]}]}<\/script>\n<!-- \/ Yoast SEO plugin. -->","yoast_head_json":{"title":"Sobre n\u00f3s - 360PhotoBoothPRO","description":"Descubra a nossa hist\u00f3ria em 360 Photo Booth Pro. Conhe\u00e7a a nossa miss\u00e3o e o nosso compromisso com solu\u00e7\u00f5es de cabina fotogr\u00e1fica de alta qualidade. Junte-se a n\u00f3s para captar momentos.","robots":{"index":"index","follow":"follow","max-snippet":"max-snippet:-1","max-image-preview":"max-image-preview:large","max-video-preview":"max-video-preview:-1"},"canonical":"https:\/\/360photoboothpro.eu\/pt-pt\/sobre-nos\/","og_locale":"pt_PT","og_type":"article","og_title":"Sobre n\u00f3s - 360PhotoBoothPRO","og_description":"Descubra a nossa hist\u00f3ria em 360 Photo Booth Pro. Conhe\u00e7a a nossa miss\u00e3o e o nosso compromisso com solu\u00e7\u00f5es de cabina fotogr\u00e1fica de alta qualidade. Junte-se a n\u00f3s para captar momentos.","og_url":"https:\/\/360photoboothpro.eu\/pt-pt\/sobre-nos\/","og_site_name":"360PhotoBoothPRO","article_publisher":"https:\/\/www.facebook.com\/360PhotoBoothPRO.Canada\/","article_modified_time":"2025-03-12T07:23:18+00:00","twitter_card":"summary_large_image","twitter_misc":{"Tempo estimado de leitura":"1 minuto"},"schema":{"@context":"https:\/\/schema.org","@graph":[{"@type":"WebPage","@id":"https:\/\/360photoboothpro.eu\/pt-pt\/sobre-nos\/","url":"https:\/\/360photoboothpro.eu\/pt-pt\/sobre-nos\/","name":"Sobre n\u00f3s - 360PhotoBoothPRO","isPartOf":{"@id":"https:\/\/360photoboothpro.eu\/pt-pt\/#website"},"datePublished":"2023-04-25T07:32:41+00:00","dateModified":"2025-03-12T07:23:18+00:00","description":"Descubra a nossa hist\u00f3ria em 360 Photo Booth Pro. Conhe\u00e7a a nossa miss\u00e3o e o nosso compromisso com solu\u00e7\u00f5es de cabina fotogr\u00e1fica de alta qualidade. Junte-se a n\u00f3s para captar momentos.","breadcrumb":{"@id":"https:\/\/360photoboothpro.eu\/pt-pt\/sobre-nos\/#breadcrumb"},"inLanguage":"pt-PT","potentialAction":[{"@type":"ReadAction","target":["https:\/\/360photoboothpro.eu\/pt-pt\/sobre-nos\/"]}]},{"@type":"BreadcrumbList","@id":"https:\/\/360photoboothpro.eu\/pt-pt\/sobre-nos\/#breadcrumb","itemListElement":[{"@type":"ListItem","position":1,"name":"Home","item":"https:\/\/360photoboothpro.eu\/pt-pt\/"},{"@type":"ListItem","position":2,"name":"Sobre n\u00f3s"}]},{"@type":"WebSite","@id":"https:\/\/360photoboothpro.eu\/pt-pt\/#website","url":"https:\/\/360photoboothpro.eu\/pt-pt\/","name":"360PhotoBoothPRO","description":"360PhotoBoothPRO","publisher":{"@id":"https:\/\/360photoboothpro.eu\/pt-pt\/#organization"},"potentialAction":[{"@type":"SearchAction","target":{"@type":"EntryPoint","urlTemplate":"https:\/\/360photoboothpro.eu\/pt-pt\/?s={search_term_string}"},"query-input":{"@type":"PropertyValueSpecification","valueRequired":true,"valueName":"search_term_string"}}],"inLanguage":"pt-PT"},{"@type":"Organization","@id":"https:\/\/360photoboothpro.eu\/pt-pt\/#organization","name":"360PhotoBoothPRO","url":"https:\/\/360photoboothpro.eu\/pt-pt\/","logo":{"@type":"ImageObject","inLanguage":"pt-PT","@id":"https:\/\/360photoboothpro.eu\/pt-pt\/#\/schema\/logo\/image\/","url":"https:\/\/360photoboothpro.eu\/wp-content\/uploads\/2023\/03\/logo-360photoboothpro-favicon.png","contentUrl":"https:\/\/360photoboothpro.eu\/wp-content\/uploads\/2023\/03\/logo-360photoboothpro-favicon.png","width":317,"height":317,"caption":"360PhotoBoothPRO"},"image":{"@id":"https:\/\/360photoboothpro.eu\/pt-pt\/#\/schema\/logo\/image\/"},"sameAs":["https:\/\/www.facebook.com\/360PhotoBoothPRO.Canada\/"]}]}},"_links":{"self":[{"href":"https:\/\/360photoboothpro.eu\/pt-pt\/wp-json\/wp\/v2\/pages\/7682"}],"collection":[{"href":"https:\/\/360photoboothpro.eu\/pt-pt\/wp-json\/wp\/v2\/pages"}],"about":[{"href":"https:\/\/360photoboothpro.eu\/pt-pt\/wp-json\/wp\/v2\/types\/page"}],"author":[{"embeddable":true,"href":"https:\/\/360photoboothpro.eu\/pt-pt\/wp-json\/wp\/v2\/users\/1"}],"replies":[{"embeddable":true,"href":"https:\/\/360photoboothpro.eu\/pt-pt\/wp-json\/wp\/v2\/comments?post=7682"}],"version-history":[{"count":7,"href":"https:\/\/360photoboothpro.eu\/pt-pt\/wp-json\/wp\/v2\/pages\/7682\/revisions"}],"predecessor-version":[{"id":14639,"href":"https:\/\/360photoboothpro.eu\/pt-pt\/wp-json\/wp\/v2\/pages\/7682\/revisions\/14639"}],"wp:attachment":[{"href":"https:\/\/360photoboothpro.eu\/pt-pt\/wp-json\/wp\/v2\/media?parent=7682"}],"curies":[{"name":"wp","href":"https:\/\/api.w.org\/{rel}","templated":true}]}}