{"id":12599,"date":"2024-02-14T14:51:44","date_gmt":"2024-02-14T12:51:44","guid":{"rendered":"https:\/\/360photoboothpro.eu\/?post_type=product&#038;p=12599"},"modified":"2024-12-01T12:17:02","modified_gmt":"2024-12-01T10:17:02","slug":"pacote-de-atualizacao-para-full-plug-play","status":"publish","type":"product","link":"https:\/\/360photoboothpro.eu\/pt-pt\/produto\/pacote-de-atualizacao-para-full-plug-play\/","title":{"rendered":"ACTUALIZA\u00c7\u00c3O para o PACOTE COMPLETO PLUG &amp; PLAY"},"content":{"rendered":"<p>Este UPGRADE pode ser adquirido APENAS EM CONJUNTO com uma das plataformas 360 desta categoria: <a href=\"https:\/\/360photoboothpro.eu\/pt-pt\/categoria-produto\/360-photo-booth-plataformas-pt-pt\/\">Plataformas de cabina fotogr\u00e1fica 360<\/a><\/p>\n<p>A compra deste UPGRADE implica que os seguintes elementos sejam adicionados \u00e0 plataforma 360 Photo Booth:<\/p>\n<style>.elementor-8970 .elementor-element.elementor-element-6eb62ad .elementor-icon-list-items:not(.elementor-inline-items) .elementor-icon-list-item:not(:last-child){padding-bottom:calc(11px\/2);}.elementor-8970 .elementor-element.elementor-element-6eb62ad .elementor-icon-list-items:not(.elementor-inline-items) .elementor-icon-list-item:not(:first-child){margin-top:calc(11px\/2);}.elementor-8970 .elementor-element.elementor-element-6eb62ad .elementor-icon-list-items.elementor-inline-items .elementor-icon-list-item{margin-right:calc(11px\/2);margin-left:calc(11px\/2);}.elementor-8970 .elementor-element.elementor-element-6eb62ad .elementor-icon-list-items.elementor-inline-items{margin-right:calc(-11px\/2);margin-left:calc(-11px\/2);}body.rtl .elementor-8970 .elementor-element.elementor-element-6eb62ad .elementor-icon-list-items.elementor-inline-items .elementor-icon-list-item:after{left:calc(-11px\/2);}body:not(.rtl) .elementor-8970 .elementor-element.elementor-element-6eb62ad .elementor-icon-list-items.elementor-inline-items .elementor-icon-list-item:after{right:calc(-11px\/2);}.elementor-8970 .elementor-element.elementor-element-6eb62ad .elementor-icon-list-icon i{color:#61CE70;transition:color 0.3s;}.elementor-8970 .elementor-element.elementor-element-6eb62ad .elementor-icon-list-icon svg{fill:#61CE70;transition:fill 0.3s;}.elementor-8970 .elementor-element.elementor-element-6eb62ad .elementor-icon-list-item:hover .elementor-icon-list-icon i{color:#6EC1E4;}.elementor-8970 .elementor-element.elementor-element-6eb62ad .elementor-icon-list-item:hover .elementor-icon-list-icon svg{fill:#6EC1E4;}.elementor-8970 .elementor-element.elementor-element-6eb62ad{--e-icon-list-icon-size:29px;--icon-vertical-offset:0px;}.elementor-8970 .elementor-element.elementor-element-6eb62ad .elementor-icon-list-text{transition:color 0.3s;}<\/style><div class=\"porto-block elementor elementor-8970\" data-id=\"8970\">\t\t<section class=\"elementor-section elementor-top-section elementor-element elementor-element-7411f33 elementor-section-boxed elementor-section-height-default elementor-section-height-default\" data-id=\"7411f33\" data-element_type=\"section\">\r\n\t\t\r\n\t\t\t\t\t\t\t<div class=\"elementor-container elementor-column-gap-default\">\r\n\t\t\t\t\t\t\t\t\t\t\t<div class=\"elementor-column elementor-col-100 elementor-top-column elementor-element elementor-element-a632ad4\" data-id=\"a632ad4\" data-element_type=\"column\">\r\n\t\t\t\t\t<div class=\"elementor-widget-wrap elementor-element-populated\">\r\n\t\t\t\t\t\t\t\t<div class=\"elementor-element elementor-element-6eb62ad elementor-icon-list--layout-traditional elementor-list-item-link-full_width elementor-widget elementor-widget-icon-list\" data-id=\"6eb62ad\" data-element_type=\"widget\" data-widget_type=\"icon-list.default\">\n\t\t\t\t<div class=\"elementor-widget-container\">\n\t\t\t\t\t<ul class=\"elementor-icon-list-items\">\n\t\t\t\t\t\t\t<li class=\"elementor-icon-list-item\">\n\t\t\t\t\t\t\t\t\t\t\t<span class=\"elementor-icon-list-icon\">\n\t\t\t\t\t\t\t<i aria-hidden=\"true\" class=\"fas fa-check\"><\/i>\t\t\t\t\t\t<\/span>\n\t\t\t\t\t\t\t\t\t\t<span class=\"elementor-icon-list-text\">C\u00c2MARA DE V\u00cdDEO desportiva 4k GoPro 10 Black (podes fazer um UPGRADE para a GoPro 11 Black);<\/span>\n\t\t\t\t\t\t\t\t\t<\/li>\n\t\t\t\t\t\t\t\t<li class=\"elementor-icon-list-item\">\n\t\t\t\t\t\t\t\t\t\t\t<span class=\"elementor-icon-list-icon\">\n\t\t\t\t\t\t\t<i aria-hidden=\"true\" class=\"fas fa-check\"><\/i>\t\t\t\t\t\t<\/span>\n\t\t\t\t\t\t\t\t\t\t<span class=\"elementor-icon-list-text\">CART\u00c3O DE MEM\u00d3RIA SanDisk Micro SD Hight Endurance, 128GB, Classe 10, COMPAT\u00cdVEL com a GoPro, que pode captar clips de v\u00eddeo Full HD e 4K. Este cart\u00e3o possui a classe de velocidade UHS-I (Ultra Hight Speed-1), V30 (Video Speed Class 30), o que garante que a velocidade de escrita n\u00e3o desce abaixo dos 30 MB\/s (atinge at\u00e9 40 MB\/s). A taxa de transfer\u00eancia de leitura pode atingir at\u00e9 100 MB\/s. \u00c9 RESISTENTE A CHOQUES, RESISTENTE A ALTAS TEMPERATURAS e inclui um ADAPTADOR microSD para SD com um interrutor de prote\u00e7\u00e3o contra escrita, que permite a utiliza\u00e7\u00e3o deste cart\u00e3o em dispositivos compat\u00edveis com SD.<\/span>\n\t\t\t\t\t\t\t\t\t<\/li>\n\t\t\t\t\t\t\t\t<li class=\"elementor-icon-list-item\">\n\t\t\t\t\t\t\t\t\t\t\t<span class=\"elementor-icon-list-icon\">\n\t\t\t\t\t\t\t<i aria-hidden=\"true\" class=\"fas fa-check\"><\/i>\t\t\t\t\t\t<\/span>\n\t\t\t\t\t\t\t\t\t\t<span class=\"elementor-icon-list-text\">CONEX\u00c3O necess\u00e1ria para o funcionamento da GoPro (CABO DE ALIMENTA\u00c7\u00c3O USB Tipo C, CARREGADOR DE CARGA R\u00c1PIDA, ADAPTADOR SEM FIO SECUND\u00c1RIO);<\/span>\n\t\t\t\t\t\t\t\t\t<\/li>\n\t\t\t\t\t\t\t\t<li class=\"elementor-icon-list-item\">\n\t\t\t\t\t\t\t\t\t\t\t<span class=\"elementor-icon-list-icon\">\n\t\t\t\t\t\t\t<i aria-hidden=\"true\" class=\"fas fa-check\"><\/i>\t\t\t\t\t\t<\/span>\n\t\t\t\t\t\t\t\t\t\t<span class=\"elementor-icon-list-text\">SOFTWARE \"toolsforgopro\";<\/span>\n\t\t\t\t\t\t\t\t\t<\/li>\n\t\t\t\t\t\t\t\t<li class=\"elementor-icon-list-item\">\n\t\t\t\t\t\t\t\t\t\t\t<span class=\"elementor-icon-list-icon\">\n\t\t\t\t\t\t\t<i aria-hidden=\"true\" class=\"fas fa-check\"><\/i>\t\t\t\t\t\t<\/span>\n\t\t\t\t\t\t\t\t\t\t<span class=\"elementor-icon-list-text\">malha do sistema sem fios TP-LINK, necess\u00e1ria para enviar v\u00eddeos sem acesso \u00e0 Internet;<\/span>\n\t\t\t\t\t\t\t\t\t<\/li>\n\t\t\t\t\t\t\t\t<li class=\"elementor-icon-list-item\">\n\t\t\t\t\t\t\t\t\t\t\t<span class=\"elementor-icon-list-icon\">\n\t\t\t\t\t\t\t<i aria-hidden=\"true\" class=\"fas fa-check\"><\/i>\t\t\t\t\t\t<\/span>\n\t\t\t\t\t\t\t\t\t\t<span class=\"elementor-icon-list-text\">2 X POWERBANK (BATERIAS com 2 portas USB tipo A) de 10.000 mAh cada (1 PRINCIPAL e 1 DE RESERVA) para alimentar a GoPRO e o PROFFESIONAL RING LIGHT<\/span>\n\t\t\t\t\t\t\t\t\t<\/li>\n\t\t\t\t\t\t\t\t<li class=\"elementor-icon-list-item\">\n\t\t\t\t\t\t\t\t\t\t\t<span class=\"elementor-icon-list-icon\">\n\t\t\t\t\t\t\t<i aria-hidden=\"true\" class=\"fas fa-check\"><\/i>\t\t\t\t\t\t<\/span>\n\t\t\t\t\t\t\t\t\t\t<span class=\"elementor-icon-list-text\">SOFTWARE Profissional Video Booth 360 - INTERFACE EM L\u00cdNGUA INGLESA, com LICEN\u00c7A VITAL\u00cdCIA e ATUALIZA\u00c7\u00d5ES GRATUITAS por 1 ano, em que os v\u00eddeos s\u00e3o renderizados automaticamente, podes colocar INTRO\/OUTRO, M\u00daSICA DE FUNDO, TEMPLATE\/LAYOUT, in\u00fameros EFEITOS GR\u00c1FICOS (BLACK &amp; WHITE, BLUR, WAVES, etc.) e EFEITOS DIN\u00c2MICOS tipo SLOW MOTION, ZOOM, BOOMERANG, QUAD, STACK com possibilidade de adicionar uma chave de cor (GREY, FAST MOTION, ZOOM, BOOMERANG, QUAD, STACK).) e EFEITOS DIN\u00c2MICOS do tipo SLOW MOTION, FAST MOTION, ZOOM, BOOMERANG, MIRROR, QUAD, STACK com a possibilidade de adicionares uma cor chave (GREY, SEPIA, RED, GREEN, BLUE) . A sua transi\u00e7\u00e3o tem as seguintes variantes: ALEAT\u00d3RIA, CRUZADA, FADE BLACK, FADE WHITE, SLIDE LEFT, SLIDE RIGHT, SLICE LEFT, SLICE RIGHT, RADIAL WIPE, CAMERA, PIXEL. Biblioteca de imagens e biblioteca de v\u00eddeos. Possibilidade de utilizar GREENSCREEN e possibilidade de adicionar LOGO aos v\u00eddeos gravados. Podes ESCOLHER A DURA\u00c7\u00c3O DA GRAVA\u00c7\u00c3O, O TAMANHO DO CLIPE DE V\u00cdDEO, A TAXA DE QUADROS, A ORIENTA\u00c7\u00c3O, O CORTE, A QUALIDADE e O FORMATO DO FICHEIRO. FUN\u00c7\u00c3O DE ESTA\u00c7\u00c3O DE PARTILHA INCLU\u00cdDA, QUE N\u00c3O EXIGE UMA LIGA\u00c7\u00c3O \u00c0 INTERNET PARA OS CONVIDADOS RECEBEREM OS CLIPS. Podes COPIAR os FICHEIROS na pen USB com os detalhes do Event Publisher e do Event Viewer. Tamb\u00e9m podes copiar ficheiros para o armazenamento na nuvem atrav\u00e9s da fun\u00e7\u00e3o \"Copiar para pastas\" e dos detalhes de carregamento FTP. A licen\u00e7a \u00e9 transfer\u00edvel em qualquer altura para outro dispositivo. Funciona no Windows 7, 8, 8.1, 10 e 11.<\/span>\n\t\t\t\t\t\t\t\t\t<\/li>\n\t\t\t\t\t\t<\/ul>\n\t\t\t\t<\/div>\n\t\t\t\t<\/div>\n\t\t\t\t\t<\/div>\r\n\t\t\t\t<\/div>\r\n\t\t\t\t\t<\/div>\r\n\t\t\t\t<\/section>\r\n\t\t<\/div>\n<span class=\"Y2IQFc\" lang=\"en\">OBSERVA\u00c7\u00c3O! Para executar o software \u00e9 necess\u00e1rio um LAPTOP com a configura\u00e7\u00e3o m\u00ednima: processador i5 com placa de v\u00eddeo dedicada, 8gb de RAM e disco r\u00edgido do tipo SSD, que \u00c9 COMPRADO \u00c0 PARTE (CONTACTE-NOS PARA MAIS INFORMA\u00c7\u00d5ES).<\/span><\/p>\n","protected":false},"excerpt":{"rendered":"<p>Este produto pode ser adquirido APENAS EM CONJUNTO com uma das plataformas 360 desta categoria: <a href=\"https:\/\/360photoboothpro.eu\/product-category\/360-video-booth-platforms\/\">Plataformas de cabina fotogr\u00e1fica 360<\/a><\/p>\n","protected":false},"featured_media":14281,"comment_status":"open","ping_status":"closed","template":"","meta":{"_acf_changed":false},"product_cat":[448],"product_tag":[413,411,415,429,431,423,417,419,430,433,432,426],"class_list":{"0":"post-12599","1":"product","2":"type-product","3":"status-publish","4":"has-post-thumbnail","6":"product_cat-actualizacoes-para-plataformas-360","7":"product_tag-360-cabina-para-venda","8":"product_tag-360-cabinas","9":"product_tag-cabina-com-camara-360","10":"product_tag-cabina-de-selfies-360","11":"product_tag-cabina-de-video-360-pt-pt","12":"product_tag-cabina-fotografica-360-pt-pt","13":"product_tag-cabina-fotografica-com-camara-360","14":"product_tag-cabina-fotografica-de-360-graus","15":"product_tag-cabina-fotografica-de-rotacao-360","16":"product_tag-cabina-fotografica-rotativa","17":"product_tag-venda-de-cabina-de-video-360","18":"product_tag-venda-de-cabina-fotografica-360","20":"first","21":"instock","22":"taxable","23":"shipping-taxable","24":"purchasable","25":"product-type-simple"},"acf":[],"yoast_head":"<!-- This site is optimized with the Yoast SEO plugin v23.5 - https:\/\/yoast.com\/wordpress\/plugins\/seo\/ -->\n<title>ACTUALIZA\u00c7\u00c3O para o PACOTE COMPLETO PLUG &amp; PLAY - 360PhotoBoothPRO<\/title>\n<meta name=\"description\" content=\"Photo Booth PRO is an online store where you can buy quality ACTUALIZA\u00c7\u00c3O para o PACOTE COMPLETO PLUG &amp; PLAY at an affordable price. Buy now!\" \/>\n<meta name=\"robots\" content=\"index, follow, max-snippet:-1, max-image-preview:large, max-video-preview:-1\" \/>\n<link rel=\"canonical\" href=\"https:\/\/360photoboothpro.eu\/pt-pt\/produto\/pacote-de-atualizacao-para-full-plug-play\/\" \/>\n<meta property=\"og:locale\" content=\"pt_PT\" \/>\n<meta property=\"og:type\" content=\"article\" \/>\n<meta property=\"og:title\" content=\"ACTUALIZA\u00c7\u00c3O para o PACOTE COMPLETO PLUG &amp; PLAY - 360PhotoBoothPRO\" \/>\n<meta property=\"og:description\" content=\"Photo Booth PRO is an online store where you can buy quality ACTUALIZA\u00c7\u00c3O para o PACOTE COMPLETO PLUG &amp; PLAY at an affordable price. Buy now!\" \/>\n<meta property=\"og:url\" content=\"https:\/\/360photoboothpro.eu\/pt-pt\/produto\/pacote-de-atualizacao-para-full-plug-play\/\" \/>\n<meta property=\"og:site_name\" content=\"360PhotoBoothPRO\" \/>\n<meta property=\"article:publisher\" content=\"https:\/\/www.facebook.com\/360PhotoBoothPRO.Canada\/\" \/>\n<meta property=\"article:modified_time\" content=\"2024-12-01T10:17:02+00:00\" \/>\n<meta property=\"og:image\" content=\"https:\/\/360photoboothpro.eu\/wp-content\/uploads\/2024\/02\/360-photo-booth-pro-full-plug-and-play-package-4.jpg\" \/>\n<meta name=\"twitter:card\" content=\"summary_large_image\" \/>\n<meta name=\"twitter:image\" content=\"https:\/\/360photoboothpro.eu\/wp-content\/uploads\/2024\/03\/360-video-booth-pro-pachet-full-plug-and-play-1.jpg\" \/>\n<meta name=\"twitter:label1\" content=\"Tempo estimado de leitura\" \/>\n\t<meta name=\"twitter:data1\" content=\"1 minuto\" \/>\n<script type=\"application\/ld+json\" class=\"yoast-schema-graph\">{\"@context\":\"https:\/\/schema.org\",\"@graph\":[{\"@type\":\"WebPage\",\"@id\":\"https:\/\/360photoboothpro.eu\/pt-pt\/produto\/pacote-de-atualizacao-para-full-plug-play\/\",\"url\":\"https:\/\/360photoboothpro.eu\/pt-pt\/produto\/pacote-de-atualizacao-para-full-plug-play\/\",\"name\":\"ACTUALIZA\u00c7\u00c3O para o PACOTE COMPLETO PLUG &amp; PLAY - 360PhotoBoothPRO\",\"isPartOf\":{\"@id\":\"https:\/\/360photoboothpro.eu\/pt-pt\/#website\"},\"primaryImageOfPage\":{\"@id\":\"https:\/\/360photoboothpro.eu\/pt-pt\/produto\/pacote-de-atualizacao-para-full-plug-play\/#primaryimage\"},\"image\":{\"@id\":\"https:\/\/360photoboothpro.eu\/pt-pt\/produto\/pacote-de-atualizacao-para-full-plug-play\/#primaryimage\"},\"thumbnailUrl\":\"https:\/\/360photoboothpro.eu\/wp-content\/uploads\/2024\/02\/360-photobooth-upgrade-to-full-plug-and-play-package-2024.jpg\",\"datePublished\":\"2024-02-14T12:51:44+00:00\",\"dateModified\":\"2024-12-01T10:17:02+00:00\",\"description\":\"Photo Booth PRO is an online store where you can buy quality ACTUALIZA\u00c7\u00c3O para o PACOTE COMPLETO PLUG &amp; PLAY at an affordable price. Buy now!\",\"breadcrumb\":{\"@id\":\"https:\/\/360photoboothpro.eu\/pt-pt\/produto\/pacote-de-atualizacao-para-full-plug-play\/#breadcrumb\"},\"inLanguage\":\"pt-PT\",\"potentialAction\":[{\"@type\":\"ReadAction\",\"target\":[\"https:\/\/360photoboothpro.eu\/pt-pt\/produto\/pacote-de-atualizacao-para-full-plug-play\/\"]}]},{\"@type\":\"ImageObject\",\"inLanguage\":\"pt-PT\",\"@id\":\"https:\/\/360photoboothpro.eu\/pt-pt\/produto\/pacote-de-atualizacao-para-full-plug-play\/#primaryimage\",\"url\":\"https:\/\/360photoboothpro.eu\/wp-content\/uploads\/2024\/02\/360-photobooth-upgrade-to-full-plug-and-play-package-2024.jpg\",\"contentUrl\":\"https:\/\/360photoboothpro.eu\/wp-content\/uploads\/2024\/02\/360-photobooth-upgrade-to-full-plug-and-play-package-2024.jpg\",\"width\":2000,\"height\":2000,\"caption\":\"360 photobooth upgrade to full plug and play package\"},{\"@type\":\"BreadcrumbList\",\"@id\":\"https:\/\/360photoboothpro.eu\/pt-pt\/produto\/pacote-de-atualizacao-para-full-plug-play\/#breadcrumb\",\"itemListElement\":[{\"@type\":\"ListItem\",\"position\":1,\"name\":\"Home\",\"item\":\"https:\/\/360photoboothpro.eu\/pt-pt\/\"},{\"@type\":\"ListItem\",\"position\":2,\"name\":\"Loja\",\"item\":\"https:\/\/360photoboothpro.eu\/pt-pt\/loja\/\"},{\"@type\":\"ListItem\",\"position\":3,\"name\":\"ACTUALIZA\u00c7\u00c3O para o PACOTE COMPLETO PLUG &amp; PLAY\"}]},{\"@type\":\"WebSite\",\"@id\":\"https:\/\/360photoboothpro.eu\/pt-pt\/#website\",\"url\":\"https:\/\/360photoboothpro.eu\/pt-pt\/\",\"name\":\"360PhotoBoothPRO\",\"description\":\"360PhotoBoothPRO\",\"publisher\":{\"@id\":\"https:\/\/360photoboothpro.eu\/pt-pt\/#organization\"},\"potentialAction\":[{\"@type\":\"SearchAction\",\"target\":{\"@type\":\"EntryPoint\",\"urlTemplate\":\"https:\/\/360photoboothpro.eu\/pt-pt\/?s={search_term_string}\"},\"query-input\":{\"@type\":\"PropertyValueSpecification\",\"valueRequired\":true,\"valueName\":\"search_term_string\"}}],\"inLanguage\":\"pt-PT\"},{\"@type\":\"Organization\",\"@id\":\"https:\/\/360photoboothpro.eu\/pt-pt\/#organization\",\"name\":\"360PhotoBoothPRO\",\"url\":\"https:\/\/360photoboothpro.eu\/pt-pt\/\",\"logo\":{\"@type\":\"ImageObject\",\"inLanguage\":\"pt-PT\",\"@id\":\"https:\/\/360photoboothpro.eu\/pt-pt\/#\/schema\/logo\/image\/\",\"url\":\"https:\/\/360photoboothpro.eu\/wp-content\/uploads\/2023\/03\/logo-360photoboothpro-favicon.png\",\"contentUrl\":\"https:\/\/360photoboothpro.eu\/wp-content\/uploads\/2023\/03\/logo-360photoboothpro-favicon.png\",\"width\":317,\"height\":317,\"caption\":\"360PhotoBoothPRO\"},\"image\":{\"@id\":\"https:\/\/360photoboothpro.eu\/pt-pt\/#\/schema\/logo\/image\/\"},\"sameAs\":[\"https:\/\/www.facebook.com\/360PhotoBoothPRO.Canada\/\"]}]}<\/script>\n<!-- \/ Yoast SEO plugin. -->","yoast_head_json":{"title":"ACTUALIZA\u00c7\u00c3O para o PACOTE COMPLETO PLUG &amp; PLAY - 360PhotoBoothPRO","description":"Photo Booth PRO is an online store where you can buy quality ACTUALIZA\u00c7\u00c3O para o PACOTE COMPLETO PLUG &amp; PLAY at an affordable price. Buy now!","robots":{"index":"index","follow":"follow","max-snippet":"max-snippet:-1","max-image-preview":"max-image-preview:large","max-video-preview":"max-video-preview:-1"},"canonical":"https:\/\/360photoboothpro.eu\/pt-pt\/produto\/pacote-de-atualizacao-para-full-plug-play\/","og_locale":"pt_PT","og_type":"article","og_title":"ACTUALIZA\u00c7\u00c3O para o PACOTE COMPLETO PLUG &amp; PLAY - 360PhotoBoothPRO","og_description":"Photo Booth PRO is an online store where you can buy quality ACTUALIZA\u00c7\u00c3O para o PACOTE COMPLETO PLUG &amp; PLAY at an affordable price. Buy now!","og_url":"https:\/\/360photoboothpro.eu\/pt-pt\/produto\/pacote-de-atualizacao-para-full-plug-play\/","og_site_name":"360PhotoBoothPRO","article_publisher":"https:\/\/www.facebook.com\/360PhotoBoothPRO.Canada\/","article_modified_time":"2024-12-01T10:17:02+00:00","og_image":[{"url":"https:\/\/360photoboothpro.eu\/wp-content\/uploads\/2024\/02\/360-photo-booth-pro-full-plug-and-play-package-4.jpg"}],"twitter_card":"summary_large_image","twitter_image":"https:\/\/360photoboothpro.eu\/wp-content\/uploads\/2024\/03\/360-video-booth-pro-pachet-full-plug-and-play-1.jpg","twitter_misc":{"Tempo estimado de leitura":"1 minuto"},"schema":{"@context":"https:\/\/schema.org","@graph":[{"@type":"WebPage","@id":"https:\/\/360photoboothpro.eu\/pt-pt\/produto\/pacote-de-atualizacao-para-full-plug-play\/","url":"https:\/\/360photoboothpro.eu\/pt-pt\/produto\/pacote-de-atualizacao-para-full-plug-play\/","name":"ACTUALIZA\u00c7\u00c3O para o PACOTE COMPLETO PLUG &amp; PLAY - 360PhotoBoothPRO","isPartOf":{"@id":"https:\/\/360photoboothpro.eu\/pt-pt\/#website"},"primaryImageOfPage":{"@id":"https:\/\/360photoboothpro.eu\/pt-pt\/produto\/pacote-de-atualizacao-para-full-plug-play\/#primaryimage"},"image":{"@id":"https:\/\/360photoboothpro.eu\/pt-pt\/produto\/pacote-de-atualizacao-para-full-plug-play\/#primaryimage"},"thumbnailUrl":"https:\/\/360photoboothpro.eu\/wp-content\/uploads\/2024\/02\/360-photobooth-upgrade-to-full-plug-and-play-package-2024.jpg","datePublished":"2024-02-14T12:51:44+00:00","dateModified":"2024-12-01T10:17:02+00:00","description":"Photo Booth PRO is an online store where you can buy quality ACTUALIZA\u00c7\u00c3O para o PACOTE COMPLETO PLUG &amp; PLAY at an affordable price. Buy now!","breadcrumb":{"@id":"https:\/\/360photoboothpro.eu\/pt-pt\/produto\/pacote-de-atualizacao-para-full-plug-play\/#breadcrumb"},"inLanguage":"pt-PT","potentialAction":[{"@type":"ReadAction","target":["https:\/\/360photoboothpro.eu\/pt-pt\/produto\/pacote-de-atualizacao-para-full-plug-play\/"]}]},{"@type":"ImageObject","inLanguage":"pt-PT","@id":"https:\/\/360photoboothpro.eu\/pt-pt\/produto\/pacote-de-atualizacao-para-full-plug-play\/#primaryimage","url":"https:\/\/360photoboothpro.eu\/wp-content\/uploads\/2024\/02\/360-photobooth-upgrade-to-full-plug-and-play-package-2024.jpg","contentUrl":"https:\/\/360photoboothpro.eu\/wp-content\/uploads\/2024\/02\/360-photobooth-upgrade-to-full-plug-and-play-package-2024.jpg","width":2000,"height":2000,"caption":"360 photobooth upgrade to full plug and play package"},{"@type":"BreadcrumbList","@id":"https:\/\/360photoboothpro.eu\/pt-pt\/produto\/pacote-de-atualizacao-para-full-plug-play\/#breadcrumb","itemListElement":[{"@type":"ListItem","position":1,"name":"Home","item":"https:\/\/360photoboothpro.eu\/pt-pt\/"},{"@type":"ListItem","position":2,"name":"Loja","item":"https:\/\/360photoboothpro.eu\/pt-pt\/loja\/"},{"@type":"ListItem","position":3,"name":"ACTUALIZA\u00c7\u00c3O para o PACOTE COMPLETO PLUG &amp; PLAY"}]},{"@type":"WebSite","@id":"https:\/\/360photoboothpro.eu\/pt-pt\/#website","url":"https:\/\/360photoboothpro.eu\/pt-pt\/","name":"360PhotoBoothPRO","description":"360PhotoBoothPRO","publisher":{"@id":"https:\/\/360photoboothpro.eu\/pt-pt\/#organization"},"potentialAction":[{"@type":"SearchAction","target":{"@type":"EntryPoint","urlTemplate":"https:\/\/360photoboothpro.eu\/pt-pt\/?s={search_term_string}"},"query-input":{"@type":"PropertyValueSpecification","valueRequired":true,"valueName":"search_term_string"}}],"inLanguage":"pt-PT"},{"@type":"Organization","@id":"https:\/\/360photoboothpro.eu\/pt-pt\/#organization","name":"360PhotoBoothPRO","url":"https:\/\/360photoboothpro.eu\/pt-pt\/","logo":{"@type":"ImageObject","inLanguage":"pt-PT","@id":"https:\/\/360photoboothpro.eu\/pt-pt\/#\/schema\/logo\/image\/","url":"https:\/\/360photoboothpro.eu\/wp-content\/uploads\/2023\/03\/logo-360photoboothpro-favicon.png","contentUrl":"https:\/\/360photoboothpro.eu\/wp-content\/uploads\/2023\/03\/logo-360photoboothpro-favicon.png","width":317,"height":317,"caption":"360PhotoBoothPRO"},"image":{"@id":"https:\/\/360photoboothpro.eu\/pt-pt\/#\/schema\/logo\/image\/"},"sameAs":["https:\/\/www.facebook.com\/360PhotoBoothPRO.Canada\/"]}]}},"_links":{"self":[{"href":"https:\/\/360photoboothpro.eu\/pt-pt\/wp-json\/wp\/v2\/product\/12599"}],"collection":[{"href":"https:\/\/360photoboothpro.eu\/pt-pt\/wp-json\/wp\/v2\/product"}],"about":[{"href":"https:\/\/360photoboothpro.eu\/pt-pt\/wp-json\/wp\/v2\/types\/product"}],"replies":[{"embeddable":true,"href":"https:\/\/360photoboothpro.eu\/pt-pt\/wp-json\/wp\/v2\/comments?post=12599"}],"wp:featuredmedia":[{"embeddable":true,"href":"https:\/\/360photoboothpro.eu\/pt-pt\/wp-json\/wp\/v2\/media\/14281"}],"wp:attachment":[{"href":"https:\/\/360photoboothpro.eu\/pt-pt\/wp-json\/wp\/v2\/media?parent=12599"}],"wp:term":[{"taxonomy":"product_cat","embeddable":true,"href":"https:\/\/360photoboothpro.eu\/pt-pt\/wp-json\/wp\/v2\/product_cat?post=12599"},{"taxonomy":"product_tag","embeddable":true,"href":"https:\/\/360photoboothpro.eu\/pt-pt\/wp-json\/wp\/v2\/product_tag?post=12599"}],"curies":[{"name":"wp","href":"https:\/\/api.w.org\/{rel}","templated":true}]}}