{"id":7773,"date":"2023-04-12T08:34:05","date_gmt":"2023-04-12T06:34:05","guid":{"rendered":"https:\/\/360photoboothpro.eu\/product\/battery-12v-24v-for-360-photo-booth-platform\/"},"modified":"2024-12-01T12:11:57","modified_gmt":"2024-12-01T10:11:57","slug":"bateria-12v-slash-24v-para-360-photo-booth-platform","status":"publish","type":"product","link":"https:\/\/360photoboothpro.eu\/pt-pt\/produto\/bateria-12v-slash-24v-para-360-photo-booth-platform\/","title":{"rendered":"BATERIA (12V \/ 24V) para 360 Photo Booth PLATFORM"},"content":{"rendered":"<p>BATERIA 12V \/ 24V, 44.800 mAh, para a plataforma 360 Photo Booth PRO (pode ser colocada por baixo do prato girat\u00f3rio), que liga o motor do bra\u00e7o rotativo.<\/p>\n<p>Autonomia: 7-8 horas em condi\u00e7\u00f5es ideais, testadas nas nossas cabinas de v\u00eddeo 360. Isto pode variar devido a muitos factores: a temperatura, o consumo de energia do motor da 360, a frequ\u00eancia dos clientes na plataforma 360, a dura\u00e7\u00e3o dos v\u00eddeos e a utiliza\u00e7\u00e3o do motor, etc.<\/p>\n<p>Carregamento: 6-8 horas<\/p>\n","protected":false},"excerpt":{"rendered":"<p>BATERIA 12V \/ 24V, 44.800 mAh, para a plataforma 360 Photo Booth PRO, que liga o motor do bra\u00e7o rotativo. Autonomia: 7-8 horas. Carregamento: 6-8 horas.<\/p>\n","protected":false},"featured_media":7171,"comment_status":"open","ping_status":"closed","template":"","meta":{"_acf_changed":false},"product_cat":[409],"product_tag":[414],"class_list":{"0":"post-7773","1":"product","2":"type-product","3":"status-publish","4":"has-post-thumbnail","6":"product_cat-acessorios","7":"product_tag-bateria-para-360-photo-booth-pt-pt","9":"first","10":"instock","11":"taxable","12":"shipping-taxable","13":"purchasable","14":"product-type-simple"},"acf":[],"yoast_head":"<!-- This site is optimized with the Yoast SEO plugin v23.5 - https:\/\/yoast.com\/wordpress\/plugins\/seo\/ -->\n<title>BATERIA (12V \/ 24V) para 360 Photo Booth PLATFORM - 360PhotoBoothPRO<\/title>\n<meta name=\"description\" content=\"Photo Booth PRO is an online store where you can buy quality BATERIA (12V \/ 24V) para 360 Photo Booth PLATFORM at an affordable price. Buy now!\" \/>\n<meta name=\"robots\" content=\"index, follow, max-snippet:-1, max-image-preview:large, max-video-preview:-1\" \/>\n<link rel=\"canonical\" href=\"https:\/\/360photoboothpro.eu\/pt-pt\/produto\/bateria-12v-slash-24v-para-360-photo-booth-platform\/\" \/>\n<meta property=\"og:locale\" content=\"pt_PT\" \/>\n<meta property=\"og:type\" content=\"article\" \/>\n<meta property=\"og:title\" content=\"BATERIA (12V \/ 24V) para 360 Photo Booth PLATFORM - 360PhotoBoothPRO\" \/>\n<meta property=\"og:description\" content=\"Photo Booth PRO is an online store where you can buy quality BATERIA (12V \/ 24V) para 360 Photo Booth PLATFORM at an affordable price. Buy now!\" \/>\n<meta property=\"og:url\" content=\"https:\/\/360photoboothpro.eu\/pt-pt\/produto\/bateria-12v-slash-24v-para-360-photo-booth-platform\/\" \/>\n<meta property=\"og:site_name\" content=\"360PhotoBoothPRO\" \/>\n<meta property=\"article:publisher\" content=\"https:\/\/www.facebook.com\/360PhotoBoothPRO.Canada\/\" \/>\n<meta property=\"article:modified_time\" content=\"2024-12-01T10:11:57+00:00\" \/>\n<meta property=\"og:image\" content=\"https:\/\/360photoboothpro.eu\/wp-content\/uploads\/2023\/04\/battery-for-360-photobooth-platform-social.jpg\" \/>\n<meta name=\"twitter:card\" content=\"summary_large_image\" \/>\n<script type=\"application\/ld+json\" class=\"yoast-schema-graph\">{\"@context\":\"https:\/\/schema.org\",\"@graph\":[{\"@type\":\"WebPage\",\"@id\":\"https:\/\/360photoboothpro.eu\/pt-pt\/produto\/bateria-12v-slash-24v-para-360-photo-booth-platform\/\",\"url\":\"https:\/\/360photoboothpro.eu\/pt-pt\/produto\/bateria-12v-slash-24v-para-360-photo-booth-platform\/\",\"name\":\"BATERIA (12V \/ 24V) para 360 Photo Booth PLATFORM - 360PhotoBoothPRO\",\"isPartOf\":{\"@id\":\"https:\/\/360photoboothpro.eu\/pt-pt\/#website\"},\"primaryImageOfPage\":{\"@id\":\"https:\/\/360photoboothpro.eu\/pt-pt\/produto\/bateria-12v-slash-24v-para-360-photo-booth-platform\/#primaryimage\"},\"image\":{\"@id\":\"https:\/\/360photoboothpro.eu\/pt-pt\/produto\/bateria-12v-slash-24v-para-360-photo-booth-platform\/#primaryimage\"},\"thumbnailUrl\":\"https:\/\/360photoboothpro.eu\/wp-content\/uploads\/2023\/04\/12V-24V-BATTERY-FOR-THE-360-Photo-Booth-PRO-PLATFORM-3.webp\",\"datePublished\":\"2023-04-12T06:34:05+00:00\",\"dateModified\":\"2024-12-01T10:11:57+00:00\",\"description\":\"Photo Booth PRO is an online store where you can buy quality BATERIA (12V \/ 24V) para 360 Photo Booth PLATFORM at an affordable price. Buy now!\",\"breadcrumb\":{\"@id\":\"https:\/\/360photoboothpro.eu\/pt-pt\/produto\/bateria-12v-slash-24v-para-360-photo-booth-platform\/#breadcrumb\"},\"inLanguage\":\"pt-PT\",\"potentialAction\":[{\"@type\":\"ReadAction\",\"target\":[\"https:\/\/360photoboothpro.eu\/pt-pt\/produto\/bateria-12v-slash-24v-para-360-photo-booth-platform\/\"]}]},{\"@type\":\"ImageObject\",\"inLanguage\":\"pt-PT\",\"@id\":\"https:\/\/360photoboothpro.eu\/pt-pt\/produto\/bateria-12v-slash-24v-para-360-photo-booth-platform\/#primaryimage\",\"url\":\"https:\/\/360photoboothpro.eu\/wp-content\/uploads\/2023\/04\/12V-24V-BATTERY-FOR-THE-360-Photo-Booth-PRO-PLATFORM-3.webp\",\"contentUrl\":\"https:\/\/360photoboothpro.eu\/wp-content\/uploads\/2023\/04\/12V-24V-BATTERY-FOR-THE-360-Photo-Booth-PRO-PLATFORM-3.webp\",\"width\":960,\"height\":960,\"caption\":\"12V \/ 24V BATTERY FOR THE 360 Photo Booth PRO PLATFORM\"},{\"@type\":\"BreadcrumbList\",\"@id\":\"https:\/\/360photoboothpro.eu\/pt-pt\/produto\/bateria-12v-slash-24v-para-360-photo-booth-platform\/#breadcrumb\",\"itemListElement\":[{\"@type\":\"ListItem\",\"position\":1,\"name\":\"Home\",\"item\":\"https:\/\/360photoboothpro.eu\/pt-pt\/\"},{\"@type\":\"ListItem\",\"position\":2,\"name\":\"Loja\",\"item\":\"https:\/\/360photoboothpro.eu\/pt-pt\/loja\/\"},{\"@type\":\"ListItem\",\"position\":3,\"name\":\"BATERIA (12V \/ 24V) para 360 Photo Booth PLATFORM\"}]},{\"@type\":\"WebSite\",\"@id\":\"https:\/\/360photoboothpro.eu\/pt-pt\/#website\",\"url\":\"https:\/\/360photoboothpro.eu\/pt-pt\/\",\"name\":\"360PhotoBoothPRO\",\"description\":\"360PhotoBoothPRO\",\"publisher\":{\"@id\":\"https:\/\/360photoboothpro.eu\/pt-pt\/#organization\"},\"potentialAction\":[{\"@type\":\"SearchAction\",\"target\":{\"@type\":\"EntryPoint\",\"urlTemplate\":\"https:\/\/360photoboothpro.eu\/pt-pt\/?s={search_term_string}\"},\"query-input\":{\"@type\":\"PropertyValueSpecification\",\"valueRequired\":true,\"valueName\":\"search_term_string\"}}],\"inLanguage\":\"pt-PT\"},{\"@type\":\"Organization\",\"@id\":\"https:\/\/360photoboothpro.eu\/pt-pt\/#organization\",\"name\":\"360PhotoBoothPRO\",\"url\":\"https:\/\/360photoboothpro.eu\/pt-pt\/\",\"logo\":{\"@type\":\"ImageObject\",\"inLanguage\":\"pt-PT\",\"@id\":\"https:\/\/360photoboothpro.eu\/pt-pt\/#\/schema\/logo\/image\/\",\"url\":\"https:\/\/360photoboothpro.eu\/wp-content\/uploads\/2023\/03\/logo-360photoboothpro-favicon.png\",\"contentUrl\":\"https:\/\/360photoboothpro.eu\/wp-content\/uploads\/2023\/03\/logo-360photoboothpro-favicon.png\",\"width\":317,\"height\":317,\"caption\":\"360PhotoBoothPRO\"},\"image\":{\"@id\":\"https:\/\/360photoboothpro.eu\/pt-pt\/#\/schema\/logo\/image\/\"},\"sameAs\":[\"https:\/\/www.facebook.com\/360PhotoBoothPRO.Canada\/\"]}]}<\/script>\n<!-- \/ Yoast SEO plugin. -->","yoast_head_json":{"title":"BATERIA (12V \/ 24V) para 360 Photo Booth PLATFORM - 360PhotoBoothPRO","description":"Photo Booth PRO is an online store where you can buy quality BATERIA (12V \/ 24V) para 360 Photo Booth PLATFORM at an affordable price. Buy now!","robots":{"index":"index","follow":"follow","max-snippet":"max-snippet:-1","max-image-preview":"max-image-preview:large","max-video-preview":"max-video-preview:-1"},"canonical":"https:\/\/360photoboothpro.eu\/pt-pt\/produto\/bateria-12v-slash-24v-para-360-photo-booth-platform\/","og_locale":"pt_PT","og_type":"article","og_title":"BATERIA (12V \/ 24V) para 360 Photo Booth PLATFORM - 360PhotoBoothPRO","og_description":"Photo Booth PRO is an online store where you can buy quality BATERIA (12V \/ 24V) para 360 Photo Booth PLATFORM at an affordable price. Buy now!","og_url":"https:\/\/360photoboothpro.eu\/pt-pt\/produto\/bateria-12v-slash-24v-para-360-photo-booth-platform\/","og_site_name":"360PhotoBoothPRO","article_publisher":"https:\/\/www.facebook.com\/360PhotoBoothPRO.Canada\/","article_modified_time":"2024-12-01T10:11:57+00:00","og_image":[{"url":"https:\/\/360photoboothpro.eu\/wp-content\/uploads\/2023\/04\/battery-for-360-photobooth-platform-social.jpg"}],"twitter_card":"summary_large_image","schema":{"@context":"https:\/\/schema.org","@graph":[{"@type":"WebPage","@id":"https:\/\/360photoboothpro.eu\/pt-pt\/produto\/bateria-12v-slash-24v-para-360-photo-booth-platform\/","url":"https:\/\/360photoboothpro.eu\/pt-pt\/produto\/bateria-12v-slash-24v-para-360-photo-booth-platform\/","name":"BATERIA (12V \/ 24V) para 360 Photo Booth PLATFORM - 360PhotoBoothPRO","isPartOf":{"@id":"https:\/\/360photoboothpro.eu\/pt-pt\/#website"},"primaryImageOfPage":{"@id":"https:\/\/360photoboothpro.eu\/pt-pt\/produto\/bateria-12v-slash-24v-para-360-photo-booth-platform\/#primaryimage"},"image":{"@id":"https:\/\/360photoboothpro.eu\/pt-pt\/produto\/bateria-12v-slash-24v-para-360-photo-booth-platform\/#primaryimage"},"thumbnailUrl":"https:\/\/360photoboothpro.eu\/wp-content\/uploads\/2023\/04\/12V-24V-BATTERY-FOR-THE-360-Photo-Booth-PRO-PLATFORM-3.webp","datePublished":"2023-04-12T06:34:05+00:00","dateModified":"2024-12-01T10:11:57+00:00","description":"Photo Booth PRO is an online store where you can buy quality BATERIA (12V \/ 24V) para 360 Photo Booth PLATFORM at an affordable price. Buy now!","breadcrumb":{"@id":"https:\/\/360photoboothpro.eu\/pt-pt\/produto\/bateria-12v-slash-24v-para-360-photo-booth-platform\/#breadcrumb"},"inLanguage":"pt-PT","potentialAction":[{"@type":"ReadAction","target":["https:\/\/360photoboothpro.eu\/pt-pt\/produto\/bateria-12v-slash-24v-para-360-photo-booth-platform\/"]}]},{"@type":"ImageObject","inLanguage":"pt-PT","@id":"https:\/\/360photoboothpro.eu\/pt-pt\/produto\/bateria-12v-slash-24v-para-360-photo-booth-platform\/#primaryimage","url":"https:\/\/360photoboothpro.eu\/wp-content\/uploads\/2023\/04\/12V-24V-BATTERY-FOR-THE-360-Photo-Booth-PRO-PLATFORM-3.webp","contentUrl":"https:\/\/360photoboothpro.eu\/wp-content\/uploads\/2023\/04\/12V-24V-BATTERY-FOR-THE-360-Photo-Booth-PRO-PLATFORM-3.webp","width":960,"height":960,"caption":"12V \/ 24V BATTERY FOR THE 360 Photo Booth PRO PLATFORM"},{"@type":"BreadcrumbList","@id":"https:\/\/360photoboothpro.eu\/pt-pt\/produto\/bateria-12v-slash-24v-para-360-photo-booth-platform\/#breadcrumb","itemListElement":[{"@type":"ListItem","position":1,"name":"Home","item":"https:\/\/360photoboothpro.eu\/pt-pt\/"},{"@type":"ListItem","position":2,"name":"Loja","item":"https:\/\/360photoboothpro.eu\/pt-pt\/loja\/"},{"@type":"ListItem","position":3,"name":"BATERIA (12V \/ 24V) para 360 Photo Booth PLATFORM"}]},{"@type":"WebSite","@id":"https:\/\/360photoboothpro.eu\/pt-pt\/#website","url":"https:\/\/360photoboothpro.eu\/pt-pt\/","name":"360PhotoBoothPRO","description":"360PhotoBoothPRO","publisher":{"@id":"https:\/\/360photoboothpro.eu\/pt-pt\/#organization"},"potentialAction":[{"@type":"SearchAction","target":{"@type":"EntryPoint","urlTemplate":"https:\/\/360photoboothpro.eu\/pt-pt\/?s={search_term_string}"},"query-input":{"@type":"PropertyValueSpecification","valueRequired":true,"valueName":"search_term_string"}}],"inLanguage":"pt-PT"},{"@type":"Organization","@id":"https:\/\/360photoboothpro.eu\/pt-pt\/#organization","name":"360PhotoBoothPRO","url":"https:\/\/360photoboothpro.eu\/pt-pt\/","logo":{"@type":"ImageObject","inLanguage":"pt-PT","@id":"https:\/\/360photoboothpro.eu\/pt-pt\/#\/schema\/logo\/image\/","url":"https:\/\/360photoboothpro.eu\/wp-content\/uploads\/2023\/03\/logo-360photoboothpro-favicon.png","contentUrl":"https:\/\/360photoboothpro.eu\/wp-content\/uploads\/2023\/03\/logo-360photoboothpro-favicon.png","width":317,"height":317,"caption":"360PhotoBoothPRO"},"image":{"@id":"https:\/\/360photoboothpro.eu\/pt-pt\/#\/schema\/logo\/image\/"},"sameAs":["https:\/\/www.facebook.com\/360PhotoBoothPRO.Canada\/"]}]}},"_links":{"self":[{"href":"https:\/\/360photoboothpro.eu\/pt-pt\/wp-json\/wp\/v2\/product\/7773"}],"collection":[{"href":"https:\/\/360photoboothpro.eu\/pt-pt\/wp-json\/wp\/v2\/product"}],"about":[{"href":"https:\/\/360photoboothpro.eu\/pt-pt\/wp-json\/wp\/v2\/types\/product"}],"replies":[{"embeddable":true,"href":"https:\/\/360photoboothpro.eu\/pt-pt\/wp-json\/wp\/v2\/comments?post=7773"}],"wp:featuredmedia":[{"embeddable":true,"href":"https:\/\/360photoboothpro.eu\/pt-pt\/wp-json\/wp\/v2\/media\/7171"}],"wp:attachment":[{"href":"https:\/\/360photoboothpro.eu\/pt-pt\/wp-json\/wp\/v2\/media?parent=7773"}],"wp:term":[{"taxonomy":"product_cat","embeddable":true,"href":"https:\/\/360photoboothpro.eu\/pt-pt\/wp-json\/wp\/v2\/product_cat?post=7773"},{"taxonomy":"product_tag","embeddable":true,"href":"https:\/\/360photoboothpro.eu\/pt-pt\/wp-json\/wp\/v2\/product_tag?post=7773"}],"curies":[{"name":"wp","href":"https:\/\/api.w.org\/{rel}","templated":true}]}}