{"id":7776,"date":"2023-04-12T08:09:35","date_gmt":"2023-04-12T06:09:35","guid":{"rendered":"https:\/\/360photoboothpro.eu\/?post_type=product&#038;p=7776"},"modified":"2025-06-08T09:11:23","modified_gmt":"2025-06-08T07:11:23","slug":"conjunto-de-2-luzes-led-x-24w-com-tripe-para-estudio-fotografico","status":"publish","type":"product","link":"https:\/\/360photoboothpro.eu\/pt-pt\/produto\/conjunto-de-2-luzes-led-x-24w-com-tripe-para-estudio-fotografico\/","title":{"rendered":"Conjunto de 2 luzes LED de 24 W, com trip\u00e9, para est\u00fadio fotogr\u00e1fico"},"content":{"rendered":"<p>Este produto pode ser adquirido APENAS EM CONJUNTO com uma das plataformas 360 desta categoria: <a href=\"https:\/\/360photoboothpro.eu\/pt-pt\/categoria-produto\/360-photo-booth-plataformas-pt-pt\/\">Plataformas de cabina fotogr\u00e1fica 360<\/a><\/p>\n<p>Conjunto de 2 luzes LED de 24 W, com trip\u00e9, para est\u00fadio fotogr\u00e1fico<\/p>\n","protected":false},"excerpt":{"rendered":"<p>Este produto pode ser adquirido APENAS EM CONJUNTO com uma das plataformas 360 desta categoria: <a href=\"https:\/\/360photoboothpro.eu\/product-category\/360-video-booth-platforms\/\">Plataformas de cabina fotogr\u00e1fica 360<\/a><\/p>\n","protected":false},"featured_media":7108,"comment_status":"open","ping_status":"closed","template":"","meta":{"_acf_changed":false},"product_cat":[409],"product_tag":[413,411,415,429,431,423,417,419,430,433,432,426],"class_list":{"0":"post-7776","1":"product","2":"type-product","3":"status-publish","4":"has-post-thumbnail","6":"product_cat-acessorios","7":"product_tag-360-cabina-para-venda","8":"product_tag-360-cabinas","9":"product_tag-cabina-com-camara-360","10":"product_tag-cabina-de-selfies-360","11":"product_tag-cabina-de-video-360-pt-pt","12":"product_tag-cabina-fotografica-360-pt-pt","13":"product_tag-cabina-fotografica-com-camara-360","14":"product_tag-cabina-fotografica-de-360-graus","15":"product_tag-cabina-fotografica-de-rotacao-360","16":"product_tag-cabina-fotografica-rotativa","17":"product_tag-venda-de-cabina-de-video-360","18":"product_tag-venda-de-cabina-fotografica-360","20":"first","21":"outofstock","22":"taxable","23":"shipping-taxable","24":"purchasable","25":"product-type-simple"},"acf":[],"yoast_head":"<!-- This site is optimized with the Yoast SEO plugin v23.5 - https:\/\/yoast.com\/wordpress\/plugins\/seo\/ -->\n<title>Conjunto de 2 luzes LED de 24 W, com trip\u00e9, para est\u00fadio fotogr\u00e1fico - 360PhotoBoothPRO<\/title>\n<meta name=\"description\" content=\"Photo Booth PRO is an online store where you can buy quality Conjunto de 2 luzes LED de 24 W, com trip\u00e9, para est\u00fadio fotogr\u00e1fico at an affordable price. Buy now!\" \/>\n<meta name=\"robots\" content=\"index, follow, max-snippet:-1, max-image-preview:large, max-video-preview:-1\" \/>\n<link rel=\"canonical\" href=\"https:\/\/360photoboothpro.eu\/pt-pt\/produto\/conjunto-de-2-luzes-led-x-24w-com-tripe-para-estudio-fotografico\/\" \/>\n<meta property=\"og:locale\" content=\"pt_PT\" \/>\n<meta property=\"og:type\" content=\"article\" \/>\n<meta property=\"og:title\" content=\"Conjunto de 2 luzes LED de 24 W, com trip\u00e9, para est\u00fadio fotogr\u00e1fico - 360PhotoBoothPRO\" \/>\n<meta property=\"og:description\" content=\"Photo Booth PRO is an online store where you can buy quality Conjunto de 2 luzes LED de 24 W, com trip\u00e9, para est\u00fadio fotogr\u00e1fico at an affordable price. Buy now!\" \/>\n<meta property=\"og:url\" content=\"https:\/\/360photoboothpro.eu\/pt-pt\/produto\/conjunto-de-2-luzes-led-x-24w-com-tripe-para-estudio-fotografico\/\" \/>\n<meta property=\"og:site_name\" content=\"360PhotoBoothPRO\" \/>\n<meta property=\"article:publisher\" content=\"https:\/\/www.facebook.com\/360PhotoBoothPRO.Canada\/\" \/>\n<meta property=\"article:modified_time\" content=\"2025-06-08T07:11:23+00:00\" \/>\n<meta property=\"og:image\" content=\"https:\/\/360photoboothpro.eu\/wp-content\/uploads\/2023\/04\/set-2-led-lights-with-tripod-social.jpg\" \/>\n<meta name=\"twitter:card\" content=\"summary_large_image\" \/>\n<meta name=\"twitter:label1\" content=\"Tempo estimado de leitura\" \/>\n\t<meta name=\"twitter:data1\" content=\"1 minuto\" \/>\n<script type=\"application\/ld+json\" class=\"yoast-schema-graph\">{\"@context\":\"https:\/\/schema.org\",\"@graph\":[{\"@type\":\"WebPage\",\"@id\":\"https:\/\/360photoboothpro.eu\/pt-pt\/produto\/conjunto-de-2-luzes-led-x-24w-com-tripe-para-estudio-fotografico\/\",\"url\":\"https:\/\/360photoboothpro.eu\/pt-pt\/produto\/conjunto-de-2-luzes-led-x-24w-com-tripe-para-estudio-fotografico\/\",\"name\":\"Conjunto de 2 luzes LED de 24 W, com trip\u00e9, para est\u00fadio fotogr\u00e1fico - 360PhotoBoothPRO\",\"isPartOf\":{\"@id\":\"https:\/\/360photoboothpro.eu\/pt-pt\/#website\"},\"primaryImageOfPage\":{\"@id\":\"https:\/\/360photoboothpro.eu\/pt-pt\/produto\/conjunto-de-2-luzes-led-x-24w-com-tripe-para-estudio-fotografico\/#primaryimage\"},\"image\":{\"@id\":\"https:\/\/360photoboothpro.eu\/pt-pt\/produto\/conjunto-de-2-luzes-led-x-24w-com-tripe-para-estudio-fotografico\/#primaryimage\"},\"thumbnailUrl\":\"https:\/\/360photoboothpro.eu\/wp-content\/uploads\/2023\/04\/Set-of-2-24W-LED-lights-with-tripod-for-photo-studio.webp\",\"datePublished\":\"2023-04-12T06:09:35+00:00\",\"dateModified\":\"2025-06-08T07:11:23+00:00\",\"description\":\"Photo Booth PRO is an online store where you can buy quality Conjunto de 2 luzes LED de 24 W, com trip\u00e9, para est\u00fadio fotogr\u00e1fico at an affordable price. Buy now!\",\"breadcrumb\":{\"@id\":\"https:\/\/360photoboothpro.eu\/pt-pt\/produto\/conjunto-de-2-luzes-led-x-24w-com-tripe-para-estudio-fotografico\/#breadcrumb\"},\"inLanguage\":\"pt-PT\",\"potentialAction\":[{\"@type\":\"ReadAction\",\"target\":[\"https:\/\/360photoboothpro.eu\/pt-pt\/produto\/conjunto-de-2-luzes-led-x-24w-com-tripe-para-estudio-fotografico\/\"]}]},{\"@type\":\"ImageObject\",\"inLanguage\":\"pt-PT\",\"@id\":\"https:\/\/360photoboothpro.eu\/pt-pt\/produto\/conjunto-de-2-luzes-led-x-24w-com-tripe-para-estudio-fotografico\/#primaryimage\",\"url\":\"https:\/\/360photoboothpro.eu\/wp-content\/uploads\/2023\/04\/Set-of-2-24W-LED-lights-with-tripod-for-photo-studio.webp\",\"contentUrl\":\"https:\/\/360photoboothpro.eu\/wp-content\/uploads\/2023\/04\/Set-of-2-24W-LED-lights-with-tripod-for-photo-studio.webp\",\"width\":960,\"height\":960,\"caption\":\"Set of 2 x 24W LED lights, with tripod, for photo studio\"},{\"@type\":\"BreadcrumbList\",\"@id\":\"https:\/\/360photoboothpro.eu\/pt-pt\/produto\/conjunto-de-2-luzes-led-x-24w-com-tripe-para-estudio-fotografico\/#breadcrumb\",\"itemListElement\":[{\"@type\":\"ListItem\",\"position\":1,\"name\":\"Home\",\"item\":\"https:\/\/360photoboothpro.eu\/pt-pt\/\"},{\"@type\":\"ListItem\",\"position\":2,\"name\":\"Loja\",\"item\":\"https:\/\/360photoboothpro.eu\/pt-pt\/loja\/\"},{\"@type\":\"ListItem\",\"position\":3,\"name\":\"Conjunto de 2 luzes LED de 24 W, com trip\u00e9, para est\u00fadio fotogr\u00e1fico\"}]},{\"@type\":\"WebSite\",\"@id\":\"https:\/\/360photoboothpro.eu\/pt-pt\/#website\",\"url\":\"https:\/\/360photoboothpro.eu\/pt-pt\/\",\"name\":\"360PhotoBoothPRO\",\"description\":\"360PhotoBoothPRO\",\"publisher\":{\"@id\":\"https:\/\/360photoboothpro.eu\/pt-pt\/#organization\"},\"potentialAction\":[{\"@type\":\"SearchAction\",\"target\":{\"@type\":\"EntryPoint\",\"urlTemplate\":\"https:\/\/360photoboothpro.eu\/pt-pt\/?s={search_term_string}\"},\"query-input\":{\"@type\":\"PropertyValueSpecification\",\"valueRequired\":true,\"valueName\":\"search_term_string\"}}],\"inLanguage\":\"pt-PT\"},{\"@type\":\"Organization\",\"@id\":\"https:\/\/360photoboothpro.eu\/pt-pt\/#organization\",\"name\":\"360PhotoBoothPRO\",\"url\":\"https:\/\/360photoboothpro.eu\/pt-pt\/\",\"logo\":{\"@type\":\"ImageObject\",\"inLanguage\":\"pt-PT\",\"@id\":\"https:\/\/360photoboothpro.eu\/pt-pt\/#\/schema\/logo\/image\/\",\"url\":\"https:\/\/360photoboothpro.eu\/wp-content\/uploads\/2023\/03\/logo-360photoboothpro-favicon.png\",\"contentUrl\":\"https:\/\/360photoboothpro.eu\/wp-content\/uploads\/2023\/03\/logo-360photoboothpro-favicon.png\",\"width\":317,\"height\":317,\"caption\":\"360PhotoBoothPRO\"},\"image\":{\"@id\":\"https:\/\/360photoboothpro.eu\/pt-pt\/#\/schema\/logo\/image\/\"},\"sameAs\":[\"https:\/\/www.facebook.com\/360PhotoBoothPRO.Canada\/\"]}]}<\/script>\n<!-- \/ Yoast SEO plugin. -->","yoast_head_json":{"title":"Conjunto de 2 luzes LED de 24 W, com trip\u00e9, para est\u00fadio fotogr\u00e1fico - 360PhotoBoothPRO","description":"Photo Booth PRO is an online store where you can buy quality Conjunto de 2 luzes LED de 24 W, com trip\u00e9, para est\u00fadio fotogr\u00e1fico at an affordable price. Buy now!","robots":{"index":"index","follow":"follow","max-snippet":"max-snippet:-1","max-image-preview":"max-image-preview:large","max-video-preview":"max-video-preview:-1"},"canonical":"https:\/\/360photoboothpro.eu\/pt-pt\/produto\/conjunto-de-2-luzes-led-x-24w-com-tripe-para-estudio-fotografico\/","og_locale":"pt_PT","og_type":"article","og_title":"Conjunto de 2 luzes LED de 24 W, com trip\u00e9, para est\u00fadio fotogr\u00e1fico - 360PhotoBoothPRO","og_description":"Photo Booth PRO is an online store where you can buy quality Conjunto de 2 luzes LED de 24 W, com trip\u00e9, para est\u00fadio fotogr\u00e1fico at an affordable price. Buy now!","og_url":"https:\/\/360photoboothpro.eu\/pt-pt\/produto\/conjunto-de-2-luzes-led-x-24w-com-tripe-para-estudio-fotografico\/","og_site_name":"360PhotoBoothPRO","article_publisher":"https:\/\/www.facebook.com\/360PhotoBoothPRO.Canada\/","article_modified_time":"2025-06-08T07:11:23+00:00","og_image":[{"url":"https:\/\/360photoboothpro.eu\/wp-content\/uploads\/2023\/04\/set-2-led-lights-with-tripod-social.jpg"}],"twitter_card":"summary_large_image","twitter_misc":{"Tempo estimado de leitura":"1 minuto"},"schema":{"@context":"https:\/\/schema.org","@graph":[{"@type":"WebPage","@id":"https:\/\/360photoboothpro.eu\/pt-pt\/produto\/conjunto-de-2-luzes-led-x-24w-com-tripe-para-estudio-fotografico\/","url":"https:\/\/360photoboothpro.eu\/pt-pt\/produto\/conjunto-de-2-luzes-led-x-24w-com-tripe-para-estudio-fotografico\/","name":"Conjunto de 2 luzes LED de 24 W, com trip\u00e9, para est\u00fadio fotogr\u00e1fico - 360PhotoBoothPRO","isPartOf":{"@id":"https:\/\/360photoboothpro.eu\/pt-pt\/#website"},"primaryImageOfPage":{"@id":"https:\/\/360photoboothpro.eu\/pt-pt\/produto\/conjunto-de-2-luzes-led-x-24w-com-tripe-para-estudio-fotografico\/#primaryimage"},"image":{"@id":"https:\/\/360photoboothpro.eu\/pt-pt\/produto\/conjunto-de-2-luzes-led-x-24w-com-tripe-para-estudio-fotografico\/#primaryimage"},"thumbnailUrl":"https:\/\/360photoboothpro.eu\/wp-content\/uploads\/2023\/04\/Set-of-2-24W-LED-lights-with-tripod-for-photo-studio.webp","datePublished":"2023-04-12T06:09:35+00:00","dateModified":"2025-06-08T07:11:23+00:00","description":"Photo Booth PRO is an online store where you can buy quality Conjunto de 2 luzes LED de 24 W, com trip\u00e9, para est\u00fadio fotogr\u00e1fico at an affordable price. Buy now!","breadcrumb":{"@id":"https:\/\/360photoboothpro.eu\/pt-pt\/produto\/conjunto-de-2-luzes-led-x-24w-com-tripe-para-estudio-fotografico\/#breadcrumb"},"inLanguage":"pt-PT","potentialAction":[{"@type":"ReadAction","target":["https:\/\/360photoboothpro.eu\/pt-pt\/produto\/conjunto-de-2-luzes-led-x-24w-com-tripe-para-estudio-fotografico\/"]}]},{"@type":"ImageObject","inLanguage":"pt-PT","@id":"https:\/\/360photoboothpro.eu\/pt-pt\/produto\/conjunto-de-2-luzes-led-x-24w-com-tripe-para-estudio-fotografico\/#primaryimage","url":"https:\/\/360photoboothpro.eu\/wp-content\/uploads\/2023\/04\/Set-of-2-24W-LED-lights-with-tripod-for-photo-studio.webp","contentUrl":"https:\/\/360photoboothpro.eu\/wp-content\/uploads\/2023\/04\/Set-of-2-24W-LED-lights-with-tripod-for-photo-studio.webp","width":960,"height":960,"caption":"Set of 2 x 24W LED lights, with tripod, for photo studio"},{"@type":"BreadcrumbList","@id":"https:\/\/360photoboothpro.eu\/pt-pt\/produto\/conjunto-de-2-luzes-led-x-24w-com-tripe-para-estudio-fotografico\/#breadcrumb","itemListElement":[{"@type":"ListItem","position":1,"name":"Home","item":"https:\/\/360photoboothpro.eu\/pt-pt\/"},{"@type":"ListItem","position":2,"name":"Loja","item":"https:\/\/360photoboothpro.eu\/pt-pt\/loja\/"},{"@type":"ListItem","position":3,"name":"Conjunto de 2 luzes LED de 24 W, com trip\u00e9, para est\u00fadio fotogr\u00e1fico"}]},{"@type":"WebSite","@id":"https:\/\/360photoboothpro.eu\/pt-pt\/#website","url":"https:\/\/360photoboothpro.eu\/pt-pt\/","name":"360PhotoBoothPRO","description":"360PhotoBoothPRO","publisher":{"@id":"https:\/\/360photoboothpro.eu\/pt-pt\/#organization"},"potentialAction":[{"@type":"SearchAction","target":{"@type":"EntryPoint","urlTemplate":"https:\/\/360photoboothpro.eu\/pt-pt\/?s={search_term_string}"},"query-input":{"@type":"PropertyValueSpecification","valueRequired":true,"valueName":"search_term_string"}}],"inLanguage":"pt-PT"},{"@type":"Organization","@id":"https:\/\/360photoboothpro.eu\/pt-pt\/#organization","name":"360PhotoBoothPRO","url":"https:\/\/360photoboothpro.eu\/pt-pt\/","logo":{"@type":"ImageObject","inLanguage":"pt-PT","@id":"https:\/\/360photoboothpro.eu\/pt-pt\/#\/schema\/logo\/image\/","url":"https:\/\/360photoboothpro.eu\/wp-content\/uploads\/2023\/03\/logo-360photoboothpro-favicon.png","contentUrl":"https:\/\/360photoboothpro.eu\/wp-content\/uploads\/2023\/03\/logo-360photoboothpro-favicon.png","width":317,"height":317,"caption":"360PhotoBoothPRO"},"image":{"@id":"https:\/\/360photoboothpro.eu\/pt-pt\/#\/schema\/logo\/image\/"},"sameAs":["https:\/\/www.facebook.com\/360PhotoBoothPRO.Canada\/"]}]}},"_links":{"self":[{"href":"https:\/\/360photoboothpro.eu\/pt-pt\/wp-json\/wp\/v2\/product\/7776"}],"collection":[{"href":"https:\/\/360photoboothpro.eu\/pt-pt\/wp-json\/wp\/v2\/product"}],"about":[{"href":"https:\/\/360photoboothpro.eu\/pt-pt\/wp-json\/wp\/v2\/types\/product"}],"replies":[{"embeddable":true,"href":"https:\/\/360photoboothpro.eu\/pt-pt\/wp-json\/wp\/v2\/comments?post=7776"}],"wp:featuredmedia":[{"embeddable":true,"href":"https:\/\/360photoboothpro.eu\/pt-pt\/wp-json\/wp\/v2\/media\/7108"}],"wp:attachment":[{"href":"https:\/\/360photoboothpro.eu\/pt-pt\/wp-json\/wp\/v2\/media?parent=7776"}],"wp:term":[{"taxonomy":"product_cat","embeddable":true,"href":"https:\/\/360photoboothpro.eu\/pt-pt\/wp-json\/wp\/v2\/product_cat?post=7776"},{"taxonomy":"product_tag","embeddable":true,"href":"https:\/\/360photoboothpro.eu\/pt-pt\/wp-json\/wp\/v2\/product_tag?post=7776"}],"curies":[{"name":"wp","href":"https:\/\/api.w.org\/{rel}","templated":true}]}}