{"id":7918,"date":"2023-04-12T06:44:23","date_gmt":"2023-04-12T04:44:23","guid":{"rendered":"https:\/\/360photoboothpro.eu\/product\/estrutura-de-proteccao-com-luzes-de-led-para-cabina-fotografica-360-pro\/"},"modified":"2024-08-10T00:37:35","modified_gmt":"2024-08-09T22:37:35","slug":"estrutura-de-proteccao-com-luzes-de-led-para-cabina-fotografica-360-pro","status":"publish","type":"product","link":"https:\/\/360photoboothpro.eu\/pt-pt\/produto\/estrutura-de-proteccao-com-luzes-de-led-para-cabina-fotografica-360-pro\/","title":{"rendered":"Cen\u00e1rio com luzes LED para 360 Photo Booth PRO"},"content":{"rendered":"<p>Cen\u00e1rio com luzes LED para a plataforma 360 Photo Booth PRO.<\/p>\n<p>Material tensionado, que pode ser personalizado com o log\u00f3tipo da sua empresa na estrutura met\u00e1lica.<\/p>\n<p>Altura: 94,5&#8243;<br \/>\nDi\u00e2metro: 118&#8243;<br \/>\n\u00c1rea de acesso: 31.5&#8243;<\/p>\n<p>As luzes LED RGB podem ser controladas a partir do controlo remoto.<\/p>\n<p>Saco de transporte inclu\u00eddo.<\/p>\n","protected":false},"excerpt":{"rendered":"<p id=\"tw-target-text\" class=\"tw-data-text tw-text-large tw-ta\" dir=\"ltr\" data-placeholder=\"Traducere\"><span class=\"Y2IQFc\" lang=\"en\">Para poder visualizar o pre\u00e7o, seleccione as op\u00e7\u00f5es pretendidas na lista abaixo:<\/span><\/p>\n","protected":false},"featured_media":6982,"comment_status":"open","ping_status":"closed","template":"","meta":{"_acf_changed":false},"product_cat":[409,518],"product_tag":[469],"class_list":{"0":"post-7918","1":"product","2":"type-product","3":"status-publish","4":"has-post-thumbnail","6":"product_cat-acessorios","7":"product_cat-cenario-do-recinto","8":"product_tag-cenario-para-360-photo-booth-pro","10":"first","11":"instock","12":"taxable","13":"shipping-taxable","14":"purchasable","15":"product-type-variable"},"acf":[],"yoast_head":"<!-- This site is optimized with the Yoast SEO plugin v23.5 - https:\/\/yoast.com\/wordpress\/plugins\/seo\/ -->\n<title>Cen\u00e1rio com luzes LED para 360 Photo Booth PRO - 360PhotoBoothPRO<\/title>\n<meta name=\"description\" content=\"Photo Booth PRO is an online store where you can buy quality Cen\u00e1rio com luzes LED para 360 Photo Booth PRO at an affordable price. Buy now!\" \/>\n<meta name=\"robots\" content=\"index, follow, max-snippet:-1, max-image-preview:large, max-video-preview:-1\" \/>\n<link rel=\"canonical\" href=\"https:\/\/360photoboothpro.eu\/pt-pt\/produto\/estrutura-de-proteccao-com-luzes-de-led-para-cabina-fotografica-360-pro\/\" \/>\n<meta property=\"og:locale\" content=\"pt_PT\" \/>\n<meta property=\"og:type\" content=\"article\" \/>\n<meta property=\"og:title\" content=\"Cen\u00e1rio com luzes LED para 360 Photo Booth PRO - 360PhotoBoothPRO\" \/>\n<meta property=\"og:description\" content=\"Photo Booth PRO is an online store where you can buy quality Cen\u00e1rio com luzes LED para 360 Photo Booth PRO at an affordable price. Buy now!\" \/>\n<meta property=\"og:url\" content=\"https:\/\/360photoboothpro.eu\/pt-pt\/produto\/estrutura-de-proteccao-com-luzes-de-led-para-cabina-fotografica-360-pro\/\" \/>\n<meta property=\"og:site_name\" content=\"360PhotoBoothPRO\" \/>\n<meta property=\"article:publisher\" content=\"https:\/\/www.facebook.com\/360PhotoBoothPRO.Canada\/\" \/>\n<meta property=\"article:modified_time\" content=\"2024-08-09T22:37:35+00:00\" \/>\n<meta property=\"og:image\" content=\"https:\/\/360photoboothpro.eu\/wp-content\/uploads\/2023\/04\/backdrop-led-360-photobooth-enclosure-social.jpg\" \/>\n<meta name=\"twitter:card\" content=\"summary_large_image\" \/>\n<script type=\"application\/ld+json\" class=\"yoast-schema-graph\">{\"@context\":\"https:\/\/schema.org\",\"@graph\":[{\"@type\":\"WebPage\",\"@id\":\"https:\/\/360photoboothpro.eu\/pt-pt\/produto\/estrutura-de-proteccao-com-luzes-de-led-para-cabina-fotografica-360-pro\/\",\"url\":\"https:\/\/360photoboothpro.eu\/pt-pt\/produto\/estrutura-de-proteccao-com-luzes-de-led-para-cabina-fotografica-360-pro\/\",\"name\":\"Cen\u00e1rio com luzes LED para 360 Photo Booth PRO - 360PhotoBoothPRO\",\"isPartOf\":{\"@id\":\"https:\/\/360photoboothpro.eu\/pt-pt\/#website\"},\"primaryImageOfPage\":{\"@id\":\"https:\/\/360photoboothpro.eu\/pt-pt\/produto\/estrutura-de-proteccao-com-luzes-de-led-para-cabina-fotografica-360-pro\/#primaryimage\"},\"image\":{\"@id\":\"https:\/\/360photoboothpro.eu\/pt-pt\/produto\/estrutura-de-proteccao-com-luzes-de-led-para-cabina-fotografica-360-pro\/#primaryimage\"},\"thumbnailUrl\":\"https:\/\/360photoboothpro.eu\/wp-content\/uploads\/2023\/04\/enclosure-backdrop-with-led-lights-2.webp\",\"datePublished\":\"2023-04-12T04:44:23+00:00\",\"dateModified\":\"2024-08-09T22:37:35+00:00\",\"description\":\"Photo Booth PRO is an online store where you can buy quality Cen\u00e1rio com luzes LED para 360 Photo Booth PRO at an affordable price. Buy now!\",\"breadcrumb\":{\"@id\":\"https:\/\/360photoboothpro.eu\/pt-pt\/produto\/estrutura-de-proteccao-com-luzes-de-led-para-cabina-fotografica-360-pro\/#breadcrumb\"},\"inLanguage\":\"pt-PT\",\"potentialAction\":[{\"@type\":\"ReadAction\",\"target\":[\"https:\/\/360photoboothpro.eu\/pt-pt\/produto\/estrutura-de-proteccao-com-luzes-de-led-para-cabina-fotografica-360-pro\/\"]}]},{\"@type\":\"ImageObject\",\"inLanguage\":\"pt-PT\",\"@id\":\"https:\/\/360photoboothpro.eu\/pt-pt\/produto\/estrutura-de-proteccao-com-luzes-de-led-para-cabina-fotografica-360-pro\/#primaryimage\",\"url\":\"https:\/\/360photoboothpro.eu\/wp-content\/uploads\/2023\/04\/enclosure-backdrop-with-led-lights-2.webp\",\"contentUrl\":\"https:\/\/360photoboothpro.eu\/wp-content\/uploads\/2023\/04\/enclosure-backdrop-with-led-lights-2.webp\",\"width\":709,\"height\":709,\"caption\":\"enclosure backdrop with led lights for 360 photo booth platform\"},{\"@type\":\"BreadcrumbList\",\"@id\":\"https:\/\/360photoboothpro.eu\/pt-pt\/produto\/estrutura-de-proteccao-com-luzes-de-led-para-cabina-fotografica-360-pro\/#breadcrumb\",\"itemListElement\":[{\"@type\":\"ListItem\",\"position\":1,\"name\":\"Home\",\"item\":\"https:\/\/360photoboothpro.eu\/pt-pt\/\"},{\"@type\":\"ListItem\",\"position\":2,\"name\":\"Loja\",\"item\":\"https:\/\/360photoboothpro.eu\/pt-pt\/loja\/\"},{\"@type\":\"ListItem\",\"position\":3,\"name\":\"Cen\u00e1rio com luzes LED para 360 Photo Booth PRO\"}]},{\"@type\":\"WebSite\",\"@id\":\"https:\/\/360photoboothpro.eu\/pt-pt\/#website\",\"url\":\"https:\/\/360photoboothpro.eu\/pt-pt\/\",\"name\":\"360PhotoBoothPRO\",\"description\":\"360PhotoBoothPRO\",\"publisher\":{\"@id\":\"https:\/\/360photoboothpro.eu\/pt-pt\/#organization\"},\"potentialAction\":[{\"@type\":\"SearchAction\",\"target\":{\"@type\":\"EntryPoint\",\"urlTemplate\":\"https:\/\/360photoboothpro.eu\/pt-pt\/?s={search_term_string}\"},\"query-input\":{\"@type\":\"PropertyValueSpecification\",\"valueRequired\":true,\"valueName\":\"search_term_string\"}}],\"inLanguage\":\"pt-PT\"},{\"@type\":\"Organization\",\"@id\":\"https:\/\/360photoboothpro.eu\/pt-pt\/#organization\",\"name\":\"360PhotoBoothPRO\",\"url\":\"https:\/\/360photoboothpro.eu\/pt-pt\/\",\"logo\":{\"@type\":\"ImageObject\",\"inLanguage\":\"pt-PT\",\"@id\":\"https:\/\/360photoboothpro.eu\/pt-pt\/#\/schema\/logo\/image\/\",\"url\":\"https:\/\/360photoboothpro.eu\/wp-content\/uploads\/2023\/03\/logo-360photoboothpro-favicon.png\",\"contentUrl\":\"https:\/\/360photoboothpro.eu\/wp-content\/uploads\/2023\/03\/logo-360photoboothpro-favicon.png\",\"width\":317,\"height\":317,\"caption\":\"360PhotoBoothPRO\"},\"image\":{\"@id\":\"https:\/\/360photoboothpro.eu\/pt-pt\/#\/schema\/logo\/image\/\"},\"sameAs\":[\"https:\/\/www.facebook.com\/360PhotoBoothPRO.Canada\/\"]}]}<\/script>\n<!-- \/ Yoast SEO plugin. -->","yoast_head_json":{"title":"Cen\u00e1rio com luzes LED para 360 Photo Booth PRO - 360PhotoBoothPRO","description":"Photo Booth PRO is an online store where you can buy quality Cen\u00e1rio com luzes LED para 360 Photo Booth PRO at an affordable price. Buy now!","robots":{"index":"index","follow":"follow","max-snippet":"max-snippet:-1","max-image-preview":"max-image-preview:large","max-video-preview":"max-video-preview:-1"},"canonical":"https:\/\/360photoboothpro.eu\/pt-pt\/produto\/estrutura-de-proteccao-com-luzes-de-led-para-cabina-fotografica-360-pro\/","og_locale":"pt_PT","og_type":"article","og_title":"Cen\u00e1rio com luzes LED para 360 Photo Booth PRO - 360PhotoBoothPRO","og_description":"Photo Booth PRO is an online store where you can buy quality Cen\u00e1rio com luzes LED para 360 Photo Booth PRO at an affordable price. Buy now!","og_url":"https:\/\/360photoboothpro.eu\/pt-pt\/produto\/estrutura-de-proteccao-com-luzes-de-led-para-cabina-fotografica-360-pro\/","og_site_name":"360PhotoBoothPRO","article_publisher":"https:\/\/www.facebook.com\/360PhotoBoothPRO.Canada\/","article_modified_time":"2024-08-09T22:37:35+00:00","og_image":[{"url":"https:\/\/360photoboothpro.eu\/wp-content\/uploads\/2023\/04\/backdrop-led-360-photobooth-enclosure-social.jpg"}],"twitter_card":"summary_large_image","schema":{"@context":"https:\/\/schema.org","@graph":[{"@type":"WebPage","@id":"https:\/\/360photoboothpro.eu\/pt-pt\/produto\/estrutura-de-proteccao-com-luzes-de-led-para-cabina-fotografica-360-pro\/","url":"https:\/\/360photoboothpro.eu\/pt-pt\/produto\/estrutura-de-proteccao-com-luzes-de-led-para-cabina-fotografica-360-pro\/","name":"Cen\u00e1rio com luzes LED para 360 Photo Booth PRO - 360PhotoBoothPRO","isPartOf":{"@id":"https:\/\/360photoboothpro.eu\/pt-pt\/#website"},"primaryImageOfPage":{"@id":"https:\/\/360photoboothpro.eu\/pt-pt\/produto\/estrutura-de-proteccao-com-luzes-de-led-para-cabina-fotografica-360-pro\/#primaryimage"},"image":{"@id":"https:\/\/360photoboothpro.eu\/pt-pt\/produto\/estrutura-de-proteccao-com-luzes-de-led-para-cabina-fotografica-360-pro\/#primaryimage"},"thumbnailUrl":"https:\/\/360photoboothpro.eu\/wp-content\/uploads\/2023\/04\/enclosure-backdrop-with-led-lights-2.webp","datePublished":"2023-04-12T04:44:23+00:00","dateModified":"2024-08-09T22:37:35+00:00","description":"Photo Booth PRO is an online store where you can buy quality Cen\u00e1rio com luzes LED para 360 Photo Booth PRO at an affordable price. Buy now!","breadcrumb":{"@id":"https:\/\/360photoboothpro.eu\/pt-pt\/produto\/estrutura-de-proteccao-com-luzes-de-led-para-cabina-fotografica-360-pro\/#breadcrumb"},"inLanguage":"pt-PT","potentialAction":[{"@type":"ReadAction","target":["https:\/\/360photoboothpro.eu\/pt-pt\/produto\/estrutura-de-proteccao-com-luzes-de-led-para-cabina-fotografica-360-pro\/"]}]},{"@type":"ImageObject","inLanguage":"pt-PT","@id":"https:\/\/360photoboothpro.eu\/pt-pt\/produto\/estrutura-de-proteccao-com-luzes-de-led-para-cabina-fotografica-360-pro\/#primaryimage","url":"https:\/\/360photoboothpro.eu\/wp-content\/uploads\/2023\/04\/enclosure-backdrop-with-led-lights-2.webp","contentUrl":"https:\/\/360photoboothpro.eu\/wp-content\/uploads\/2023\/04\/enclosure-backdrop-with-led-lights-2.webp","width":709,"height":709,"caption":"enclosure backdrop with led lights for 360 photo booth platform"},{"@type":"BreadcrumbList","@id":"https:\/\/360photoboothpro.eu\/pt-pt\/produto\/estrutura-de-proteccao-com-luzes-de-led-para-cabina-fotografica-360-pro\/#breadcrumb","itemListElement":[{"@type":"ListItem","position":1,"name":"Home","item":"https:\/\/360photoboothpro.eu\/pt-pt\/"},{"@type":"ListItem","position":2,"name":"Loja","item":"https:\/\/360photoboothpro.eu\/pt-pt\/loja\/"},{"@type":"ListItem","position":3,"name":"Cen\u00e1rio com luzes LED para 360 Photo Booth PRO"}]},{"@type":"WebSite","@id":"https:\/\/360photoboothpro.eu\/pt-pt\/#website","url":"https:\/\/360photoboothpro.eu\/pt-pt\/","name":"360PhotoBoothPRO","description":"360PhotoBoothPRO","publisher":{"@id":"https:\/\/360photoboothpro.eu\/pt-pt\/#organization"},"potentialAction":[{"@type":"SearchAction","target":{"@type":"EntryPoint","urlTemplate":"https:\/\/360photoboothpro.eu\/pt-pt\/?s={search_term_string}"},"query-input":{"@type":"PropertyValueSpecification","valueRequired":true,"valueName":"search_term_string"}}],"inLanguage":"pt-PT"},{"@type":"Organization","@id":"https:\/\/360photoboothpro.eu\/pt-pt\/#organization","name":"360PhotoBoothPRO","url":"https:\/\/360photoboothpro.eu\/pt-pt\/","logo":{"@type":"ImageObject","inLanguage":"pt-PT","@id":"https:\/\/360photoboothpro.eu\/pt-pt\/#\/schema\/logo\/image\/","url":"https:\/\/360photoboothpro.eu\/wp-content\/uploads\/2023\/03\/logo-360photoboothpro-favicon.png","contentUrl":"https:\/\/360photoboothpro.eu\/wp-content\/uploads\/2023\/03\/logo-360photoboothpro-favicon.png","width":317,"height":317,"caption":"360PhotoBoothPRO"},"image":{"@id":"https:\/\/360photoboothpro.eu\/pt-pt\/#\/schema\/logo\/image\/"},"sameAs":["https:\/\/www.facebook.com\/360PhotoBoothPRO.Canada\/"]}]}},"_links":{"self":[{"href":"https:\/\/360photoboothpro.eu\/pt-pt\/wp-json\/wp\/v2\/product\/7918"}],"collection":[{"href":"https:\/\/360photoboothpro.eu\/pt-pt\/wp-json\/wp\/v2\/product"}],"about":[{"href":"https:\/\/360photoboothpro.eu\/pt-pt\/wp-json\/wp\/v2\/types\/product"}],"replies":[{"embeddable":true,"href":"https:\/\/360photoboothpro.eu\/pt-pt\/wp-json\/wp\/v2\/comments?post=7918"}],"wp:featuredmedia":[{"embeddable":true,"href":"https:\/\/360photoboothpro.eu\/pt-pt\/wp-json\/wp\/v2\/media\/6982"}],"wp:attachment":[{"href":"https:\/\/360photoboothpro.eu\/pt-pt\/wp-json\/wp\/v2\/media?parent=7918"}],"wp:term":[{"taxonomy":"product_cat","embeddable":true,"href":"https:\/\/360photoboothpro.eu\/pt-pt\/wp-json\/wp\/v2\/product_cat?post=7918"},{"taxonomy":"product_tag","embeddable":true,"href":"https:\/\/360photoboothpro.eu\/pt-pt\/wp-json\/wp\/v2\/product_tag?post=7918"}],"curies":[{"name":"wp","href":"https:\/\/api.w.org\/{rel}","templated":true}]}}