{"id":8985,"date":"2023-04-11T11:18:04","date_gmt":"2023-04-11T09:18:04","guid":{"rendered":"https:\/\/360photoboothpro.eu\/product\/360-photo-booth-pro-80-cm-automatic-metal-round-shape-360-camera-booth-360-video-booth\/"},"modified":"2025-09-25T15:55:12","modified_gmt":"2025-09-25T13:55:12","slug":"360-photo-booth-pro-80-cm-automatic-metal-round-shape-360-camera-booth-360-video-booth","status":"publish","type":"product","link":"https:\/\/360photoboothpro.eu\/pt-pt\/produto\/360-photo-booth-pro-80-cm-automatic-metal-round-shape-360-camera-booth-360-video-booth\/","title":{"rendered":"360 Photo Booth PRO &#8211; 80cm AUTOM\u00c1TICO Metal Forma redonda (360 camera booth, 360 video booth)"},"content":{"rendered":"<p id=\"tw-target-text\" class=\"tw-data-text tw-text-large tw-ta\" dir=\"ltr\" data-placeholder=\"Traducere\"><span class=\"Y2IQFc\" lang=\"en\">360 Photo Booth PRO 80cm para venda (fornecemos APOIO T\u00c9CNICO para a coloca\u00e7\u00e3o em funcionamento).<\/span><\/p>\n<p><span class=\"Y2IQFc\" lang=\"en\">PLATAFORMA STANDARD: a plataforma 360 Photo Booth PRO: ver DESCRI\u00c7\u00c3O detalhada.<\/span><\/p>\n<p>&nbsp;<\/p>\n<p id=\"tw-target-text\" class=\"tw-data-text tw-text-large tw-ta\" dir=\"ltr\" data-placeholder=\"Traducere\"><span class=\"Y2IQFc\" lang=\"en\">NO PACOTE &#8220;STANDARD&#8221;, a 360 Photo Booth PRO &#8211; 80cm Automatic Metal Round Shape (DI\u00c2METRO 80cm\/ CAPACIDADE 1-3 PESSOAS, m\u00e1ximo 450kg\/ PESO 25,9kg) CONT\u00c9M:<\/span><\/p>\n<style>.elementor-8920 .elementor-element.elementor-element-b8e0d4b .elementor-icon-list-items:not(.elementor-inline-items) .elementor-icon-list-item:not(:last-child){padding-bottom:calc(10px\/2);}.elementor-8920 .elementor-element.elementor-element-b8e0d4b .elementor-icon-list-items:not(.elementor-inline-items) .elementor-icon-list-item:not(:first-child){margin-top:calc(10px\/2);}.elementor-8920 .elementor-element.elementor-element-b8e0d4b .elementor-icon-list-items.elementor-inline-items .elementor-icon-list-item{margin-right:calc(10px\/2);margin-left:calc(10px\/2);}.elementor-8920 .elementor-element.elementor-element-b8e0d4b .elementor-icon-list-items.elementor-inline-items{margin-right:calc(-10px\/2);margin-left:calc(-10px\/2);}body.rtl .elementor-8920 .elementor-element.elementor-element-b8e0d4b .elementor-icon-list-items.elementor-inline-items .elementor-icon-list-item:after{left:calc(-10px\/2);}body:not(.rtl) .elementor-8920 .elementor-element.elementor-element-b8e0d4b .elementor-icon-list-items.elementor-inline-items .elementor-icon-list-item:after{right:calc(-10px\/2);}.elementor-8920 .elementor-element.elementor-element-b8e0d4b .elementor-icon-list-icon i{color:#61CE70;transition:color 0.3s;}.elementor-8920 .elementor-element.elementor-element-b8e0d4b .elementor-icon-list-icon svg{fill:#61CE70;transition:fill 0.3s;}.elementor-8920 .elementor-element.elementor-element-b8e0d4b .elementor-icon-list-item:hover .elementor-icon-list-icon i{color:#6EC1E4;}.elementor-8920 .elementor-element.elementor-element-b8e0d4b .elementor-icon-list-item:hover .elementor-icon-list-icon svg{fill:#6EC1E4;}.elementor-8920 .elementor-element.elementor-element-b8e0d4b{--e-icon-list-icon-size:29px;--icon-vertical-offset:0px;}.elementor-8920 .elementor-element.elementor-element-b8e0d4b .elementor-icon-list-text{transition:color 0.3s;}<\/style><div class=\"porto-block elementor elementor-8920\" data-id=\"8920\">\t\t<section class=\"elementor-section elementor-top-section elementor-element elementor-element-11652cb elementor-section-boxed elementor-section-height-default elementor-section-height-default\" data-id=\"11652cb\" data-element_type=\"section\">\r\n\t\t\r\n\t\t\t\t\t\t\t<div class=\"elementor-container elementor-column-gap-default\">\r\n\t\t\t\t\t\t\t\t\t\t\t<div class=\"elementor-column elementor-col-100 elementor-top-column elementor-element elementor-element-d6a5b4c\" data-id=\"d6a5b4c\" data-element_type=\"column\">\r\n\t\t\t\t\t<div class=\"elementor-widget-wrap elementor-element-populated\">\r\n\t\t\t\t\t\t\t\t<div class=\"elementor-element elementor-element-b8e0d4b elementor-icon-list--layout-traditional elementor-list-item-link-full_width elementor-widget elementor-widget-icon-list\" data-id=\"b8e0d4b\" data-element_type=\"widget\" data-widget_type=\"icon-list.default\">\n\t\t\t\t<div class=\"elementor-widget-container\">\n\t\t\t\t\t<ul class=\"elementor-icon-list-items\">\n\t\t\t\t\t\t\t<li class=\"elementor-icon-list-item\">\n\t\t\t\t\t\t\t\t\t\t\t<span class=\"elementor-icon-list-icon\">\n\t\t\t\t\t\t\t<i aria-hidden=\"true\" class=\"fas fa-check\"><\/i>\t\t\t\t\t\t<\/span>\n\t\t\t\t\t\t\t\t\t\t<span class=\"elementor-icon-list-text\">PLATAFORMA DE METAL de qualidade superior, com forma REDONDA, ALTURA 16 cm, fabricada com a m\u00e1xima aten\u00e7\u00e3o aos pormenores, sendo concebida em CAD e as pe\u00e7as componentes cortadas a laser e montadas \u00e0 m\u00e3o. Todos os elementos electr\u00f3nicos est\u00e3o encapsulados para protec\u00e7\u00e3o e seguran\u00e7a no funcionamento. A estrutura de resist\u00eancia da plataforma \u00e9 feita de perfis met\u00e1licos, o que lhe confere uma elevada resist\u00eancia \u00e0 carga. A parte superior \u00e9 met\u00e1lica, sendo muito resistente.<\/span>\n\t\t\t\t\t\t\t\t\t<\/li>\n\t\t\t\t\t\t\t\t<li class=\"elementor-icon-list-item\">\n\t\t\t\t\t\t\t\t\t\t\t<span class=\"elementor-icon-list-icon\">\n\t\t\t\t\t\t\t<i aria-hidden=\"true\" class=\"fas fa-check\"><\/i>\t\t\t\t\t\t<\/span>\n\t\t\t\t\t\t\t\t\t\t<span class=\"elementor-icon-list-text\">MOTOR MET\u00c1LICO de tipo industrial com transmiss\u00e3o por correia, equipado com um sistema antiderrapante. Al\u00e9m disso, o motor est\u00e1 protegido contra choques (no caso de o bra\u00e7o rotativo embater num obst\u00e1culo).<\/span>\n\t\t\t\t\t\t\t\t\t<\/li>\n\t\t\t\t\t\t\t\t<li class=\"elementor-icon-list-item\">\n\t\t\t\t\t\t\t\t\t\t\t<span class=\"elementor-icon-list-icon\">\n\t\t\t\t\t\t\t<i aria-hidden=\"true\" class=\"fas fa-check\"><\/i>\t\t\t\t\t\t<\/span>\n\t\t\t\t\t\t\t\t\t\t<span class=\"elementor-icon-list-text\">BRA\u00c7O ROTATIVO muito resistente, fabricado em perfis met\u00e1licos, com CONTROLO REMOTO (2 PE\u00c7AS), que possui IN\u00cdCIO LENTO, VELOCIDADE REGUL\u00c1VEL (5 passos de velocidade) e possibilidade de ALTERAR O SENTIDO DE ROTA\u00c7\u00c3O. Al\u00e9m disso, o bra\u00e7o motorizado \u00e9 REGUL\u00c1VEL EM ALTURA (entre 130-190 cm) e tem um \u00c2NGULO DE INCLINA\u00c7\u00c3O REGUL\u00c1VEL (entre 45 e 135 graus). Nesta vers\u00e3o ajust\u00e1vel, a plataforma pode ser utilizada tanto por crian\u00e7as como por adultos.<\/span>\n\t\t\t\t\t\t\t\t\t<\/li>\n\t\t\t\t\t\t\t\t<li class=\"elementor-icon-list-item\">\n\t\t\t\t\t\t\t\t\t\t\t<span class=\"elementor-icon-list-icon\">\n\t\t\t\t\t\t\t<i aria-hidden=\"true\" class=\"fas fa-check\"><\/i>\t\t\t\t\t\t<\/span>\n\t\t\t\t\t\t\t\t\t\t<span class=\"elementor-icon-list-text\">Suporte da bateria;<\/span>\n\t\t\t\t\t\t\t\t\t<\/li>\n\t\t\t\t\t\t\t\t<li class=\"elementor-icon-list-item\">\n\t\t\t\t\t\t\t\t\t\t\t<span class=\"elementor-icon-list-icon\">\n\t\t\t\t\t\t\t<i aria-hidden=\"true\" class=\"fas fa-check\"><\/i>\t\t\t\t\t\t<\/span>\n\t\t\t\t\t\t\t\t\t\t<span class=\"elementor-icon-list-text\">Suporte para iPhone +iPad +GoPro +DSLR;<\/span>\n\t\t\t\t\t\t\t\t\t<\/li>\n\t\t\t\t\t\t\t\t<li class=\"elementor-icon-list-item\">\n\t\t\t\t\t\t\t\t\t\t\t<span class=\"elementor-icon-list-icon\">\n\t\t\t\t\t\t\t<i aria-hidden=\"true\" class=\"fas fa-check\"><\/i>\t\t\t\t\t\t<\/span>\n\t\t\t\t\t\t\t\t\t\t<span class=\"elementor-icon-list-text\">ANEL DE ILUMINA\u00c7\u00c3O profissional (DI\u00c2METRO EXTERIOR 30cm, DI\u00c2METRO INTERNO 23,5cm, ESPESSURA DO ANEL 3,25cm), equipado com um BOT\u00c3O DE REGULA\u00c7\u00c3O DA INTENSIDADE DA LUZ (10 N\u00cdVEIS DE INTENSIDADE), com uma POT\u00caNCIA de 10W, com TEMPERATURA DE COR REGUL\u00c1VEL (entre 3000 e 6500 graus Kelvin) e que emite LUZ QUENTE, LUZ NORMAL e LUZ FRIA. Os 184 LEDs (144 LED STANDARD + 40 LED MAGIC) emitem 16 CORES B\u00c1SICAS e 17 MODOS DE EFEITO RGB. A l\u00e2mpada tem um ANEL AJUST\u00c1VEL DE 180 GRAUS e o cabo USB tem 2 metros.<\/span>\n\t\t\t\t\t\t\t\t\t<\/li>\n\t\t\t\t\t\t\t\t<li class=\"elementor-icon-list-item\">\n\t\t\t\t\t\t\t\t\t\t\t<span class=\"elementor-icon-list-icon\">\n\t\t\t\t\t\t\t<i aria-hidden=\"true\" class=\"fas fa-check\"><\/i>\t\t\t\t\t\t<\/span>\n\t\t\t\t\t\t\t\t\t\t<span class=\"elementor-icon-list-text\">ADAPTADOR e CABO DE ALIMENTA\u00c7\u00c3O (comprimento de 2 metros);<\/span>\n\t\t\t\t\t\t\t\t\t<\/li>\n\t\t\t\t\t\t\t\t<li class=\"elementor-icon-list-item\">\n\t\t\t\t\t\t\t\t\t\t\t<span class=\"elementor-icon-list-icon\">\n\t\t\t\t\t\t\t<i aria-hidden=\"true\" class=\"fas fa-check\"><\/i>\t\t\t\t\t\t<\/span>\n\t\t\t\t\t\t\t\t\t\t<span class=\"elementor-icon-list-text\">SISTEMA DE ILUMINA\u00c7\u00c3O AMBIENTE LED RGB, situado na base da plataforma, resistente \u00e0 humidade, cujas cores podem ser seleccionadas a partir do CONTROLO REMOTO. Gra\u00e7as a esta faixa de led, a plataforma insere-se facilmente num ambiente espec\u00edfico para eventos.<\/span>\n\t\t\t\t\t\t\t\t\t<\/li>\n\t\t\t\t\t\t\t\t<li class=\"elementor-icon-list-item\">\n\t\t\t\t\t\t\t\t\t\t\t<span class=\"elementor-icon-list-icon\">\n\t\t\t\t\t\t\t<i aria-hidden=\"true\" class=\"fas fa-check\"><\/i>\t\t\t\t\t\t<\/span>\n\t\t\t\t\t\t\t\t\t\t<span class=\"elementor-icon-list-text\">SUPORTES DE REGULA\u00c7\u00c3O DE ALTURA fixados na base da plataforma, que aumentam o n\u00edvel de ESTABILIDADE e SEGURAN\u00c7A. Naturalmente, para evitar a instabilidade, \u00e9 necess\u00e1rio que a superf\u00edcie sobre a qual a plataforma \u00e9 colocada seja recta, sem desn\u00edveis (\u00e9 sempre necess\u00e1rio verificar a superf\u00edcie onde a plataforma ser\u00e1 colocada).<\/span>\n\t\t\t\t\t\t\t\t\t<\/li>\n\t\t\t\t\t\t\t\t<li class=\"elementor-icon-list-item\">\n\t\t\t\t\t\t\t\t\t\t\t<span class=\"elementor-icon-list-icon\">\n\t\t\t\t\t\t\t<i aria-hidden=\"true\" class=\"fas fa-check\"><\/i>\t\t\t\t\t\t<\/span>\n\t\t\t\t\t\t\t\t\t\t<span class=\"elementor-icon-list-text\">PERSONALIZA\u00c7\u00c3O da plataforma atrav\u00e9s de um adesivo laminado com o LOGOTIPO e os seus dados;<\/span>\n\t\t\t\t\t\t\t\t\t<\/li>\n\t\t\t\t\t\t\t\t<li class=\"elementor-icon-list-item\">\n\t\t\t\t\t\t\t\t\t\t\t<span class=\"elementor-icon-list-icon\">\n\t\t\t\t\t\t\t<i aria-hidden=\"true\" class=\"fas fa-check\"><\/i>\t\t\t\t\t\t<\/span>\n\t\t\t\t\t\t\t\t\t\t<span class=\"elementor-icon-list-text\">PROTEC\u00c7\u00c3O TRANSPARENTE em PVC para autocolantes laminados com log\u00f3tipo;<\/span>\n\t\t\t\t\t\t\t\t\t<\/li>\n\t\t\t\t\t\t\t\t<li class=\"elementor-icon-list-item\">\n\t\t\t\t\t\t\t\t\t\t\t<span class=\"elementor-icon-list-icon\">\n\t\t\t\t\t\t\t<i aria-hidden=\"true\" class=\"fas fa-check\"><\/i>\t\t\t\t\t\t<\/span>\n\t\t\t\t\t\t\t\t\t\t<span class=\"elementor-icon-list-text\">TAPETE VERMELHO REDONDO, em FLANEL, que fica por baixo do estrado para proteger a superf\u00edcie sobre a qual est\u00e1 montado e que, tendo um di\u00e2metro ligeiramente superior ao do estrado, ultrapassa os seus bordos e cria um contorno que lhe confere mais eleg\u00e2ncia;<\/span>\n\t\t\t\t\t\t\t\t\t<\/li>\n\t\t\t\t\t\t\t\t<li class=\"elementor-icon-list-item\">\n\t\t\t\t\t\t\t\t\t\t\t<span class=\"elementor-icon-list-icon\">\n\t\t\t\t\t\t\t<i aria-hidden=\"true\" class=\"fas fa-check\"><\/i>\t\t\t\t\t\t<\/span>\n\t\t\t\t\t\t\t\t\t\t<span class=\"elementor-icon-list-text\">CAPA DE PROTEC\u00c7\u00c3O E DE TRANSPORTE em material IMPERME\u00c1VEL, equipada com RODAS E AL\u00c7AS DE SILICONE MULTIDIRECCIONAIS PARA F\u00c1CIL MANUSEIO (pode ser ACTUALIZADA PARA CAIXA DE VOO: EXTRA 300 EURO).<\/span>\n\t\t\t\t\t\t\t\t\t<\/li>\n\t\t\t\t\t\t\t\t<li class=\"elementor-icon-list-item\">\n\t\t\t\t\t\t\t\t\t\t\t<span class=\"elementor-icon-list-icon\">\n\t\t\t\t\t\t\t<i aria-hidden=\"true\" class=\"fas fa-check\"><\/i>\t\t\t\t\t\t<\/span>\n\t\t\t\t\t\t\t\t\t\t<span class=\"elementor-icon-list-text\">INSTRU\u00c7\u00d5ES DE UTILIZA\u00c7\u00c3O.<\/span>\n\t\t\t\t\t\t\t\t\t<\/li>\n\t\t\t\t\t\t<\/ul>\n\t\t\t\t<\/div>\n\t\t\t\t<\/div>\n\t\t\t\t\t<\/div>\r\n\t\t\t\t<\/div>\r\n\t\t\t\t\t<\/div>\r\n\t\t\t\t<\/section>\r\n\t\t<\/div>\n<p>&nbsp;<\/p>\n<p>Tamb\u00e9m tem a possibilidade de fazer um UPGRADE para o &#8221; <span class=\"Y2IQFc\" lang=\"en\">PACOTE<\/span> COMPLETO <span class=\"Y2IQFc\" lang=\"en\">PLUG &amp; PLAY<\/span>&#8221; &#8211; <a href=\"https:\/\/360photoboothpro.eu\/product\/upgrade-to-full-plug-play-package\/\">VEJA O QUE CONT\u00c9M, em pormenor, na p\u00e1gina seguinte: CLIQUE AQUI.<\/a><\/p>\n","protected":false},"excerpt":{"rendered":"<p id=\"tw-target-text\" class=\"tw-data-text tw-text-large tw-ta\" dir=\"ltr\" data-placeholder=\"Traducere\"><span class=\"Y2IQFc\" lang=\"en\">A nossa empresa est\u00e1 localizada na Rom\u00e9nia.<br \/>\nEnviamos os produtos a partir do nosso stock.<br \/>\nO produto ser-lhe-\u00e1 enviado em 5-7 dias \u00fateis.<\/span><\/p>\n","protected":false},"featured_media":12624,"comment_status":"open","ping_status":"closed","template":"","meta":{"_acf_changed":false},"product_cat":[468],"product_tag":[413,411,415,429,431,423,417,419,430,433,432,426],"class_list":{"0":"post-8985","1":"product","2":"type-product","3":"status-publish","4":"has-post-thumbnail","6":"product_cat-360-photo-booth-plataformas-pt-pt","7":"product_tag-360-cabina-para-venda","8":"product_tag-360-cabinas","9":"product_tag-cabina-com-camara-360","10":"product_tag-cabina-de-selfies-360","11":"product_tag-cabina-de-video-360-pt-pt","12":"product_tag-cabina-fotografica-360-pt-pt","13":"product_tag-cabina-fotografica-com-camara-360","14":"product_tag-cabina-fotografica-de-360-graus","15":"product_tag-cabina-fotografica-de-rotacao-360","16":"product_tag-cabina-fotografica-rotativa","17":"product_tag-venda-de-cabina-de-video-360","18":"product_tag-venda-de-cabina-fotografica-360","20":"first","21":"instock","22":"taxable","23":"shipping-taxable","24":"purchasable","25":"product-type-simple"},"acf":[],"yoast_head":"<!-- This site is optimized with the Yoast SEO plugin v23.5 - https:\/\/yoast.com\/wordpress\/plugins\/seo\/ -->\n<title>360 Photo Booth PRO - 80cm AUTOM\u00c1TICO Metal Forma redonda (360 camera booth, 360 video booth) - 360PhotoBoothPRO<\/title>\n<meta name=\"description\" content=\"Photo Booth PRO is an online store where you can buy quality 360 Photo Booth PRO - 80cm AUTOM\u00c1TICO Metal Forma redonda (360 camera booth, 360 video booth) at an affordable price. Buy now!\" \/>\n<meta name=\"robots\" content=\"index, follow, max-snippet:-1, max-image-preview:large, max-video-preview:-1\" \/>\n<link rel=\"canonical\" href=\"https:\/\/360photoboothpro.eu\/pt-pt\/produto\/360-photo-booth-pro-80-cm-automatic-metal-round-shape-360-camera-booth-360-video-booth\/\" \/>\n<meta property=\"og:locale\" content=\"pt_PT\" \/>\n<meta property=\"og:type\" content=\"article\" \/>\n<meta property=\"og:title\" content=\"360 Photo Booth PRO - 80cm AUTOM\u00c1TICO Metal Forma redonda (360 camera booth, 360 video booth) - 360PhotoBoothPRO\" \/>\n<meta property=\"og:description\" content=\"Photo Booth PRO is an online store where you can buy quality 360 Photo Booth PRO - 80cm AUTOM\u00c1TICO Metal Forma redonda (360 camera booth, 360 video booth) at an affordable price. Buy now!\" \/>\n<meta property=\"og:url\" content=\"https:\/\/360photoboothpro.eu\/pt-pt\/produto\/360-photo-booth-pro-80-cm-automatic-metal-round-shape-360-camera-booth-360-video-booth\/\" \/>\n<meta property=\"og:site_name\" content=\"360PhotoBoothPRO\" \/>\n<meta property=\"article:publisher\" content=\"https:\/\/www.facebook.com\/360PhotoBoothPRO.Canada\/\" \/>\n<meta property=\"article:modified_time\" content=\"2025-09-25T13:55:12+00:00\" \/>\n<meta property=\"og:image\" content=\"https:\/\/360photoboothpro.eu\/wp-content\/uploads\/2023\/03\/360-photo-booth-pro-automatic-metal-round-shape-360-camera-booth-360-video-booth-24-social.jpg\" \/>\n<meta name=\"twitter:card\" content=\"summary_large_image\" \/>\n<script type=\"application\/ld+json\" class=\"yoast-schema-graph\">{\"@context\":\"https:\/\/schema.org\",\"@graph\":[{\"@type\":\"WebPage\",\"@id\":\"https:\/\/360photoboothpro.eu\/pt-pt\/produto\/360-photo-booth-pro-80-cm-automatic-metal-round-shape-360-camera-booth-360-video-booth\/\",\"url\":\"https:\/\/360photoboothpro.eu\/pt-pt\/produto\/360-photo-booth-pro-80-cm-automatic-metal-round-shape-360-camera-booth-360-video-booth\/\",\"name\":\"360 Photo Booth PRO - 80cm AUTOM\u00c1TICO Metal Forma redonda (360 camera booth, 360 video booth) - 360PhotoBoothPRO\",\"isPartOf\":{\"@id\":\"https:\/\/360photoboothpro.eu\/pt-pt\/#website\"},\"primaryImageOfPage\":{\"@id\":\"https:\/\/360photoboothpro.eu\/pt-pt\/produto\/360-photo-booth-pro-80-cm-automatic-metal-round-shape-360-camera-booth-360-video-booth\/#primaryimage\"},\"image\":{\"@id\":\"https:\/\/360photoboothpro.eu\/pt-pt\/produto\/360-photo-booth-pro-80-cm-automatic-metal-round-shape-360-camera-booth-360-video-booth\/#primaryimage\"},\"thumbnailUrl\":\"https:\/\/360photoboothpro.eu\/wp-content\/uploads\/2023\/03\/360-photo-booth-pro-automatic-metal-round-shape-360-camera-booth-360-video-booth-24.jpg\",\"datePublished\":\"2023-04-11T09:18:04+00:00\",\"dateModified\":\"2025-09-25T13:55:12+00:00\",\"description\":\"Photo Booth PRO is an online store where you can buy quality 360 Photo Booth PRO - 80cm AUTOM\u00c1TICO Metal Forma redonda (360 camera booth, 360 video booth) at an affordable price. Buy now!\",\"breadcrumb\":{\"@id\":\"https:\/\/360photoboothpro.eu\/pt-pt\/produto\/360-photo-booth-pro-80-cm-automatic-metal-round-shape-360-camera-booth-360-video-booth\/#breadcrumb\"},\"inLanguage\":\"pt-PT\",\"potentialAction\":[{\"@type\":\"ReadAction\",\"target\":[\"https:\/\/360photoboothpro.eu\/pt-pt\/produto\/360-photo-booth-pro-80-cm-automatic-metal-round-shape-360-camera-booth-360-video-booth\/\"]}]},{\"@type\":\"ImageObject\",\"inLanguage\":\"pt-PT\",\"@id\":\"https:\/\/360photoboothpro.eu\/pt-pt\/produto\/360-photo-booth-pro-80-cm-automatic-metal-round-shape-360-camera-booth-360-video-booth\/#primaryimage\",\"url\":\"https:\/\/360photoboothpro.eu\/wp-content\/uploads\/2023\/03\/360-photo-booth-pro-automatic-metal-round-shape-360-camera-booth-360-video-booth-24.jpg\",\"contentUrl\":\"https:\/\/360photoboothpro.eu\/wp-content\/uploads\/2023\/03\/360-photo-booth-pro-automatic-metal-round-shape-360-camera-booth-360-video-booth-24.jpg\",\"width\":1000,\"height\":1000,\"caption\":\"360 video booth pro metal round shape\"},{\"@type\":\"BreadcrumbList\",\"@id\":\"https:\/\/360photoboothpro.eu\/pt-pt\/produto\/360-photo-booth-pro-80-cm-automatic-metal-round-shape-360-camera-booth-360-video-booth\/#breadcrumb\",\"itemListElement\":[{\"@type\":\"ListItem\",\"position\":1,\"name\":\"Home\",\"item\":\"https:\/\/360photoboothpro.eu\/pt-pt\/\"},{\"@type\":\"ListItem\",\"position\":2,\"name\":\"Loja\",\"item\":\"https:\/\/360photoboothpro.eu\/pt-pt\/loja\/\"},{\"@type\":\"ListItem\",\"position\":3,\"name\":\"360 Photo Booth PRO &#8211; 80cm AUTOM\u00c1TICO Metal Forma redonda (360 camera booth, 360 video booth)\"}]},{\"@type\":\"WebSite\",\"@id\":\"https:\/\/360photoboothpro.eu\/pt-pt\/#website\",\"url\":\"https:\/\/360photoboothpro.eu\/pt-pt\/\",\"name\":\"360PhotoBoothPRO\",\"description\":\"360PhotoBoothPRO\",\"publisher\":{\"@id\":\"https:\/\/360photoboothpro.eu\/pt-pt\/#organization\"},\"potentialAction\":[{\"@type\":\"SearchAction\",\"target\":{\"@type\":\"EntryPoint\",\"urlTemplate\":\"https:\/\/360photoboothpro.eu\/pt-pt\/?s={search_term_string}\"},\"query-input\":{\"@type\":\"PropertyValueSpecification\",\"valueRequired\":true,\"valueName\":\"search_term_string\"}}],\"inLanguage\":\"pt-PT\"},{\"@type\":\"Organization\",\"@id\":\"https:\/\/360photoboothpro.eu\/pt-pt\/#organization\",\"name\":\"360PhotoBoothPRO\",\"url\":\"https:\/\/360photoboothpro.eu\/pt-pt\/\",\"logo\":{\"@type\":\"ImageObject\",\"inLanguage\":\"pt-PT\",\"@id\":\"https:\/\/360photoboothpro.eu\/pt-pt\/#\/schema\/logo\/image\/\",\"url\":\"https:\/\/360photoboothpro.eu\/wp-content\/uploads\/2023\/03\/logo-360photoboothpro-favicon.png\",\"contentUrl\":\"https:\/\/360photoboothpro.eu\/wp-content\/uploads\/2023\/03\/logo-360photoboothpro-favicon.png\",\"width\":317,\"height\":317,\"caption\":\"360PhotoBoothPRO\"},\"image\":{\"@id\":\"https:\/\/360photoboothpro.eu\/pt-pt\/#\/schema\/logo\/image\/\"},\"sameAs\":[\"https:\/\/www.facebook.com\/360PhotoBoothPRO.Canada\/\"]}]}<\/script>\n<!-- \/ Yoast SEO plugin. -->","yoast_head_json":{"title":"360 Photo Booth PRO - 80cm AUTOM\u00c1TICO Metal Forma redonda (360 camera booth, 360 video booth) - 360PhotoBoothPRO","description":"Photo Booth PRO is an online store where you can buy quality 360 Photo Booth PRO - 80cm AUTOM\u00c1TICO Metal Forma redonda (360 camera booth, 360 video booth) at an affordable price. Buy now!","robots":{"index":"index","follow":"follow","max-snippet":"max-snippet:-1","max-image-preview":"max-image-preview:large","max-video-preview":"max-video-preview:-1"},"canonical":"https:\/\/360photoboothpro.eu\/pt-pt\/produto\/360-photo-booth-pro-80-cm-automatic-metal-round-shape-360-camera-booth-360-video-booth\/","og_locale":"pt_PT","og_type":"article","og_title":"360 Photo Booth PRO - 80cm AUTOM\u00c1TICO Metal Forma redonda (360 camera booth, 360 video booth) - 360PhotoBoothPRO","og_description":"Photo Booth PRO is an online store where you can buy quality 360 Photo Booth PRO - 80cm AUTOM\u00c1TICO Metal Forma redonda (360 camera booth, 360 video booth) at an affordable price. Buy now!","og_url":"https:\/\/360photoboothpro.eu\/pt-pt\/produto\/360-photo-booth-pro-80-cm-automatic-metal-round-shape-360-camera-booth-360-video-booth\/","og_site_name":"360PhotoBoothPRO","article_publisher":"https:\/\/www.facebook.com\/360PhotoBoothPRO.Canada\/","article_modified_time":"2025-09-25T13:55:12+00:00","og_image":[{"url":"https:\/\/360photoboothpro.eu\/wp-content\/uploads\/2023\/03\/360-photo-booth-pro-automatic-metal-round-shape-360-camera-booth-360-video-booth-24-social.jpg"}],"twitter_card":"summary_large_image","schema":{"@context":"https:\/\/schema.org","@graph":[{"@type":"WebPage","@id":"https:\/\/360photoboothpro.eu\/pt-pt\/produto\/360-photo-booth-pro-80-cm-automatic-metal-round-shape-360-camera-booth-360-video-booth\/","url":"https:\/\/360photoboothpro.eu\/pt-pt\/produto\/360-photo-booth-pro-80-cm-automatic-metal-round-shape-360-camera-booth-360-video-booth\/","name":"360 Photo Booth PRO - 80cm AUTOM\u00c1TICO Metal Forma redonda (360 camera booth, 360 video booth) - 360PhotoBoothPRO","isPartOf":{"@id":"https:\/\/360photoboothpro.eu\/pt-pt\/#website"},"primaryImageOfPage":{"@id":"https:\/\/360photoboothpro.eu\/pt-pt\/produto\/360-photo-booth-pro-80-cm-automatic-metal-round-shape-360-camera-booth-360-video-booth\/#primaryimage"},"image":{"@id":"https:\/\/360photoboothpro.eu\/pt-pt\/produto\/360-photo-booth-pro-80-cm-automatic-metal-round-shape-360-camera-booth-360-video-booth\/#primaryimage"},"thumbnailUrl":"https:\/\/360photoboothpro.eu\/wp-content\/uploads\/2023\/03\/360-photo-booth-pro-automatic-metal-round-shape-360-camera-booth-360-video-booth-24.jpg","datePublished":"2023-04-11T09:18:04+00:00","dateModified":"2025-09-25T13:55:12+00:00","description":"Photo Booth PRO is an online store where you can buy quality 360 Photo Booth PRO - 80cm AUTOM\u00c1TICO Metal Forma redonda (360 camera booth, 360 video booth) at an affordable price. Buy now!","breadcrumb":{"@id":"https:\/\/360photoboothpro.eu\/pt-pt\/produto\/360-photo-booth-pro-80-cm-automatic-metal-round-shape-360-camera-booth-360-video-booth\/#breadcrumb"},"inLanguage":"pt-PT","potentialAction":[{"@type":"ReadAction","target":["https:\/\/360photoboothpro.eu\/pt-pt\/produto\/360-photo-booth-pro-80-cm-automatic-metal-round-shape-360-camera-booth-360-video-booth\/"]}]},{"@type":"ImageObject","inLanguage":"pt-PT","@id":"https:\/\/360photoboothpro.eu\/pt-pt\/produto\/360-photo-booth-pro-80-cm-automatic-metal-round-shape-360-camera-booth-360-video-booth\/#primaryimage","url":"https:\/\/360photoboothpro.eu\/wp-content\/uploads\/2023\/03\/360-photo-booth-pro-automatic-metal-round-shape-360-camera-booth-360-video-booth-24.jpg","contentUrl":"https:\/\/360photoboothpro.eu\/wp-content\/uploads\/2023\/03\/360-photo-booth-pro-automatic-metal-round-shape-360-camera-booth-360-video-booth-24.jpg","width":1000,"height":1000,"caption":"360 video booth pro metal round shape"},{"@type":"BreadcrumbList","@id":"https:\/\/360photoboothpro.eu\/pt-pt\/produto\/360-photo-booth-pro-80-cm-automatic-metal-round-shape-360-camera-booth-360-video-booth\/#breadcrumb","itemListElement":[{"@type":"ListItem","position":1,"name":"Home","item":"https:\/\/360photoboothpro.eu\/pt-pt\/"},{"@type":"ListItem","position":2,"name":"Loja","item":"https:\/\/360photoboothpro.eu\/pt-pt\/loja\/"},{"@type":"ListItem","position":3,"name":"360 Photo Booth PRO &#8211; 80cm AUTOM\u00c1TICO Metal Forma redonda (360 camera booth, 360 video booth)"}]},{"@type":"WebSite","@id":"https:\/\/360photoboothpro.eu\/pt-pt\/#website","url":"https:\/\/360photoboothpro.eu\/pt-pt\/","name":"360PhotoBoothPRO","description":"360PhotoBoothPRO","publisher":{"@id":"https:\/\/360photoboothpro.eu\/pt-pt\/#organization"},"potentialAction":[{"@type":"SearchAction","target":{"@type":"EntryPoint","urlTemplate":"https:\/\/360photoboothpro.eu\/pt-pt\/?s={search_term_string}"},"query-input":{"@type":"PropertyValueSpecification","valueRequired":true,"valueName":"search_term_string"}}],"inLanguage":"pt-PT"},{"@type":"Organization","@id":"https:\/\/360photoboothpro.eu\/pt-pt\/#organization","name":"360PhotoBoothPRO","url":"https:\/\/360photoboothpro.eu\/pt-pt\/","logo":{"@type":"ImageObject","inLanguage":"pt-PT","@id":"https:\/\/360photoboothpro.eu\/pt-pt\/#\/schema\/logo\/image\/","url":"https:\/\/360photoboothpro.eu\/wp-content\/uploads\/2023\/03\/logo-360photoboothpro-favicon.png","contentUrl":"https:\/\/360photoboothpro.eu\/wp-content\/uploads\/2023\/03\/logo-360photoboothpro-favicon.png","width":317,"height":317,"caption":"360PhotoBoothPRO"},"image":{"@id":"https:\/\/360photoboothpro.eu\/pt-pt\/#\/schema\/logo\/image\/"},"sameAs":["https:\/\/www.facebook.com\/360PhotoBoothPRO.Canada\/"]}]}},"_links":{"self":[{"href":"https:\/\/360photoboothpro.eu\/pt-pt\/wp-json\/wp\/v2\/product\/8985"}],"collection":[{"href":"https:\/\/360photoboothpro.eu\/pt-pt\/wp-json\/wp\/v2\/product"}],"about":[{"href":"https:\/\/360photoboothpro.eu\/pt-pt\/wp-json\/wp\/v2\/types\/product"}],"replies":[{"embeddable":true,"href":"https:\/\/360photoboothpro.eu\/pt-pt\/wp-json\/wp\/v2\/comments?post=8985"}],"wp:featuredmedia":[{"embeddable":true,"href":"https:\/\/360photoboothpro.eu\/pt-pt\/wp-json\/wp\/v2\/media\/12624"}],"wp:attachment":[{"href":"https:\/\/360photoboothpro.eu\/pt-pt\/wp-json\/wp\/v2\/media?parent=8985"}],"wp:term":[{"taxonomy":"product_cat","embeddable":true,"href":"https:\/\/360photoboothpro.eu\/pt-pt\/wp-json\/wp\/v2\/product_cat?post=8985"},{"taxonomy":"product_tag","embeddable":true,"href":"https:\/\/360photoboothpro.eu\/pt-pt\/wp-json\/wp\/v2\/product_tag?post=8985"}],"curies":[{"name":"wp","href":"https:\/\/api.w.org\/{rel}","templated":true}]}}