{"id":7399,"date":"2023-03-20T07:11:33","date_gmt":"2023-03-20T05:11:33","guid":{"rendered":"https:\/\/360photoboothpro.eu\/sekretesspolicy\/"},"modified":"2025-03-12T09:23:51","modified_gmt":"2025-03-12T07:23:51","slug":"sekretesspolicy","status":"publish","type":"page","link":"https:\/\/360photoboothpro.eu\/sv\/sekretesspolicy\/","title":{"rendered":"Integritetspolicy"},"content":{"rendered":"\t\t<div data-elementor-type=\"wp-page\" data-elementor-id=\"7399\" class=\"elementor elementor-7399 elementor-3\" data-elementor-post-type=\"page\">\n\t\t\t\t\t\t<section class=\"elementor-section elementor-top-section elementor-element elementor-element-77d2360 elementor-section-boxed elementor-section-height-default elementor-section-height-default\" data-id=\"77d2360\" data-element_type=\"section\">\r\n\t\t\r\n\t\t\t\t\t\t\t<div class=\"elementor-container elementor-column-gap-default\">\r\n\t\t\t\t\t\t\t\t\t\t\t<div class=\"elementor-column elementor-col-100 elementor-top-column elementor-element elementor-element-3bc6d72\" data-id=\"3bc6d72\" data-element_type=\"column\">\r\n\t\t\t\t\t<div class=\"elementor-widget-wrap elementor-element-populated\">\r\n\t\t\t\t\t\t\t\t<div class=\"elementor-element elementor-element-46807c2 elementor-widget elementor-widget-heading\" data-id=\"46807c2\" data-element_type=\"widget\" data-widget_type=\"heading.default\">\n\t\t\t\t<div class=\"elementor-widget-container\">\n\t\t\t<h2 class=\"elementor-heading-title elementor-size-default\">Integritetspolicy<\/h2>\t\t<\/div>\n\t\t\t\t<\/div>\n\t\t\t\t\t<\/div>\r\n\t\t\t\t<\/div>\r\n\t\t\t\t\t<\/div>\r\n\t\t\t\t<\/section>\r\n\t\t\t\t<section class=\"elementor-section elementor-top-section elementor-element elementor-element-234af183 elementor-section-boxed elementor-section-height-default elementor-section-height-default\" data-id=\"234af183\" data-element_type=\"section\">\r\n\t\t\r\n\t\t\t\t\t\t\t<div class=\"elementor-container elementor-column-gap-default\">\r\n\t\t\t\t\t\t\t\t\t\t\t<div class=\"elementor-column elementor-col-100 elementor-top-column elementor-element elementor-element-5cd2b2ea\" data-id=\"5cd2b2ea\" data-element_type=\"column\">\r\n\t\t\t\t\t<div class=\"elementor-widget-wrap elementor-element-populated\">\r\n\t\t\t\t\t\t\t\t<div class=\"elementor-element elementor-element-6f8a2459 elementor-widget elementor-widget-text-editor\" data-id=\"6f8a2459\" data-element_type=\"widget\" data-widget_type=\"text-editor.default\">\n\t\t\t\t<div class=\"elementor-widget-container\">\n\t\t\t\t\t\t\t<h1 class=\"western\"><span style=\"color: #111111;\"><span style=\"font-family: inherit;\"><span style=\"font-size: x-large;\"><b>INTEGRITETSPOLICY<\/b><\/span><\/span><\/span><\/h1>\n<p>Novo Best Concept Team SRL<\/p>\n<p>Denna sekretesspolicy beskriver hur din personliga information samlas in, anv\u00e4nds och delas n\u00e4r du bes\u00f6ker eller g\u00f6r ett k\u00f6p fr\u00e5n https:\/\/360photoboothpro.eu\/ (nedan kallad &#8221;Webbplatsen&#8221;).<\/p>\n<p>PERSONLIG INFORMATION SOM VI SAMLAR IN<\/p>\n<p>N\u00e4r du bes\u00f6ker webbplatsen samlar vi automatiskt in viss information om din enhet, inklusive information om din webbl\u00e4sare, IP-adress, tidszon och vissa cookies som \u00e4r installerade p\u00e5 din enhet. N\u00e4r du surfar p\u00e5 webbplatsen samlar vi dessutom in information om de enskilda webbsidor eller produkter som du tittar p\u00e5, vilka webbplatser eller s\u00f6ktermer som h\u00e4nvisade dig till webbplatsen och information om hur du interagerar med webbplatsen. Vi kallar denna automatiskt insamlade information f\u00f6r &#8221;Enhetsinformation&#8221;.<\/p>\n<p>Vi samlar in enhetsinformation med hj\u00e4lp av f\u00f6ljande tekniker:<\/p>\n<p>&#8211; &#8221;Cookies&#8221; \u00e4r datafiler som placeras p\u00e5 din enhet eller dator och som ofta inneh\u00e5ller en anonym unik identifierare. F\u00f6r mer information om cookies och hur du st\u00e4nger av cookies, bes\u00f6k http:\/\/www.allaboutcookies.org.<br \/>&#8211; &#8221;Loggfiler&#8221; sp\u00e5rar \u00e5tg\u00e4rder som vidtas p\u00e5 webbplatsen och samlar in data, inklusive din IP-adress, webbl\u00e4sartyp, Internetleverant\u00f6r, h\u00e4nvisnings-\/avslutningssidor och datum\/tidsst\u00e4mplar.<br \/>&#8211; &#8221;Webbfyrar&#8221;, &#8221;taggar&#8221; och &#8221;pixlar&#8221; \u00e4r elektroniska filer som anv\u00e4nds f\u00f6r att registrera information om hur du surfar p\u00e5 webbplatsen.<\/p>\n<p>N\u00e4r du g\u00f6r ett k\u00f6p eller f\u00f6rs\u00f6ker g\u00f6ra ett k\u00f6p via webbplatsen samlar vi in viss information fr\u00e5n dig, inklusive ditt namn, faktureringsadress, leveransadress, betalningsinformation (inklusive kreditkortsnummer), e-postadress och telefonnummer. Vi kallar denna information f\u00f6r &#8221;best\u00e4llningsinformation&#8221;.<\/p>\n<p>N\u00e4r vi talar om &#8221;personlig information&#8221; i denna sekretesspolicy talar vi b\u00e5de om enhetsinformation och best\u00e4llningsinformation.<\/p>\n<p>HUR ANV\u00c4NDER VI DIN PERSONLIGA INFORMATION?<\/p>\n<p>Vi anv\u00e4nder den best\u00e4llningsinformation som vi samlar in i allm\u00e4nhet f\u00f6r att utf\u00f6ra best\u00e4llningar som g\u00f6rs via webbplatsen (inklusive att behandla din betalningsinformation, ordna frakt och f\u00f6rse dig med fakturor och\/eller orderbekr\u00e4ftelser). Dessutom anv\u00e4nder vi denna orderinformation f\u00f6r att:<br \/>kommunicera med dig;<br \/>granska v\u00e5ra order med avseende p\u00e5 potentiella risker eller bedr\u00e4gerier; och<br \/>i enlighet med de preferenser du har delat med oss, f\u00f6rse dig med information eller reklam som r\u00f6r v\u00e5ra produkter eller tj\u00e4nster.<\/p>\n<p>Vi anv\u00e4nder den enhetsinformation som vi samlar in f\u00f6r att hj\u00e4lpa oss att uppt\u00e4cka potentiella risker och bedr\u00e4gerier (s\u00e4rskilt din IP-adress) och mer allm\u00e4nt f\u00f6r att f\u00f6rb\u00e4ttra och optimera v\u00e5r webbplats (till exempel genom att generera analyser om hur v\u00e5ra kunder surfar och interagerar med webbplatsen och f\u00f6r att bed\u00f6ma hur framg\u00e5ngsrika v\u00e5ra marknadsf\u00f6rings- och reklamkampanjer \u00e4r).<\/p>\n<p>DELA DIN PERSONLIGA INFORMATION<\/p>\n<p>Vi delar dina personuppgifter med tredje part f\u00f6r att hj\u00e4lpa oss att anv\u00e4nda dina personuppgifter enligt beskrivningen ovan. Vi anv\u00e4nder ocks\u00e5 Google Analytics f\u00f6r att hj\u00e4lpa oss att f\u00f6rst\u00e5 hur v\u00e5ra kunder anv\u00e4nder webbplatsen &#8211; du kan l\u00e4sa mer om hur Google anv\u00e4nder dina personuppgifter h\u00e4r: https:\/\/www.google.com\/intl\/en\/policies\/privacy\/. Du kan ocks\u00e5 v\u00e4lja bort Google Analytics h\u00e4r: https:\/\/tools.google.com\/dlpage\/gaoptout.<\/p>\n<p>Slutligen kan vi ocks\u00e5 dela din personliga information f\u00f6r att f\u00f6lja till\u00e4mpliga lagar och f\u00f6rordningar, f\u00f6r att svara p\u00e5 en st\u00e4mning, en husrannsakan eller annan laglig beg\u00e4ran om information som vi f\u00e5r, eller f\u00f6r att p\u00e5 annat s\u00e4tt skydda v\u00e5ra r\u00e4ttigheter.<\/p>\n<p>BEHAVIOURAL ADVERTISING<br \/>Som beskrivs ovan anv\u00e4nder vi dina personuppgifter f\u00f6r att f\u00f6rse dig med riktade annonser eller marknadsf\u00f6ringskommunikation som vi tror kan vara av intresse f\u00f6r dig. F\u00f6r mer information om hur riktad reklam fungerar kan du bes\u00f6ka Network Advertising Initiative&#8217;s (&#8221;NAI&#8221;) utbildningssida p\u00e5 http:\/\/www.networkadvertising.org\/understanding-online-advertising\/how-does-it-work.<\/p>\n<p>Du kan v\u00e4lja bort riktad reklam genom att:<\/p>\n<p>FACEBOOK &#8211; https:\/\/www.facebook.com\/settings\/?tab=ads<br \/>GOOGLE &#8211; https:\/\/www.google.com\/settings\/ads\/anonymous<br \/>BING &#8211; https:\/\/advertise.bingads.microsoft.com\/en-us\/resources\/policies\/personalized-ads<\/p>\n<p>Dessutom kan du v\u00e4lja bort vissa av dessa tj\u00e4nster genom att bes\u00f6ka Digital Advertising Alliance&#8217;s opt-out-portal p\u00e5 http:\/\/optout.aboutads.info\/.<\/p>\n<p>SP\u00c5RAR INTE<br \/>Observera att vi inte \u00e4ndrar v\u00e5r webbplats datainsamling och anv\u00e4ndningspraxis n\u00e4r vi ser en sp\u00e5rningssignal fr\u00e5n din webbl\u00e4sare.<\/p>\n<p>DINA R\u00c4TTIGHETER<br \/>Om du \u00e4r bosatt i Europa har du r\u00e4tt att f\u00e5 tillg\u00e5ng till personuppgifter som vi har om dig och att beg\u00e4ra att dina personuppgifter korrigeras, uppdateras eller raderas. Om du vill ut\u00f6va denna r\u00e4ttighet, v\u00e4nligen kontakta oss via kontaktinformationen nedan.<br \/>Om du \u00e4r bosatt i Europa noterar vi dessutom att vi behandlar din information f\u00f6r att uppfylla avtal som vi kan ha med dig (till exempel om du g\u00f6r en best\u00e4llning via webbplatsen), eller p\u00e5 annat s\u00e4tt f\u00f6r att fullf\u00f6lja v\u00e5ra legitima aff\u00e4rsintressen som anges ovan. Observera ocks\u00e5 att din information kommer att \u00f6verf\u00f6ras utanf\u00f6r Europa, bland annat till Kanada och USA.<\/p>\n<p>DATABEVARANDE<br \/>N\u00e4r du g\u00f6r en best\u00e4llning via webbplatsen kommer vi att beh\u00e5lla din best\u00e4llningsinformation i v\u00e5ra register s\u00e5vida inte och tills du ber oss att radera denna information.<\/p>\n<p>\u00c4NDRINGAR<br \/>Vi kan komma att uppdatera denna integritetspolicy fr\u00e5n tid till annan f\u00f6r att till exempel \u00e5terspegla \u00e4ndringar i v\u00e5r praxis eller av andra operativa, juridiska eller regleringsm\u00e4ssiga sk\u00e4l.<br \/>KONTAKTA OSS<br \/>F\u00f6r mer information om v\u00e5r integritetspolicy, om du har fr\u00e5gor eller om du vill l\u00e4mna in ett klagom\u00e5l, v\u00e4nligen kontakta oss via e-post p\u00e5 contact@360photoboothpro.eu eller via post med hj\u00e4lp av uppgifterna nedan:<\/p>\n<p>Bucuresti, Calea Mosilor, nr 88, sc. F, ap. 82, Sector 3, Rum\u00e4nien<\/p>\n\t\t\t\t\t\t<\/div>\n\t\t\t\t<\/div>\n\t\t\t\t\t<\/div>\r\n\t\t\t\t<\/div>\r\n\t\t\t\t\t<\/div>\r\n\t\t\t\t<\/section>\r\n\t\t\t\t<\/div>\n\t\t","protected":false},"excerpt":{"rendered":"<p>Integritetspolicy INTEGRITETSPOLICY Novo Best Concept Team SRL Denna sekretesspolicy beskriver hur din personliga information samlas in, anv\u00e4nds och delas n\u00e4r du bes\u00f6ker eller g\u00f6r ett k\u00f6p fr\u00e5n https:\/\/360photoboothpro.eu\/ (nedan kallad &#8221;Webbplatsen&#8221;). PERSONLIG INFORMATION SOM VI SAMLAR IN N\u00e4r du bes\u00f6ker webbplatsen samlar vi automatiskt in viss information om din enhet, inklusive information om din webbl\u00e4sare, [&hellip;]<\/p>\n","protected":false},"author":1,"featured_media":0,"parent":0,"menu_order":0,"comment_status":"closed","ping_status":"open","template":"elementor_header_footer","meta":{"_acf_changed":false,"footnotes":""},"class_list":["post-7399","page","type-page","status-publish","hentry"],"acf":[],"yoast_head":"<!-- This site is optimized with the Yoast SEO plugin v23.5 - https:\/\/yoast.com\/wordpress\/plugins\/seo\/ -->\n<title>Integritetspolicy - 360PhotoBoothPRO<\/title>\n<meta name=\"description\" content=\"Att skydda din integritet \u00e4r viktigt. L\u00e4s v\u00e5r transparenta integritetspolicy p\u00e5 360 Photo Booth Pro. Lita p\u00e5 oss f\u00f6r en s\u00e4ker upplevelse p\u00e5 n\u00e4tet.\" \/>\n<meta name=\"robots\" content=\"index, follow, max-snippet:-1, max-image-preview:large, max-video-preview:-1\" \/>\n<link rel=\"canonical\" href=\"https:\/\/360photoboothpro.eu\/sv\/sekretesspolicy\/\" \/>\n<meta property=\"og:locale\" content=\"sv_SE\" \/>\n<meta property=\"og:type\" content=\"article\" \/>\n<meta property=\"og:title\" content=\"Integritetspolicy - 360PhotoBoothPRO\" \/>\n<meta property=\"og:description\" content=\"Att skydda din integritet \u00e4r viktigt. L\u00e4s v\u00e5r transparenta integritetspolicy p\u00e5 360 Photo Booth Pro. Lita p\u00e5 oss f\u00f6r en s\u00e4ker upplevelse p\u00e5 n\u00e4tet.\" \/>\n<meta property=\"og:url\" content=\"https:\/\/360photoboothpro.eu\/sv\/sekretesspolicy\/\" \/>\n<meta property=\"og:site_name\" content=\"360PhotoBoothPRO\" \/>\n<meta property=\"article:publisher\" content=\"https:\/\/www.facebook.com\/360PhotoBoothPRO.Canada\/\" \/>\n<meta property=\"article:modified_time\" content=\"2025-03-12T07:23:51+00:00\" \/>\n<meta name=\"twitter:card\" content=\"summary_large_image\" \/>\n<meta name=\"twitter:label1\" content=\"Ber\u00e4knad l\u00e4stid\" \/>\n\t<meta name=\"twitter:data1\" content=\"5 minuter\" \/>\n<script type=\"application\/ld+json\" class=\"yoast-schema-graph\">{\"@context\":\"https:\/\/schema.org\",\"@graph\":[{\"@type\":\"WebPage\",\"@id\":\"https:\/\/360photoboothpro.eu\/sv\/sekretesspolicy\/\",\"url\":\"https:\/\/360photoboothpro.eu\/sv\/sekretesspolicy\/\",\"name\":\"Integritetspolicy - 360PhotoBoothPRO\",\"isPartOf\":{\"@id\":\"https:\/\/360photoboothpro.eu\/sv\/#website\"},\"datePublished\":\"2023-03-20T05:11:33+00:00\",\"dateModified\":\"2025-03-12T07:23:51+00:00\",\"description\":\"Att skydda din integritet \u00e4r viktigt. L\u00e4s v\u00e5r transparenta integritetspolicy p\u00e5 360 Photo Booth Pro. Lita p\u00e5 oss f\u00f6r en s\u00e4ker upplevelse p\u00e5 n\u00e4tet.\",\"breadcrumb\":{\"@id\":\"https:\/\/360photoboothpro.eu\/sv\/sekretesspolicy\/#breadcrumb\"},\"inLanguage\":\"sv-SE\",\"potentialAction\":[{\"@type\":\"ReadAction\",\"target\":[\"https:\/\/360photoboothpro.eu\/sv\/sekretesspolicy\/\"]}]},{\"@type\":\"BreadcrumbList\",\"@id\":\"https:\/\/360photoboothpro.eu\/sv\/sekretesspolicy\/#breadcrumb\",\"itemListElement\":[{\"@type\":\"ListItem\",\"position\":1,\"name\":\"Home\",\"item\":\"https:\/\/360photoboothpro.eu\/sv\/\"},{\"@type\":\"ListItem\",\"position\":2,\"name\":\"Integritetspolicy\"}]},{\"@type\":\"WebSite\",\"@id\":\"https:\/\/360photoboothpro.eu\/sv\/#website\",\"url\":\"https:\/\/360photoboothpro.eu\/sv\/\",\"name\":\"360PhotoBoothPRO\",\"description\":\"360PhotoBoothPRO\",\"publisher\":{\"@id\":\"https:\/\/360photoboothpro.eu\/sv\/#organization\"},\"potentialAction\":[{\"@type\":\"SearchAction\",\"target\":{\"@type\":\"EntryPoint\",\"urlTemplate\":\"https:\/\/360photoboothpro.eu\/sv\/?s={search_term_string}\"},\"query-input\":{\"@type\":\"PropertyValueSpecification\",\"valueRequired\":true,\"valueName\":\"search_term_string\"}}],\"inLanguage\":\"sv-SE\"},{\"@type\":\"Organization\",\"@id\":\"https:\/\/360photoboothpro.eu\/sv\/#organization\",\"name\":\"360PhotoBoothPRO\",\"url\":\"https:\/\/360photoboothpro.eu\/sv\/\",\"logo\":{\"@type\":\"ImageObject\",\"inLanguage\":\"sv-SE\",\"@id\":\"https:\/\/360photoboothpro.eu\/sv\/#\/schema\/logo\/image\/\",\"url\":\"https:\/\/360photoboothpro.eu\/wp-content\/uploads\/2023\/03\/logo-360photoboothpro-favicon.png\",\"contentUrl\":\"https:\/\/360photoboothpro.eu\/wp-content\/uploads\/2023\/03\/logo-360photoboothpro-favicon.png\",\"width\":317,\"height\":317,\"caption\":\"360PhotoBoothPRO\"},\"image\":{\"@id\":\"https:\/\/360photoboothpro.eu\/sv\/#\/schema\/logo\/image\/\"},\"sameAs\":[\"https:\/\/www.facebook.com\/360PhotoBoothPRO.Canada\/\"]}]}<\/script>\n<!-- \/ Yoast SEO plugin. -->","yoast_head_json":{"title":"Integritetspolicy - 360PhotoBoothPRO","description":"Att skydda din integritet \u00e4r viktigt. L\u00e4s v\u00e5r transparenta integritetspolicy p\u00e5 360 Photo Booth Pro. Lita p\u00e5 oss f\u00f6r en s\u00e4ker upplevelse p\u00e5 n\u00e4tet.","robots":{"index":"index","follow":"follow","max-snippet":"max-snippet:-1","max-image-preview":"max-image-preview:large","max-video-preview":"max-video-preview:-1"},"canonical":"https:\/\/360photoboothpro.eu\/sv\/sekretesspolicy\/","og_locale":"sv_SE","og_type":"article","og_title":"Integritetspolicy - 360PhotoBoothPRO","og_description":"Att skydda din integritet \u00e4r viktigt. L\u00e4s v\u00e5r transparenta integritetspolicy p\u00e5 360 Photo Booth Pro. Lita p\u00e5 oss f\u00f6r en s\u00e4ker upplevelse p\u00e5 n\u00e4tet.","og_url":"https:\/\/360photoboothpro.eu\/sv\/sekretesspolicy\/","og_site_name":"360PhotoBoothPRO","article_publisher":"https:\/\/www.facebook.com\/360PhotoBoothPRO.Canada\/","article_modified_time":"2025-03-12T07:23:51+00:00","twitter_card":"summary_large_image","twitter_misc":{"Ber\u00e4knad l\u00e4stid":"5 minuter"},"schema":{"@context":"https:\/\/schema.org","@graph":[{"@type":"WebPage","@id":"https:\/\/360photoboothpro.eu\/sv\/sekretesspolicy\/","url":"https:\/\/360photoboothpro.eu\/sv\/sekretesspolicy\/","name":"Integritetspolicy - 360PhotoBoothPRO","isPartOf":{"@id":"https:\/\/360photoboothpro.eu\/sv\/#website"},"datePublished":"2023-03-20T05:11:33+00:00","dateModified":"2025-03-12T07:23:51+00:00","description":"Att skydda din integritet \u00e4r viktigt. L\u00e4s v\u00e5r transparenta integritetspolicy p\u00e5 360 Photo Booth Pro. Lita p\u00e5 oss f\u00f6r en s\u00e4ker upplevelse p\u00e5 n\u00e4tet.","breadcrumb":{"@id":"https:\/\/360photoboothpro.eu\/sv\/sekretesspolicy\/#breadcrumb"},"inLanguage":"sv-SE","potentialAction":[{"@type":"ReadAction","target":["https:\/\/360photoboothpro.eu\/sv\/sekretesspolicy\/"]}]},{"@type":"BreadcrumbList","@id":"https:\/\/360photoboothpro.eu\/sv\/sekretesspolicy\/#breadcrumb","itemListElement":[{"@type":"ListItem","position":1,"name":"Home","item":"https:\/\/360photoboothpro.eu\/sv\/"},{"@type":"ListItem","position":2,"name":"Integritetspolicy"}]},{"@type":"WebSite","@id":"https:\/\/360photoboothpro.eu\/sv\/#website","url":"https:\/\/360photoboothpro.eu\/sv\/","name":"360PhotoBoothPRO","description":"360PhotoBoothPRO","publisher":{"@id":"https:\/\/360photoboothpro.eu\/sv\/#organization"},"potentialAction":[{"@type":"SearchAction","target":{"@type":"EntryPoint","urlTemplate":"https:\/\/360photoboothpro.eu\/sv\/?s={search_term_string}"},"query-input":{"@type":"PropertyValueSpecification","valueRequired":true,"valueName":"search_term_string"}}],"inLanguage":"sv-SE"},{"@type":"Organization","@id":"https:\/\/360photoboothpro.eu\/sv\/#organization","name":"360PhotoBoothPRO","url":"https:\/\/360photoboothpro.eu\/sv\/","logo":{"@type":"ImageObject","inLanguage":"sv-SE","@id":"https:\/\/360photoboothpro.eu\/sv\/#\/schema\/logo\/image\/","url":"https:\/\/360photoboothpro.eu\/wp-content\/uploads\/2023\/03\/logo-360photoboothpro-favicon.png","contentUrl":"https:\/\/360photoboothpro.eu\/wp-content\/uploads\/2023\/03\/logo-360photoboothpro-favicon.png","width":317,"height":317,"caption":"360PhotoBoothPRO"},"image":{"@id":"https:\/\/360photoboothpro.eu\/sv\/#\/schema\/logo\/image\/"},"sameAs":["https:\/\/www.facebook.com\/360PhotoBoothPRO.Canada\/"]}]}},"_links":{"self":[{"href":"https:\/\/360photoboothpro.eu\/sv\/wp-json\/wp\/v2\/pages\/7399"}],"collection":[{"href":"https:\/\/360photoboothpro.eu\/sv\/wp-json\/wp\/v2\/pages"}],"about":[{"href":"https:\/\/360photoboothpro.eu\/sv\/wp-json\/wp\/v2\/types\/page"}],"author":[{"embeddable":true,"href":"https:\/\/360photoboothpro.eu\/sv\/wp-json\/wp\/v2\/users\/1"}],"replies":[{"embeddable":true,"href":"https:\/\/360photoboothpro.eu\/sv\/wp-json\/wp\/v2\/comments?post=7399"}],"version-history":[{"count":2,"href":"https:\/\/360photoboothpro.eu\/sv\/wp-json\/wp\/v2\/pages\/7399\/revisions"}],"predecessor-version":[{"id":14668,"href":"https:\/\/360photoboothpro.eu\/sv\/wp-json\/wp\/v2\/pages\/7399\/revisions\/14668"}],"wp:attachment":[{"href":"https:\/\/360photoboothpro.eu\/sv\/wp-json\/wp\/v2\/media?parent=7399"}],"curies":[{"name":"wp","href":"https:\/\/api.w.org\/{rel}","templated":true}]}}