{"id":7521,"date":"2023-03-31T13:29:33","date_gmt":"2023-03-31T11:29:33","guid":{"rendered":"https:\/\/360photoboothpro.eu\/hur-man-betalar\/"},"modified":"2023-12-18T15:13:43","modified_gmt":"2023-12-18T13:13:43","slug":"hur-man-betalar","status":"publish","type":"page","link":"https:\/\/360photoboothpro.eu\/sv\/hur-man-betalar\/","title":{"rendered":"HUR MAN BETALAR"},"content":{"rendered":"\t\t<div data-elementor-type=\"wp-page\" data-elementor-id=\"7521\" class=\"elementor elementor-7521 elementor-3798\" data-elementor-post-type=\"page\">\n\t\t\t\t\t\t<section class=\"elementor-section elementor-top-section elementor-element elementor-element-cdafb3b elementor-section-boxed elementor-section-height-default elementor-section-height-default\" data-id=\"cdafb3b\" data-element_type=\"section\">\r\n\t\t\r\n\t\t\t\t\t\t\t<div class=\"elementor-container elementor-column-gap-default\">\r\n\t\t\t\t\t\t\t\t\t\t\t<div class=\"elementor-column elementor-col-100 elementor-top-column elementor-element elementor-element-af7494b\" data-id=\"af7494b\" data-element_type=\"column\">\r\n\t\t\t\t\t<div class=\"elementor-widget-wrap elementor-element-populated\">\r\n\t\t\t\t\t\t\t\t<div class=\"elementor-element elementor-element-e3821ea elementor-widget elementor-widget-heading\" data-id=\"e3821ea\" data-element_type=\"widget\" data-widget_type=\"heading.default\">\n\t\t\t\t<div class=\"elementor-widget-container\">\n\t\t\t<h2 class=\"elementor-heading-title elementor-size-default\">HUR MAN BETALAR<\/h2>\t\t<\/div>\n\t\t\t\t<\/div>\n\t\t\t\t\t<\/div>\r\n\t\t\t\t<\/div>\r\n\t\t\t\t\t<\/div>\r\n\t\t\t\t<\/section>\r\n\t\t\t\t<section class=\"elementor-section elementor-top-section elementor-element elementor-element-16e7d26 elementor-section-boxed elementor-section-height-default elementor-section-height-default\" data-id=\"16e7d26\" data-element_type=\"section\">\r\n\t\t\r\n\t\t\t\t\t\t\t<div class=\"elementor-container elementor-column-gap-default\">\r\n\t\t\t\t\t\t\t\t\t\t\t<div class=\"elementor-column elementor-col-50 elementor-top-column elementor-element elementor-element-5dfe3ce\" data-id=\"5dfe3ce\" data-element_type=\"column\">\r\n\t\t\t\t\t<div class=\"elementor-widget-wrap elementor-element-populated\">\r\n\t\t\t\t\t\t\t\t<div class=\"elementor-element elementor-element-ffd9482 elementor-widget elementor-widget-text-editor\" data-id=\"ffd9482\" data-element_type=\"widget\" data-widget_type=\"text-editor.default\">\n\t\t\t\t<div class=\"elementor-widget-container\">\n\t\t\t\t\t\t\t<p><strong>Hur sker betalningen?<\/strong><\/p>\n<p><span style=\"color: var(--porto-body-color); letter-spacing: var(--porto-body-ls,0);\">1.) Betalning genom bank\u00f6verf\u00f6ring till f\u00f6retagets bankkonto hos Banca Transilvania<\/span>(Swift Code: BTRLRO22)<span style=\"color: var(--porto-body-color); letter-spacing: var(--porto-body-ls,0);\"> Kontonummer: <\/span>RO89BTRLEURCRT0408291301<span style=\"color: var(--porto-body-color); letter-spacing: var(--porto-body-ls,0);\">.<\/span><\/p>\n<p><span style=\"color: var(--porto-body-color); letter-spacing: var(--porto-body-ls,0);\">Leveranstiden b\u00f6rjar n\u00e4r hela beloppet har kommit in p\u00e5 v\u00e5rt konto.<\/span><\/p>\n\t\t\t\t\t\t<\/div>\n\t\t\t\t<\/div>\n\t\t\t\t\t<\/div>\r\n\t\t\t\t<\/div>\r\n\t\t\t\t<div class=\"elementor-column elementor-col-50 elementor-top-column elementor-element elementor-element-95ff5c7\" data-id=\"95ff5c7\" data-element_type=\"column\">\r\n\t\t\t\t\t<div class=\"elementor-widget-wrap elementor-element-populated\">\r\n\t\t\t\t\t\t\t\t<div class=\"elementor-element elementor-element-61a4c84 elementor-widget elementor-widget-text-editor\" data-id=\"61a4c84\" data-element_type=\"widget\" data-widget_type=\"text-editor.default\">\n\t\t\t\t<div class=\"elementor-widget-container\">\n\t\t\t\t\t\t\t<p>2. Betalning med kort online<\/p>\n<p>Kortbetalning online kan g\u00f6ras med hj\u00e4lp av STRIPE.&nbsp;<\/p>\n<p>P\u00e5 s\u00e5 s\u00e4tt s\u00e4kerst\u00e4lls skyddet och sekretessen f\u00f6r de inmatade uppgifterna i h\u00f6gsta grad.<\/p>\t\t\t\t\t\t<\/div>\n\t\t\t\t<\/div>\n\t\t\t\t\t<\/div>\r\n\t\t\t\t<\/div>\r\n\t\t\t\t\t<\/div>\r\n\t\t\t\t<\/section>\r\n\t\t\t\t<\/div>\n\t\t","protected":false},"excerpt":{"rendered":"<p>HUR MAN BETALAR Hur sker betalningen? 1.) Betalning genom bank\u00f6verf\u00f6ring till f\u00f6retagets bankkonto hos Banca Transilvania(Swift Code: BTRLRO22) Kontonummer: RO89BTRLEURCRT0408291301. Leveranstiden b\u00f6rjar n\u00e4r hela beloppet har kommit in p\u00e5 v\u00e5rt konto. 2. Betalning med kort online Kortbetalning online kan g\u00f6ras med hj\u00e4lp av STRIPE.&nbsp; P\u00e5 s\u00e5 s\u00e4tt s\u00e4kerst\u00e4lls skyddet och sekretessen f\u00f6r de inmatade uppgifterna [&hellip;]<\/p>\n","protected":false},"author":1,"featured_media":0,"parent":0,"menu_order":0,"comment_status":"closed","ping_status":"closed","template":"elementor_header_footer","meta":{"_acf_changed":false,"footnotes":""},"class_list":["post-7521","page","type-page","status-publish","hentry"],"acf":[],"yoast_head":"<!-- This site is optimized with the Yoast SEO plugin v23.5 - https:\/\/yoast.com\/wordpress\/plugins\/seo\/ -->\n<title>HUR MAN BETALAR - 360PhotoBoothPRO<\/title>\n<meta name=\"description\" content=\"S\u00e4kra och bekv\u00e4ma betalningsalternativ hos 360 Photo Booth Pro. G\u00f6r transaktioner problemfria. F\u00f6rh\u00f6j dina evenemang med v\u00e5ra innovativa produkter.\" \/>\n<meta name=\"robots\" content=\"index, follow, max-snippet:-1, max-image-preview:large, max-video-preview:-1\" \/>\n<link rel=\"canonical\" href=\"https:\/\/360photoboothpro.eu\/sv\/hur-man-betalar\/\" \/>\n<meta property=\"og:locale\" content=\"sv_SE\" \/>\n<meta property=\"og:type\" content=\"article\" \/>\n<meta property=\"og:title\" content=\"HUR MAN BETALAR - 360PhotoBoothPRO\" \/>\n<meta property=\"og:description\" content=\"S\u00e4kra och bekv\u00e4ma betalningsalternativ hos 360 Photo Booth Pro. G\u00f6r transaktioner problemfria. F\u00f6rh\u00f6j dina evenemang med v\u00e5ra innovativa produkter.\" \/>\n<meta property=\"og:url\" content=\"https:\/\/360photoboothpro.eu\/sv\/hur-man-betalar\/\" \/>\n<meta property=\"og:site_name\" content=\"360PhotoBoothPRO\" \/>\n<meta property=\"article:publisher\" content=\"https:\/\/www.facebook.com\/360PhotoBoothPRO.Canada\/\" \/>\n<meta property=\"article:modified_time\" content=\"2023-12-18T13:13:43+00:00\" \/>\n<meta name=\"twitter:card\" content=\"summary_large_image\" \/>\n<script type=\"application\/ld+json\" class=\"yoast-schema-graph\">{\"@context\":\"https:\/\/schema.org\",\"@graph\":[{\"@type\":\"WebPage\",\"@id\":\"https:\/\/360photoboothpro.eu\/sv\/hur-man-betalar\/\",\"url\":\"https:\/\/360photoboothpro.eu\/sv\/hur-man-betalar\/\",\"name\":\"HUR MAN BETALAR - 360PhotoBoothPRO\",\"isPartOf\":{\"@id\":\"https:\/\/360photoboothpro.eu\/sv\/#website\"},\"datePublished\":\"2023-03-31T11:29:33+00:00\",\"dateModified\":\"2023-12-18T13:13:43+00:00\",\"description\":\"S\u00e4kra och bekv\u00e4ma betalningsalternativ hos 360 Photo Booth Pro. G\u00f6r transaktioner problemfria. F\u00f6rh\u00f6j dina evenemang med v\u00e5ra innovativa produkter.\",\"breadcrumb\":{\"@id\":\"https:\/\/360photoboothpro.eu\/sv\/hur-man-betalar\/#breadcrumb\"},\"inLanguage\":\"sv-SE\",\"potentialAction\":[{\"@type\":\"ReadAction\",\"target\":[\"https:\/\/360photoboothpro.eu\/sv\/hur-man-betalar\/\"]}]},{\"@type\":\"BreadcrumbList\",\"@id\":\"https:\/\/360photoboothpro.eu\/sv\/hur-man-betalar\/#breadcrumb\",\"itemListElement\":[{\"@type\":\"ListItem\",\"position\":1,\"name\":\"Home\",\"item\":\"https:\/\/360photoboothpro.eu\/sv\/\"},{\"@type\":\"ListItem\",\"position\":2,\"name\":\"HUR MAN BETALAR\"}]},{\"@type\":\"WebSite\",\"@id\":\"https:\/\/360photoboothpro.eu\/sv\/#website\",\"url\":\"https:\/\/360photoboothpro.eu\/sv\/\",\"name\":\"360PhotoBoothPRO\",\"description\":\"360PhotoBoothPRO\",\"publisher\":{\"@id\":\"https:\/\/360photoboothpro.eu\/sv\/#organization\"},\"potentialAction\":[{\"@type\":\"SearchAction\",\"target\":{\"@type\":\"EntryPoint\",\"urlTemplate\":\"https:\/\/360photoboothpro.eu\/sv\/?s={search_term_string}\"},\"query-input\":{\"@type\":\"PropertyValueSpecification\",\"valueRequired\":true,\"valueName\":\"search_term_string\"}}],\"inLanguage\":\"sv-SE\"},{\"@type\":\"Organization\",\"@id\":\"https:\/\/360photoboothpro.eu\/sv\/#organization\",\"name\":\"360PhotoBoothPRO\",\"url\":\"https:\/\/360photoboothpro.eu\/sv\/\",\"logo\":{\"@type\":\"ImageObject\",\"inLanguage\":\"sv-SE\",\"@id\":\"https:\/\/360photoboothpro.eu\/sv\/#\/schema\/logo\/image\/\",\"url\":\"https:\/\/360photoboothpro.eu\/wp-content\/uploads\/2023\/03\/logo-360photoboothpro-favicon.png\",\"contentUrl\":\"https:\/\/360photoboothpro.eu\/wp-content\/uploads\/2023\/03\/logo-360photoboothpro-favicon.png\",\"width\":317,\"height\":317,\"caption\":\"360PhotoBoothPRO\"},\"image\":{\"@id\":\"https:\/\/360photoboothpro.eu\/sv\/#\/schema\/logo\/image\/\"},\"sameAs\":[\"https:\/\/www.facebook.com\/360PhotoBoothPRO.Canada\/\"]}]}<\/script>\n<!-- \/ Yoast SEO plugin. -->","yoast_head_json":{"title":"HUR MAN BETALAR - 360PhotoBoothPRO","description":"S\u00e4kra och bekv\u00e4ma betalningsalternativ hos 360 Photo Booth Pro. G\u00f6r transaktioner problemfria. F\u00f6rh\u00f6j dina evenemang med v\u00e5ra innovativa produkter.","robots":{"index":"index","follow":"follow","max-snippet":"max-snippet:-1","max-image-preview":"max-image-preview:large","max-video-preview":"max-video-preview:-1"},"canonical":"https:\/\/360photoboothpro.eu\/sv\/hur-man-betalar\/","og_locale":"sv_SE","og_type":"article","og_title":"HUR MAN BETALAR - 360PhotoBoothPRO","og_description":"S\u00e4kra och bekv\u00e4ma betalningsalternativ hos 360 Photo Booth Pro. G\u00f6r transaktioner problemfria. F\u00f6rh\u00f6j dina evenemang med v\u00e5ra innovativa produkter.","og_url":"https:\/\/360photoboothpro.eu\/sv\/hur-man-betalar\/","og_site_name":"360PhotoBoothPRO","article_publisher":"https:\/\/www.facebook.com\/360PhotoBoothPRO.Canada\/","article_modified_time":"2023-12-18T13:13:43+00:00","twitter_card":"summary_large_image","schema":{"@context":"https:\/\/schema.org","@graph":[{"@type":"WebPage","@id":"https:\/\/360photoboothpro.eu\/sv\/hur-man-betalar\/","url":"https:\/\/360photoboothpro.eu\/sv\/hur-man-betalar\/","name":"HUR MAN BETALAR - 360PhotoBoothPRO","isPartOf":{"@id":"https:\/\/360photoboothpro.eu\/sv\/#website"},"datePublished":"2023-03-31T11:29:33+00:00","dateModified":"2023-12-18T13:13:43+00:00","description":"S\u00e4kra och bekv\u00e4ma betalningsalternativ hos 360 Photo Booth Pro. G\u00f6r transaktioner problemfria. F\u00f6rh\u00f6j dina evenemang med v\u00e5ra innovativa produkter.","breadcrumb":{"@id":"https:\/\/360photoboothpro.eu\/sv\/hur-man-betalar\/#breadcrumb"},"inLanguage":"sv-SE","potentialAction":[{"@type":"ReadAction","target":["https:\/\/360photoboothpro.eu\/sv\/hur-man-betalar\/"]}]},{"@type":"BreadcrumbList","@id":"https:\/\/360photoboothpro.eu\/sv\/hur-man-betalar\/#breadcrumb","itemListElement":[{"@type":"ListItem","position":1,"name":"Home","item":"https:\/\/360photoboothpro.eu\/sv\/"},{"@type":"ListItem","position":2,"name":"HUR MAN BETALAR"}]},{"@type":"WebSite","@id":"https:\/\/360photoboothpro.eu\/sv\/#website","url":"https:\/\/360photoboothpro.eu\/sv\/","name":"360PhotoBoothPRO","description":"360PhotoBoothPRO","publisher":{"@id":"https:\/\/360photoboothpro.eu\/sv\/#organization"},"potentialAction":[{"@type":"SearchAction","target":{"@type":"EntryPoint","urlTemplate":"https:\/\/360photoboothpro.eu\/sv\/?s={search_term_string}"},"query-input":{"@type":"PropertyValueSpecification","valueRequired":true,"valueName":"search_term_string"}}],"inLanguage":"sv-SE"},{"@type":"Organization","@id":"https:\/\/360photoboothpro.eu\/sv\/#organization","name":"360PhotoBoothPRO","url":"https:\/\/360photoboothpro.eu\/sv\/","logo":{"@type":"ImageObject","inLanguage":"sv-SE","@id":"https:\/\/360photoboothpro.eu\/sv\/#\/schema\/logo\/image\/","url":"https:\/\/360photoboothpro.eu\/wp-content\/uploads\/2023\/03\/logo-360photoboothpro-favicon.png","contentUrl":"https:\/\/360photoboothpro.eu\/wp-content\/uploads\/2023\/03\/logo-360photoboothpro-favicon.png","width":317,"height":317,"caption":"360PhotoBoothPRO"},"image":{"@id":"https:\/\/360photoboothpro.eu\/sv\/#\/schema\/logo\/image\/"},"sameAs":["https:\/\/www.facebook.com\/360PhotoBoothPRO.Canada\/"]}]}},"_links":{"self":[{"href":"https:\/\/360photoboothpro.eu\/sv\/wp-json\/wp\/v2\/pages\/7521"}],"collection":[{"href":"https:\/\/360photoboothpro.eu\/sv\/wp-json\/wp\/v2\/pages"}],"about":[{"href":"https:\/\/360photoboothpro.eu\/sv\/wp-json\/wp\/v2\/types\/page"}],"author":[{"embeddable":true,"href":"https:\/\/360photoboothpro.eu\/sv\/wp-json\/wp\/v2\/users\/1"}],"replies":[{"embeddable":true,"href":"https:\/\/360photoboothpro.eu\/sv\/wp-json\/wp\/v2\/comments?post=7521"}],"version-history":[{"count":2,"href":"https:\/\/360photoboothpro.eu\/sv\/wp-json\/wp\/v2\/pages\/7521\/revisions"}],"predecessor-version":[{"id":7547,"href":"https:\/\/360photoboothpro.eu\/sv\/wp-json\/wp\/v2\/pages\/7521\/revisions\/7547"}],"wp:attachment":[{"href":"https:\/\/360photoboothpro.eu\/sv\/wp-json\/wp\/v2\/media?parent=7521"}],"curies":[{"name":"wp","href":"https:\/\/api.w.org\/{rel}","templated":true}]}}