{"id":7541,"date":"2023-03-31T13:28:51","date_gmt":"2023-03-31T11:28:51","guid":{"rendered":"https:\/\/360photoboothpro.eu\/hur-man-bestaller\/"},"modified":"2023-12-18T15:11:38","modified_gmt":"2023-12-18T13:11:38","slug":"hur-man-bestaller","status":"publish","type":"page","link":"https:\/\/360photoboothpro.eu\/sv\/hur-man-bestaller\/","title":{"rendered":"Hur man best\u00e4ller"},"content":{"rendered":"\t\t<div data-elementor-type=\"wp-page\" data-elementor-id=\"7541\" class=\"elementor elementor-7541 elementor-3796\" data-elementor-post-type=\"page\">\n\t\t\t\t\t\t<section class=\"elementor-section elementor-top-section elementor-element elementor-element-e86c21d elementor-section-boxed elementor-section-height-default elementor-section-height-default\" data-id=\"e86c21d\" data-element_type=\"section\">\r\n\t\t\r\n\t\t\t\t\t\t\t<div class=\"elementor-container elementor-column-gap-default\">\r\n\t\t\t\t\t\t\t\t\t\t\t<div class=\"elementor-column elementor-col-100 elementor-top-column elementor-element elementor-element-7602985\" data-id=\"7602985\" data-element_type=\"column\">\r\n\t\t\t\t\t<div class=\"elementor-widget-wrap elementor-element-populated\">\r\n\t\t\t\t\t\t\t\t<div class=\"elementor-element elementor-element-85a2f70 elementor-widget elementor-widget-heading\" data-id=\"85a2f70\" data-element_type=\"widget\" data-widget_type=\"heading.default\">\n\t\t\t\t<div class=\"elementor-widget-container\">\n\t\t\t<h2 class=\"elementor-heading-title elementor-size-default\">HUR MAN BEST\u00c4LLER<\/h2>\t\t<\/div>\n\t\t\t\t<\/div>\n\t\t\t\t\t<\/div>\r\n\t\t\t\t<\/div>\r\n\t\t\t\t\t<\/div>\r\n\t\t\t\t<\/section>\r\n\t\t\t\t<section class=\"elementor-section elementor-top-section elementor-element elementor-element-ee8d933 elementor-section-boxed elementor-section-height-default elementor-section-height-default\" data-id=\"ee8d933\" data-element_type=\"section\">\r\n\t\t\r\n\t\t\t\t\t\t\t<div class=\"elementor-container elementor-column-gap-default\">\r\n\t\t\t\t\t\t\t\t\t\t\t<div class=\"elementor-column elementor-col-50 elementor-top-column elementor-element elementor-element-8dfe04f\" data-id=\"8dfe04f\" data-element_type=\"column\">\r\n\t\t\t\t\t<div class=\"elementor-widget-wrap elementor-element-populated\">\r\n\t\t\t\t\t\t\t\t<div class=\"elementor-element elementor-element-1156b38 elementor-widget elementor-widget-text-editor\" data-id=\"1156b38\" data-element_type=\"widget\" data-widget_type=\"text-editor.default\">\n\t\t\t\t<div class=\"elementor-widget-container\">\n\t\t\t\t\t\t\t<p id=\"tw-target-text\" class=\"tw-data-text tw-text-large tw-ta\" dir=\"ltr\" data-placeholder=\"Traducere\"><span class=\"Y2IQFc\" lang=\"en\"><strong>BEST\u00c4LLNING P\u00c5 N\u00c4TET.<\/strong><\/span><\/p>\n<p>Om du vill l\u00e4gga till en produkt i kundvagnen v\u00e4ljer du antalet artiklar och trycker p\u00e5 knappen &#8221;L\u00e4gg i kundvagnen&#8221;.<\/p>\n<p>Klicka sedan p\u00e5 &#8221;Visa varukorgen&#8221;. I kundvagnen ser du det slutliga priset p\u00e5 produkten med alla skatter och avgifter inkluderade (inklusive moms 19 % som g\u00e4ller f\u00f6r alla produkter som k\u00f6ps i Rum\u00e4nien).<\/p>\t\t\t\t\t\t<\/div>\n\t\t\t\t<\/div>\n\t\t\t\t\t<\/div>\r\n\t\t\t\t<\/div>\r\n\t\t\t\t<div class=\"elementor-column elementor-col-50 elementor-top-column elementor-element elementor-element-0c699eb\" data-id=\"0c699eb\" data-element_type=\"column\">\r\n\t\t\t\t\t<div class=\"elementor-widget-wrap elementor-element-populated\">\r\n\t\t\t\t\t\t\t\t<div class=\"elementor-element elementor-element-0dedcce elementor-widget elementor-widget-text-editor\" data-id=\"0dedcce\" data-element_type=\"widget\" data-widget_type=\"text-editor.default\">\n\t\t\t\t<div class=\"elementor-widget-container\">\n\t\t\t\t\t\t\t<p>Tryck p\u00e5 knappen &#8221;Forts\u00e4tt till kassan&#8221;, l\u00e4gg till leveransuppgifter och slutf\u00f6r best\u00e4llningen genom att v\u00e4lja betalningsmetod och ange faktureringsuppgifter.<\/p>\n<p>N\u00e4r du har skickat best\u00e4llningen f\u00e5r du ett e-postmeddelande som bekr\u00e4ftar att din best\u00e4llning har registrerats.<\/p>\n<p>Genom att best\u00e4lla och k\u00f6pa produkten godk\u00e4nner k\u00f6paren alla villkor och anv\u00e4ndningsvillkor f\u00f6r webbplatsen.<\/p>\n\t\t\t\t\t\t<\/div>\n\t\t\t\t<\/div>\n\t\t\t\t\t<\/div>\r\n\t\t\t\t<\/div>\r\n\t\t\t\t\t<\/div>\r\n\t\t\t\t<\/section>\r\n\t\t\t\t<\/div>\n\t\t","protected":false},"excerpt":{"rendered":"<p>HUR MAN BEST\u00c4LLER BEST\u00c4LLNING P\u00c5 N\u00c4TET. Om du vill l\u00e4gga till en produkt i kundvagnen v\u00e4ljer du antalet artiklar och trycker p\u00e5 knappen &#8221;L\u00e4gg i kundvagnen&#8221;. Klicka sedan p\u00e5 &#8221;Visa varukorgen&#8221;. I kundvagnen ser du det slutliga priset p\u00e5 produkten med alla skatter och avgifter inkluderade (inklusive moms 19 % som g\u00e4ller f\u00f6r alla produkter [&hellip;]<\/p>\n","protected":false},"author":1,"featured_media":0,"parent":0,"menu_order":0,"comment_status":"closed","ping_status":"closed","template":"elementor_header_footer","meta":{"_acf_changed":false,"footnotes":""},"class_list":["post-7541","page","type-page","status-publish","hentry"],"acf":[],"yoast_head":"<!-- This site is optimized with the Yoast SEO plugin v23.5 - https:\/\/yoast.com\/wordpress\/plugins\/seo\/ -->\n<title>Hur man best\u00e4ller - 360PhotoBoothPRO<\/title>\n<meta name=\"description\" content=\"Enkel best\u00e4llning! F\u00f6lj v\u00e5r guide p\u00e5 360 Photo Booth Pro f\u00f6r en smidig upplevelse. F\u00e5nga minnesv\u00e4rda \u00f6gonblick med v\u00e5ra innovativa produkter.\" \/>\n<meta name=\"robots\" content=\"index, follow, max-snippet:-1, max-image-preview:large, max-video-preview:-1\" \/>\n<link rel=\"canonical\" href=\"https:\/\/360photoboothpro.eu\/sv\/hur-man-bestaller\/\" \/>\n<meta property=\"og:locale\" content=\"sv_SE\" \/>\n<meta property=\"og:type\" content=\"article\" \/>\n<meta property=\"og:title\" content=\"Hur man best\u00e4ller - 360PhotoBoothPRO\" \/>\n<meta property=\"og:description\" content=\"Enkel best\u00e4llning! F\u00f6lj v\u00e5r guide p\u00e5 360 Photo Booth Pro f\u00f6r en smidig upplevelse. F\u00e5nga minnesv\u00e4rda \u00f6gonblick med v\u00e5ra innovativa produkter.\" \/>\n<meta property=\"og:url\" content=\"https:\/\/360photoboothpro.eu\/sv\/hur-man-bestaller\/\" \/>\n<meta property=\"og:site_name\" content=\"360PhotoBoothPRO\" \/>\n<meta property=\"article:publisher\" content=\"https:\/\/www.facebook.com\/360PhotoBoothPRO.Canada\/\" \/>\n<meta property=\"article:modified_time\" content=\"2023-12-18T13:11:38+00:00\" \/>\n<meta name=\"twitter:card\" content=\"summary_large_image\" \/>\n<meta name=\"twitter:label1\" content=\"Ber\u00e4knad l\u00e4stid\" \/>\n\t<meta name=\"twitter:data1\" content=\"1 minut\" \/>\n<script type=\"application\/ld+json\" class=\"yoast-schema-graph\">{\"@context\":\"https:\/\/schema.org\",\"@graph\":[{\"@type\":\"WebPage\",\"@id\":\"https:\/\/360photoboothpro.eu\/sv\/hur-man-bestaller\/\",\"url\":\"https:\/\/360photoboothpro.eu\/sv\/hur-man-bestaller\/\",\"name\":\"Hur man best\u00e4ller - 360PhotoBoothPRO\",\"isPartOf\":{\"@id\":\"https:\/\/360photoboothpro.eu\/sv\/#website\"},\"datePublished\":\"2023-03-31T11:28:51+00:00\",\"dateModified\":\"2023-12-18T13:11:38+00:00\",\"description\":\"Enkel best\u00e4llning! F\u00f6lj v\u00e5r guide p\u00e5 360 Photo Booth Pro f\u00f6r en smidig upplevelse. F\u00e5nga minnesv\u00e4rda \u00f6gonblick med v\u00e5ra innovativa produkter.\",\"breadcrumb\":{\"@id\":\"https:\/\/360photoboothpro.eu\/sv\/hur-man-bestaller\/#breadcrumb\"},\"inLanguage\":\"sv-SE\",\"potentialAction\":[{\"@type\":\"ReadAction\",\"target\":[\"https:\/\/360photoboothpro.eu\/sv\/hur-man-bestaller\/\"]}]},{\"@type\":\"BreadcrumbList\",\"@id\":\"https:\/\/360photoboothpro.eu\/sv\/hur-man-bestaller\/#breadcrumb\",\"itemListElement\":[{\"@type\":\"ListItem\",\"position\":1,\"name\":\"Home\",\"item\":\"https:\/\/360photoboothpro.eu\/sv\/\"},{\"@type\":\"ListItem\",\"position\":2,\"name\":\"Hur man best\u00e4ller\"}]},{\"@type\":\"WebSite\",\"@id\":\"https:\/\/360photoboothpro.eu\/sv\/#website\",\"url\":\"https:\/\/360photoboothpro.eu\/sv\/\",\"name\":\"360PhotoBoothPRO\",\"description\":\"360PhotoBoothPRO\",\"publisher\":{\"@id\":\"https:\/\/360photoboothpro.eu\/sv\/#organization\"},\"potentialAction\":[{\"@type\":\"SearchAction\",\"target\":{\"@type\":\"EntryPoint\",\"urlTemplate\":\"https:\/\/360photoboothpro.eu\/sv\/?s={search_term_string}\"},\"query-input\":{\"@type\":\"PropertyValueSpecification\",\"valueRequired\":true,\"valueName\":\"search_term_string\"}}],\"inLanguage\":\"sv-SE\"},{\"@type\":\"Organization\",\"@id\":\"https:\/\/360photoboothpro.eu\/sv\/#organization\",\"name\":\"360PhotoBoothPRO\",\"url\":\"https:\/\/360photoboothpro.eu\/sv\/\",\"logo\":{\"@type\":\"ImageObject\",\"inLanguage\":\"sv-SE\",\"@id\":\"https:\/\/360photoboothpro.eu\/sv\/#\/schema\/logo\/image\/\",\"url\":\"https:\/\/360photoboothpro.eu\/wp-content\/uploads\/2023\/03\/logo-360photoboothpro-favicon.png\",\"contentUrl\":\"https:\/\/360photoboothpro.eu\/wp-content\/uploads\/2023\/03\/logo-360photoboothpro-favicon.png\",\"width\":317,\"height\":317,\"caption\":\"360PhotoBoothPRO\"},\"image\":{\"@id\":\"https:\/\/360photoboothpro.eu\/sv\/#\/schema\/logo\/image\/\"},\"sameAs\":[\"https:\/\/www.facebook.com\/360PhotoBoothPRO.Canada\/\"]}]}<\/script>\n<!-- \/ Yoast SEO plugin. -->","yoast_head_json":{"title":"Hur man best\u00e4ller - 360PhotoBoothPRO","description":"Enkel best\u00e4llning! F\u00f6lj v\u00e5r guide p\u00e5 360 Photo Booth Pro f\u00f6r en smidig upplevelse. F\u00e5nga minnesv\u00e4rda \u00f6gonblick med v\u00e5ra innovativa produkter.","robots":{"index":"index","follow":"follow","max-snippet":"max-snippet:-1","max-image-preview":"max-image-preview:large","max-video-preview":"max-video-preview:-1"},"canonical":"https:\/\/360photoboothpro.eu\/sv\/hur-man-bestaller\/","og_locale":"sv_SE","og_type":"article","og_title":"Hur man best\u00e4ller - 360PhotoBoothPRO","og_description":"Enkel best\u00e4llning! F\u00f6lj v\u00e5r guide p\u00e5 360 Photo Booth Pro f\u00f6r en smidig upplevelse. F\u00e5nga minnesv\u00e4rda \u00f6gonblick med v\u00e5ra innovativa produkter.","og_url":"https:\/\/360photoboothpro.eu\/sv\/hur-man-bestaller\/","og_site_name":"360PhotoBoothPRO","article_publisher":"https:\/\/www.facebook.com\/360PhotoBoothPRO.Canada\/","article_modified_time":"2023-12-18T13:11:38+00:00","twitter_card":"summary_large_image","twitter_misc":{"Ber\u00e4knad l\u00e4stid":"1 minut"},"schema":{"@context":"https:\/\/schema.org","@graph":[{"@type":"WebPage","@id":"https:\/\/360photoboothpro.eu\/sv\/hur-man-bestaller\/","url":"https:\/\/360photoboothpro.eu\/sv\/hur-man-bestaller\/","name":"Hur man best\u00e4ller - 360PhotoBoothPRO","isPartOf":{"@id":"https:\/\/360photoboothpro.eu\/sv\/#website"},"datePublished":"2023-03-31T11:28:51+00:00","dateModified":"2023-12-18T13:11:38+00:00","description":"Enkel best\u00e4llning! F\u00f6lj v\u00e5r guide p\u00e5 360 Photo Booth Pro f\u00f6r en smidig upplevelse. F\u00e5nga minnesv\u00e4rda \u00f6gonblick med v\u00e5ra innovativa produkter.","breadcrumb":{"@id":"https:\/\/360photoboothpro.eu\/sv\/hur-man-bestaller\/#breadcrumb"},"inLanguage":"sv-SE","potentialAction":[{"@type":"ReadAction","target":["https:\/\/360photoboothpro.eu\/sv\/hur-man-bestaller\/"]}]},{"@type":"BreadcrumbList","@id":"https:\/\/360photoboothpro.eu\/sv\/hur-man-bestaller\/#breadcrumb","itemListElement":[{"@type":"ListItem","position":1,"name":"Home","item":"https:\/\/360photoboothpro.eu\/sv\/"},{"@type":"ListItem","position":2,"name":"Hur man best\u00e4ller"}]},{"@type":"WebSite","@id":"https:\/\/360photoboothpro.eu\/sv\/#website","url":"https:\/\/360photoboothpro.eu\/sv\/","name":"360PhotoBoothPRO","description":"360PhotoBoothPRO","publisher":{"@id":"https:\/\/360photoboothpro.eu\/sv\/#organization"},"potentialAction":[{"@type":"SearchAction","target":{"@type":"EntryPoint","urlTemplate":"https:\/\/360photoboothpro.eu\/sv\/?s={search_term_string}"},"query-input":{"@type":"PropertyValueSpecification","valueRequired":true,"valueName":"search_term_string"}}],"inLanguage":"sv-SE"},{"@type":"Organization","@id":"https:\/\/360photoboothpro.eu\/sv\/#organization","name":"360PhotoBoothPRO","url":"https:\/\/360photoboothpro.eu\/sv\/","logo":{"@type":"ImageObject","inLanguage":"sv-SE","@id":"https:\/\/360photoboothpro.eu\/sv\/#\/schema\/logo\/image\/","url":"https:\/\/360photoboothpro.eu\/wp-content\/uploads\/2023\/03\/logo-360photoboothpro-favicon.png","contentUrl":"https:\/\/360photoboothpro.eu\/wp-content\/uploads\/2023\/03\/logo-360photoboothpro-favicon.png","width":317,"height":317,"caption":"360PhotoBoothPRO"},"image":{"@id":"https:\/\/360photoboothpro.eu\/sv\/#\/schema\/logo\/image\/"},"sameAs":["https:\/\/www.facebook.com\/360PhotoBoothPRO.Canada\/"]}]}},"_links":{"self":[{"href":"https:\/\/360photoboothpro.eu\/sv\/wp-json\/wp\/v2\/pages\/7541"}],"collection":[{"href":"https:\/\/360photoboothpro.eu\/sv\/wp-json\/wp\/v2\/pages"}],"about":[{"href":"https:\/\/360photoboothpro.eu\/sv\/wp-json\/wp\/v2\/types\/page"}],"author":[{"embeddable":true,"href":"https:\/\/360photoboothpro.eu\/sv\/wp-json\/wp\/v2\/users\/1"}],"replies":[{"embeddable":true,"href":"https:\/\/360photoboothpro.eu\/sv\/wp-json\/wp\/v2\/comments?post=7541"}],"version-history":[{"count":1,"href":"https:\/\/360photoboothpro.eu\/sv\/wp-json\/wp\/v2\/pages\/7541\/revisions"}],"predecessor-version":[{"id":7557,"href":"https:\/\/360photoboothpro.eu\/sv\/wp-json\/wp\/v2\/pages\/7541\/revisions\/7557"}],"wp:attachment":[{"href":"https:\/\/360photoboothpro.eu\/sv\/wp-json\/wp\/v2\/media?parent=7541"}],"curies":[{"name":"wp","href":"https:\/\/api.w.org\/{rel}","templated":true}]}}