{"id":7587,"date":"2023-03-31T13:30:47","date_gmt":"2023-03-31T11:30:47","guid":{"rendered":"https:\/\/360photoboothpro.eu\/policy-for-returer-och-aterbetalningar\/"},"modified":"2024-08-06T09:18:34","modified_gmt":"2024-08-06T07:18:34","slug":"policy-for-returer-och-aterbetalningar","status":"publish","type":"page","link":"https:\/\/360photoboothpro.eu\/sv\/policy-for-returer-och-aterbetalningar\/","title":{"rendered":"Policy f\u00f6r returer och \u00e5terbetalningar"},"content":{"rendered":"\t\t<div data-elementor-type=\"wp-page\" data-elementor-id=\"7587\" class=\"elementor elementor-7587 elementor-3802\" data-elementor-post-type=\"page\">\n\t\t\t\t\t\t<section class=\"elementor-section elementor-top-section elementor-element elementor-element-2178fa8 elementor-section-boxed elementor-section-height-default elementor-section-height-default\" data-id=\"2178fa8\" data-element_type=\"section\">\r\n\t\t\r\n\t\t\t\t\t\t\t<div class=\"elementor-container elementor-column-gap-default\">\r\n\t\t\t\t\t\t\t\t\t\t\t<div class=\"elementor-column elementor-col-100 elementor-top-column elementor-element elementor-element-61f3c36\" data-id=\"61f3c36\" data-element_type=\"column\">\r\n\t\t\t\t\t<div class=\"elementor-widget-wrap elementor-element-populated\">\r\n\t\t\t\t\t\t\t\t<div class=\"elementor-element elementor-element-fb8d3b0 elementor-widget elementor-widget-heading\" data-id=\"fb8d3b0\" data-element_type=\"widget\" data-widget_type=\"heading.default\">\n\t\t\t\t<div class=\"elementor-widget-container\">\n\t\t\t<h2 class=\"elementor-heading-title elementor-size-default\">POLICY F\u00d6R RETURER OCH \u00c5TERBETALNINGAR<\/h2>\t\t<\/div>\n\t\t\t\t<\/div>\n\t\t\t\t\t<\/div>\r\n\t\t\t\t<\/div>\r\n\t\t\t\t\t<\/div>\r\n\t\t\t\t<\/section>\r\n\t\t\t\t<section class=\"elementor-section elementor-top-section elementor-element elementor-element-28581d1 elementor-section-boxed elementor-section-height-default elementor-section-height-default\" data-id=\"28581d1\" data-element_type=\"section\">\r\n\t\t\r\n\t\t\t\t\t\t\t<div class=\"elementor-container elementor-column-gap-default\">\r\n\t\t\t\t\t\t\t\t\t\t\t<div class=\"elementor-column elementor-col-50 elementor-top-column elementor-element elementor-element-2c90472\" data-id=\"2c90472\" data-element_type=\"column\">\r\n\t\t\t\t\t<div class=\"elementor-widget-wrap elementor-element-populated\">\r\n\t\t\t\t\t\t\t\t<div class=\"elementor-element elementor-element-7b74c01 elementor-widget elementor-widget-text-editor\" data-id=\"7b74c01\" data-element_type=\"widget\" data-widget_type=\"text-editor.default\">\n\t\t\t\t<div class=\"elementor-widget-container\">\n\t\t\t\t\t\t\t<p>Vi har en 14-dagars returpolicy, vilket inneb\u00e4r att du har 14 dagar p\u00e5 dig att beg\u00e4ra en retur efter att du har mottagit din vara.<\/p>\n<p>Vi accepterar endast returer f\u00f6r oanv\u00e4nda produkter eller produkter som kan ha skadats under transporten fr\u00e5n oss till dig.<\/p>\n<p>Om du vill returnera en oanv\u00e4nd produkt (360 Photo Booth Pro, tillbeh\u00f6r eller n\u00e5got annat) som du har k\u00f6pt p\u00e5 v\u00e5r webbplats, ger vi dig g\u00e4rna pengarna tillbaka eller hj\u00e4lper dig att byta ut produkten mot en annan modell som finns tillg\u00e4nglig p\u00e5 v\u00e5r webbplats.<\/p>\n<p>Fraktkostnaden vid retur av en produkt kommer att t\u00e4ckas av dig. N\u00e4r du har informerat oss om en retur kommer vi att skicka dig instruktioner via e-post om hur och vart du ska skicka ditt paket.<\/p>\n<p>Observera att ers\u00e4ttningsprodukter \u00e4r beroende av tillg\u00e4nglighet. Vi kommer att g\u00f6ra v\u00e5rt b\u00e4sta f\u00f6r att matcha specifikationerna f\u00f6r den produkt du ursprungligen k\u00f6pte eller erbjuda dig en j\u00e4mf\u00f6rbar ers\u00e4ttning.<\/p>\n<p>F\u00f6r att starta en retur, v\u00e4nligen fyll i och skicka in returformul\u00e4ret p\u00e5 denna sida eller s\u00e5 kan du skicka ett e-postmeddelande till oss p\u00e5 contact@360photoboothpro.eu.<\/p>\n<p>Om din retur godk\u00e4nns skickar vi dig instruktioner om hur och vart du ska skicka ditt paket. Varor som skickas tillbaka till oss utan att f\u00f6rst beg\u00e4ra en retur kommer inte att accepteras.<\/p>\n<p>Du kan alltid kontakta oss om du har fr\u00e5gor om retur p\u00e5 contact@360photoboothpro.eu.<\/p>\n<p><strong>SKADEST\u00c5ND OCH FR\u00c5GOR<\/strong><\/p>\n<p>Kontrollera din best\u00e4llning vid mottagandet och kontakta oss inom 72 timmar efter mottagandet om varan \u00e4r defekt, skadad eller om du har f\u00e5tt fel vara, s\u00e5 att vi kan utv\u00e4rdera problemet och r\u00e4tta till det.<\/p>\n<p>I detta fall kan du skicka ett e-postmeddelande till contact@photoboothpro.eu eller ringa oss p\u00e5 (+40)761140547 mellan kl. 09.00 och 17.00 fr\u00e5n m\u00e5ndag till fredag.<\/p>\n<p>Om du v\u00e4ljer kan du antingen f\u00e5 full \u00e5terbetalning inom h\u00f6gst 5 arbetsdagar efter att vi har f\u00e5tt tillbaka produkten fr\u00e5n dig, eller s\u00e5 kan vi skicka en annan produkt med samma specifikationer utan kostnad f\u00f6r dig.<\/p>\n<p><strong>UTBYTE<\/strong><\/p>\n<p>Det snabbaste s\u00e4ttet att f\u00f6rs\u00e4kra dig om att du f\u00e5r det du vill ha \u00e4r att returnera den produkt som du har och n\u00e4r returen har godk\u00e4nts g\u00f6ra ett separat k\u00f6p av den nya produkten.<\/p>\n<p>Om du vill byta en produkt f\u00f6ljer du instruktionerna p\u00e5 den h\u00e4r sidan. Du beh\u00f6ver bara informera oss genom att skicka in en returblankett (returblanketten finns p\u00e5 den h\u00e4r sidan) eller skicka ett e-postmeddelande till contact@360photoboothpro.eu.<\/p>\n<p><strong>\u00c5TERBETALNINGAR<\/strong><\/p>\n<p>Vi meddelar dig n\u00e4r vi har tagit emot och inspekterat din retur och l\u00e5ter dig veta om \u00e5terbetalningen har godk\u00e4nts eller inte. Om det godk\u00e4nns f\u00e5r du automatiskt en \u00e5terbetalning p\u00e5 det konto som du fyllt i i returformul\u00e4ret inom h\u00f6gst 5 arbetsdagar. Kom ih\u00e5g att det kan ta tid f\u00f6r din bank eller ditt kreditkortsf\u00f6retag att behandla och bokf\u00f6ra \u00e5terbetalningen.<\/p>\n<p>\u00c5terbetalningsbeloppet kommer att ber\u00e4knas som &#8221;produkternas totalsumma minus en 15 % \u00e5terst\u00e4llningsavgift&#8221; f\u00f6r de produkter som returneras.<\/p>\n\t\t\t\t\t\t<\/div>\n\t\t\t\t<\/div>\n\t\t\t\t\t<\/div>\r\n\t\t\t\t<\/div>\r\n\t\t\t\t<div class=\"elementor-column elementor-col-50 elementor-top-column elementor-element elementor-element-048a712\" data-id=\"048a712\" data-element_type=\"column\">\r\n\t\t\t\t\t<div class=\"elementor-widget-wrap elementor-element-populated\">\r\n\t\t\t\t\t\t\t\t<div class=\"elementor-element elementor-element-f57c798 elementor-widget elementor-widget-heading\" data-id=\"f57c798\" data-element_type=\"widget\" data-widget_type=\"heading.default\">\n\t\t\t\t<div class=\"elementor-widget-container\">\n\t\t\t<h2 class=\"elementor-heading-title elementor-size-default\">\u00c5TERL\u00c4MNINGSFORMUL\u00c4R<\/h2>\t\t<\/div>\n\t\t\t\t<\/div>\n\t\t\t\t<div class=\"elementor-element elementor-element-62bcc50 elementor-widget elementor-widget-shortcode\" data-id=\"62bcc50\" data-element_type=\"widget\" data-widget_type=\"shortcode.default\">\n\t\t\t\t<div class=\"elementor-widget-container\">\n\t\t\t\t\t<div class=\"elementor-shortcode\"><div class=\"wpforms-container wpforms-container-full\" id=\"wpforms-3837\"><form id=\"wpforms-form-3837\" class=\"wpforms-validate wpforms-form wpforms-ajax-form\" data-formid=\"3837\" method=\"post\" enctype=\"multipart\/form-data\" action=\"\/sv\/wp-json\/wp\/v2\/pages\/7587\" data-token=\"8b7f404aad6fdb23ff6265da06924d70\" data-token-time=\"1775471582\"><noscript class=\"wpforms-error-noscript\">Aktivera JavaScript i din webbl\u00e4sare f\u00f6r att slutf\u00f6ra detta formul\u00e4r.<\/noscript><div class=\"wpforms-field-container\"><div id=\"wpforms-3837-field_1-container\" class=\"wpforms-field wpforms-field-text\" data-field-id=\"1\"><label class=\"wpforms-field-label\" for=\"wpforms-3837-field_1\">Customer name <span class=\"wpforms-required-label\">*<\/span><\/label><input type=\"text\" id=\"wpforms-3837-field_1\" class=\"wpforms-field-medium wpforms-field-required\" name=\"wpforms[fields][1]\" required><\/div><div id=\"wpforms-3837-field_2-container\" class=\"wpforms-field wpforms-field-text\" data-field-id=\"2\"><label class=\"wpforms-field-label\" for=\"wpforms-3837-field_2\">Customer phone number <span class=\"wpforms-required-label\">*<\/span><\/label><input type=\"text\" id=\"wpforms-3837-field_2\" class=\"wpforms-field-medium wpforms-field-required\" name=\"wpforms[fields][2]\" required><\/div><div id=\"wpforms-3837-field_3-container\" class=\"wpforms-field wpforms-field-email\" data-field-id=\"3\"><label class=\"wpforms-field-label\" for=\"wpforms-3837-field_3\">Email <span class=\"wpforms-required-label\">*<\/span><\/label><input type=\"email\" id=\"wpforms-3837-field_3\" class=\"wpforms-field-medium wpforms-field-required\" name=\"wpforms[fields][3]\" spellcheck=\"false\" required><\/div><div id=\"wpforms-3837-field_4-container\" class=\"wpforms-field wpforms-field-text\" data-field-id=\"4\"><label class=\"wpforms-field-label\" for=\"wpforms-3837-field_4\">Order number <span class=\"wpforms-required-label\">*<\/span><\/label><input type=\"text\" id=\"wpforms-3837-field_4\" class=\"wpforms-field-medium wpforms-field-required\" name=\"wpforms[fields][4]\" required><\/div><div id=\"wpforms-3837-field_5-container\" class=\"wpforms-field wpforms-field-text\" data-field-id=\"5\"><label class=\"wpforms-field-label\" for=\"wpforms-3837-field_5\">Your account number: (we will send your money back in this account) <span class=\"wpforms-required-label\">*<\/span><\/label><input type=\"text\" id=\"wpforms-3837-field_5\" class=\"wpforms-field-medium wpforms-field-required\" name=\"wpforms[fields][5]\" required><\/div><div id=\"wpforms-3837-field_6-container\" class=\"wpforms-field wpforms-field-text\" data-field-id=\"6\"><label class=\"wpforms-field-label\" for=\"wpforms-3837-field_6\">Bank: <span class=\"wpforms-required-label\">*<\/span><\/label><input type=\"text\" id=\"wpforms-3837-field_6\" class=\"wpforms-field-medium wpforms-field-required\" name=\"wpforms[fields][6]\" required><\/div><div id=\"wpforms-3837-field_7-container\" class=\"wpforms-field wpforms-field-text\" data-field-id=\"7\"><label class=\"wpforms-field-label\" for=\"wpforms-3837-field_7\">Account owner (must be the same as the client): <span class=\"wpforms-required-label\">*<\/span><\/label><input type=\"text\" id=\"wpforms-3837-field_7\" class=\"wpforms-field-medium wpforms-field-required\" name=\"wpforms[fields][7]\" required><\/div><\/div><!-- .wpforms-field-container --><div class=\"wpforms-submit-container\" ><input type=\"hidden\" name=\"wpforms[id]\" value=\"3837\"><input type=\"hidden\" name=\"page_title\" value=\"\"><input type=\"hidden\" name=\"page_url\" value=\"https:\/\/360photoboothpro.eu\/sv\/wp-json\/wp\/v2\/pages\/7587\"><button type=\"submit\" name=\"wpforms[submit]\" id=\"wpforms-submit-3837\" class=\"wpforms-submit\" data-alt-text=\"Sending...\" data-submit-text=\"Submit\" aria-live=\"assertive\" value=\"wpforms-submit\">Submit<\/button><img decoding=\"async\" src=\"https:\/\/360photoboothpro.eu\/wp-content\/plugins\/wpforms-lite\/assets\/images\/submit-spin.svg\" class=\"wpforms-submit-spinner\" style=\"display: none;\" width=\"26\" height=\"26\" alt=\"Laddar\"><\/div><\/form><\/div>  <!-- .wpforms-container --><\/div>\n\t\t\t\t<\/div>\n\t\t\t\t<\/div>\n\t\t\t\t\t<\/div>\r\n\t\t\t\t<\/div>\r\n\t\t\t\t\t<\/div>\r\n\t\t\t\t<\/section>\r\n\t\t\t\t<\/div>\n\t\t","protected":false},"excerpt":{"rendered":"<p>POLICY F\u00d6R RETURER OCH \u00c5TERBETALNINGAR Vi har en 14-dagars returpolicy, vilket inneb\u00e4r att du har 14 dagar p\u00e5 dig att beg\u00e4ra en retur efter att du har mottagit din vara. Vi accepterar endast returer f\u00f6r oanv\u00e4nda produkter eller produkter som kan ha skadats under transporten fr\u00e5n oss till dig. Om du vill returnera en oanv\u00e4nd [&hellip;]<\/p>\n","protected":false},"author":1,"featured_media":0,"parent":0,"menu_order":0,"comment_status":"closed","ping_status":"closed","template":"elementor_header_footer","meta":{"_acf_changed":false,"footnotes":""},"class_list":["post-7587","page","type-page","status-publish","hentry"],"acf":[],"yoast_head":"<!-- This site is optimized with the Yoast SEO plugin v23.5 - https:\/\/yoast.com\/wordpress\/plugins\/seo\/ -->\n<title>Policy f\u00f6r returer och \u00e5terbetalningar - 360PhotoBoothPRO<\/title>\n<meta name=\"description\" content=\"Utforska v\u00e5r bekymmersfria retur- och \u00e5terbetalningspolicy. Din tillfredsst\u00e4llelse \u00e4r v\u00e5r prioritet. Lita p\u00e5 360 Photo Booth Pro f\u00f6r en s\u00e4ker shoppingupplevelse.\" \/>\n<meta name=\"robots\" content=\"index, follow, max-snippet:-1, max-image-preview:large, max-video-preview:-1\" \/>\n<link rel=\"canonical\" href=\"https:\/\/360photoboothpro.eu\/sv\/policy-for-returer-och-aterbetalningar\/\" \/>\n<meta property=\"og:locale\" content=\"sv_SE\" \/>\n<meta property=\"og:type\" content=\"article\" \/>\n<meta property=\"og:title\" content=\"Policy f\u00f6r returer och \u00e5terbetalningar - 360PhotoBoothPRO\" \/>\n<meta property=\"og:description\" content=\"Utforska v\u00e5r bekymmersfria retur- och \u00e5terbetalningspolicy. Din tillfredsst\u00e4llelse \u00e4r v\u00e5r prioritet. Lita p\u00e5 360 Photo Booth Pro f\u00f6r en s\u00e4ker shoppingupplevelse.\" \/>\n<meta property=\"og:url\" content=\"https:\/\/360photoboothpro.eu\/sv\/policy-for-returer-och-aterbetalningar\/\" \/>\n<meta property=\"og:site_name\" content=\"360PhotoBoothPRO\" \/>\n<meta property=\"article:publisher\" content=\"https:\/\/www.facebook.com\/360PhotoBoothPRO.Canada\/\" \/>\n<meta property=\"article:modified_time\" content=\"2024-08-06T07:18:34+00:00\" \/>\n<meta name=\"twitter:card\" content=\"summary_large_image\" \/>\n<meta name=\"twitter:label1\" content=\"Ber\u00e4knad l\u00e4stid\" \/>\n\t<meta name=\"twitter:data1\" content=\"3 minuter\" \/>\n<script type=\"application\/ld+json\" class=\"yoast-schema-graph\">{\"@context\":\"https:\/\/schema.org\",\"@graph\":[{\"@type\":\"WebPage\",\"@id\":\"https:\/\/360photoboothpro.eu\/sv\/policy-for-returer-och-aterbetalningar\/\",\"url\":\"https:\/\/360photoboothpro.eu\/sv\/policy-for-returer-och-aterbetalningar\/\",\"name\":\"Policy f\u00f6r returer och \u00e5terbetalningar - 360PhotoBoothPRO\",\"isPartOf\":{\"@id\":\"https:\/\/360photoboothpro.eu\/sv\/#website\"},\"datePublished\":\"2023-03-31T11:30:47+00:00\",\"dateModified\":\"2024-08-06T07:18:34+00:00\",\"description\":\"Utforska v\u00e5r bekymmersfria retur- och \u00e5terbetalningspolicy. Din tillfredsst\u00e4llelse \u00e4r v\u00e5r prioritet. Lita p\u00e5 360 Photo Booth Pro f\u00f6r en s\u00e4ker shoppingupplevelse.\",\"breadcrumb\":{\"@id\":\"https:\/\/360photoboothpro.eu\/sv\/policy-for-returer-och-aterbetalningar\/#breadcrumb\"},\"inLanguage\":\"sv-SE\",\"potentialAction\":[{\"@type\":\"ReadAction\",\"target\":[\"https:\/\/360photoboothpro.eu\/sv\/policy-for-returer-och-aterbetalningar\/\"]}]},{\"@type\":\"BreadcrumbList\",\"@id\":\"https:\/\/360photoboothpro.eu\/sv\/policy-for-returer-och-aterbetalningar\/#breadcrumb\",\"itemListElement\":[{\"@type\":\"ListItem\",\"position\":1,\"name\":\"Home\",\"item\":\"https:\/\/360photoboothpro.eu\/sv\/\"},{\"@type\":\"ListItem\",\"position\":2,\"name\":\"Policy f\u00f6r returer och \u00e5terbetalningar\"}]},{\"@type\":\"WebSite\",\"@id\":\"https:\/\/360photoboothpro.eu\/sv\/#website\",\"url\":\"https:\/\/360photoboothpro.eu\/sv\/\",\"name\":\"360PhotoBoothPRO\",\"description\":\"360PhotoBoothPRO\",\"publisher\":{\"@id\":\"https:\/\/360photoboothpro.eu\/sv\/#organization\"},\"potentialAction\":[{\"@type\":\"SearchAction\",\"target\":{\"@type\":\"EntryPoint\",\"urlTemplate\":\"https:\/\/360photoboothpro.eu\/sv\/?s={search_term_string}\"},\"query-input\":{\"@type\":\"PropertyValueSpecification\",\"valueRequired\":true,\"valueName\":\"search_term_string\"}}],\"inLanguage\":\"sv-SE\"},{\"@type\":\"Organization\",\"@id\":\"https:\/\/360photoboothpro.eu\/sv\/#organization\",\"name\":\"360PhotoBoothPRO\",\"url\":\"https:\/\/360photoboothpro.eu\/sv\/\",\"logo\":{\"@type\":\"ImageObject\",\"inLanguage\":\"sv-SE\",\"@id\":\"https:\/\/360photoboothpro.eu\/sv\/#\/schema\/logo\/image\/\",\"url\":\"https:\/\/360photoboothpro.eu\/wp-content\/uploads\/2023\/03\/logo-360photoboothpro-favicon.png\",\"contentUrl\":\"https:\/\/360photoboothpro.eu\/wp-content\/uploads\/2023\/03\/logo-360photoboothpro-favicon.png\",\"width\":317,\"height\":317,\"caption\":\"360PhotoBoothPRO\"},\"image\":{\"@id\":\"https:\/\/360photoboothpro.eu\/sv\/#\/schema\/logo\/image\/\"},\"sameAs\":[\"https:\/\/www.facebook.com\/360PhotoBoothPRO.Canada\/\"]}]}<\/script>\n<!-- \/ Yoast SEO plugin. -->","yoast_head_json":{"title":"Policy f\u00f6r returer och \u00e5terbetalningar - 360PhotoBoothPRO","description":"Utforska v\u00e5r bekymmersfria retur- och \u00e5terbetalningspolicy. Din tillfredsst\u00e4llelse \u00e4r v\u00e5r prioritet. Lita p\u00e5 360 Photo Booth Pro f\u00f6r en s\u00e4ker shoppingupplevelse.","robots":{"index":"index","follow":"follow","max-snippet":"max-snippet:-1","max-image-preview":"max-image-preview:large","max-video-preview":"max-video-preview:-1"},"canonical":"https:\/\/360photoboothpro.eu\/sv\/policy-for-returer-och-aterbetalningar\/","og_locale":"sv_SE","og_type":"article","og_title":"Policy f\u00f6r returer och \u00e5terbetalningar - 360PhotoBoothPRO","og_description":"Utforska v\u00e5r bekymmersfria retur- och \u00e5terbetalningspolicy. Din tillfredsst\u00e4llelse \u00e4r v\u00e5r prioritet. Lita p\u00e5 360 Photo Booth Pro f\u00f6r en s\u00e4ker shoppingupplevelse.","og_url":"https:\/\/360photoboothpro.eu\/sv\/policy-for-returer-och-aterbetalningar\/","og_site_name":"360PhotoBoothPRO","article_publisher":"https:\/\/www.facebook.com\/360PhotoBoothPRO.Canada\/","article_modified_time":"2024-08-06T07:18:34+00:00","twitter_card":"summary_large_image","twitter_misc":{"Ber\u00e4knad l\u00e4stid":"3 minuter"},"schema":{"@context":"https:\/\/schema.org","@graph":[{"@type":"WebPage","@id":"https:\/\/360photoboothpro.eu\/sv\/policy-for-returer-och-aterbetalningar\/","url":"https:\/\/360photoboothpro.eu\/sv\/policy-for-returer-och-aterbetalningar\/","name":"Policy f\u00f6r returer och \u00e5terbetalningar - 360PhotoBoothPRO","isPartOf":{"@id":"https:\/\/360photoboothpro.eu\/sv\/#website"},"datePublished":"2023-03-31T11:30:47+00:00","dateModified":"2024-08-06T07:18:34+00:00","description":"Utforska v\u00e5r bekymmersfria retur- och \u00e5terbetalningspolicy. Din tillfredsst\u00e4llelse \u00e4r v\u00e5r prioritet. Lita p\u00e5 360 Photo Booth Pro f\u00f6r en s\u00e4ker shoppingupplevelse.","breadcrumb":{"@id":"https:\/\/360photoboothpro.eu\/sv\/policy-for-returer-och-aterbetalningar\/#breadcrumb"},"inLanguage":"sv-SE","potentialAction":[{"@type":"ReadAction","target":["https:\/\/360photoboothpro.eu\/sv\/policy-for-returer-och-aterbetalningar\/"]}]},{"@type":"BreadcrumbList","@id":"https:\/\/360photoboothpro.eu\/sv\/policy-for-returer-och-aterbetalningar\/#breadcrumb","itemListElement":[{"@type":"ListItem","position":1,"name":"Home","item":"https:\/\/360photoboothpro.eu\/sv\/"},{"@type":"ListItem","position":2,"name":"Policy f\u00f6r returer och \u00e5terbetalningar"}]},{"@type":"WebSite","@id":"https:\/\/360photoboothpro.eu\/sv\/#website","url":"https:\/\/360photoboothpro.eu\/sv\/","name":"360PhotoBoothPRO","description":"360PhotoBoothPRO","publisher":{"@id":"https:\/\/360photoboothpro.eu\/sv\/#organization"},"potentialAction":[{"@type":"SearchAction","target":{"@type":"EntryPoint","urlTemplate":"https:\/\/360photoboothpro.eu\/sv\/?s={search_term_string}"},"query-input":{"@type":"PropertyValueSpecification","valueRequired":true,"valueName":"search_term_string"}}],"inLanguage":"sv-SE"},{"@type":"Organization","@id":"https:\/\/360photoboothpro.eu\/sv\/#organization","name":"360PhotoBoothPRO","url":"https:\/\/360photoboothpro.eu\/sv\/","logo":{"@type":"ImageObject","inLanguage":"sv-SE","@id":"https:\/\/360photoboothpro.eu\/sv\/#\/schema\/logo\/image\/","url":"https:\/\/360photoboothpro.eu\/wp-content\/uploads\/2023\/03\/logo-360photoboothpro-favicon.png","contentUrl":"https:\/\/360photoboothpro.eu\/wp-content\/uploads\/2023\/03\/logo-360photoboothpro-favicon.png","width":317,"height":317,"caption":"360PhotoBoothPRO"},"image":{"@id":"https:\/\/360photoboothpro.eu\/sv\/#\/schema\/logo\/image\/"},"sameAs":["https:\/\/www.facebook.com\/360PhotoBoothPRO.Canada\/"]}]}},"_links":{"self":[{"href":"https:\/\/360photoboothpro.eu\/sv\/wp-json\/wp\/v2\/pages\/7587"}],"collection":[{"href":"https:\/\/360photoboothpro.eu\/sv\/wp-json\/wp\/v2\/pages"}],"about":[{"href":"https:\/\/360photoboothpro.eu\/sv\/wp-json\/wp\/v2\/types\/page"}],"author":[{"embeddable":true,"href":"https:\/\/360photoboothpro.eu\/sv\/wp-json\/wp\/v2\/users\/1"}],"replies":[{"embeddable":true,"href":"https:\/\/360photoboothpro.eu\/sv\/wp-json\/wp\/v2\/comments?post=7587"}],"version-history":[{"count":3,"href":"https:\/\/360photoboothpro.eu\/sv\/wp-json\/wp\/v2\/pages\/7587\/revisions"}],"predecessor-version":[{"id":14515,"href":"https:\/\/360photoboothpro.eu\/sv\/wp-json\/wp\/v2\/pages\/7587\/revisions\/14515"}],"wp:attachment":[{"href":"https:\/\/360photoboothpro.eu\/sv\/wp-json\/wp\/v2\/media?parent=7587"}],"curies":[{"name":"wp","href":"https:\/\/api.w.org\/{rel}","templated":true}]}}