{"id":7606,"date":"2023-03-31T13:30:05","date_gmt":"2023-03-31T11:30:05","guid":{"rendered":"https:\/\/360photoboothpro.eu\/fraktpolicy\/"},"modified":"2023-12-18T18:17:46","modified_gmt":"2023-12-18T16:17:46","slug":"fraktpolicy","status":"publish","type":"page","link":"https:\/\/360photoboothpro.eu\/sv\/fraktpolicy\/","title":{"rendered":"F\u00f6rs\u00e4ndelsepolicy"},"content":{"rendered":"\t\t<div data-elementor-type=\"wp-page\" data-elementor-id=\"7606\" class=\"elementor elementor-7606 elementor-3800\" data-elementor-post-type=\"page\">\n\t\t\t\t\t\t<section class=\"elementor-section elementor-top-section elementor-element elementor-element-1b28c9c elementor-section-boxed elementor-section-height-default elementor-section-height-default\" data-id=\"1b28c9c\" data-element_type=\"section\">\r\n\t\t\r\n\t\t\t\t\t\t\t<div class=\"elementor-container elementor-column-gap-default\">\r\n\t\t\t\t\t\t\t\t\t\t\t<div class=\"elementor-column elementor-col-100 elementor-top-column elementor-element elementor-element-26a6f6c\" data-id=\"26a6f6c\" data-element_type=\"column\">\r\n\t\t\t\t\t<div class=\"elementor-widget-wrap elementor-element-populated\">\r\n\t\t\t\t\t\t\t\t<div class=\"elementor-element elementor-element-cdc1e04 elementor-widget elementor-widget-heading\" data-id=\"cdc1e04\" data-element_type=\"widget\" data-widget_type=\"heading.default\">\n\t\t\t\t<div class=\"elementor-widget-container\">\n\t\t\t<h2 class=\"elementor-heading-title elementor-size-default\">FRAKTPOLICY<\/h2>\t\t<\/div>\n\t\t\t\t<\/div>\n\t\t\t\t\t<\/div>\r\n\t\t\t\t<\/div>\r\n\t\t\t\t\t<\/div>\r\n\t\t\t\t<\/section>\r\n\t\t\t\t<section class=\"elementor-section elementor-top-section elementor-element elementor-element-b382702 elementor-section-boxed elementor-section-height-default elementor-section-height-default\" data-id=\"b382702\" data-element_type=\"section\">\r\n\t\t\r\n\t\t\t\t\t\t\t<div class=\"elementor-container elementor-column-gap-default\">\r\n\t\t\t\t\t\t\t\t\t\t\t<div class=\"elementor-column elementor-col-50 elementor-top-column elementor-element elementor-element-c0a6b74\" data-id=\"c0a6b74\" data-element_type=\"column\">\r\n\t\t\t\t\t<div class=\"elementor-widget-wrap elementor-element-populated\">\r\n\t\t\t\t\t\t\t\t<div class=\"elementor-element elementor-element-40885d6 elementor-widget elementor-widget-text-editor\" data-id=\"40885d6\" data-element_type=\"widget\" data-widget_type=\"text-editor.default\">\n\t\t\t\t<div class=\"elementor-widget-container\">\n\t\t\t\t\t\t\t<h3><strong>Leverans \u00e4r gratis i hela Europa. Leveranstiden \u00e4r 5-7 dagar i Europa.<\/strong><\/h3>\n<p>Vi levererar produkterna med <a href=\"https:\/\/www.dhl.com\/\">DHL<\/a><\/p>\n<p>och du kan kontrollera leveransstatusen genom att klicka p\u00e5 <a href=\"https:\/\/www.mydhli.com\/global-en\/home\/tracking.html\" rel=\"nofollow\">HEAR: https:\/\/www.mydhli.com\/global-en\/home\/tracking.html<\/a>.<\/p>\n<p>Kunden har ansvaret f\u00f6r att kontrollera produktens integritet vid mottagandet av paketet och, inom 48 timmar efter mottagandet, har han skyldighet att meddela NOVO BEST CONCEPT TEAM SRL skriftligen genom ett e-postmeddelande tillsammans med demonstrativa foton av de brister som har uppst\u00e5tt, p\u00e5 denna adress: <a href=\"mailto:contact@360photoboothpro.eu\">contact@360photoboothpro.eu<\/a>. Om st\u00f6rre skador p\u00e5 produktens f\u00f6rpackning rapporteras vid leverans av produkten ska kunden samtidigt uppr\u00e4tta en skadeanm\u00e4lan tillsammans med kurirf\u00f6retagets ombud och spara en kopia. N\u00e4r det g\u00e4ller produkter som levereras till den adress som anges i best\u00e4llningen och som senare transporteras av kunden till en annan adress, tar vi inget ansvar f\u00f6r integriteten av transporten av respektive produkt!<\/p>\n<p>Om det vid leveransen p\u00e5 AWB g\u00f6rs en anm\u00e4lan om eventuella problem med integriteten\/inneh\u00e5llet i vissa paket eller om en redog\u00f6relse f\u00f6r resultaten uppr\u00e4ttas, v\u00e4gras mottagande och betalning av paketet. Alla senare klagom\u00e5l som r\u00f6r dessa aspekter \u00e4r ogiltiga.<\/p>\t\t\t\t\t\t<\/div>\n\t\t\t\t<\/div>\n\t\t\t\t\t<\/div>\r\n\t\t\t\t<\/div>\r\n\t\t\t\t<div class=\"elementor-column elementor-col-50 elementor-top-column elementor-element elementor-element-7bbb91b\" data-id=\"7bbb91b\" data-element_type=\"column\">\r\n\t\t\t\t\t<div class=\"elementor-widget-wrap elementor-element-populated\">\r\n\t\t\t\t\t\t\t\t<div class=\"elementor-element elementor-element-2e4d68c elementor-widget elementor-widget-text-editor\" data-id=\"2e4d68c\" data-element_type=\"widget\" data-widget_type=\"text-editor.default\">\n\t\t\t\t<div class=\"elementor-widget-container\">\n\t\t\t\t\t\t\t<p class=\"tw-data-text tw-text-large tw-ta\" dir=\"ltr\" data-placeholder=\"Traducere\"><span class=\"Y2IQFc\" lang=\"en\">Det kan ocks\u00e5 finnas leveransundantag inom standardleveranstiden, f\u00f6r best\u00e4llningar som betalas med bank\u00f6verf\u00f6ring eller betalningsorder, f\u00f6r vilka banktransaktionen kan ta tid beroende p\u00e5 varje banks behandlingstid; i denna situation kommer best\u00e4llningen att behandlas f\u00f6rst n\u00e4r pengarna har \u00f6verf\u00f6rts till NOVO BEST CONCEPT TEAM SRL:s konto.  <\/span><\/p>\n<p class=\"tw-data-text tw-text-large tw-ta\" dir=\"ltr\" data-placeholder=\"Traducere\"><span class=\"Y2IQFc\" lang=\"en\">Det kan f\u00f6rekomma leveransf\u00f6rseningar p\u00e5 grund av ogynnsamma v\u00e4derf\u00f6rh\u00e5llanden, oframkomliga v\u00e4gar eller andra orsaker som har att g\u00f6ra med v\u00e4derutvecklingen.<\/span><\/p>\n<p class=\"tw-data-text tw-text-large tw-ta\" dir=\"ltr\" data-placeholder=\"Traducere\"><span class=\"Y2IQFc\" lang=\"en\">Innan du best\u00e4ller en produkt ska du kontrollera om den finns i lager. Produkter som inte finns i lager kan inte levereras. P\u00e5 kundens beg\u00e4ran kan best\u00e4llningarna sparas under en m\u00e5nad och levereras n\u00e4r de \u00e5ter finns i lager. Om best\u00e4llningarna inte kan uppfyllas inom en m\u00e5nad anses de vara annullerade utan ytterligare meddelande. Om kunden inte anger att dessa best\u00e4llningar ska beh\u00e5llas, betraktas de som ogiltiga.<\/span><\/p>\n\t\t\t\t\t\t<\/div>\n\t\t\t\t<\/div>\n\t\t\t\t\t<\/div>\r\n\t\t\t\t<\/div>\r\n\t\t\t\t\t<\/div>\r\n\t\t\t\t<\/section>\r\n\t\t\t\t<\/div>\n\t\t","protected":false},"excerpt":{"rendered":"<p>FRAKTPOLICY Leverans \u00e4r gratis i hela Europa. Leveranstiden \u00e4r 5-7 dagar i Europa. Vi levererar produkterna med DHL och du kan kontrollera leveransstatusen genom att klicka p\u00e5 HEAR: https:\/\/www.mydhli.com\/global-en\/home\/tracking.html. Kunden har ansvaret f\u00f6r att kontrollera produktens integritet vid mottagandet av paketet och, inom 48 timmar efter mottagandet, har han skyldighet att meddela NOVO BEST CONCEPT [&hellip;]<\/p>\n","protected":false},"author":1,"featured_media":0,"parent":0,"menu_order":0,"comment_status":"closed","ping_status":"closed","template":"elementor_header_footer","meta":{"_acf_changed":false,"footnotes":""},"class_list":["post-7606","page","type-page","status-publish","hentry"],"acf":[],"yoast_head":"<!-- This site is optimized with the Yoast SEO plugin v23.5 - https:\/\/yoast.com\/wordpress\/plugins\/seo\/ -->\n<title>F\u00f6rs\u00e4ndelsepolicy - 360PhotoBoothPRO<\/title>\n<meta name=\"description\" content=\"Uppt\u00e4ck p\u00e5litlig frakt p\u00e5 360 Photo Booth Pro. Snabb leverans och internationella alternativ f\u00f6r din bekv\u00e4mlighet. Upplev s\u00f6ml\u00f6s shopping.\" \/>\n<meta name=\"robots\" content=\"index, follow, max-snippet:-1, max-image-preview:large, max-video-preview:-1\" \/>\n<link rel=\"canonical\" href=\"https:\/\/360photoboothpro.eu\/sv\/fraktpolicy\/\" \/>\n<meta property=\"og:locale\" content=\"sv_SE\" \/>\n<meta property=\"og:type\" content=\"article\" \/>\n<meta property=\"og:title\" content=\"F\u00f6rs\u00e4ndelsepolicy - 360PhotoBoothPRO\" \/>\n<meta property=\"og:description\" content=\"Uppt\u00e4ck p\u00e5litlig frakt p\u00e5 360 Photo Booth Pro. Snabb leverans och internationella alternativ f\u00f6r din bekv\u00e4mlighet. Upplev s\u00f6ml\u00f6s shopping.\" \/>\n<meta property=\"og:url\" content=\"https:\/\/360photoboothpro.eu\/sv\/fraktpolicy\/\" \/>\n<meta property=\"og:site_name\" content=\"360PhotoBoothPRO\" \/>\n<meta property=\"article:publisher\" content=\"https:\/\/www.facebook.com\/360PhotoBoothPRO.Canada\/\" \/>\n<meta property=\"article:modified_time\" content=\"2023-12-18T16:17:46+00:00\" \/>\n<meta name=\"twitter:card\" content=\"summary_large_image\" \/>\n<meta name=\"twitter:label1\" content=\"Ber\u00e4knad l\u00e4stid\" \/>\n\t<meta name=\"twitter:data1\" content=\"2 minuter\" \/>\n<script type=\"application\/ld+json\" class=\"yoast-schema-graph\">{\"@context\":\"https:\/\/schema.org\",\"@graph\":[{\"@type\":\"WebPage\",\"@id\":\"https:\/\/360photoboothpro.eu\/sv\/fraktpolicy\/\",\"url\":\"https:\/\/360photoboothpro.eu\/sv\/fraktpolicy\/\",\"name\":\"F\u00f6rs\u00e4ndelsepolicy - 360PhotoBoothPRO\",\"isPartOf\":{\"@id\":\"https:\/\/360photoboothpro.eu\/sv\/#website\"},\"datePublished\":\"2023-03-31T11:30:05+00:00\",\"dateModified\":\"2023-12-18T16:17:46+00:00\",\"description\":\"Uppt\u00e4ck p\u00e5litlig frakt p\u00e5 360 Photo Booth Pro. Snabb leverans och internationella alternativ f\u00f6r din bekv\u00e4mlighet. Upplev s\u00f6ml\u00f6s shopping.\",\"breadcrumb\":{\"@id\":\"https:\/\/360photoboothpro.eu\/sv\/fraktpolicy\/#breadcrumb\"},\"inLanguage\":\"sv-SE\",\"potentialAction\":[{\"@type\":\"ReadAction\",\"target\":[\"https:\/\/360photoboothpro.eu\/sv\/fraktpolicy\/\"]}]},{\"@type\":\"BreadcrumbList\",\"@id\":\"https:\/\/360photoboothpro.eu\/sv\/fraktpolicy\/#breadcrumb\",\"itemListElement\":[{\"@type\":\"ListItem\",\"position\":1,\"name\":\"Home\",\"item\":\"https:\/\/360photoboothpro.eu\/sv\/\"},{\"@type\":\"ListItem\",\"position\":2,\"name\":\"F\u00f6rs\u00e4ndelsepolicy\"}]},{\"@type\":\"WebSite\",\"@id\":\"https:\/\/360photoboothpro.eu\/sv\/#website\",\"url\":\"https:\/\/360photoboothpro.eu\/sv\/\",\"name\":\"360PhotoBoothPRO\",\"description\":\"360PhotoBoothPRO\",\"publisher\":{\"@id\":\"https:\/\/360photoboothpro.eu\/sv\/#organization\"},\"potentialAction\":[{\"@type\":\"SearchAction\",\"target\":{\"@type\":\"EntryPoint\",\"urlTemplate\":\"https:\/\/360photoboothpro.eu\/sv\/?s={search_term_string}\"},\"query-input\":{\"@type\":\"PropertyValueSpecification\",\"valueRequired\":true,\"valueName\":\"search_term_string\"}}],\"inLanguage\":\"sv-SE\"},{\"@type\":\"Organization\",\"@id\":\"https:\/\/360photoboothpro.eu\/sv\/#organization\",\"name\":\"360PhotoBoothPRO\",\"url\":\"https:\/\/360photoboothpro.eu\/sv\/\",\"logo\":{\"@type\":\"ImageObject\",\"inLanguage\":\"sv-SE\",\"@id\":\"https:\/\/360photoboothpro.eu\/sv\/#\/schema\/logo\/image\/\",\"url\":\"https:\/\/360photoboothpro.eu\/wp-content\/uploads\/2023\/03\/logo-360photoboothpro-favicon.png\",\"contentUrl\":\"https:\/\/360photoboothpro.eu\/wp-content\/uploads\/2023\/03\/logo-360photoboothpro-favicon.png\",\"width\":317,\"height\":317,\"caption\":\"360PhotoBoothPRO\"},\"image\":{\"@id\":\"https:\/\/360photoboothpro.eu\/sv\/#\/schema\/logo\/image\/\"},\"sameAs\":[\"https:\/\/www.facebook.com\/360PhotoBoothPRO.Canada\/\"]}]}<\/script>\n<!-- \/ Yoast SEO plugin. -->","yoast_head_json":{"title":"F\u00f6rs\u00e4ndelsepolicy - 360PhotoBoothPRO","description":"Uppt\u00e4ck p\u00e5litlig frakt p\u00e5 360 Photo Booth Pro. Snabb leverans och internationella alternativ f\u00f6r din bekv\u00e4mlighet. Upplev s\u00f6ml\u00f6s shopping.","robots":{"index":"index","follow":"follow","max-snippet":"max-snippet:-1","max-image-preview":"max-image-preview:large","max-video-preview":"max-video-preview:-1"},"canonical":"https:\/\/360photoboothpro.eu\/sv\/fraktpolicy\/","og_locale":"sv_SE","og_type":"article","og_title":"F\u00f6rs\u00e4ndelsepolicy - 360PhotoBoothPRO","og_description":"Uppt\u00e4ck p\u00e5litlig frakt p\u00e5 360 Photo Booth Pro. Snabb leverans och internationella alternativ f\u00f6r din bekv\u00e4mlighet. Upplev s\u00f6ml\u00f6s shopping.","og_url":"https:\/\/360photoboothpro.eu\/sv\/fraktpolicy\/","og_site_name":"360PhotoBoothPRO","article_publisher":"https:\/\/www.facebook.com\/360PhotoBoothPRO.Canada\/","article_modified_time":"2023-12-18T16:17:46+00:00","twitter_card":"summary_large_image","twitter_misc":{"Ber\u00e4knad l\u00e4stid":"2 minuter"},"schema":{"@context":"https:\/\/schema.org","@graph":[{"@type":"WebPage","@id":"https:\/\/360photoboothpro.eu\/sv\/fraktpolicy\/","url":"https:\/\/360photoboothpro.eu\/sv\/fraktpolicy\/","name":"F\u00f6rs\u00e4ndelsepolicy - 360PhotoBoothPRO","isPartOf":{"@id":"https:\/\/360photoboothpro.eu\/sv\/#website"},"datePublished":"2023-03-31T11:30:05+00:00","dateModified":"2023-12-18T16:17:46+00:00","description":"Uppt\u00e4ck p\u00e5litlig frakt p\u00e5 360 Photo Booth Pro. Snabb leverans och internationella alternativ f\u00f6r din bekv\u00e4mlighet. Upplev s\u00f6ml\u00f6s shopping.","breadcrumb":{"@id":"https:\/\/360photoboothpro.eu\/sv\/fraktpolicy\/#breadcrumb"},"inLanguage":"sv-SE","potentialAction":[{"@type":"ReadAction","target":["https:\/\/360photoboothpro.eu\/sv\/fraktpolicy\/"]}]},{"@type":"BreadcrumbList","@id":"https:\/\/360photoboothpro.eu\/sv\/fraktpolicy\/#breadcrumb","itemListElement":[{"@type":"ListItem","position":1,"name":"Home","item":"https:\/\/360photoboothpro.eu\/sv\/"},{"@type":"ListItem","position":2,"name":"F\u00f6rs\u00e4ndelsepolicy"}]},{"@type":"WebSite","@id":"https:\/\/360photoboothpro.eu\/sv\/#website","url":"https:\/\/360photoboothpro.eu\/sv\/","name":"360PhotoBoothPRO","description":"360PhotoBoothPRO","publisher":{"@id":"https:\/\/360photoboothpro.eu\/sv\/#organization"},"potentialAction":[{"@type":"SearchAction","target":{"@type":"EntryPoint","urlTemplate":"https:\/\/360photoboothpro.eu\/sv\/?s={search_term_string}"},"query-input":{"@type":"PropertyValueSpecification","valueRequired":true,"valueName":"search_term_string"}}],"inLanguage":"sv-SE"},{"@type":"Organization","@id":"https:\/\/360photoboothpro.eu\/sv\/#organization","name":"360PhotoBoothPRO","url":"https:\/\/360photoboothpro.eu\/sv\/","logo":{"@type":"ImageObject","inLanguage":"sv-SE","@id":"https:\/\/360photoboothpro.eu\/sv\/#\/schema\/logo\/image\/","url":"https:\/\/360photoboothpro.eu\/wp-content\/uploads\/2023\/03\/logo-360photoboothpro-favicon.png","contentUrl":"https:\/\/360photoboothpro.eu\/wp-content\/uploads\/2023\/03\/logo-360photoboothpro-favicon.png","width":317,"height":317,"caption":"360PhotoBoothPRO"},"image":{"@id":"https:\/\/360photoboothpro.eu\/sv\/#\/schema\/logo\/image\/"},"sameAs":["https:\/\/www.facebook.com\/360PhotoBoothPRO.Canada\/"]}]}},"_links":{"self":[{"href":"https:\/\/360photoboothpro.eu\/sv\/wp-json\/wp\/v2\/pages\/7606"}],"collection":[{"href":"https:\/\/360photoboothpro.eu\/sv\/wp-json\/wp\/v2\/pages"}],"about":[{"href":"https:\/\/360photoboothpro.eu\/sv\/wp-json\/wp\/v2\/types\/page"}],"author":[{"embeddable":true,"href":"https:\/\/360photoboothpro.eu\/sv\/wp-json\/wp\/v2\/users\/1"}],"replies":[{"embeddable":true,"href":"https:\/\/360photoboothpro.eu\/sv\/wp-json\/wp\/v2\/comments?post=7606"}],"version-history":[{"count":7,"href":"https:\/\/360photoboothpro.eu\/sv\/wp-json\/wp\/v2\/pages\/7606\/revisions"}],"predecessor-version":[{"id":11085,"href":"https:\/\/360photoboothpro.eu\/sv\/wp-json\/wp\/v2\/pages\/7606\/revisions\/11085"}],"wp:attachment":[{"href":"https:\/\/360photoboothpro.eu\/sv\/wp-json\/wp\/v2\/media?parent=7606"}],"curies":[{"name":"wp","href":"https:\/\/api.w.org\/{rel}","templated":true}]}}