{"id":7690,"date":"2023-04-25T09:32:41","date_gmt":"2023-04-25T07:32:41","guid":{"rendered":"https:\/\/360photoboothpro.eu\/om-oss\/"},"modified":"2025-03-12T09:23:18","modified_gmt":"2025-03-12T07:23:18","slug":"om-oss","status":"publish","type":"page","link":"https:\/\/360photoboothpro.eu\/sv\/om-oss\/","title":{"rendered":"Om oss"},"content":{"rendered":"\t\t<div data-elementor-type=\"wp-page\" data-elementor-id=\"7690\" class=\"elementor elementor-7690 elementor-4830\" data-elementor-post-type=\"page\">\n\t\t\t\t\t\t<section class=\"elementor-section elementor-top-section elementor-element elementor-element-247f217 elementor-section-boxed elementor-section-height-default elementor-section-height-default\" data-id=\"247f217\" data-element_type=\"section\">\r\n\t\t\r\n\t\t\t\t\t\t\t<div class=\"elementor-container elementor-column-gap-default\">\r\n\t\t\t\t\t\t\t\t\t\t\t<div class=\"elementor-column elementor-col-100 elementor-top-column elementor-element elementor-element-0705ce1\" data-id=\"0705ce1\" data-element_type=\"column\">\r\n\t\t\t\t\t<div class=\"elementor-widget-wrap elementor-element-populated\">\r\n\t\t\t\t\t\t\t\t<div class=\"elementor-element elementor-element-712c1a2 elementor-widget elementor-widget-porto_ultimate_heading\" data-id=\"712c1a2\" data-element_type=\"widget\" data-widget_type=\"porto_ultimate_heading.default\">\n\t\t\t\t<div class=\"elementor-widget-container\">\n\t\t\t<div class=\"porto-u-heading  porto-u-1229\"><div class=\"porto-u-main-heading\"><h2   >Om oss<\/h2><\/div><style>.porto-u-1229.porto-u-heading{text-align:center}<\/style><\/div>\t\t<\/div>\n\t\t\t\t<\/div>\n\t\t\t\t<div class=\"elementor-element elementor-element-6fbd8bb elementor-widget elementor-widget-text-editor\" data-id=\"6fbd8bb\" data-element_type=\"widget\" data-widget_type=\"text-editor.default\">\n\t\t\t\t<div class=\"elementor-widget-container\">\n\t\t\t\t\t\t\t<p>Vi startade f\u00f6retaget NOVO BEST CONCEPT TEAM med en id\u00e9: att erbjuda 360 Photo Booth PRO-plattformar till b\u00e4sta m\u00f6jliga pris. Fr\u00e5n och med d\u00e5 gjorde vi allt vi kunde f\u00f6r att optimera kostnaderna s\u00e5 att vi kan erbjuda dig de b\u00e4sta produkterna till b\u00e4sta pris.<\/p>\n<p>Vi vill skapa ekonomiska m\u00f6jligheter f\u00f6r \u00f6ver 25.000 f\u00f6retag fr\u00e5n hela v\u00e4rlden.&nbsp;<\/p>\n<p>V\u00e5rt f\u00f6retag \u00e4r bel\u00e4get i Bucuresti, Calea Mosilor, nr 88, sc. F, ap. 82, Sektor 3, Rum\u00e4nien.<\/p>\n<p>Vi \u00e4r de ENDA i Europa som erbjuder plattformar f\u00f6r 360-kamerakabiner med 2 \u00e5rs garanti och m\u00f6jlighet att f\u00f6rl\u00e4nga garantin upp till 3 \u00e5r.S\u00e5 l\u00e4nge garantin g\u00e4ller h\u00e4mtar vi den defekta produkten GRATIS f\u00f6r att ta den i bruk och ers\u00e4tta plattformen under reparationen.<\/p>\n<p>Vi \u00e4r ocks\u00e5 mycket stolta \u00f6ver de produkter vi erbjuder. Vi kontrollerar och testar varje 360VideoBooth PRO-plattform f\u00f6re leverans.<\/p>\n<p>Vi b\u00f6rjade denna vackra resa med onlinebutiker i Kanada och Rum\u00e4nien.<\/p>\n<p>Vad kommer h\u00e4rn\u00e4st? Vi vill utvidga v\u00e5ra tj\u00e4nster till hela v\u00e4rlden. Efter Kanada och Europa kommer vi att \u00f6ppna nya butiker i Storbritannien, USA och Sydamerika.<\/p>\t\t\t\t\t\t<\/div>\n\t\t\t\t<\/div>\n\t\t\t\t\t<\/div>\r\n\t\t\t\t<\/div>\r\n\t\t\t\t\t<\/div>\r\n\t\t\t\t<\/section>\r\n\t\t\t\t<\/div>\n\t\t","protected":false},"excerpt":{"rendered":"<p>Om oss Vi startade f\u00f6retaget NOVO BEST CONCEPT TEAM med en id\u00e9: att erbjuda 360 Photo Booth PRO-plattformar till b\u00e4sta m\u00f6jliga pris. Fr\u00e5n och med d\u00e5 gjorde vi allt vi kunde f\u00f6r att optimera kostnaderna s\u00e5 att vi kan erbjuda dig de b\u00e4sta produkterna till b\u00e4sta pris. Vi vill skapa ekonomiska m\u00f6jligheter f\u00f6r \u00f6ver 25.000 [&hellip;]<\/p>\n","protected":false},"author":1,"featured_media":0,"parent":0,"menu_order":0,"comment_status":"closed","ping_status":"closed","template":"elementor_header_footer","meta":{"_acf_changed":false,"footnotes":""},"class_list":["post-7690","page","type-page","status-publish","hentry"],"acf":[],"yoast_head":"<!-- This site is optimized with the Yoast SEO plugin v23.5 - https:\/\/yoast.com\/wordpress\/plugins\/seo\/ -->\n<title>Om oss - 360PhotoBoothPRO<\/title>\n<meta name=\"description\" content=\"Uppt\u00e4ck v\u00e5r historia p\u00e5 360 Photo Booth Pro. L\u00e4s mer om v\u00e5rt uppdrag och v\u00e5rt engagemang f\u00f6r h\u00f6gkvalitativa l\u00f6sningar f\u00f6r fotob\u00e5s. F\u00f6lj med oss och f\u00e5nga \u00f6gonblick.\" \/>\n<meta name=\"robots\" content=\"index, follow, max-snippet:-1, max-image-preview:large, max-video-preview:-1\" \/>\n<link rel=\"canonical\" href=\"https:\/\/360photoboothpro.eu\/sv\/om-oss\/\" \/>\n<meta property=\"og:locale\" content=\"sv_SE\" \/>\n<meta property=\"og:type\" content=\"article\" \/>\n<meta property=\"og:title\" content=\"Om oss - 360PhotoBoothPRO\" \/>\n<meta property=\"og:description\" content=\"Uppt\u00e4ck v\u00e5r historia p\u00e5 360 Photo Booth Pro. L\u00e4s mer om v\u00e5rt uppdrag och v\u00e5rt engagemang f\u00f6r h\u00f6gkvalitativa l\u00f6sningar f\u00f6r fotob\u00e5s. F\u00f6lj med oss och f\u00e5nga \u00f6gonblick.\" \/>\n<meta property=\"og:url\" content=\"https:\/\/360photoboothpro.eu\/sv\/om-oss\/\" \/>\n<meta property=\"og:site_name\" content=\"360PhotoBoothPRO\" \/>\n<meta property=\"article:publisher\" content=\"https:\/\/www.facebook.com\/360PhotoBoothPRO.Canada\/\" \/>\n<meta property=\"article:modified_time\" content=\"2025-03-12T07:23:18+00:00\" \/>\n<meta name=\"twitter:card\" content=\"summary_large_image\" \/>\n<meta name=\"twitter:label1\" content=\"Ber\u00e4knad l\u00e4stid\" \/>\n\t<meta name=\"twitter:data1\" content=\"1 minut\" \/>\n<script type=\"application\/ld+json\" class=\"yoast-schema-graph\">{\"@context\":\"https:\/\/schema.org\",\"@graph\":[{\"@type\":\"WebPage\",\"@id\":\"https:\/\/360photoboothpro.eu\/sv\/om-oss\/\",\"url\":\"https:\/\/360photoboothpro.eu\/sv\/om-oss\/\",\"name\":\"Om oss - 360PhotoBoothPRO\",\"isPartOf\":{\"@id\":\"https:\/\/360photoboothpro.eu\/sv\/#website\"},\"datePublished\":\"2023-04-25T07:32:41+00:00\",\"dateModified\":\"2025-03-12T07:23:18+00:00\",\"description\":\"Uppt\u00e4ck v\u00e5r historia p\u00e5 360 Photo Booth Pro. L\u00e4s mer om v\u00e5rt uppdrag och v\u00e5rt engagemang f\u00f6r h\u00f6gkvalitativa l\u00f6sningar f\u00f6r fotob\u00e5s. F\u00f6lj med oss och f\u00e5nga \u00f6gonblick.\",\"breadcrumb\":{\"@id\":\"https:\/\/360photoboothpro.eu\/sv\/om-oss\/#breadcrumb\"},\"inLanguage\":\"sv-SE\",\"potentialAction\":[{\"@type\":\"ReadAction\",\"target\":[\"https:\/\/360photoboothpro.eu\/sv\/om-oss\/\"]}]},{\"@type\":\"BreadcrumbList\",\"@id\":\"https:\/\/360photoboothpro.eu\/sv\/om-oss\/#breadcrumb\",\"itemListElement\":[{\"@type\":\"ListItem\",\"position\":1,\"name\":\"Home\",\"item\":\"https:\/\/360photoboothpro.eu\/sv\/\"},{\"@type\":\"ListItem\",\"position\":2,\"name\":\"Om oss\"}]},{\"@type\":\"WebSite\",\"@id\":\"https:\/\/360photoboothpro.eu\/sv\/#website\",\"url\":\"https:\/\/360photoboothpro.eu\/sv\/\",\"name\":\"360PhotoBoothPRO\",\"description\":\"360PhotoBoothPRO\",\"publisher\":{\"@id\":\"https:\/\/360photoboothpro.eu\/sv\/#organization\"},\"potentialAction\":[{\"@type\":\"SearchAction\",\"target\":{\"@type\":\"EntryPoint\",\"urlTemplate\":\"https:\/\/360photoboothpro.eu\/sv\/?s={search_term_string}\"},\"query-input\":{\"@type\":\"PropertyValueSpecification\",\"valueRequired\":true,\"valueName\":\"search_term_string\"}}],\"inLanguage\":\"sv-SE\"},{\"@type\":\"Organization\",\"@id\":\"https:\/\/360photoboothpro.eu\/sv\/#organization\",\"name\":\"360PhotoBoothPRO\",\"url\":\"https:\/\/360photoboothpro.eu\/sv\/\",\"logo\":{\"@type\":\"ImageObject\",\"inLanguage\":\"sv-SE\",\"@id\":\"https:\/\/360photoboothpro.eu\/sv\/#\/schema\/logo\/image\/\",\"url\":\"https:\/\/360photoboothpro.eu\/wp-content\/uploads\/2023\/03\/logo-360photoboothpro-favicon.png\",\"contentUrl\":\"https:\/\/360photoboothpro.eu\/wp-content\/uploads\/2023\/03\/logo-360photoboothpro-favicon.png\",\"width\":317,\"height\":317,\"caption\":\"360PhotoBoothPRO\"},\"image\":{\"@id\":\"https:\/\/360photoboothpro.eu\/sv\/#\/schema\/logo\/image\/\"},\"sameAs\":[\"https:\/\/www.facebook.com\/360PhotoBoothPRO.Canada\/\"]}]}<\/script>\n<!-- \/ Yoast SEO plugin. -->","yoast_head_json":{"title":"Om oss - 360PhotoBoothPRO","description":"Uppt\u00e4ck v\u00e5r historia p\u00e5 360 Photo Booth Pro. L\u00e4s mer om v\u00e5rt uppdrag och v\u00e5rt engagemang f\u00f6r h\u00f6gkvalitativa l\u00f6sningar f\u00f6r fotob\u00e5s. F\u00f6lj med oss och f\u00e5nga \u00f6gonblick.","robots":{"index":"index","follow":"follow","max-snippet":"max-snippet:-1","max-image-preview":"max-image-preview:large","max-video-preview":"max-video-preview:-1"},"canonical":"https:\/\/360photoboothpro.eu\/sv\/om-oss\/","og_locale":"sv_SE","og_type":"article","og_title":"Om oss - 360PhotoBoothPRO","og_description":"Uppt\u00e4ck v\u00e5r historia p\u00e5 360 Photo Booth Pro. L\u00e4s mer om v\u00e5rt uppdrag och v\u00e5rt engagemang f\u00f6r h\u00f6gkvalitativa l\u00f6sningar f\u00f6r fotob\u00e5s. F\u00f6lj med oss och f\u00e5nga \u00f6gonblick.","og_url":"https:\/\/360photoboothpro.eu\/sv\/om-oss\/","og_site_name":"360PhotoBoothPRO","article_publisher":"https:\/\/www.facebook.com\/360PhotoBoothPRO.Canada\/","article_modified_time":"2025-03-12T07:23:18+00:00","twitter_card":"summary_large_image","twitter_misc":{"Ber\u00e4knad l\u00e4stid":"1 minut"},"schema":{"@context":"https:\/\/schema.org","@graph":[{"@type":"WebPage","@id":"https:\/\/360photoboothpro.eu\/sv\/om-oss\/","url":"https:\/\/360photoboothpro.eu\/sv\/om-oss\/","name":"Om oss - 360PhotoBoothPRO","isPartOf":{"@id":"https:\/\/360photoboothpro.eu\/sv\/#website"},"datePublished":"2023-04-25T07:32:41+00:00","dateModified":"2025-03-12T07:23:18+00:00","description":"Uppt\u00e4ck v\u00e5r historia p\u00e5 360 Photo Booth Pro. L\u00e4s mer om v\u00e5rt uppdrag och v\u00e5rt engagemang f\u00f6r h\u00f6gkvalitativa l\u00f6sningar f\u00f6r fotob\u00e5s. F\u00f6lj med oss och f\u00e5nga \u00f6gonblick.","breadcrumb":{"@id":"https:\/\/360photoboothpro.eu\/sv\/om-oss\/#breadcrumb"},"inLanguage":"sv-SE","potentialAction":[{"@type":"ReadAction","target":["https:\/\/360photoboothpro.eu\/sv\/om-oss\/"]}]},{"@type":"BreadcrumbList","@id":"https:\/\/360photoboothpro.eu\/sv\/om-oss\/#breadcrumb","itemListElement":[{"@type":"ListItem","position":1,"name":"Home","item":"https:\/\/360photoboothpro.eu\/sv\/"},{"@type":"ListItem","position":2,"name":"Om oss"}]},{"@type":"WebSite","@id":"https:\/\/360photoboothpro.eu\/sv\/#website","url":"https:\/\/360photoboothpro.eu\/sv\/","name":"360PhotoBoothPRO","description":"360PhotoBoothPRO","publisher":{"@id":"https:\/\/360photoboothpro.eu\/sv\/#organization"},"potentialAction":[{"@type":"SearchAction","target":{"@type":"EntryPoint","urlTemplate":"https:\/\/360photoboothpro.eu\/sv\/?s={search_term_string}"},"query-input":{"@type":"PropertyValueSpecification","valueRequired":true,"valueName":"search_term_string"}}],"inLanguage":"sv-SE"},{"@type":"Organization","@id":"https:\/\/360photoboothpro.eu\/sv\/#organization","name":"360PhotoBoothPRO","url":"https:\/\/360photoboothpro.eu\/sv\/","logo":{"@type":"ImageObject","inLanguage":"sv-SE","@id":"https:\/\/360photoboothpro.eu\/sv\/#\/schema\/logo\/image\/","url":"https:\/\/360photoboothpro.eu\/wp-content\/uploads\/2023\/03\/logo-360photoboothpro-favicon.png","contentUrl":"https:\/\/360photoboothpro.eu\/wp-content\/uploads\/2023\/03\/logo-360photoboothpro-favicon.png","width":317,"height":317,"caption":"360PhotoBoothPRO"},"image":{"@id":"https:\/\/360photoboothpro.eu\/sv\/#\/schema\/logo\/image\/"},"sameAs":["https:\/\/www.facebook.com\/360PhotoBoothPRO.Canada\/"]}]}},"_links":{"self":[{"href":"https:\/\/360photoboothpro.eu\/sv\/wp-json\/wp\/v2\/pages\/7690"}],"collection":[{"href":"https:\/\/360photoboothpro.eu\/sv\/wp-json\/wp\/v2\/pages"}],"about":[{"href":"https:\/\/360photoboothpro.eu\/sv\/wp-json\/wp\/v2\/types\/page"}],"author":[{"embeddable":true,"href":"https:\/\/360photoboothpro.eu\/sv\/wp-json\/wp\/v2\/users\/1"}],"replies":[{"embeddable":true,"href":"https:\/\/360photoboothpro.eu\/sv\/wp-json\/wp\/v2\/comments?post=7690"}],"version-history":[{"count":7,"href":"https:\/\/360photoboothpro.eu\/sv\/wp-json\/wp\/v2\/pages\/7690\/revisions"}],"predecessor-version":[{"id":14637,"href":"https:\/\/360photoboothpro.eu\/sv\/wp-json\/wp\/v2\/pages\/7690\/revisions\/14637"}],"wp:attachment":[{"href":"https:\/\/360photoboothpro.eu\/sv\/wp-json\/wp\/v2\/media?parent=7690"}],"curies":[{"name":"wp","href":"https:\/\/api.w.org\/{rel}","templated":true}]}}