{"id":10635,"date":"2023-09-27T12:48:22","date_gmt":"2023-09-27T10:48:22","guid":{"rendered":"https:\/\/360photoboothpro.eu\/?post_type=product&#038;p=10635"},"modified":"2025-12-11T16:06:08","modified_gmt":"2025-12-11T14:06:08","slug":"magisk-spegel-pro-slank-fotoband-165-1-cm","status":"publish","type":"product","link":"https:\/\/360photoboothpro.eu\/sv\/produkt\/magisk-spegel-pro-slank-fotoband-165-1-cm\/","title":{"rendered":"Magic Mirror Pro-Slim fotob\u00e5s 165,1 cm"},"content":{"rendered":"<p id=\"tw-target-text\" class=\"tw-data-text tw-text-large tw-ta\" dir=\"ltr\" data-placeholder=\"Traducere\"><span class=\"Y2IQFc\" lang=\"en\">Vi erbjuder f\u00f6ljande till salu (och vi tillhandah\u00e5ller TEKNISK ST\u00d6D f\u00f6r INSTALLATION) Magic Mirror Pro-Slim Photo Booth 165,1 cm:  <\/span><\/p>\n<ul>\n<li>  Magisk spegel med en diagonal p\u00e5 165,1 cm, en bredd p\u00e5 69 cm och en h\u00f6jd p\u00e5 153 cm<\/li>\n<li>  Metallfodral f\u00f6r fotob\u00e5set Magic Mirror<\/li>\n<li>  Original TV-panel med en diameter p\u00e5 81,28 cm<\/li>\n<li>  Cirkul\u00e4r LED-lampa<\/li>\n<li>  Bluetooth RGB-lysdioder inbyggda i h\u00f6ljet med f\u00e4rgf\u00f6r\u00e4ndring via fj\u00e4rrkontroll<\/li>\n<li>  Minidator Intel Core i5 CPU, 8 GB ram, 256 GB SSD, Windows 10 Pro-licens<\/li>\n<li>  Kamera Canon D2000 s+ 18-55 objektiv<\/li>\n<li>  Professionell termisk fotoskrivare Hiti P525L &#8211; Skrivare f\u00f6r fotob\u00e5s<\/li>\n<li>  F\u00f6rbrukningsmaterial f\u00f6r 1000 utskrifter 10 x 15 cm<\/li>\n<li>  F\u00f6rinstallerad tillverkningsprogramvara designad och testad av v\u00e5r leverant\u00f6r med f\u00f6ljande funktioner: Anv\u00e4nd de inbyggda animationerna eller ladda upp dina egna f\u00f6r en unik upplevelse f\u00f6r dina g\u00e4ster; Personifiera b\u00e5supplevelsen ytterligare genom att l\u00e5ta dina g\u00e4ster rita sin signatur och inf\u00f6rliva den i sina utskrifter; G\u00f6r upplevelsen roligare genom att l\u00e5ta g\u00e4sterna l\u00e4gga till inbyggda eller anpassade klisterm\u00e4rken och emojis till sina utskrifter; Anpassa sk\u00e4rmarna som dina g\u00e4ster ser s\u00e5 att de passar perfekt f\u00f6r ditt evenemang med din egen grafik, logotyper och knappar; Dela enkelt dina foton och videor via e-post, SMS, AirDrop, QR-kod samt skriv ut dina foton; F\u00e5 utskrifter av h\u00f6gsta kvalitet genom att anv\u00e4nda den inbyggda mallredigeraren f\u00f6r att l\u00e4gga till din logotyp, text eller annan grafik.<\/li>\n<li>  Kapacitiv peksk\u00e4rmsteknik<\/li>\n<li>  F\u00f6rpackningssystem: flygplansl\u00e5da och tr\u00e4l\u00e5da<\/li>\n<li>  Flygl\u00e5dans m\u00e5tt \u00e4r: 161*28*85 cm, och vikten \u00e4r 86 kg<\/li>\n<li>  Tekniskt st\u00f6d<\/li>\n<\/ul>\n","protected":false},"excerpt":{"rendered":"<p>V\u00e5rt f\u00f6retag \u00e4r bel\u00e4get i Rum\u00e4nien.<br \/>\nVi skickar produkterna fr\u00e5n v\u00e5rt lager.<br \/>\nProdukten skickas till dig inom 5-7 arbetsdagar.<\/p>\n","protected":false},"featured_media":10662,"comment_status":"open","ping_status":"closed","template":"","meta":{"_acf_changed":false},"product_cat":[497],"product_tag":[],"class_list":{"0":"post-10635","1":"product","2":"type-product","3":"status-publish","4":"has-post-thumbnail","6":"product_cat-magisk-spegel","8":"first","9":"instock","10":"taxable","11":"shipping-taxable","12":"purchasable","13":"product-type-simple"},"acf":[],"yoast_head":"<!-- This site is optimized with the Yoast SEO plugin v23.5 - https:\/\/yoast.com\/wordpress\/plugins\/seo\/ -->\n<title>Magic Mirror Pro-Slim fotob\u00e5s 165,1 cm - 360PhotoBoothPRO<\/title>\n<meta name=\"description\" content=\"Photo Booth PRO is an online store where you can buy quality Magic Mirror Pro-Slim fotob\u00e5s 165,1 cm at an affordable price. Buy now!\" \/>\n<meta name=\"robots\" content=\"index, follow, max-snippet:-1, max-image-preview:large, max-video-preview:-1\" \/>\n<link rel=\"canonical\" href=\"https:\/\/360photoboothpro.eu\/sv\/produkt\/magisk-spegel-pro-slank-fotoband-165-1-cm\/\" \/>\n<meta property=\"og:locale\" content=\"sv_SE\" \/>\n<meta property=\"og:type\" content=\"article\" \/>\n<meta property=\"og:title\" content=\"Magic Mirror Pro-Slim fotob\u00e5s 165,1 cm - 360PhotoBoothPRO\" \/>\n<meta property=\"og:description\" content=\"Photo Booth PRO is an online store where you can buy quality Magic Mirror Pro-Slim fotob\u00e5s 165,1 cm at an affordable price. Buy now!\" \/>\n<meta property=\"og:url\" content=\"https:\/\/360photoboothpro.eu\/sv\/produkt\/magisk-spegel-pro-slank-fotoband-165-1-cm\/\" \/>\n<meta property=\"og:site_name\" content=\"360PhotoBoothPRO\" \/>\n<meta property=\"article:publisher\" content=\"https:\/\/www.facebook.com\/360PhotoBoothPRO.Canada\/\" \/>\n<meta property=\"article:modified_time\" content=\"2025-12-11T14:06:08+00:00\" \/>\n<meta property=\"og:image\" content=\"https:\/\/360photoboothpro.eu\/wp-content\/uploads\/2023\/09\/magic-mirror-slim-photobooth-for-sale-social.jpg\" \/>\n<meta name=\"twitter:card\" content=\"summary_large_image\" \/>\n<meta name=\"twitter:label1\" content=\"Ber\u00e4knad l\u00e4stid\" \/>\n\t<meta name=\"twitter:data1\" content=\"2 minuter\" \/>\n<script type=\"application\/ld+json\" class=\"yoast-schema-graph\">{\"@context\":\"https:\/\/schema.org\",\"@graph\":[{\"@type\":\"WebPage\",\"@id\":\"https:\/\/360photoboothpro.eu\/sv\/produkt\/magisk-spegel-pro-slank-fotoband-165-1-cm\/\",\"url\":\"https:\/\/360photoboothpro.eu\/sv\/produkt\/magisk-spegel-pro-slank-fotoband-165-1-cm\/\",\"name\":\"Magic Mirror Pro-Slim fotob\u00e5s 165,1 cm - 360PhotoBoothPRO\",\"isPartOf\":{\"@id\":\"https:\/\/360photoboothpro.eu\/sv\/#website\"},\"primaryImageOfPage\":{\"@id\":\"https:\/\/360photoboothpro.eu\/sv\/produkt\/magisk-spegel-pro-slank-fotoband-165-1-cm\/#primaryimage\"},\"image\":{\"@id\":\"https:\/\/360photoboothpro.eu\/sv\/produkt\/magisk-spegel-pro-slank-fotoband-165-1-cm\/#primaryimage\"},\"thumbnailUrl\":\"https:\/\/360photoboothpro.eu\/wp-content\/uploads\/2023\/09\/magic-mirror-proslim.jpg\",\"datePublished\":\"2023-09-27T10:48:22+00:00\",\"dateModified\":\"2025-12-11T14:06:08+00:00\",\"description\":\"Photo Booth PRO is an online store where you can buy quality Magic Mirror Pro-Slim fotob\u00e5s 165,1 cm at an affordable price. Buy now!\",\"breadcrumb\":{\"@id\":\"https:\/\/360photoboothpro.eu\/sv\/produkt\/magisk-spegel-pro-slank-fotoband-165-1-cm\/#breadcrumb\"},\"inLanguage\":\"sv-SE\",\"potentialAction\":[{\"@type\":\"ReadAction\",\"target\":[\"https:\/\/360photoboothpro.eu\/sv\/produkt\/magisk-spegel-pro-slank-fotoband-165-1-cm\/\"]}]},{\"@type\":\"ImageObject\",\"inLanguage\":\"sv-SE\",\"@id\":\"https:\/\/360photoboothpro.eu\/sv\/produkt\/magisk-spegel-pro-slank-fotoband-165-1-cm\/#primaryimage\",\"url\":\"https:\/\/360photoboothpro.eu\/wp-content\/uploads\/2023\/09\/magic-mirror-proslim.jpg\",\"contentUrl\":\"https:\/\/360photoboothpro.eu\/wp-content\/uploads\/2023\/09\/magic-mirror-proslim.jpg\",\"width\":797,\"height\":797,\"caption\":\"magic mirror photobooth slim for sale\"},{\"@type\":\"BreadcrumbList\",\"@id\":\"https:\/\/360photoboothpro.eu\/sv\/produkt\/magisk-spegel-pro-slank-fotoband-165-1-cm\/#breadcrumb\",\"itemListElement\":[{\"@type\":\"ListItem\",\"position\":1,\"name\":\"Home\",\"item\":\"https:\/\/360photoboothpro.eu\/sv\/\"},{\"@type\":\"ListItem\",\"position\":2,\"name\":\"Butik\",\"item\":\"https:\/\/360photoboothpro.eu\/sv\/shoppa\/\"},{\"@type\":\"ListItem\",\"position\":3,\"name\":\"Magic Mirror Pro-Slim fotob\u00e5s 165,1 cm\"}]},{\"@type\":\"WebSite\",\"@id\":\"https:\/\/360photoboothpro.eu\/sv\/#website\",\"url\":\"https:\/\/360photoboothpro.eu\/sv\/\",\"name\":\"360PhotoBoothPRO\",\"description\":\"360PhotoBoothPRO\",\"publisher\":{\"@id\":\"https:\/\/360photoboothpro.eu\/sv\/#organization\"},\"potentialAction\":[{\"@type\":\"SearchAction\",\"target\":{\"@type\":\"EntryPoint\",\"urlTemplate\":\"https:\/\/360photoboothpro.eu\/sv\/?s={search_term_string}\"},\"query-input\":{\"@type\":\"PropertyValueSpecification\",\"valueRequired\":true,\"valueName\":\"search_term_string\"}}],\"inLanguage\":\"sv-SE\"},{\"@type\":\"Organization\",\"@id\":\"https:\/\/360photoboothpro.eu\/sv\/#organization\",\"name\":\"360PhotoBoothPRO\",\"url\":\"https:\/\/360photoboothpro.eu\/sv\/\",\"logo\":{\"@type\":\"ImageObject\",\"inLanguage\":\"sv-SE\",\"@id\":\"https:\/\/360photoboothpro.eu\/sv\/#\/schema\/logo\/image\/\",\"url\":\"https:\/\/360photoboothpro.eu\/wp-content\/uploads\/2023\/03\/logo-360photoboothpro-favicon.png\",\"contentUrl\":\"https:\/\/360photoboothpro.eu\/wp-content\/uploads\/2023\/03\/logo-360photoboothpro-favicon.png\",\"width\":317,\"height\":317,\"caption\":\"360PhotoBoothPRO\"},\"image\":{\"@id\":\"https:\/\/360photoboothpro.eu\/sv\/#\/schema\/logo\/image\/\"},\"sameAs\":[\"https:\/\/www.facebook.com\/360PhotoBoothPRO.Canada\/\"]}]}<\/script>\n<!-- \/ Yoast SEO plugin. -->","yoast_head_json":{"title":"Magic Mirror Pro-Slim fotob\u00e5s 165,1 cm - 360PhotoBoothPRO","description":"Photo Booth PRO is an online store where you can buy quality Magic Mirror Pro-Slim fotob\u00e5s 165,1 cm at an affordable price. Buy now!","robots":{"index":"index","follow":"follow","max-snippet":"max-snippet:-1","max-image-preview":"max-image-preview:large","max-video-preview":"max-video-preview:-1"},"canonical":"https:\/\/360photoboothpro.eu\/sv\/produkt\/magisk-spegel-pro-slank-fotoband-165-1-cm\/","og_locale":"sv_SE","og_type":"article","og_title":"Magic Mirror Pro-Slim fotob\u00e5s 165,1 cm - 360PhotoBoothPRO","og_description":"Photo Booth PRO is an online store where you can buy quality Magic Mirror Pro-Slim fotob\u00e5s 165,1 cm at an affordable price. Buy now!","og_url":"https:\/\/360photoboothpro.eu\/sv\/produkt\/magisk-spegel-pro-slank-fotoband-165-1-cm\/","og_site_name":"360PhotoBoothPRO","article_publisher":"https:\/\/www.facebook.com\/360PhotoBoothPRO.Canada\/","article_modified_time":"2025-12-11T14:06:08+00:00","og_image":[{"url":"https:\/\/360photoboothpro.eu\/wp-content\/uploads\/2023\/09\/magic-mirror-slim-photobooth-for-sale-social.jpg"}],"twitter_card":"summary_large_image","twitter_misc":{"Ber\u00e4knad l\u00e4stid":"2 minuter"},"schema":{"@context":"https:\/\/schema.org","@graph":[{"@type":"WebPage","@id":"https:\/\/360photoboothpro.eu\/sv\/produkt\/magisk-spegel-pro-slank-fotoband-165-1-cm\/","url":"https:\/\/360photoboothpro.eu\/sv\/produkt\/magisk-spegel-pro-slank-fotoband-165-1-cm\/","name":"Magic Mirror Pro-Slim fotob\u00e5s 165,1 cm - 360PhotoBoothPRO","isPartOf":{"@id":"https:\/\/360photoboothpro.eu\/sv\/#website"},"primaryImageOfPage":{"@id":"https:\/\/360photoboothpro.eu\/sv\/produkt\/magisk-spegel-pro-slank-fotoband-165-1-cm\/#primaryimage"},"image":{"@id":"https:\/\/360photoboothpro.eu\/sv\/produkt\/magisk-spegel-pro-slank-fotoband-165-1-cm\/#primaryimage"},"thumbnailUrl":"https:\/\/360photoboothpro.eu\/wp-content\/uploads\/2023\/09\/magic-mirror-proslim.jpg","datePublished":"2023-09-27T10:48:22+00:00","dateModified":"2025-12-11T14:06:08+00:00","description":"Photo Booth PRO is an online store where you can buy quality Magic Mirror Pro-Slim fotob\u00e5s 165,1 cm at an affordable price. Buy now!","breadcrumb":{"@id":"https:\/\/360photoboothpro.eu\/sv\/produkt\/magisk-spegel-pro-slank-fotoband-165-1-cm\/#breadcrumb"},"inLanguage":"sv-SE","potentialAction":[{"@type":"ReadAction","target":["https:\/\/360photoboothpro.eu\/sv\/produkt\/magisk-spegel-pro-slank-fotoband-165-1-cm\/"]}]},{"@type":"ImageObject","inLanguage":"sv-SE","@id":"https:\/\/360photoboothpro.eu\/sv\/produkt\/magisk-spegel-pro-slank-fotoband-165-1-cm\/#primaryimage","url":"https:\/\/360photoboothpro.eu\/wp-content\/uploads\/2023\/09\/magic-mirror-proslim.jpg","contentUrl":"https:\/\/360photoboothpro.eu\/wp-content\/uploads\/2023\/09\/magic-mirror-proslim.jpg","width":797,"height":797,"caption":"magic mirror photobooth slim for sale"},{"@type":"BreadcrumbList","@id":"https:\/\/360photoboothpro.eu\/sv\/produkt\/magisk-spegel-pro-slank-fotoband-165-1-cm\/#breadcrumb","itemListElement":[{"@type":"ListItem","position":1,"name":"Home","item":"https:\/\/360photoboothpro.eu\/sv\/"},{"@type":"ListItem","position":2,"name":"Butik","item":"https:\/\/360photoboothpro.eu\/sv\/shoppa\/"},{"@type":"ListItem","position":3,"name":"Magic Mirror Pro-Slim fotob\u00e5s 165,1 cm"}]},{"@type":"WebSite","@id":"https:\/\/360photoboothpro.eu\/sv\/#website","url":"https:\/\/360photoboothpro.eu\/sv\/","name":"360PhotoBoothPRO","description":"360PhotoBoothPRO","publisher":{"@id":"https:\/\/360photoboothpro.eu\/sv\/#organization"},"potentialAction":[{"@type":"SearchAction","target":{"@type":"EntryPoint","urlTemplate":"https:\/\/360photoboothpro.eu\/sv\/?s={search_term_string}"},"query-input":{"@type":"PropertyValueSpecification","valueRequired":true,"valueName":"search_term_string"}}],"inLanguage":"sv-SE"},{"@type":"Organization","@id":"https:\/\/360photoboothpro.eu\/sv\/#organization","name":"360PhotoBoothPRO","url":"https:\/\/360photoboothpro.eu\/sv\/","logo":{"@type":"ImageObject","inLanguage":"sv-SE","@id":"https:\/\/360photoboothpro.eu\/sv\/#\/schema\/logo\/image\/","url":"https:\/\/360photoboothpro.eu\/wp-content\/uploads\/2023\/03\/logo-360photoboothpro-favicon.png","contentUrl":"https:\/\/360photoboothpro.eu\/wp-content\/uploads\/2023\/03\/logo-360photoboothpro-favicon.png","width":317,"height":317,"caption":"360PhotoBoothPRO"},"image":{"@id":"https:\/\/360photoboothpro.eu\/sv\/#\/schema\/logo\/image\/"},"sameAs":["https:\/\/www.facebook.com\/360PhotoBoothPRO.Canada\/"]}]}},"_links":{"self":[{"href":"https:\/\/360photoboothpro.eu\/sv\/wp-json\/wp\/v2\/product\/10635"}],"collection":[{"href":"https:\/\/360photoboothpro.eu\/sv\/wp-json\/wp\/v2\/product"}],"about":[{"href":"https:\/\/360photoboothpro.eu\/sv\/wp-json\/wp\/v2\/types\/product"}],"replies":[{"embeddable":true,"href":"https:\/\/360photoboothpro.eu\/sv\/wp-json\/wp\/v2\/comments?post=10635"}],"wp:featuredmedia":[{"embeddable":true,"href":"https:\/\/360photoboothpro.eu\/sv\/wp-json\/wp\/v2\/media\/10662"}],"wp:attachment":[{"href":"https:\/\/360photoboothpro.eu\/sv\/wp-json\/wp\/v2\/media?parent=10635"}],"wp:term":[{"taxonomy":"product_cat","embeddable":true,"href":"https:\/\/360photoboothpro.eu\/sv\/wp-json\/wp\/v2\/product_cat?post=10635"},{"taxonomy":"product_tag","embeddable":true,"href":"https:\/\/360photoboothpro.eu\/sv\/wp-json\/wp\/v2\/product_tag?post=10635"}],"curies":[{"name":"wp","href":"https:\/\/api.w.org\/{rel}","templated":true}]}}