{"id":10730,"date":"2023-10-09T20:12:51","date_gmt":"2023-10-09T18:12:51","guid":{"rendered":"https:\/\/360photoboothpro.eu\/?post_type=product&#038;p=10730"},"modified":"2024-03-07T11:31:21","modified_gmt":"2024-03-07T09:31:21","slug":"uppgradering-till-gopro-12","status":"publish","type":"product","link":"https:\/\/360photoboothpro.eu\/sv\/produkt\/uppgradering-till-gopro-12\/","title":{"rendered":"UPGRADE till GoPro 12"},"content":{"rendered":"<p>Denna produkt kan ENDAST k\u00f6pas TILLSAMMANS med det <a href=\"https:\/\/360photoboothpro.eu\/product\/upgrade-to-full-plug-play-package\/\">kompletta Plug &amp; Play-paketet<\/a>.<\/p>\n<p>K\u00f6pet av denna UPGRADE inneb\u00e4r ERS\u00c4TTNING av GoPRO 10 Black med GoPRO 12 Black.<\/p>\n","protected":false},"excerpt":{"rendered":"<p>Denna produkt kan ENDAST k\u00f6pas TILLSAMMANS med det <a href=\"https:\/\/360photoboothpro.eu\/product\/upgrade-to-full-plug-play-package\/\">kompletta Plug &amp; Play-paketet<\/a>.<\/p>\n","protected":false},"featured_media":13096,"comment_status":"open","ping_status":"closed","template":"","meta":{"_acf_changed":false},"product_cat":[451],"product_tag":[440,438,435,439,441,436,434,443,444,437,442,445],"class_list":{"0":"post-10730","1":"product","2":"type-product","3":"status-publish","4":"has-post-thumbnail","6":"product_cat-uppgrades-for-360-plattformar","7":"product_tag-360-fotobas-till-salu","8":"product_tag-360-graders-fotoautomat","9":"product_tag-360-monter-till-salu","10":"product_tag-360-photo-booth-sv","11":"product_tag-360-selfie-bas","12":"product_tag-360-kamera-monter","13":"product_tag-360-monter","14":"product_tag-360-videobas","15":"product_tag-360-videobas-till-salu","16":"product_tag-fotobas-med-360-kamera","17":"product_tag-fotobas-med-360-spinn","18":"product_tag-roterande-fotoautomat","20":"first","21":"instock","22":"taxable","23":"shipping-taxable","24":"purchasable","25":"product-type-simple"},"acf":[],"yoast_head":"<!-- This site is optimized with the Yoast SEO plugin v23.5 - https:\/\/yoast.com\/wordpress\/plugins\/seo\/ -->\n<title>UPGRADE till GoPro 12 - 360PhotoBoothPRO<\/title>\n<meta name=\"description\" content=\"Photo Booth PRO is an online store where you can buy quality UPGRADE till GoPro 12 at an affordable price. Buy now!\" \/>\n<meta name=\"robots\" content=\"index, follow, max-snippet:-1, max-image-preview:large, max-video-preview:-1\" \/>\n<link rel=\"canonical\" href=\"https:\/\/360photoboothpro.eu\/sv\/produkt\/uppgradering-till-gopro-12\/\" \/>\n<meta property=\"og:locale\" content=\"sv_SE\" \/>\n<meta property=\"og:type\" content=\"article\" \/>\n<meta property=\"og:title\" content=\"UPGRADE till GoPro 12 - 360PhotoBoothPRO\" \/>\n<meta property=\"og:description\" content=\"Photo Booth PRO is an online store where you can buy quality UPGRADE till GoPro 12 at an affordable price. Buy now!\" \/>\n<meta property=\"og:url\" content=\"https:\/\/360photoboothpro.eu\/sv\/produkt\/uppgradering-till-gopro-12\/\" \/>\n<meta property=\"og:site_name\" content=\"360PhotoBoothPRO\" \/>\n<meta property=\"article:publisher\" content=\"https:\/\/www.facebook.com\/360PhotoBoothPRO.Canada\/\" \/>\n<meta property=\"article:modified_time\" content=\"2024-03-07T09:31:21+00:00\" \/>\n<meta property=\"og:image\" content=\"https:\/\/360photoboothpro.eu\/wp-content\/uploads\/2023\/10\/360-photo-booth-pro-upgrade-go-pro-12-social.jpg\" \/>\n<meta name=\"twitter:card\" content=\"summary_large_image\" \/>\n<meta name=\"twitter:label1\" content=\"Ber\u00e4knad l\u00e4stid\" \/>\n\t<meta name=\"twitter:data1\" content=\"1 minut\" \/>\n<script type=\"application\/ld+json\" class=\"yoast-schema-graph\">{\"@context\":\"https:\/\/schema.org\",\"@graph\":[{\"@type\":\"WebPage\",\"@id\":\"https:\/\/360photoboothpro.eu\/sv\/produkt\/uppgradering-till-gopro-12\/\",\"url\":\"https:\/\/360photoboothpro.eu\/sv\/produkt\/uppgradering-till-gopro-12\/\",\"name\":\"UPGRADE till GoPro 12 - 360PhotoBoothPRO\",\"isPartOf\":{\"@id\":\"https:\/\/360photoboothpro.eu\/sv\/#website\"},\"primaryImageOfPage\":{\"@id\":\"https:\/\/360photoboothpro.eu\/sv\/produkt\/uppgradering-till-gopro-12\/#primaryimage\"},\"image\":{\"@id\":\"https:\/\/360photoboothpro.eu\/sv\/produkt\/uppgradering-till-gopro-12\/#primaryimage\"},\"thumbnailUrl\":\"https:\/\/360photoboothpro.eu\/wp-content\/uploads\/2023\/10\/360-photoboothpro-upgrade-to-go-pro-12.jpg\",\"datePublished\":\"2023-10-09T18:12:51+00:00\",\"dateModified\":\"2024-03-07T09:31:21+00:00\",\"description\":\"Photo Booth PRO is an online store where you can buy quality UPGRADE till GoPro 12 at an affordable price. Buy now!\",\"breadcrumb\":{\"@id\":\"https:\/\/360photoboothpro.eu\/sv\/produkt\/uppgradering-till-gopro-12\/#breadcrumb\"},\"inLanguage\":\"sv-SE\",\"potentialAction\":[{\"@type\":\"ReadAction\",\"target\":[\"https:\/\/360photoboothpro.eu\/sv\/produkt\/uppgradering-till-gopro-12\/\"]}]},{\"@type\":\"ImageObject\",\"inLanguage\":\"sv-SE\",\"@id\":\"https:\/\/360photoboothpro.eu\/sv\/produkt\/uppgradering-till-gopro-12\/#primaryimage\",\"url\":\"https:\/\/360photoboothpro.eu\/wp-content\/uploads\/2023\/10\/360-photoboothpro-upgrade-to-go-pro-12.jpg\",\"contentUrl\":\"https:\/\/360photoboothpro.eu\/wp-content\/uploads\/2023\/10\/360-photoboothpro-upgrade-to-go-pro-12.jpg\",\"width\":950,\"height\":948,\"caption\":\"upgrade to gopro 12 for 360 photbooth pro\"},{\"@type\":\"BreadcrumbList\",\"@id\":\"https:\/\/360photoboothpro.eu\/sv\/produkt\/uppgradering-till-gopro-12\/#breadcrumb\",\"itemListElement\":[{\"@type\":\"ListItem\",\"position\":1,\"name\":\"Home\",\"item\":\"https:\/\/360photoboothpro.eu\/sv\/\"},{\"@type\":\"ListItem\",\"position\":2,\"name\":\"Butik\",\"item\":\"https:\/\/360photoboothpro.eu\/sv\/shoppa\/\"},{\"@type\":\"ListItem\",\"position\":3,\"name\":\"UPGRADE till GoPro 12\"}]},{\"@type\":\"WebSite\",\"@id\":\"https:\/\/360photoboothpro.eu\/sv\/#website\",\"url\":\"https:\/\/360photoboothpro.eu\/sv\/\",\"name\":\"360PhotoBoothPRO\",\"description\":\"360PhotoBoothPRO\",\"publisher\":{\"@id\":\"https:\/\/360photoboothpro.eu\/sv\/#organization\"},\"potentialAction\":[{\"@type\":\"SearchAction\",\"target\":{\"@type\":\"EntryPoint\",\"urlTemplate\":\"https:\/\/360photoboothpro.eu\/sv\/?s={search_term_string}\"},\"query-input\":{\"@type\":\"PropertyValueSpecification\",\"valueRequired\":true,\"valueName\":\"search_term_string\"}}],\"inLanguage\":\"sv-SE\"},{\"@type\":\"Organization\",\"@id\":\"https:\/\/360photoboothpro.eu\/sv\/#organization\",\"name\":\"360PhotoBoothPRO\",\"url\":\"https:\/\/360photoboothpro.eu\/sv\/\",\"logo\":{\"@type\":\"ImageObject\",\"inLanguage\":\"sv-SE\",\"@id\":\"https:\/\/360photoboothpro.eu\/sv\/#\/schema\/logo\/image\/\",\"url\":\"https:\/\/360photoboothpro.eu\/wp-content\/uploads\/2023\/03\/logo-360photoboothpro-favicon.png\",\"contentUrl\":\"https:\/\/360photoboothpro.eu\/wp-content\/uploads\/2023\/03\/logo-360photoboothpro-favicon.png\",\"width\":317,\"height\":317,\"caption\":\"360PhotoBoothPRO\"},\"image\":{\"@id\":\"https:\/\/360photoboothpro.eu\/sv\/#\/schema\/logo\/image\/\"},\"sameAs\":[\"https:\/\/www.facebook.com\/360PhotoBoothPRO.Canada\/\"]}]}<\/script>\n<!-- \/ Yoast SEO plugin. -->","yoast_head_json":{"title":"UPGRADE till GoPro 12 - 360PhotoBoothPRO","description":"Photo Booth PRO is an online store where you can buy quality UPGRADE till GoPro 12 at an affordable price. Buy now!","robots":{"index":"index","follow":"follow","max-snippet":"max-snippet:-1","max-image-preview":"max-image-preview:large","max-video-preview":"max-video-preview:-1"},"canonical":"https:\/\/360photoboothpro.eu\/sv\/produkt\/uppgradering-till-gopro-12\/","og_locale":"sv_SE","og_type":"article","og_title":"UPGRADE till GoPro 12 - 360PhotoBoothPRO","og_description":"Photo Booth PRO is an online store where you can buy quality UPGRADE till GoPro 12 at an affordable price. Buy now!","og_url":"https:\/\/360photoboothpro.eu\/sv\/produkt\/uppgradering-till-gopro-12\/","og_site_name":"360PhotoBoothPRO","article_publisher":"https:\/\/www.facebook.com\/360PhotoBoothPRO.Canada\/","article_modified_time":"2024-03-07T09:31:21+00:00","og_image":[{"url":"https:\/\/360photoboothpro.eu\/wp-content\/uploads\/2023\/10\/360-photo-booth-pro-upgrade-go-pro-12-social.jpg"}],"twitter_card":"summary_large_image","twitter_misc":{"Ber\u00e4knad l\u00e4stid":"1 minut"},"schema":{"@context":"https:\/\/schema.org","@graph":[{"@type":"WebPage","@id":"https:\/\/360photoboothpro.eu\/sv\/produkt\/uppgradering-till-gopro-12\/","url":"https:\/\/360photoboothpro.eu\/sv\/produkt\/uppgradering-till-gopro-12\/","name":"UPGRADE till GoPro 12 - 360PhotoBoothPRO","isPartOf":{"@id":"https:\/\/360photoboothpro.eu\/sv\/#website"},"primaryImageOfPage":{"@id":"https:\/\/360photoboothpro.eu\/sv\/produkt\/uppgradering-till-gopro-12\/#primaryimage"},"image":{"@id":"https:\/\/360photoboothpro.eu\/sv\/produkt\/uppgradering-till-gopro-12\/#primaryimage"},"thumbnailUrl":"https:\/\/360photoboothpro.eu\/wp-content\/uploads\/2023\/10\/360-photoboothpro-upgrade-to-go-pro-12.jpg","datePublished":"2023-10-09T18:12:51+00:00","dateModified":"2024-03-07T09:31:21+00:00","description":"Photo Booth PRO is an online store where you can buy quality UPGRADE till GoPro 12 at an affordable price. Buy now!","breadcrumb":{"@id":"https:\/\/360photoboothpro.eu\/sv\/produkt\/uppgradering-till-gopro-12\/#breadcrumb"},"inLanguage":"sv-SE","potentialAction":[{"@type":"ReadAction","target":["https:\/\/360photoboothpro.eu\/sv\/produkt\/uppgradering-till-gopro-12\/"]}]},{"@type":"ImageObject","inLanguage":"sv-SE","@id":"https:\/\/360photoboothpro.eu\/sv\/produkt\/uppgradering-till-gopro-12\/#primaryimage","url":"https:\/\/360photoboothpro.eu\/wp-content\/uploads\/2023\/10\/360-photoboothpro-upgrade-to-go-pro-12.jpg","contentUrl":"https:\/\/360photoboothpro.eu\/wp-content\/uploads\/2023\/10\/360-photoboothpro-upgrade-to-go-pro-12.jpg","width":950,"height":948,"caption":"upgrade to gopro 12 for 360 photbooth pro"},{"@type":"BreadcrumbList","@id":"https:\/\/360photoboothpro.eu\/sv\/produkt\/uppgradering-till-gopro-12\/#breadcrumb","itemListElement":[{"@type":"ListItem","position":1,"name":"Home","item":"https:\/\/360photoboothpro.eu\/sv\/"},{"@type":"ListItem","position":2,"name":"Butik","item":"https:\/\/360photoboothpro.eu\/sv\/shoppa\/"},{"@type":"ListItem","position":3,"name":"UPGRADE till GoPro 12"}]},{"@type":"WebSite","@id":"https:\/\/360photoboothpro.eu\/sv\/#website","url":"https:\/\/360photoboothpro.eu\/sv\/","name":"360PhotoBoothPRO","description":"360PhotoBoothPRO","publisher":{"@id":"https:\/\/360photoboothpro.eu\/sv\/#organization"},"potentialAction":[{"@type":"SearchAction","target":{"@type":"EntryPoint","urlTemplate":"https:\/\/360photoboothpro.eu\/sv\/?s={search_term_string}"},"query-input":{"@type":"PropertyValueSpecification","valueRequired":true,"valueName":"search_term_string"}}],"inLanguage":"sv-SE"},{"@type":"Organization","@id":"https:\/\/360photoboothpro.eu\/sv\/#organization","name":"360PhotoBoothPRO","url":"https:\/\/360photoboothpro.eu\/sv\/","logo":{"@type":"ImageObject","inLanguage":"sv-SE","@id":"https:\/\/360photoboothpro.eu\/sv\/#\/schema\/logo\/image\/","url":"https:\/\/360photoboothpro.eu\/wp-content\/uploads\/2023\/03\/logo-360photoboothpro-favicon.png","contentUrl":"https:\/\/360photoboothpro.eu\/wp-content\/uploads\/2023\/03\/logo-360photoboothpro-favicon.png","width":317,"height":317,"caption":"360PhotoBoothPRO"},"image":{"@id":"https:\/\/360photoboothpro.eu\/sv\/#\/schema\/logo\/image\/"},"sameAs":["https:\/\/www.facebook.com\/360PhotoBoothPRO.Canada\/"]}]}},"_links":{"self":[{"href":"https:\/\/360photoboothpro.eu\/sv\/wp-json\/wp\/v2\/product\/10730"}],"collection":[{"href":"https:\/\/360photoboothpro.eu\/sv\/wp-json\/wp\/v2\/product"}],"about":[{"href":"https:\/\/360photoboothpro.eu\/sv\/wp-json\/wp\/v2\/types\/product"}],"replies":[{"embeddable":true,"href":"https:\/\/360photoboothpro.eu\/sv\/wp-json\/wp\/v2\/comments?post=10730"}],"wp:featuredmedia":[{"embeddable":true,"href":"https:\/\/360photoboothpro.eu\/sv\/wp-json\/wp\/v2\/media\/13096"}],"wp:attachment":[{"href":"https:\/\/360photoboothpro.eu\/sv\/wp-json\/wp\/v2\/media?parent=10730"}],"wp:term":[{"taxonomy":"product_cat","embeddable":true,"href":"https:\/\/360photoboothpro.eu\/sv\/wp-json\/wp\/v2\/product_cat?post=10730"},{"taxonomy":"product_tag","embeddable":true,"href":"https:\/\/360photoboothpro.eu\/sv\/wp-json\/wp\/v2\/product_tag?post=10730"}],"curies":[{"name":"wp","href":"https:\/\/api.w.org\/{rel}","templated":true}]}}