{"id":12600,"date":"2024-02-14T14:51:44","date_gmt":"2024-02-14T12:51:44","guid":{"rendered":"https:\/\/360photoboothpro.eu\/?post_type=product&#038;p=12600"},"modified":"2024-12-01T13:17:55","modified_gmt":"2024-12-01T11:17:55","slug":"uppgradering-till-full-plug-play-paket","status":"publish","type":"product","link":"https:\/\/360photoboothpro.eu\/sv\/produkt\/uppgradering-till-full-plug-play-paket\/","title":{"rendered":"UPGRADERA till FULLST\u00c4NDIGT PLUG &amp; PLAY-PAKET"},"content":{"rendered":"<p>Denna uppgradering kan endast k\u00f6pas tillsammans med en av 360-plattformarna i denna kategori: <a href=\"https:\/\/360photoboothpro.eu\/sv\/produkt-kategori\/360-photo-booth-platforms-sv\/\">360 Photo Booth-plattformar<\/a><\/p>\n<p>K\u00f6pet av denna UPGRADE inneb\u00e4r att F\u00d6LJANDE l\u00e4ggs till i 360 Photo Booth-plattformen:<\/p>\n<style>.elementor-8801 .elementor-element.elementor-element-6eb62ad .elementor-icon-list-items:not(.elementor-inline-items) .elementor-icon-list-item:not(:last-child){padding-bottom:calc(11px\/2);}.elementor-8801 .elementor-element.elementor-element-6eb62ad .elementor-icon-list-items:not(.elementor-inline-items) .elementor-icon-list-item:not(:first-child){margin-top:calc(11px\/2);}.elementor-8801 .elementor-element.elementor-element-6eb62ad .elementor-icon-list-items.elementor-inline-items .elementor-icon-list-item{margin-right:calc(11px\/2);margin-left:calc(11px\/2);}.elementor-8801 .elementor-element.elementor-element-6eb62ad .elementor-icon-list-items.elementor-inline-items{margin-right:calc(-11px\/2);margin-left:calc(-11px\/2);}body.rtl .elementor-8801 .elementor-element.elementor-element-6eb62ad .elementor-icon-list-items.elementor-inline-items .elementor-icon-list-item:after{left:calc(-11px\/2);}body:not(.rtl) .elementor-8801 .elementor-element.elementor-element-6eb62ad .elementor-icon-list-items.elementor-inline-items .elementor-icon-list-item:after{right:calc(-11px\/2);}.elementor-8801 .elementor-element.elementor-element-6eb62ad .elementor-icon-list-icon i{color:#61CE70;transition:color 0.3s;}.elementor-8801 .elementor-element.elementor-element-6eb62ad .elementor-icon-list-icon svg{fill:#61CE70;transition:fill 0.3s;}.elementor-8801 .elementor-element.elementor-element-6eb62ad .elementor-icon-list-item:hover .elementor-icon-list-icon i{color:#6EC1E4;}.elementor-8801 .elementor-element.elementor-element-6eb62ad .elementor-icon-list-item:hover .elementor-icon-list-icon svg{fill:#6EC1E4;}.elementor-8801 .elementor-element.elementor-element-6eb62ad{--e-icon-list-icon-size:29px;--icon-vertical-offset:0px;}.elementor-8801 .elementor-element.elementor-element-6eb62ad .elementor-icon-list-text{transition:color 0.3s;}<\/style><div class=\"porto-block elementor elementor-8801\" data-id=\"8801\">\t\t<section class=\"elementor-section elementor-top-section elementor-element elementor-element-7411f33 elementor-section-boxed elementor-section-height-default elementor-section-height-default\" data-id=\"7411f33\" data-element_type=\"section\">\r\n\t\t\r\n\t\t\t\t\t\t\t<div class=\"elementor-container elementor-column-gap-default\">\r\n\t\t\t\t\t\t\t\t\t\t\t<div class=\"elementor-column elementor-col-100 elementor-top-column elementor-element elementor-element-a632ad4\" data-id=\"a632ad4\" data-element_type=\"column\">\r\n\t\t\t\t\t<div class=\"elementor-widget-wrap elementor-element-populated\">\r\n\t\t\t\t\t\t\t\t<div class=\"elementor-element elementor-element-6eb62ad elementor-icon-list--layout-traditional elementor-list-item-link-full_width elementor-widget elementor-widget-icon-list\" data-id=\"6eb62ad\" data-element_type=\"widget\" data-widget_type=\"icon-list.default\">\n\t\t\t\t<div class=\"elementor-widget-container\">\n\t\t\t\t\t<ul class=\"elementor-icon-list-items\">\n\t\t\t\t\t\t\t<li class=\"elementor-icon-list-item\">\n\t\t\t\t\t\t\t\t\t\t\t<span class=\"elementor-icon-list-icon\">\n\t\t\t\t\t\t\t<i aria-hidden=\"true\" class=\"fas fa-check\"><\/i>\t\t\t\t\t\t<\/span>\n\t\t\t\t\t\t\t\t\t\t<span class=\"elementor-icon-list-text\">4k sport VIDEO CAMERA GoPro 10 Black (du kan UPGRADE till GoPro 11 Black);<\/span>\n\t\t\t\t\t\t\t\t\t<\/li>\n\t\t\t\t\t\t\t\t<li class=\"elementor-icon-list-item\">\n\t\t\t\t\t\t\t\t\t\t\t<span class=\"elementor-icon-list-icon\">\n\t\t\t\t\t\t\t<i aria-hidden=\"true\" class=\"fas fa-check\"><\/i>\t\t\t\t\t\t<\/span>\n\t\t\t\t\t\t\t\t\t\t<span class=\"elementor-icon-list-text\">SanDisk Micro SD Hight Endurance MEMORY CARD, 128GB, Class 10, KOMPATIBEL med GoPro, som kan spela in b\u00e5de Full HD och 4K VIDEO CLIPS. Kortet har hastighetsklassen UHS-I (Ultra Hight Speed-1), V30 (Video Speed Class 30), vilket garanterar att skrivhastigheten inte sjunker under 30 MB\/s (den n\u00e5r upp till 40 MB\/s). L\u00e4s\u00f6verf\u00f6ringshastigheten kan n\u00e5 upp till 100 MB\/s. Det \u00e4r st\u00f6tt\u00e5ligt, t\u00e5l h\u00f6ga temperaturer och inneh\u00e5ller en microSD till SD ADAPTER med skrivskydd, vilket g\u00f6r att kortet kan anv\u00e4ndas med SD-kompatibla enheter.<\/span>\n\t\t\t\t\t\t\t\t\t<\/li>\n\t\t\t\t\t\t\t\t<li class=\"elementor-icon-list-item\">\n\t\t\t\t\t\t\t\t\t\t\t<span class=\"elementor-icon-list-icon\">\n\t\t\t\t\t\t\t<i aria-hidden=\"true\" class=\"fas fa-check\"><\/i>\t\t\t\t\t\t<\/span>\n\t\t\t\t\t\t\t\t\t\t<span class=\"elementor-icon-list-text\">ANSLUTNING som \u00e4r n\u00f6dv\u00e4ndig f\u00f6r att GoPro ska fungera (USB-str\u00f6mkabel av typ C, snabbladdare, sekund\u00e4r tr\u00e5dl\u00f6s adapter);<\/span>\n\t\t\t\t\t\t\t\t\t<\/li>\n\t\t\t\t\t\t\t\t<li class=\"elementor-icon-list-item\">\n\t\t\t\t\t\t\t\t\t\t\t<span class=\"elementor-icon-list-icon\">\n\t\t\t\t\t\t\t<i aria-hidden=\"true\" class=\"fas fa-check\"><\/i>\t\t\t\t\t\t<\/span>\n\t\t\t\t\t\t\t\t\t\t<span class=\"elementor-icon-list-text\">PROGRAMVARA \"toolsforgopro\";<\/span>\n\t\t\t\t\t\t\t\t\t<\/li>\n\t\t\t\t\t\t\t\t<li class=\"elementor-icon-list-item\">\n\t\t\t\t\t\t\t\t\t\t\t<span class=\"elementor-icon-list-icon\">\n\t\t\t\t\t\t\t<i aria-hidden=\"true\" class=\"fas fa-check\"><\/i>\t\t\t\t\t\t<\/span>\n\t\t\t\t\t\t\t\t\t\t<span class=\"elementor-icon-list-text\">mesh TP-LINK tr\u00e5dl\u00f6st system, n\u00f6dv\u00e4ndigt f\u00f6r att skicka videor utan internet\u00e5tkomst;<\/span>\n\t\t\t\t\t\t\t\t\t<\/li>\n\t\t\t\t\t\t\t\t<li class=\"elementor-icon-list-item\">\n\t\t\t\t\t\t\t\t\t\t\t<span class=\"elementor-icon-list-icon\">\n\t\t\t\t\t\t\t<i aria-hidden=\"true\" class=\"fas fa-check\"><\/i>\t\t\t\t\t\t<\/span>\n\t\t\t\t\t\t\t\t\t\t<span class=\"elementor-icon-list-text\">2 X POWERBANK (BATTERIER med 2x USB typ A-portar) p\u00e5 10 000 mAh vardera (1 MAIN och 1 RESERVE) f\u00f6r att driva GoPRO och PROFFESIONAL RING LIGHT<\/span>\n\t\t\t\t\t\t\t\t\t<\/li>\n\t\t\t\t\t\t\t\t<li class=\"elementor-icon-list-item\">\n\t\t\t\t\t\t\t\t\t\t\t<span class=\"elementor-icon-list-icon\">\n\t\t\t\t\t\t\t<i aria-hidden=\"true\" class=\"fas fa-check\"><\/i>\t\t\t\t\t\t<\/span>\n\t\t\t\t\t\t\t\t\t\t<span class=\"elementor-icon-list-text\">Video Booth 360 Professional PROGRAMVARA - INTERFACE P\u00c5 ENGELSKA, med LIFETIME LICENS och GRATIS UPPDATERINGAR i 1 \u00e5r, d\u00e4r videorna automatiskt \u00e5terges, du kan l\u00e4gga INTRO \/ OUTRO, BAKGRUNDSMUSIK, TEMPLATE \/ layout, otaliga EFFEKTER GRAFIK (SVART OCH VIT, BLUR, V\u00c5GOR, etc.) och DYNAMISKA EFFEKTER typ SLOW MOTION, FAST MOTION, ZOOM, BOOMERANG, MIRROR, QUAD, STACK med m\u00f6jlighet att l\u00e4gga till en f\u00e4rgnyckel (GREY, SEPIA, RED, GREEN, BLUE) . Deras \u00f6verg\u00e5ng har f\u00f6ljande varianter: SLUMPM\u00c4SSIG, KORS, TONA UT SVART, TONA UT VITT, GLID V\u00c4NSTER, GLID H\u00d6GER, SKIVA V\u00c4NSTER, SKIVA H\u00d6GER, RADIELL TORKNING, KAMERA, PIXEL. Bildbibliotek och videobibliotek. M\u00f6jlighet att anv\u00e4nda GREENSCREEN och m\u00f6jlighet att l\u00e4gga till LOGO p\u00e5 inspelade videor. Du kan v\u00e4lja inspelningstid, storlek p\u00e5 videoklipp, bildhastighet, orientering, klippning, kvalitet och filformat. SHARING STATION-funktion inkluderad, som inte kr\u00e4ver internetanslutning f\u00f6r att g\u00e4sterna ska kunna ta emot klippen. Du kan KOPIERA FILERNA p\u00e5 USB-datastickan med information om Event Publisher och Event Viewer. Du kan ocks\u00e5 kopiera filer till molnlagring via funktionen \"Kopiera till mappar\" och FTP-uppladdningsdetaljer. Licensen kan n\u00e4r som helst \u00f6verf\u00f6ras till en annan enhet. K\u00f6rs p\u00e5 Windows 7, 8, 8.1, 10 och 11.<\/span>\n\t\t\t\t\t\t\t\t\t<\/li>\n\t\t\t\t\t\t<\/ul>\n\t\t\t\t<\/div>\n\t\t\t\t<\/div>\n\t\t\t\t\t<\/div>\r\n\t\t\t\t<\/div>\r\n\t\t\t\t\t<\/div>\r\n\t\t\t\t<\/section>\r\n\t\t<\/div>\n<span class=\"Y2IQFc\" lang=\"en\">OBSERVATION! F\u00f6r att k\u00f6ra programvaran beh\u00f6ver du en station\u00e4r dator med minsta m\u00f6jliga konfiguration: i5-processor med dedikerat grafikkort, 8 GB RAM-minne och h\u00e5rddisk av SSD-typ, som kan k\u00f6pas separat (kontakta oss f\u00f6r detaljer).<\/span><\/p>\n","protected":false},"excerpt":{"rendered":"<p>Den h\u00e4r produkten kan endast k\u00f6pas tillsammans med en av 360-plattformarna i den h\u00e4r kategorin: <a href=\"https:\/\/360photoboothpro.eu\/product-category\/360-video-booth-platforms\/\">360 Photo Booth-plattformar<\/a><\/p>\n","protected":false},"featured_media":14283,"comment_status":"open","ping_status":"closed","template":"","meta":{"_acf_changed":false},"product_cat":[451],"product_tag":[440,438,435,439,441,436,434,443,444,437,442,445],"class_list":{"0":"post-12600","1":"product","2":"type-product","3":"status-publish","4":"has-post-thumbnail","6":"product_cat-uppgrades-for-360-plattformar","7":"product_tag-360-fotobas-till-salu","8":"product_tag-360-graders-fotoautomat","9":"product_tag-360-monter-till-salu","10":"product_tag-360-photo-booth-sv","11":"product_tag-360-selfie-bas","12":"product_tag-360-kamera-monter","13":"product_tag-360-monter","14":"product_tag-360-videobas","15":"product_tag-360-videobas-till-salu","16":"product_tag-fotobas-med-360-kamera","17":"product_tag-fotobas-med-360-spinn","18":"product_tag-roterande-fotoautomat","20":"first","21":"instock","22":"taxable","23":"shipping-taxable","24":"purchasable","25":"product-type-simple"},"acf":[],"yoast_head":"<!-- This site is optimized with the Yoast SEO plugin v23.5 - https:\/\/yoast.com\/wordpress\/plugins\/seo\/ -->\n<title>UPGRADERA till FULLST\u00c4NDIGT PLUG &amp; PLAY-PAKET - 360PhotoBoothPRO<\/title>\n<meta name=\"description\" content=\"Photo Booth PRO is an online store where you can buy quality UPGRADERA till FULLST\u00c4NDIGT PLUG &amp; PLAY-PAKET at an affordable price. Buy now!\" \/>\n<meta name=\"robots\" content=\"index, follow, max-snippet:-1, max-image-preview:large, max-video-preview:-1\" \/>\n<link rel=\"canonical\" href=\"https:\/\/360photoboothpro.eu\/sv\/produkt\/uppgradering-till-full-plug-play-paket\/\" \/>\n<meta property=\"og:locale\" content=\"sv_SE\" \/>\n<meta property=\"og:type\" content=\"article\" \/>\n<meta property=\"og:title\" content=\"UPGRADERA till FULLST\u00c4NDIGT PLUG &amp; PLAY-PAKET - 360PhotoBoothPRO\" \/>\n<meta property=\"og:description\" content=\"Photo Booth PRO is an online store where you can buy quality UPGRADERA till FULLST\u00c4NDIGT PLUG &amp; PLAY-PAKET at an affordable price. Buy now!\" \/>\n<meta property=\"og:url\" content=\"https:\/\/360photoboothpro.eu\/sv\/produkt\/uppgradering-till-full-plug-play-paket\/\" \/>\n<meta property=\"og:site_name\" content=\"360PhotoBoothPRO\" \/>\n<meta property=\"article:publisher\" content=\"https:\/\/www.facebook.com\/360PhotoBoothPRO.Canada\/\" \/>\n<meta property=\"article:modified_time\" content=\"2024-12-01T11:17:55+00:00\" \/>\n<meta property=\"og:image\" content=\"https:\/\/360photoboothpro.eu\/wp-content\/uploads\/2024\/02\/360-photo-booth-pro-full-plug-and-play-package-4.jpg\" \/>\n<meta name=\"twitter:card\" content=\"summary_large_image\" \/>\n<meta name=\"twitter:image\" content=\"https:\/\/360photoboothpro.eu\/wp-content\/uploads\/2024\/03\/360-video-booth-pro-pachet-full-plug-and-play-1.jpg\" \/>\n<meta name=\"twitter:label1\" content=\"Ber\u00e4knad l\u00e4stid\" \/>\n\t<meta name=\"twitter:data1\" content=\"1 minut\" \/>\n<script type=\"application\/ld+json\" class=\"yoast-schema-graph\">{\"@context\":\"https:\/\/schema.org\",\"@graph\":[{\"@type\":\"WebPage\",\"@id\":\"https:\/\/360photoboothpro.eu\/sv\/produkt\/uppgradering-till-full-plug-play-paket\/\",\"url\":\"https:\/\/360photoboothpro.eu\/sv\/produkt\/uppgradering-till-full-plug-play-paket\/\",\"name\":\"UPGRADERA till FULLST\u00c4NDIGT PLUG &amp; PLAY-PAKET - 360PhotoBoothPRO\",\"isPartOf\":{\"@id\":\"https:\/\/360photoboothpro.eu\/sv\/#website\"},\"primaryImageOfPage\":{\"@id\":\"https:\/\/360photoboothpro.eu\/sv\/produkt\/uppgradering-till-full-plug-play-paket\/#primaryimage\"},\"image\":{\"@id\":\"https:\/\/360photoboothpro.eu\/sv\/produkt\/uppgradering-till-full-plug-play-paket\/#primaryimage\"},\"thumbnailUrl\":\"https:\/\/360photoboothpro.eu\/wp-content\/uploads\/2024\/02\/360-photobooth-upgrade-to-full-plug-and-play-package-2024.jpg\",\"datePublished\":\"2024-02-14T12:51:44+00:00\",\"dateModified\":\"2024-12-01T11:17:55+00:00\",\"description\":\"Photo Booth PRO is an online store where you can buy quality UPGRADERA till FULLST\u00c4NDIGT PLUG &amp; PLAY-PAKET at an affordable price. Buy now!\",\"breadcrumb\":{\"@id\":\"https:\/\/360photoboothpro.eu\/sv\/produkt\/uppgradering-till-full-plug-play-paket\/#breadcrumb\"},\"inLanguage\":\"sv-SE\",\"potentialAction\":[{\"@type\":\"ReadAction\",\"target\":[\"https:\/\/360photoboothpro.eu\/sv\/produkt\/uppgradering-till-full-plug-play-paket\/\"]}]},{\"@type\":\"ImageObject\",\"inLanguage\":\"sv-SE\",\"@id\":\"https:\/\/360photoboothpro.eu\/sv\/produkt\/uppgradering-till-full-plug-play-paket\/#primaryimage\",\"url\":\"https:\/\/360photoboothpro.eu\/wp-content\/uploads\/2024\/02\/360-photobooth-upgrade-to-full-plug-and-play-package-2024.jpg\",\"contentUrl\":\"https:\/\/360photoboothpro.eu\/wp-content\/uploads\/2024\/02\/360-photobooth-upgrade-to-full-plug-and-play-package-2024.jpg\",\"width\":2000,\"height\":2000,\"caption\":\"360 photobooth upgrade to full plug and play package\"},{\"@type\":\"BreadcrumbList\",\"@id\":\"https:\/\/360photoboothpro.eu\/sv\/produkt\/uppgradering-till-full-plug-play-paket\/#breadcrumb\",\"itemListElement\":[{\"@type\":\"ListItem\",\"position\":1,\"name\":\"Home\",\"item\":\"https:\/\/360photoboothpro.eu\/sv\/\"},{\"@type\":\"ListItem\",\"position\":2,\"name\":\"Butik\",\"item\":\"https:\/\/360photoboothpro.eu\/sv\/shoppa\/\"},{\"@type\":\"ListItem\",\"position\":3,\"name\":\"UPGRADERA till FULLST\u00c4NDIGT PLUG &amp; PLAY-PAKET\"}]},{\"@type\":\"WebSite\",\"@id\":\"https:\/\/360photoboothpro.eu\/sv\/#website\",\"url\":\"https:\/\/360photoboothpro.eu\/sv\/\",\"name\":\"360PhotoBoothPRO\",\"description\":\"360PhotoBoothPRO\",\"publisher\":{\"@id\":\"https:\/\/360photoboothpro.eu\/sv\/#organization\"},\"potentialAction\":[{\"@type\":\"SearchAction\",\"target\":{\"@type\":\"EntryPoint\",\"urlTemplate\":\"https:\/\/360photoboothpro.eu\/sv\/?s={search_term_string}\"},\"query-input\":{\"@type\":\"PropertyValueSpecification\",\"valueRequired\":true,\"valueName\":\"search_term_string\"}}],\"inLanguage\":\"sv-SE\"},{\"@type\":\"Organization\",\"@id\":\"https:\/\/360photoboothpro.eu\/sv\/#organization\",\"name\":\"360PhotoBoothPRO\",\"url\":\"https:\/\/360photoboothpro.eu\/sv\/\",\"logo\":{\"@type\":\"ImageObject\",\"inLanguage\":\"sv-SE\",\"@id\":\"https:\/\/360photoboothpro.eu\/sv\/#\/schema\/logo\/image\/\",\"url\":\"https:\/\/360photoboothpro.eu\/wp-content\/uploads\/2023\/03\/logo-360photoboothpro-favicon.png\",\"contentUrl\":\"https:\/\/360photoboothpro.eu\/wp-content\/uploads\/2023\/03\/logo-360photoboothpro-favicon.png\",\"width\":317,\"height\":317,\"caption\":\"360PhotoBoothPRO\"},\"image\":{\"@id\":\"https:\/\/360photoboothpro.eu\/sv\/#\/schema\/logo\/image\/\"},\"sameAs\":[\"https:\/\/www.facebook.com\/360PhotoBoothPRO.Canada\/\"]}]}<\/script>\n<!-- \/ Yoast SEO plugin. -->","yoast_head_json":{"title":"UPGRADERA till FULLST\u00c4NDIGT PLUG &amp; PLAY-PAKET - 360PhotoBoothPRO","description":"Photo Booth PRO is an online store where you can buy quality UPGRADERA till FULLST\u00c4NDIGT PLUG &amp; PLAY-PAKET at an affordable price. Buy now!","robots":{"index":"index","follow":"follow","max-snippet":"max-snippet:-1","max-image-preview":"max-image-preview:large","max-video-preview":"max-video-preview:-1"},"canonical":"https:\/\/360photoboothpro.eu\/sv\/produkt\/uppgradering-till-full-plug-play-paket\/","og_locale":"sv_SE","og_type":"article","og_title":"UPGRADERA till FULLST\u00c4NDIGT PLUG &amp; PLAY-PAKET - 360PhotoBoothPRO","og_description":"Photo Booth PRO is an online store where you can buy quality UPGRADERA till FULLST\u00c4NDIGT PLUG &amp; PLAY-PAKET at an affordable price. Buy now!","og_url":"https:\/\/360photoboothpro.eu\/sv\/produkt\/uppgradering-till-full-plug-play-paket\/","og_site_name":"360PhotoBoothPRO","article_publisher":"https:\/\/www.facebook.com\/360PhotoBoothPRO.Canada\/","article_modified_time":"2024-12-01T11:17:55+00:00","og_image":[{"url":"https:\/\/360photoboothpro.eu\/wp-content\/uploads\/2024\/02\/360-photo-booth-pro-full-plug-and-play-package-4.jpg"}],"twitter_card":"summary_large_image","twitter_image":"https:\/\/360photoboothpro.eu\/wp-content\/uploads\/2024\/03\/360-video-booth-pro-pachet-full-plug-and-play-1.jpg","twitter_misc":{"Ber\u00e4knad l\u00e4stid":"1 minut"},"schema":{"@context":"https:\/\/schema.org","@graph":[{"@type":"WebPage","@id":"https:\/\/360photoboothpro.eu\/sv\/produkt\/uppgradering-till-full-plug-play-paket\/","url":"https:\/\/360photoboothpro.eu\/sv\/produkt\/uppgradering-till-full-plug-play-paket\/","name":"UPGRADERA till FULLST\u00c4NDIGT PLUG &amp; PLAY-PAKET - 360PhotoBoothPRO","isPartOf":{"@id":"https:\/\/360photoboothpro.eu\/sv\/#website"},"primaryImageOfPage":{"@id":"https:\/\/360photoboothpro.eu\/sv\/produkt\/uppgradering-till-full-plug-play-paket\/#primaryimage"},"image":{"@id":"https:\/\/360photoboothpro.eu\/sv\/produkt\/uppgradering-till-full-plug-play-paket\/#primaryimage"},"thumbnailUrl":"https:\/\/360photoboothpro.eu\/wp-content\/uploads\/2024\/02\/360-photobooth-upgrade-to-full-plug-and-play-package-2024.jpg","datePublished":"2024-02-14T12:51:44+00:00","dateModified":"2024-12-01T11:17:55+00:00","description":"Photo Booth PRO is an online store where you can buy quality UPGRADERA till FULLST\u00c4NDIGT PLUG &amp; PLAY-PAKET at an affordable price. Buy now!","breadcrumb":{"@id":"https:\/\/360photoboothpro.eu\/sv\/produkt\/uppgradering-till-full-plug-play-paket\/#breadcrumb"},"inLanguage":"sv-SE","potentialAction":[{"@type":"ReadAction","target":["https:\/\/360photoboothpro.eu\/sv\/produkt\/uppgradering-till-full-plug-play-paket\/"]}]},{"@type":"ImageObject","inLanguage":"sv-SE","@id":"https:\/\/360photoboothpro.eu\/sv\/produkt\/uppgradering-till-full-plug-play-paket\/#primaryimage","url":"https:\/\/360photoboothpro.eu\/wp-content\/uploads\/2024\/02\/360-photobooth-upgrade-to-full-plug-and-play-package-2024.jpg","contentUrl":"https:\/\/360photoboothpro.eu\/wp-content\/uploads\/2024\/02\/360-photobooth-upgrade-to-full-plug-and-play-package-2024.jpg","width":2000,"height":2000,"caption":"360 photobooth upgrade to full plug and play package"},{"@type":"BreadcrumbList","@id":"https:\/\/360photoboothpro.eu\/sv\/produkt\/uppgradering-till-full-plug-play-paket\/#breadcrumb","itemListElement":[{"@type":"ListItem","position":1,"name":"Home","item":"https:\/\/360photoboothpro.eu\/sv\/"},{"@type":"ListItem","position":2,"name":"Butik","item":"https:\/\/360photoboothpro.eu\/sv\/shoppa\/"},{"@type":"ListItem","position":3,"name":"UPGRADERA till FULLST\u00c4NDIGT PLUG &amp; PLAY-PAKET"}]},{"@type":"WebSite","@id":"https:\/\/360photoboothpro.eu\/sv\/#website","url":"https:\/\/360photoboothpro.eu\/sv\/","name":"360PhotoBoothPRO","description":"360PhotoBoothPRO","publisher":{"@id":"https:\/\/360photoboothpro.eu\/sv\/#organization"},"potentialAction":[{"@type":"SearchAction","target":{"@type":"EntryPoint","urlTemplate":"https:\/\/360photoboothpro.eu\/sv\/?s={search_term_string}"},"query-input":{"@type":"PropertyValueSpecification","valueRequired":true,"valueName":"search_term_string"}}],"inLanguage":"sv-SE"},{"@type":"Organization","@id":"https:\/\/360photoboothpro.eu\/sv\/#organization","name":"360PhotoBoothPRO","url":"https:\/\/360photoboothpro.eu\/sv\/","logo":{"@type":"ImageObject","inLanguage":"sv-SE","@id":"https:\/\/360photoboothpro.eu\/sv\/#\/schema\/logo\/image\/","url":"https:\/\/360photoboothpro.eu\/wp-content\/uploads\/2023\/03\/logo-360photoboothpro-favicon.png","contentUrl":"https:\/\/360photoboothpro.eu\/wp-content\/uploads\/2023\/03\/logo-360photoboothpro-favicon.png","width":317,"height":317,"caption":"360PhotoBoothPRO"},"image":{"@id":"https:\/\/360photoboothpro.eu\/sv\/#\/schema\/logo\/image\/"},"sameAs":["https:\/\/www.facebook.com\/360PhotoBoothPRO.Canada\/"]}]}},"_links":{"self":[{"href":"https:\/\/360photoboothpro.eu\/sv\/wp-json\/wp\/v2\/product\/12600"}],"collection":[{"href":"https:\/\/360photoboothpro.eu\/sv\/wp-json\/wp\/v2\/product"}],"about":[{"href":"https:\/\/360photoboothpro.eu\/sv\/wp-json\/wp\/v2\/types\/product"}],"replies":[{"embeddable":true,"href":"https:\/\/360photoboothpro.eu\/sv\/wp-json\/wp\/v2\/comments?post=12600"}],"wp:featuredmedia":[{"embeddable":true,"href":"https:\/\/360photoboothpro.eu\/sv\/wp-json\/wp\/v2\/media\/14283"}],"wp:attachment":[{"href":"https:\/\/360photoboothpro.eu\/sv\/wp-json\/wp\/v2\/media?parent=12600"}],"wp:term":[{"taxonomy":"product_cat","embeddable":true,"href":"https:\/\/360photoboothpro.eu\/sv\/wp-json\/wp\/v2\/product_cat?post=12600"},{"taxonomy":"product_tag","embeddable":true,"href":"https:\/\/360photoboothpro.eu\/sv\/wp-json\/wp\/v2\/product_tag?post=12600"}],"curies":[{"name":"wp","href":"https:\/\/api.w.org\/{rel}","templated":true}]}}