{"id":7714,"date":"2023-04-12T08:34:05","date_gmt":"2023-04-12T06:34:05","guid":{"rendered":"https:\/\/360photoboothpro.eu\/product\/battery-12v-24v-for-360-photo-booth-platform\/"},"modified":"2024-12-01T12:33:43","modified_gmt":"2024-12-01T10:33:43","slug":"batteri-12v-slash-24v-for-360-photo-booth-platform","status":"publish","type":"product","link":"https:\/\/360photoboothpro.eu\/sv\/produkt\/batteri-12v-slash-24v-for-360-photo-booth-platform\/","title":{"rendered":"BATTERI (12V \/ 24V) f\u00f6r 360 Photo Booth PLATFORM"},"content":{"rendered":"<p>12V \/ 24V BATTERI, 44.800 mAh, f\u00f6r 360 Photo Booth PRO Platform (kan placeras under skivspelaren), som startar motorn i den roterande armen.<\/p>\n<p>Autonomi: 7-8 timmar under idealiska f\u00f6rh\u00e5llanden, testat p\u00e5 v\u00e5ra 360 Video Booths. Detta kan variera beroende p\u00e5 m\u00e5nga faktorer: temperaturen, 360-motorns str\u00f6mf\u00f6rbrukning, kundfrekvensen p\u00e5 360-plattformen, l\u00e4ngden p\u00e5 videoklippen och motoranv\u00e4ndningen etc.<\/p>\n<p>Laddning: 6-8 timmar<\/p>\n","protected":false},"excerpt":{"rendered":"<p>12V \/ 24V BATTERI, 44.800 mAh, f\u00f6r 360 Photo Booth PRO Platform, som startar motorn i den roterande armen. Sj\u00e4lvst\u00e4ndighet: 7-8 timmar. Laddning: 6-8 timmar.<\/p>\n","protected":false},"featured_media":7172,"comment_status":"open","ping_status":"closed","template":"","meta":{"_acf_changed":false},"product_cat":[324],"product_tag":[330],"class_list":{"0":"post-7714","1":"product","2":"type-product","3":"status-publish","4":"has-post-thumbnail","6":"product_cat-tillbehor","7":"product_tag-batteri-for-360-photo-booth","9":"first","10":"instock","11":"taxable","12":"shipping-taxable","13":"purchasable","14":"product-type-simple"},"acf":[],"yoast_head":"<!-- This site is optimized with the Yoast SEO plugin v23.5 - https:\/\/yoast.com\/wordpress\/plugins\/seo\/ -->\n<title>BATTERI (12V \/ 24V) f\u00f6r 360 Photo Booth PLATFORM - 360PhotoBoothPRO<\/title>\n<meta name=\"description\" content=\"Photo Booth PRO is an online store where you can buy quality BATTERI (12V \/ 24V) f\u00f6r 360 Photo Booth PLATFORM at an affordable price. Buy now!\" \/>\n<meta name=\"robots\" content=\"index, follow, max-snippet:-1, max-image-preview:large, max-video-preview:-1\" \/>\n<link rel=\"canonical\" href=\"https:\/\/360photoboothpro.eu\/sv\/produkt\/batteri-12v-slash-24v-for-360-photo-booth-platform\/\" \/>\n<meta property=\"og:locale\" content=\"sv_SE\" \/>\n<meta property=\"og:type\" content=\"article\" \/>\n<meta property=\"og:title\" content=\"BATTERI (12V \/ 24V) f\u00f6r 360 Photo Booth PLATFORM - 360PhotoBoothPRO\" \/>\n<meta property=\"og:description\" content=\"Photo Booth PRO is an online store where you can buy quality BATTERI (12V \/ 24V) f\u00f6r 360 Photo Booth PLATFORM at an affordable price. Buy now!\" \/>\n<meta property=\"og:url\" content=\"https:\/\/360photoboothpro.eu\/sv\/produkt\/batteri-12v-slash-24v-for-360-photo-booth-platform\/\" \/>\n<meta property=\"og:site_name\" content=\"360PhotoBoothPRO\" \/>\n<meta property=\"article:publisher\" content=\"https:\/\/www.facebook.com\/360PhotoBoothPRO.Canada\/\" \/>\n<meta property=\"article:modified_time\" content=\"2024-12-01T10:33:43+00:00\" \/>\n<meta property=\"og:image\" content=\"https:\/\/360photoboothpro.eu\/wp-content\/uploads\/2023\/04\/battery-for-360-photobooth-platform-social.jpg\" \/>\n<meta name=\"twitter:card\" content=\"summary_large_image\" \/>\n<script type=\"application\/ld+json\" class=\"yoast-schema-graph\">{\"@context\":\"https:\/\/schema.org\",\"@graph\":[{\"@type\":\"WebPage\",\"@id\":\"https:\/\/360photoboothpro.eu\/sv\/produkt\/batteri-12v-slash-24v-for-360-photo-booth-platform\/\",\"url\":\"https:\/\/360photoboothpro.eu\/sv\/produkt\/batteri-12v-slash-24v-for-360-photo-booth-platform\/\",\"name\":\"BATTERI (12V \/ 24V) f\u00f6r 360 Photo Booth PLATFORM - 360PhotoBoothPRO\",\"isPartOf\":{\"@id\":\"https:\/\/360photoboothpro.eu\/sv\/#website\"},\"primaryImageOfPage\":{\"@id\":\"https:\/\/360photoboothpro.eu\/sv\/produkt\/batteri-12v-slash-24v-for-360-photo-booth-platform\/#primaryimage\"},\"image\":{\"@id\":\"https:\/\/360photoboothpro.eu\/sv\/produkt\/batteri-12v-slash-24v-for-360-photo-booth-platform\/#primaryimage\"},\"thumbnailUrl\":\"https:\/\/360photoboothpro.eu\/wp-content\/uploads\/2023\/04\/12V-24V-BATTERY-FOR-THE-360-Photo-Booth-PRO-PLATFORM-3.webp\",\"datePublished\":\"2023-04-12T06:34:05+00:00\",\"dateModified\":\"2024-12-01T10:33:43+00:00\",\"description\":\"Photo Booth PRO is an online store where you can buy quality BATTERI (12V \/ 24V) f\u00f6r 360 Photo Booth PLATFORM at an affordable price. Buy now!\",\"breadcrumb\":{\"@id\":\"https:\/\/360photoboothpro.eu\/sv\/produkt\/batteri-12v-slash-24v-for-360-photo-booth-platform\/#breadcrumb\"},\"inLanguage\":\"sv-SE\",\"potentialAction\":[{\"@type\":\"ReadAction\",\"target\":[\"https:\/\/360photoboothpro.eu\/sv\/produkt\/batteri-12v-slash-24v-for-360-photo-booth-platform\/\"]}]},{\"@type\":\"ImageObject\",\"inLanguage\":\"sv-SE\",\"@id\":\"https:\/\/360photoboothpro.eu\/sv\/produkt\/batteri-12v-slash-24v-for-360-photo-booth-platform\/#primaryimage\",\"url\":\"https:\/\/360photoboothpro.eu\/wp-content\/uploads\/2023\/04\/12V-24V-BATTERY-FOR-THE-360-Photo-Booth-PRO-PLATFORM-3.webp\",\"contentUrl\":\"https:\/\/360photoboothpro.eu\/wp-content\/uploads\/2023\/04\/12V-24V-BATTERY-FOR-THE-360-Photo-Booth-PRO-PLATFORM-3.webp\",\"width\":960,\"height\":960,\"caption\":\"12V \/ 24V BATTERY FOR THE 360 Photo Booth PRO PLATFORM\"},{\"@type\":\"BreadcrumbList\",\"@id\":\"https:\/\/360photoboothpro.eu\/sv\/produkt\/batteri-12v-slash-24v-for-360-photo-booth-platform\/#breadcrumb\",\"itemListElement\":[{\"@type\":\"ListItem\",\"position\":1,\"name\":\"Home\",\"item\":\"https:\/\/360photoboothpro.eu\/sv\/\"},{\"@type\":\"ListItem\",\"position\":2,\"name\":\"Butik\",\"item\":\"https:\/\/360photoboothpro.eu\/sv\/shoppa\/\"},{\"@type\":\"ListItem\",\"position\":3,\"name\":\"BATTERI (12V \/ 24V) f\u00f6r 360 Photo Booth PLATFORM\"}]},{\"@type\":\"WebSite\",\"@id\":\"https:\/\/360photoboothpro.eu\/sv\/#website\",\"url\":\"https:\/\/360photoboothpro.eu\/sv\/\",\"name\":\"360PhotoBoothPRO\",\"description\":\"360PhotoBoothPRO\",\"publisher\":{\"@id\":\"https:\/\/360photoboothpro.eu\/sv\/#organization\"},\"potentialAction\":[{\"@type\":\"SearchAction\",\"target\":{\"@type\":\"EntryPoint\",\"urlTemplate\":\"https:\/\/360photoboothpro.eu\/sv\/?s={search_term_string}\"},\"query-input\":{\"@type\":\"PropertyValueSpecification\",\"valueRequired\":true,\"valueName\":\"search_term_string\"}}],\"inLanguage\":\"sv-SE\"},{\"@type\":\"Organization\",\"@id\":\"https:\/\/360photoboothpro.eu\/sv\/#organization\",\"name\":\"360PhotoBoothPRO\",\"url\":\"https:\/\/360photoboothpro.eu\/sv\/\",\"logo\":{\"@type\":\"ImageObject\",\"inLanguage\":\"sv-SE\",\"@id\":\"https:\/\/360photoboothpro.eu\/sv\/#\/schema\/logo\/image\/\",\"url\":\"https:\/\/360photoboothpro.eu\/wp-content\/uploads\/2023\/03\/logo-360photoboothpro-favicon.png\",\"contentUrl\":\"https:\/\/360photoboothpro.eu\/wp-content\/uploads\/2023\/03\/logo-360photoboothpro-favicon.png\",\"width\":317,\"height\":317,\"caption\":\"360PhotoBoothPRO\"},\"image\":{\"@id\":\"https:\/\/360photoboothpro.eu\/sv\/#\/schema\/logo\/image\/\"},\"sameAs\":[\"https:\/\/www.facebook.com\/360PhotoBoothPRO.Canada\/\"]}]}<\/script>\n<!-- \/ Yoast SEO plugin. -->","yoast_head_json":{"title":"BATTERI (12V \/ 24V) f\u00f6r 360 Photo Booth PLATFORM - 360PhotoBoothPRO","description":"Photo Booth PRO is an online store where you can buy quality BATTERI (12V \/ 24V) f\u00f6r 360 Photo Booth PLATFORM at an affordable price. Buy now!","robots":{"index":"index","follow":"follow","max-snippet":"max-snippet:-1","max-image-preview":"max-image-preview:large","max-video-preview":"max-video-preview:-1"},"canonical":"https:\/\/360photoboothpro.eu\/sv\/produkt\/batteri-12v-slash-24v-for-360-photo-booth-platform\/","og_locale":"sv_SE","og_type":"article","og_title":"BATTERI (12V \/ 24V) f\u00f6r 360 Photo Booth PLATFORM - 360PhotoBoothPRO","og_description":"Photo Booth PRO is an online store where you can buy quality BATTERI (12V \/ 24V) f\u00f6r 360 Photo Booth PLATFORM at an affordable price. Buy now!","og_url":"https:\/\/360photoboothpro.eu\/sv\/produkt\/batteri-12v-slash-24v-for-360-photo-booth-platform\/","og_site_name":"360PhotoBoothPRO","article_publisher":"https:\/\/www.facebook.com\/360PhotoBoothPRO.Canada\/","article_modified_time":"2024-12-01T10:33:43+00:00","og_image":[{"url":"https:\/\/360photoboothpro.eu\/wp-content\/uploads\/2023\/04\/battery-for-360-photobooth-platform-social.jpg"}],"twitter_card":"summary_large_image","schema":{"@context":"https:\/\/schema.org","@graph":[{"@type":"WebPage","@id":"https:\/\/360photoboothpro.eu\/sv\/produkt\/batteri-12v-slash-24v-for-360-photo-booth-platform\/","url":"https:\/\/360photoboothpro.eu\/sv\/produkt\/batteri-12v-slash-24v-for-360-photo-booth-platform\/","name":"BATTERI (12V \/ 24V) f\u00f6r 360 Photo Booth PLATFORM - 360PhotoBoothPRO","isPartOf":{"@id":"https:\/\/360photoboothpro.eu\/sv\/#website"},"primaryImageOfPage":{"@id":"https:\/\/360photoboothpro.eu\/sv\/produkt\/batteri-12v-slash-24v-for-360-photo-booth-platform\/#primaryimage"},"image":{"@id":"https:\/\/360photoboothpro.eu\/sv\/produkt\/batteri-12v-slash-24v-for-360-photo-booth-platform\/#primaryimage"},"thumbnailUrl":"https:\/\/360photoboothpro.eu\/wp-content\/uploads\/2023\/04\/12V-24V-BATTERY-FOR-THE-360-Photo-Booth-PRO-PLATFORM-3.webp","datePublished":"2023-04-12T06:34:05+00:00","dateModified":"2024-12-01T10:33:43+00:00","description":"Photo Booth PRO is an online store where you can buy quality BATTERI (12V \/ 24V) f\u00f6r 360 Photo Booth PLATFORM at an affordable price. Buy now!","breadcrumb":{"@id":"https:\/\/360photoboothpro.eu\/sv\/produkt\/batteri-12v-slash-24v-for-360-photo-booth-platform\/#breadcrumb"},"inLanguage":"sv-SE","potentialAction":[{"@type":"ReadAction","target":["https:\/\/360photoboothpro.eu\/sv\/produkt\/batteri-12v-slash-24v-for-360-photo-booth-platform\/"]}]},{"@type":"ImageObject","inLanguage":"sv-SE","@id":"https:\/\/360photoboothpro.eu\/sv\/produkt\/batteri-12v-slash-24v-for-360-photo-booth-platform\/#primaryimage","url":"https:\/\/360photoboothpro.eu\/wp-content\/uploads\/2023\/04\/12V-24V-BATTERY-FOR-THE-360-Photo-Booth-PRO-PLATFORM-3.webp","contentUrl":"https:\/\/360photoboothpro.eu\/wp-content\/uploads\/2023\/04\/12V-24V-BATTERY-FOR-THE-360-Photo-Booth-PRO-PLATFORM-3.webp","width":960,"height":960,"caption":"12V \/ 24V BATTERY FOR THE 360 Photo Booth PRO PLATFORM"},{"@type":"BreadcrumbList","@id":"https:\/\/360photoboothpro.eu\/sv\/produkt\/batteri-12v-slash-24v-for-360-photo-booth-platform\/#breadcrumb","itemListElement":[{"@type":"ListItem","position":1,"name":"Home","item":"https:\/\/360photoboothpro.eu\/sv\/"},{"@type":"ListItem","position":2,"name":"Butik","item":"https:\/\/360photoboothpro.eu\/sv\/shoppa\/"},{"@type":"ListItem","position":3,"name":"BATTERI (12V \/ 24V) f\u00f6r 360 Photo Booth PLATFORM"}]},{"@type":"WebSite","@id":"https:\/\/360photoboothpro.eu\/sv\/#website","url":"https:\/\/360photoboothpro.eu\/sv\/","name":"360PhotoBoothPRO","description":"360PhotoBoothPRO","publisher":{"@id":"https:\/\/360photoboothpro.eu\/sv\/#organization"},"potentialAction":[{"@type":"SearchAction","target":{"@type":"EntryPoint","urlTemplate":"https:\/\/360photoboothpro.eu\/sv\/?s={search_term_string}"},"query-input":{"@type":"PropertyValueSpecification","valueRequired":true,"valueName":"search_term_string"}}],"inLanguage":"sv-SE"},{"@type":"Organization","@id":"https:\/\/360photoboothpro.eu\/sv\/#organization","name":"360PhotoBoothPRO","url":"https:\/\/360photoboothpro.eu\/sv\/","logo":{"@type":"ImageObject","inLanguage":"sv-SE","@id":"https:\/\/360photoboothpro.eu\/sv\/#\/schema\/logo\/image\/","url":"https:\/\/360photoboothpro.eu\/wp-content\/uploads\/2023\/03\/logo-360photoboothpro-favicon.png","contentUrl":"https:\/\/360photoboothpro.eu\/wp-content\/uploads\/2023\/03\/logo-360photoboothpro-favicon.png","width":317,"height":317,"caption":"360PhotoBoothPRO"},"image":{"@id":"https:\/\/360photoboothpro.eu\/sv\/#\/schema\/logo\/image\/"},"sameAs":["https:\/\/www.facebook.com\/360PhotoBoothPRO.Canada\/"]}]}},"_links":{"self":[{"href":"https:\/\/360photoboothpro.eu\/sv\/wp-json\/wp\/v2\/product\/7714"}],"collection":[{"href":"https:\/\/360photoboothpro.eu\/sv\/wp-json\/wp\/v2\/product"}],"about":[{"href":"https:\/\/360photoboothpro.eu\/sv\/wp-json\/wp\/v2\/types\/product"}],"replies":[{"embeddable":true,"href":"https:\/\/360photoboothpro.eu\/sv\/wp-json\/wp\/v2\/comments?post=7714"}],"wp:featuredmedia":[{"embeddable":true,"href":"https:\/\/360photoboothpro.eu\/sv\/wp-json\/wp\/v2\/media\/7172"}],"wp:attachment":[{"href":"https:\/\/360photoboothpro.eu\/sv\/wp-json\/wp\/v2\/media?parent=7714"}],"wp:term":[{"taxonomy":"product_cat","embeddable":true,"href":"https:\/\/360photoboothpro.eu\/sv\/wp-json\/wp\/v2\/product_cat?post=7714"},{"taxonomy":"product_tag","embeddable":true,"href":"https:\/\/360photoboothpro.eu\/sv\/wp-json\/wp\/v2\/product_tag?post=7714"}],"curies":[{"name":"wp","href":"https:\/\/api.w.org\/{rel}","templated":true}]}}