{"id":7781,"date":"2023-04-12T08:09:35","date_gmt":"2023-04-12T06:09:35","guid":{"rendered":"https:\/\/360photoboothpro.eu\/?post_type=product&#038;p=7781"},"modified":"2025-06-08T09:11:24","modified_gmt":"2025-06-08T07:11:24","slug":"set-of-2-x-24w-ledda-lampor-med-stativ-for-foto-studio","status":"publish","type":"product","link":"https:\/\/360photoboothpro.eu\/sv\/produkt\/set-of-2-x-24w-ledda-lampor-med-stativ-for-foto-studio\/","title":{"rendered":"Set med 2 x 24W LED-lampor, med stativ, f\u00f6r fotostudio"},"content":{"rendered":"<p>Den h\u00e4r produkten kan endast k\u00f6pas tillsammans med en av 360-plattformarna i den h\u00e4r kategorin: <a href=\"https:\/\/360photoboothpro.eu\/sv\/produkt-kategori\/360-photo-booth-platforms-sv\/\">360 Photo Booth-plattformar<\/a><\/p>\n<p>Set med 2 x 24W LED-lampor, med stativ, f\u00f6r fotostudio<\/p>\n","protected":false},"excerpt":{"rendered":"<p>Den h\u00e4r produkten kan endast k\u00f6pas tillsammans med en av 360-plattformarna i den h\u00e4r kategorin: <a href=\"https:\/\/360photoboothpro.eu\/product-category\/360-video-booth-platforms\/\">360 Photo Booth-plattformar<\/a><\/p>\n","protected":false},"featured_media":7109,"comment_status":"open","ping_status":"closed","template":"","meta":{"_acf_changed":false},"product_cat":[324],"product_tag":[440,438,435,439,441,436,434,443,444,437,442,445],"class_list":{"0":"post-7781","1":"product","2":"type-product","3":"status-publish","4":"has-post-thumbnail","6":"product_cat-tillbehor","7":"product_tag-360-fotobas-till-salu","8":"product_tag-360-graders-fotoautomat","9":"product_tag-360-monter-till-salu","10":"product_tag-360-photo-booth-sv","11":"product_tag-360-selfie-bas","12":"product_tag-360-kamera-monter","13":"product_tag-360-monter","14":"product_tag-360-videobas","15":"product_tag-360-videobas-till-salu","16":"product_tag-fotobas-med-360-kamera","17":"product_tag-fotobas-med-360-spinn","18":"product_tag-roterande-fotoautomat","20":"first","21":"outofstock","22":"taxable","23":"shipping-taxable","24":"purchasable","25":"product-type-simple"},"acf":[],"yoast_head":"<!-- This site is optimized with the Yoast SEO plugin v23.5 - https:\/\/yoast.com\/wordpress\/plugins\/seo\/ -->\n<title>Set med 2 x 24W LED-lampor, med stativ, f\u00f6r fotostudio - 360PhotoBoothPRO<\/title>\n<meta name=\"description\" content=\"Photo Booth PRO is an online store where you can buy quality Set med 2 x 24W LED-lampor, med stativ, f\u00f6r fotostudio at an affordable price. Buy now!\" \/>\n<meta name=\"robots\" content=\"index, follow, max-snippet:-1, max-image-preview:large, max-video-preview:-1\" \/>\n<link rel=\"canonical\" href=\"https:\/\/360photoboothpro.eu\/sv\/produkt\/set-of-2-x-24w-ledda-lampor-med-stativ-for-foto-studio\/\" \/>\n<meta property=\"og:locale\" content=\"sv_SE\" \/>\n<meta property=\"og:type\" content=\"article\" \/>\n<meta property=\"og:title\" content=\"Set med 2 x 24W LED-lampor, med stativ, f\u00f6r fotostudio - 360PhotoBoothPRO\" \/>\n<meta property=\"og:description\" content=\"Photo Booth PRO is an online store where you can buy quality Set med 2 x 24W LED-lampor, med stativ, f\u00f6r fotostudio at an affordable price. Buy now!\" \/>\n<meta property=\"og:url\" content=\"https:\/\/360photoboothpro.eu\/sv\/produkt\/set-of-2-x-24w-ledda-lampor-med-stativ-for-foto-studio\/\" \/>\n<meta property=\"og:site_name\" content=\"360PhotoBoothPRO\" \/>\n<meta property=\"article:publisher\" content=\"https:\/\/www.facebook.com\/360PhotoBoothPRO.Canada\/\" \/>\n<meta property=\"article:modified_time\" content=\"2025-06-08T07:11:24+00:00\" \/>\n<meta property=\"og:image\" content=\"https:\/\/360photoboothpro.eu\/wp-content\/uploads\/2023\/04\/set-2-led-lights-with-tripod-social.jpg\" \/>\n<meta name=\"twitter:card\" content=\"summary_large_image\" \/>\n<meta name=\"twitter:label1\" content=\"Ber\u00e4knad l\u00e4stid\" \/>\n\t<meta name=\"twitter:data1\" content=\"1 minut\" \/>\n<script type=\"application\/ld+json\" class=\"yoast-schema-graph\">{\"@context\":\"https:\/\/schema.org\",\"@graph\":[{\"@type\":\"WebPage\",\"@id\":\"https:\/\/360photoboothpro.eu\/sv\/produkt\/set-of-2-x-24w-ledda-lampor-med-stativ-for-foto-studio\/\",\"url\":\"https:\/\/360photoboothpro.eu\/sv\/produkt\/set-of-2-x-24w-ledda-lampor-med-stativ-for-foto-studio\/\",\"name\":\"Set med 2 x 24W LED-lampor, med stativ, f\u00f6r fotostudio - 360PhotoBoothPRO\",\"isPartOf\":{\"@id\":\"https:\/\/360photoboothpro.eu\/sv\/#website\"},\"primaryImageOfPage\":{\"@id\":\"https:\/\/360photoboothpro.eu\/sv\/produkt\/set-of-2-x-24w-ledda-lampor-med-stativ-for-foto-studio\/#primaryimage\"},\"image\":{\"@id\":\"https:\/\/360photoboothpro.eu\/sv\/produkt\/set-of-2-x-24w-ledda-lampor-med-stativ-for-foto-studio\/#primaryimage\"},\"thumbnailUrl\":\"https:\/\/360photoboothpro.eu\/wp-content\/uploads\/2023\/04\/Set-of-2-24W-LED-lights-with-tripod-for-photo-studio.webp\",\"datePublished\":\"2023-04-12T06:09:35+00:00\",\"dateModified\":\"2025-06-08T07:11:24+00:00\",\"description\":\"Photo Booth PRO is an online store where you can buy quality Set med 2 x 24W LED-lampor, med stativ, f\u00f6r fotostudio at an affordable price. Buy now!\",\"breadcrumb\":{\"@id\":\"https:\/\/360photoboothpro.eu\/sv\/produkt\/set-of-2-x-24w-ledda-lampor-med-stativ-for-foto-studio\/#breadcrumb\"},\"inLanguage\":\"sv-SE\",\"potentialAction\":[{\"@type\":\"ReadAction\",\"target\":[\"https:\/\/360photoboothpro.eu\/sv\/produkt\/set-of-2-x-24w-ledda-lampor-med-stativ-for-foto-studio\/\"]}]},{\"@type\":\"ImageObject\",\"inLanguage\":\"sv-SE\",\"@id\":\"https:\/\/360photoboothpro.eu\/sv\/produkt\/set-of-2-x-24w-ledda-lampor-med-stativ-for-foto-studio\/#primaryimage\",\"url\":\"https:\/\/360photoboothpro.eu\/wp-content\/uploads\/2023\/04\/Set-of-2-24W-LED-lights-with-tripod-for-photo-studio.webp\",\"contentUrl\":\"https:\/\/360photoboothpro.eu\/wp-content\/uploads\/2023\/04\/Set-of-2-24W-LED-lights-with-tripod-for-photo-studio.webp\",\"width\":960,\"height\":960,\"caption\":\"Set of 2 x 24W LED lights, with tripod, for photo studio\"},{\"@type\":\"BreadcrumbList\",\"@id\":\"https:\/\/360photoboothpro.eu\/sv\/produkt\/set-of-2-x-24w-ledda-lampor-med-stativ-for-foto-studio\/#breadcrumb\",\"itemListElement\":[{\"@type\":\"ListItem\",\"position\":1,\"name\":\"Home\",\"item\":\"https:\/\/360photoboothpro.eu\/sv\/\"},{\"@type\":\"ListItem\",\"position\":2,\"name\":\"Butik\",\"item\":\"https:\/\/360photoboothpro.eu\/sv\/shoppa\/\"},{\"@type\":\"ListItem\",\"position\":3,\"name\":\"Set med 2 x 24W LED-lampor, med stativ, f\u00f6r fotostudio\"}]},{\"@type\":\"WebSite\",\"@id\":\"https:\/\/360photoboothpro.eu\/sv\/#website\",\"url\":\"https:\/\/360photoboothpro.eu\/sv\/\",\"name\":\"360PhotoBoothPRO\",\"description\":\"360PhotoBoothPRO\",\"publisher\":{\"@id\":\"https:\/\/360photoboothpro.eu\/sv\/#organization\"},\"potentialAction\":[{\"@type\":\"SearchAction\",\"target\":{\"@type\":\"EntryPoint\",\"urlTemplate\":\"https:\/\/360photoboothpro.eu\/sv\/?s={search_term_string}\"},\"query-input\":{\"@type\":\"PropertyValueSpecification\",\"valueRequired\":true,\"valueName\":\"search_term_string\"}}],\"inLanguage\":\"sv-SE\"},{\"@type\":\"Organization\",\"@id\":\"https:\/\/360photoboothpro.eu\/sv\/#organization\",\"name\":\"360PhotoBoothPRO\",\"url\":\"https:\/\/360photoboothpro.eu\/sv\/\",\"logo\":{\"@type\":\"ImageObject\",\"inLanguage\":\"sv-SE\",\"@id\":\"https:\/\/360photoboothpro.eu\/sv\/#\/schema\/logo\/image\/\",\"url\":\"https:\/\/360photoboothpro.eu\/wp-content\/uploads\/2023\/03\/logo-360photoboothpro-favicon.png\",\"contentUrl\":\"https:\/\/360photoboothpro.eu\/wp-content\/uploads\/2023\/03\/logo-360photoboothpro-favicon.png\",\"width\":317,\"height\":317,\"caption\":\"360PhotoBoothPRO\"},\"image\":{\"@id\":\"https:\/\/360photoboothpro.eu\/sv\/#\/schema\/logo\/image\/\"},\"sameAs\":[\"https:\/\/www.facebook.com\/360PhotoBoothPRO.Canada\/\"]}]}<\/script>\n<!-- \/ Yoast SEO plugin. -->","yoast_head_json":{"title":"Set med 2 x 24W LED-lampor, med stativ, f\u00f6r fotostudio - 360PhotoBoothPRO","description":"Photo Booth PRO is an online store where you can buy quality Set med 2 x 24W LED-lampor, med stativ, f\u00f6r fotostudio at an affordable price. Buy now!","robots":{"index":"index","follow":"follow","max-snippet":"max-snippet:-1","max-image-preview":"max-image-preview:large","max-video-preview":"max-video-preview:-1"},"canonical":"https:\/\/360photoboothpro.eu\/sv\/produkt\/set-of-2-x-24w-ledda-lampor-med-stativ-for-foto-studio\/","og_locale":"sv_SE","og_type":"article","og_title":"Set med 2 x 24W LED-lampor, med stativ, f\u00f6r fotostudio - 360PhotoBoothPRO","og_description":"Photo Booth PRO is an online store where you can buy quality Set med 2 x 24W LED-lampor, med stativ, f\u00f6r fotostudio at an affordable price. Buy now!","og_url":"https:\/\/360photoboothpro.eu\/sv\/produkt\/set-of-2-x-24w-ledda-lampor-med-stativ-for-foto-studio\/","og_site_name":"360PhotoBoothPRO","article_publisher":"https:\/\/www.facebook.com\/360PhotoBoothPRO.Canada\/","article_modified_time":"2025-06-08T07:11:24+00:00","og_image":[{"url":"https:\/\/360photoboothpro.eu\/wp-content\/uploads\/2023\/04\/set-2-led-lights-with-tripod-social.jpg"}],"twitter_card":"summary_large_image","twitter_misc":{"Ber\u00e4knad l\u00e4stid":"1 minut"},"schema":{"@context":"https:\/\/schema.org","@graph":[{"@type":"WebPage","@id":"https:\/\/360photoboothpro.eu\/sv\/produkt\/set-of-2-x-24w-ledda-lampor-med-stativ-for-foto-studio\/","url":"https:\/\/360photoboothpro.eu\/sv\/produkt\/set-of-2-x-24w-ledda-lampor-med-stativ-for-foto-studio\/","name":"Set med 2 x 24W LED-lampor, med stativ, f\u00f6r fotostudio - 360PhotoBoothPRO","isPartOf":{"@id":"https:\/\/360photoboothpro.eu\/sv\/#website"},"primaryImageOfPage":{"@id":"https:\/\/360photoboothpro.eu\/sv\/produkt\/set-of-2-x-24w-ledda-lampor-med-stativ-for-foto-studio\/#primaryimage"},"image":{"@id":"https:\/\/360photoboothpro.eu\/sv\/produkt\/set-of-2-x-24w-ledda-lampor-med-stativ-for-foto-studio\/#primaryimage"},"thumbnailUrl":"https:\/\/360photoboothpro.eu\/wp-content\/uploads\/2023\/04\/Set-of-2-24W-LED-lights-with-tripod-for-photo-studio.webp","datePublished":"2023-04-12T06:09:35+00:00","dateModified":"2025-06-08T07:11:24+00:00","description":"Photo Booth PRO is an online store where you can buy quality Set med 2 x 24W LED-lampor, med stativ, f\u00f6r fotostudio at an affordable price. Buy now!","breadcrumb":{"@id":"https:\/\/360photoboothpro.eu\/sv\/produkt\/set-of-2-x-24w-ledda-lampor-med-stativ-for-foto-studio\/#breadcrumb"},"inLanguage":"sv-SE","potentialAction":[{"@type":"ReadAction","target":["https:\/\/360photoboothpro.eu\/sv\/produkt\/set-of-2-x-24w-ledda-lampor-med-stativ-for-foto-studio\/"]}]},{"@type":"ImageObject","inLanguage":"sv-SE","@id":"https:\/\/360photoboothpro.eu\/sv\/produkt\/set-of-2-x-24w-ledda-lampor-med-stativ-for-foto-studio\/#primaryimage","url":"https:\/\/360photoboothpro.eu\/wp-content\/uploads\/2023\/04\/Set-of-2-24W-LED-lights-with-tripod-for-photo-studio.webp","contentUrl":"https:\/\/360photoboothpro.eu\/wp-content\/uploads\/2023\/04\/Set-of-2-24W-LED-lights-with-tripod-for-photo-studio.webp","width":960,"height":960,"caption":"Set of 2 x 24W LED lights, with tripod, for photo studio"},{"@type":"BreadcrumbList","@id":"https:\/\/360photoboothpro.eu\/sv\/produkt\/set-of-2-x-24w-ledda-lampor-med-stativ-for-foto-studio\/#breadcrumb","itemListElement":[{"@type":"ListItem","position":1,"name":"Home","item":"https:\/\/360photoboothpro.eu\/sv\/"},{"@type":"ListItem","position":2,"name":"Butik","item":"https:\/\/360photoboothpro.eu\/sv\/shoppa\/"},{"@type":"ListItem","position":3,"name":"Set med 2 x 24W LED-lampor, med stativ, f\u00f6r fotostudio"}]},{"@type":"WebSite","@id":"https:\/\/360photoboothpro.eu\/sv\/#website","url":"https:\/\/360photoboothpro.eu\/sv\/","name":"360PhotoBoothPRO","description":"360PhotoBoothPRO","publisher":{"@id":"https:\/\/360photoboothpro.eu\/sv\/#organization"},"potentialAction":[{"@type":"SearchAction","target":{"@type":"EntryPoint","urlTemplate":"https:\/\/360photoboothpro.eu\/sv\/?s={search_term_string}"},"query-input":{"@type":"PropertyValueSpecification","valueRequired":true,"valueName":"search_term_string"}}],"inLanguage":"sv-SE"},{"@type":"Organization","@id":"https:\/\/360photoboothpro.eu\/sv\/#organization","name":"360PhotoBoothPRO","url":"https:\/\/360photoboothpro.eu\/sv\/","logo":{"@type":"ImageObject","inLanguage":"sv-SE","@id":"https:\/\/360photoboothpro.eu\/sv\/#\/schema\/logo\/image\/","url":"https:\/\/360photoboothpro.eu\/wp-content\/uploads\/2023\/03\/logo-360photoboothpro-favicon.png","contentUrl":"https:\/\/360photoboothpro.eu\/wp-content\/uploads\/2023\/03\/logo-360photoboothpro-favicon.png","width":317,"height":317,"caption":"360PhotoBoothPRO"},"image":{"@id":"https:\/\/360photoboothpro.eu\/sv\/#\/schema\/logo\/image\/"},"sameAs":["https:\/\/www.facebook.com\/360PhotoBoothPRO.Canada\/"]}]}},"_links":{"self":[{"href":"https:\/\/360photoboothpro.eu\/sv\/wp-json\/wp\/v2\/product\/7781"}],"collection":[{"href":"https:\/\/360photoboothpro.eu\/sv\/wp-json\/wp\/v2\/product"}],"about":[{"href":"https:\/\/360photoboothpro.eu\/sv\/wp-json\/wp\/v2\/types\/product"}],"replies":[{"embeddable":true,"href":"https:\/\/360photoboothpro.eu\/sv\/wp-json\/wp\/v2\/comments?post=7781"}],"wp:featuredmedia":[{"embeddable":true,"href":"https:\/\/360photoboothpro.eu\/sv\/wp-json\/wp\/v2\/media\/7109"}],"wp:attachment":[{"href":"https:\/\/360photoboothpro.eu\/sv\/wp-json\/wp\/v2\/media?parent=7781"}],"wp:term":[{"taxonomy":"product_cat","embeddable":true,"href":"https:\/\/360photoboothpro.eu\/sv\/wp-json\/wp\/v2\/product_cat?post=7781"},{"taxonomy":"product_tag","embeddable":true,"href":"https:\/\/360photoboothpro.eu\/sv\/wp-json\/wp\/v2\/product_tag?post=7781"}],"curies":[{"name":"wp","href":"https:\/\/api.w.org\/{rel}","templated":true}]}}