{"id":9061,"date":"2023-04-11T11:18:04","date_gmt":"2023-04-11T09:18:04","guid":{"rendered":"https:\/\/360photoboothpro.eu\/product\/360-photo-booth-pro-80-cm-automatic-metal-round-shape-360-camera-booth-360-video-booth\/"},"modified":"2025-09-25T15:55:13","modified_gmt":"2025-09-25T13:55:13","slug":"360-photo-booth-pro-80-cm-automatic-metal-round-shape-360-camera-booth-360-video-booth","status":"publish","type":"product","link":"https:\/\/360photoboothpro.eu\/sv\/produkt\/360-photo-booth-pro-80-cm-automatic-metal-round-shape-360-camera-booth-360-video-booth\/","title":{"rendered":"360 Photo Booth PRO &#8211; 80cm AUTOMATIC Metal Round Shape (360 kamera b\u00e5s, 360 video b\u00e5s)"},"content":{"rendered":"<p id=\"tw-target-text\" class=\"tw-data-text tw-text-large tw-ta\" dir=\"ltr\" data-placeholder=\"Traducere\"><span class=\"Y2IQFc\" lang=\"en\">360 Photo Booth PRO 80cm till salu (vi tillhandah\u00e5ller tekniskt st\u00f6d f\u00f6r idrifttagning).<\/span><\/p>\n<p><span class=\"Y2IQFc\" lang=\"en\">STANDARDPLATTFORM: 360 Photo Booth PRO-plattform: se detaljerad BESKRIVNING.<\/span><\/p>\n<p>&nbsp;<\/p>\n<p id=\"tw-target-text\" class=\"tw-data-text tw-text-large tw-ta\" dir=\"ltr\" data-placeholder=\"Traducere\"><span class=\"Y2IQFc\" lang=\"en\">I STANDARDPAKET inneh\u00e5ller 360 Photo Booth PRO &#8211; 80 cm automatisk rund metallform (DIAMETER 80 cm\/KAPACITET 1-3 PERSONER, maximalt 450 kg\/ VIKT 25,9 kg):<\/span><\/p>\n<style>.elementor-8980 .elementor-element.elementor-element-b8e0d4b .elementor-icon-list-items:not(.elementor-inline-items) .elementor-icon-list-item:not(:last-child){padding-bottom:calc(10px\/2);}.elementor-8980 .elementor-element.elementor-element-b8e0d4b .elementor-icon-list-items:not(.elementor-inline-items) .elementor-icon-list-item:not(:first-child){margin-top:calc(10px\/2);}.elementor-8980 .elementor-element.elementor-element-b8e0d4b .elementor-icon-list-items.elementor-inline-items .elementor-icon-list-item{margin-right:calc(10px\/2);margin-left:calc(10px\/2);}.elementor-8980 .elementor-element.elementor-element-b8e0d4b .elementor-icon-list-items.elementor-inline-items{margin-right:calc(-10px\/2);margin-left:calc(-10px\/2);}body.rtl .elementor-8980 .elementor-element.elementor-element-b8e0d4b .elementor-icon-list-items.elementor-inline-items .elementor-icon-list-item:after{left:calc(-10px\/2);}body:not(.rtl) .elementor-8980 .elementor-element.elementor-element-b8e0d4b .elementor-icon-list-items.elementor-inline-items .elementor-icon-list-item:after{right:calc(-10px\/2);}.elementor-8980 .elementor-element.elementor-element-b8e0d4b .elementor-icon-list-icon i{color:#61CE70;transition:color 0.3s;}.elementor-8980 .elementor-element.elementor-element-b8e0d4b .elementor-icon-list-icon svg{fill:#61CE70;transition:fill 0.3s;}.elementor-8980 .elementor-element.elementor-element-b8e0d4b .elementor-icon-list-item:hover .elementor-icon-list-icon i{color:#6EC1E4;}.elementor-8980 .elementor-element.elementor-element-b8e0d4b .elementor-icon-list-item:hover .elementor-icon-list-icon svg{fill:#6EC1E4;}.elementor-8980 .elementor-element.elementor-element-b8e0d4b{--e-icon-list-icon-size:29px;--icon-vertical-offset:0px;}.elementor-8980 .elementor-element.elementor-element-b8e0d4b .elementor-icon-list-text{transition:color 0.3s;}<\/style><div class=\"porto-block elementor elementor-8980\" data-id=\"8980\">\t\t<section class=\"elementor-section elementor-top-section elementor-element elementor-element-11652cb elementor-section-boxed elementor-section-height-default elementor-section-height-default\" data-id=\"11652cb\" data-element_type=\"section\">\r\n\t\t\r\n\t\t\t\t\t\t\t<div class=\"elementor-container elementor-column-gap-default\">\r\n\t\t\t\t\t\t\t\t\t\t\t<div class=\"elementor-column elementor-col-100 elementor-top-column elementor-element elementor-element-d6a5b4c\" data-id=\"d6a5b4c\" data-element_type=\"column\">\r\n\t\t\t\t\t<div class=\"elementor-widget-wrap elementor-element-populated\">\r\n\t\t\t\t\t\t\t\t<div class=\"elementor-element elementor-element-b8e0d4b elementor-icon-list--layout-traditional elementor-list-item-link-full_width elementor-widget elementor-widget-icon-list\" data-id=\"b8e0d4b\" data-element_type=\"widget\" data-widget_type=\"icon-list.default\">\n\t\t\t\t<div class=\"elementor-widget-container\">\n\t\t\t\t\t<ul class=\"elementor-icon-list-items\">\n\t\t\t\t\t\t\t<li class=\"elementor-icon-list-item\">\n\t\t\t\t\t\t\t\t\t\t\t<span class=\"elementor-icon-list-icon\">\n\t\t\t\t\t\t\t<i aria-hidden=\"true\" class=\"fas fa-check\"><\/i>\t\t\t\t\t\t<\/span>\n\t\t\t\t\t\t\t\t\t\t<span class=\"elementor-icon-list-text\">METALLPLATFORM av h\u00f6gsta kvalitet, rund form, H\u00d6GD 16 cm, tillverkad med st\u00f6rsta m\u00f6jliga omsorg om detaljerna, CAD-designad, laserskuren och monterad f\u00f6r hand. Alla elektroniska element \u00e4r inkapslade f\u00f6r att skydda och s\u00e4kra driften. Plattformens motst\u00e5ndskonstruktion \u00e4r tillverkad av metallprofiler, vilket ger den en h\u00f6g belastningsbest\u00e4ndighet. Ovansidan \u00e4r av metall och \u00e4r mycket motst\u00e5ndskraftig.<\/span>\n\t\t\t\t\t\t\t\t\t<\/li>\n\t\t\t\t\t\t\t\t<li class=\"elementor-icon-list-item\">\n\t\t\t\t\t\t\t\t\t\t\t<span class=\"elementor-icon-list-icon\">\n\t\t\t\t\t\t\t<i aria-hidden=\"true\" class=\"fas fa-check\"><\/i>\t\t\t\t\t\t<\/span>\n\t\t\t\t\t\t\t\t\t\t<span class=\"elementor-icon-list-text\">Metallisk motor av industriell typ med remtransmission, som \u00e4r utrustad med ett system f\u00f6r att f\u00f6rhindra slirning. Dessutom \u00e4r motorn skyddad mot st\u00f6tar (om den roterande armen tr\u00e4ffar ett hinder).<\/span>\n\t\t\t\t\t\t\t\t\t<\/li>\n\t\t\t\t\t\t\t\t<li class=\"elementor-icon-list-item\">\n\t\t\t\t\t\t\t\t\t\t\t<span class=\"elementor-icon-list-icon\">\n\t\t\t\t\t\t\t<i aria-hidden=\"true\" class=\"fas fa-check\"><\/i>\t\t\t\t\t\t<\/span>\n\t\t\t\t\t\t\t\t\t\t<span class=\"elementor-icon-list-text\">Mycket motst\u00e5ndskraftig roterande arm, tillverkad av metallprofiler, med fj\u00e4rrkontroll (2 stycken), som har l\u00e5ngsam start, justerbar hastighet (5 hastighetssteg) och m\u00f6jlighet att \u00e4ndra rotationsriktningen. Den motordrivna armen \u00e4r ocks\u00e5 justerbar i h\u00f6jd (mellan 130-190 cm) och har en justerbar inklusionsvinkel (mellan 45 och 135 grader). I denna justerbara version kan plattformen anv\u00e4ndas av b\u00e5de barn och vuxna.<\/span>\n\t\t\t\t\t\t\t\t\t<\/li>\n\t\t\t\t\t\t\t\t<li class=\"elementor-icon-list-item\">\n\t\t\t\t\t\t\t\t\t\t\t<span class=\"elementor-icon-list-icon\">\n\t\t\t\t\t\t\t<i aria-hidden=\"true\" class=\"fas fa-check\"><\/i>\t\t\t\t\t\t<\/span>\n\t\t\t\t\t\t\t\t\t\t<span class=\"elementor-icon-list-text\">Batteri SUPPORT;<\/span>\n\t\t\t\t\t\t\t\t\t<\/li>\n\t\t\t\t\t\t\t\t<li class=\"elementor-icon-list-item\">\n\t\t\t\t\t\t\t\t\t\t\t<span class=\"elementor-icon-list-icon\">\n\t\t\t\t\t\t\t<i aria-hidden=\"true\" class=\"fas fa-check\"><\/i>\t\t\t\t\t\t<\/span>\n\t\t\t\t\t\t\t\t\t\t<span class=\"elementor-icon-list-text\">iPhone +iPad +GoPro +DSLR SUPPORT;<\/span>\n\t\t\t\t\t\t\t\t\t<\/li>\n\t\t\t\t\t\t\t\t<li class=\"elementor-icon-list-item\">\n\t\t\t\t\t\t\t\t\t\t\t<span class=\"elementor-icon-list-icon\">\n\t\t\t\t\t\t\t<i aria-hidden=\"true\" class=\"fas fa-check\"><\/i>\t\t\t\t\t\t<\/span>\n\t\t\t\t\t\t\t\t\t\t<span class=\"elementor-icon-list-text\">Professionell ringlampa (ytterdiameter 30 cm, innerdiameter 23,5 cm, ringtjocklek 3,25 cm), utrustad med en knapp f\u00f6r justering av ljusintensiteten (10 intensitetsniv\u00e5er), med en effekt p\u00e5 10 W, som har justerbar f\u00e4rgtemperatur (mellan 3000 och 6500 grader Kelvin) och som avger b\u00e5de varmt ljus, normalt ljus och kallt ljus. De 184 lysdioderna (144 STANDARD LED + 40 MAGIC LED) avger 16 grundf\u00e4rger och 17 RGB EFFEKTMODER. Lampan har en 180 graders justerbar ring och USB-kabeln \u00e4r 2 meter l\u00e5ng.<\/span>\n\t\t\t\t\t\t\t\t\t<\/li>\n\t\t\t\t\t\t\t\t<li class=\"elementor-icon-list-item\">\n\t\t\t\t\t\t\t\t\t\t\t<span class=\"elementor-icon-list-icon\">\n\t\t\t\t\t\t\t<i aria-hidden=\"true\" class=\"fas fa-check\"><\/i>\t\t\t\t\t\t<\/span>\n\t\t\t\t\t\t\t\t\t\t<span class=\"elementor-icon-list-text\">ADAPTER och STR\u00d6MKABEL (l\u00e4ngd 2 meter);<\/span>\n\t\t\t\t\t\t\t\t\t<\/li>\n\t\t\t\t\t\t\t\t<li class=\"elementor-icon-list-item\">\n\t\t\t\t\t\t\t\t\t\t\t<span class=\"elementor-icon-list-icon\">\n\t\t\t\t\t\t\t<i aria-hidden=\"true\" class=\"fas fa-check\"><\/i>\t\t\t\t\t\t<\/span>\n\t\t\t\t\t\t\t\t\t\t<span class=\"elementor-icon-list-text\">RGB LED AMBIENT LIGHTING SYSTEM, placerat vid plattformens bas, motst\u00e5ndskraftigt mot fukt, vars f\u00e4rger kan v\u00e4ljas fr\u00e5n fj\u00e4rrkontrollen. Med hj\u00e4lp av denna ledremsa kan plattformen enkelt passa in i en evenemangsmilj\u00f6.<\/span>\n\t\t\t\t\t\t\t\t\t<\/li>\n\t\t\t\t\t\t\t\t<li class=\"elementor-icon-list-item\">\n\t\t\t\t\t\t\t\t\t\t\t<span class=\"elementor-icon-list-icon\">\n\t\t\t\t\t\t\t<i aria-hidden=\"true\" class=\"fas fa-check\"><\/i>\t\t\t\t\t\t<\/span>\n\t\t\t\t\t\t\t\t\t\t<span class=\"elementor-icon-list-text\">St\u00f6d f\u00f6r justering av h\u00f6jden \u00e4r fast monterade vid plattformens bas, vilket \u00f6kar stabiliteten och s\u00e4kerheten. F\u00f6r att undvika instabilitet \u00e4r det naturligtvis n\u00f6dv\u00e4ndigt att ytan som plattformen placeras p\u00e5 \u00e4r rak och utan oj\u00e4mnheter (en kontroll av ytan d\u00e4r plattformen ska placeras \u00e4r alltid n\u00f6dv\u00e4ndig).<\/span>\n\t\t\t\t\t\t\t\t\t<\/li>\n\t\t\t\t\t\t\t\t<li class=\"elementor-icon-list-item\">\n\t\t\t\t\t\t\t\t\t\t\t<span class=\"elementor-icon-list-icon\">\n\t\t\t\t\t\t\t<i aria-hidden=\"true\" class=\"fas fa-check\"><\/i>\t\t\t\t\t\t<\/span>\n\t\t\t\t\t\t\t\t\t\t<span class=\"elementor-icon-list-text\">Anpassning av plattformen genom laminerat klister med logotyp och dina uppgifter;<\/span>\n\t\t\t\t\t\t\t\t\t<\/li>\n\t\t\t\t\t\t\t\t<li class=\"elementor-icon-list-item\">\n\t\t\t\t\t\t\t\t\t\t\t<span class=\"elementor-icon-list-icon\">\n\t\t\t\t\t\t\t<i aria-hidden=\"true\" class=\"fas fa-check\"><\/i>\t\t\t\t\t\t<\/span>\n\t\t\t\t\t\t\t\t\t\t<span class=\"elementor-icon-list-text\">TRANSPARENT SKYDD av PVC f\u00f6r laminerade klisterm\u00e4rken med logotyp;<\/span>\n\t\t\t\t\t\t\t\t\t<\/li>\n\t\t\t\t\t\t\t\t<li class=\"elementor-icon-list-item\">\n\t\t\t\t\t\t\t\t\t\t\t<span class=\"elementor-icon-list-icon\">\n\t\t\t\t\t\t\t<i aria-hidden=\"true\" class=\"fas fa-check\"><\/i>\t\t\t\t\t\t<\/span>\n\t\t\t\t\t\t\t\t\t\t<span class=\"elementor-icon-list-text\">RUND R\u00d6D TAPET, tillverkad av FLANNEL, som ligger under plattformen f\u00f6r att skydda den yta som den \u00e4r monterad p\u00e5 och som, med en diameter som \u00e4r n\u00e5got st\u00f6rre \u00e4n plattformen, \u00f6verskrider dess kanter och skapar en kontur som ger den mer elegans;<\/span>\n\t\t\t\t\t\t\t\t\t<\/li>\n\t\t\t\t\t\t\t\t<li class=\"elementor-icon-list-item\">\n\t\t\t\t\t\t\t\t\t\t\t<span class=\"elementor-icon-list-icon\">\n\t\t\t\t\t\t\t<i aria-hidden=\"true\" class=\"fas fa-check\"><\/i>\t\t\t\t\t\t<\/span>\n\t\t\t\t\t\t\t\t\t\t<span class=\"elementor-icon-list-text\">Skydds- och transporth\u00f6lje av vattent\u00e4tt material, f\u00f6rsett med flerdimensionella hjul och handtag av silikon f\u00f6r enkel hantering (kan uppgraderas till flygv\u00e4ska: extra 300 euro).<\/span>\n\t\t\t\t\t\t\t\t\t<\/li>\n\t\t\t\t\t\t\t\t<li class=\"elementor-icon-list-item\">\n\t\t\t\t\t\t\t\t\t\t\t<span class=\"elementor-icon-list-icon\">\n\t\t\t\t\t\t\t<i aria-hidden=\"true\" class=\"fas fa-check\"><\/i>\t\t\t\t\t\t<\/span>\n\t\t\t\t\t\t\t\t\t\t<span class=\"elementor-icon-list-text\">BRUKSANVISNING.<\/span>\n\t\t\t\t\t\t\t\t\t<\/li>\n\t\t\t\t\t\t<\/ul>\n\t\t\t\t<\/div>\n\t\t\t\t<\/div>\n\t\t\t\t\t<\/div>\r\n\t\t\t\t<\/div>\r\n\t\t\t\t\t<\/div>\r\n\t\t\t\t<\/section>\r\n\t\t<\/div>\n<p>&nbsp;<\/p>\n<p>Du har ocks\u00e5 m\u00f6jlighet att UPGRADERA till &#8221;FULLT <span class=\"Y2IQFc\" lang=\"en\">PLUG &amp; PLAY-PAKET<\/span>&#8221; &#8211; <a href=\"https:\/\/360photoboothpro.eu\/product\/upgrade-to-full-plug-play-package\/\">SE HUR DET INNEH\u00c5LLER, i detalj, p\u00e5 f\u00f6ljande sida: KLICKA H\u00c4R.<\/a><\/p>\n","protected":false},"excerpt":{"rendered":"<p id=\"tw-target-text\" class=\"tw-data-text tw-text-large tw-ta\" dir=\"ltr\" data-placeholder=\"Traducere\"><span class=\"Y2IQFc\" lang=\"en\">V\u00e5rt f\u00f6retag \u00e4r bel\u00e4get i Rum\u00e4nien.<br \/>\nVi skickar produkterna fr\u00e5n v\u00e5rt lager.<br \/>\nProdukten skickas till dig inom 5-7 arbetsdagar.<\/span><\/p>\n","protected":false},"featured_media":12626,"comment_status":"open","ping_status":"closed","template":"","meta":{"_acf_changed":false},"product_cat":[478],"product_tag":[440,438,435,439,441,436,434,443,444,437,442,445],"class_list":{"0":"post-9061","1":"product","2":"type-product","3":"status-publish","4":"has-post-thumbnail","6":"product_cat-360-photo-booth-platforms-sv","7":"product_tag-360-fotobas-till-salu","8":"product_tag-360-graders-fotoautomat","9":"product_tag-360-monter-till-salu","10":"product_tag-360-photo-booth-sv","11":"product_tag-360-selfie-bas","12":"product_tag-360-kamera-monter","13":"product_tag-360-monter","14":"product_tag-360-videobas","15":"product_tag-360-videobas-till-salu","16":"product_tag-fotobas-med-360-kamera","17":"product_tag-fotobas-med-360-spinn","18":"product_tag-roterande-fotoautomat","20":"first","21":"instock","22":"taxable","23":"shipping-taxable","24":"purchasable","25":"product-type-simple"},"acf":[],"yoast_head":"<!-- This site is optimized with the Yoast SEO plugin v23.5 - https:\/\/yoast.com\/wordpress\/plugins\/seo\/ -->\n<title>360 Photo Booth PRO - 80cm AUTOMATIC Metal Round Shape (360 kamera b\u00e5s, 360 video b\u00e5s) - 360PhotoBoothPRO<\/title>\n<meta name=\"description\" content=\"Photo Booth PRO is an online store where you can buy quality 360 Photo Booth PRO - 80cm AUTOMATIC Metal Round Shape (360 kamera b\u00e5s, 360 video b\u00e5s) at an affordable price. Buy now!\" \/>\n<meta name=\"robots\" content=\"index, follow, max-snippet:-1, max-image-preview:large, max-video-preview:-1\" \/>\n<link rel=\"canonical\" href=\"https:\/\/360photoboothpro.eu\/sv\/produkt\/360-photo-booth-pro-80-cm-automatic-metal-round-shape-360-camera-booth-360-video-booth\/\" \/>\n<meta property=\"og:locale\" content=\"sv_SE\" \/>\n<meta property=\"og:type\" content=\"article\" \/>\n<meta property=\"og:title\" content=\"360 Photo Booth PRO - 80cm AUTOMATIC Metal Round Shape (360 kamera b\u00e5s, 360 video b\u00e5s) - 360PhotoBoothPRO\" \/>\n<meta property=\"og:description\" content=\"Photo Booth PRO is an online store where you can buy quality 360 Photo Booth PRO - 80cm AUTOMATIC Metal Round Shape (360 kamera b\u00e5s, 360 video b\u00e5s) at an affordable price. Buy now!\" \/>\n<meta property=\"og:url\" content=\"https:\/\/360photoboothpro.eu\/sv\/produkt\/360-photo-booth-pro-80-cm-automatic-metal-round-shape-360-camera-booth-360-video-booth\/\" \/>\n<meta property=\"og:site_name\" content=\"360PhotoBoothPRO\" \/>\n<meta property=\"article:publisher\" content=\"https:\/\/www.facebook.com\/360PhotoBoothPRO.Canada\/\" \/>\n<meta property=\"article:modified_time\" content=\"2025-09-25T13:55:13+00:00\" \/>\n<meta property=\"og:image\" content=\"https:\/\/360photoboothpro.eu\/wp-content\/uploads\/2023\/03\/360-photo-booth-pro-automatic-metal-round-shape-360-camera-booth-360-video-booth-24-social.jpg\" \/>\n<meta name=\"twitter:card\" content=\"summary_large_image\" \/>\n<script type=\"application\/ld+json\" class=\"yoast-schema-graph\">{\"@context\":\"https:\/\/schema.org\",\"@graph\":[{\"@type\":\"WebPage\",\"@id\":\"https:\/\/360photoboothpro.eu\/sv\/produkt\/360-photo-booth-pro-80-cm-automatic-metal-round-shape-360-camera-booth-360-video-booth\/\",\"url\":\"https:\/\/360photoboothpro.eu\/sv\/produkt\/360-photo-booth-pro-80-cm-automatic-metal-round-shape-360-camera-booth-360-video-booth\/\",\"name\":\"360 Photo Booth PRO - 80cm AUTOMATIC Metal Round Shape (360 kamera b\u00e5s, 360 video b\u00e5s) - 360PhotoBoothPRO\",\"isPartOf\":{\"@id\":\"https:\/\/360photoboothpro.eu\/sv\/#website\"},\"primaryImageOfPage\":{\"@id\":\"https:\/\/360photoboothpro.eu\/sv\/produkt\/360-photo-booth-pro-80-cm-automatic-metal-round-shape-360-camera-booth-360-video-booth\/#primaryimage\"},\"image\":{\"@id\":\"https:\/\/360photoboothpro.eu\/sv\/produkt\/360-photo-booth-pro-80-cm-automatic-metal-round-shape-360-camera-booth-360-video-booth\/#primaryimage\"},\"thumbnailUrl\":\"https:\/\/360photoboothpro.eu\/wp-content\/uploads\/2023\/03\/360-photo-booth-pro-automatic-metal-round-shape-360-camera-booth-360-video-booth-24.jpg\",\"datePublished\":\"2023-04-11T09:18:04+00:00\",\"dateModified\":\"2025-09-25T13:55:13+00:00\",\"description\":\"Photo Booth PRO is an online store where you can buy quality 360 Photo Booth PRO - 80cm AUTOMATIC Metal Round Shape (360 kamera b\u00e5s, 360 video b\u00e5s) at an affordable price. Buy now!\",\"breadcrumb\":{\"@id\":\"https:\/\/360photoboothpro.eu\/sv\/produkt\/360-photo-booth-pro-80-cm-automatic-metal-round-shape-360-camera-booth-360-video-booth\/#breadcrumb\"},\"inLanguage\":\"sv-SE\",\"potentialAction\":[{\"@type\":\"ReadAction\",\"target\":[\"https:\/\/360photoboothpro.eu\/sv\/produkt\/360-photo-booth-pro-80-cm-automatic-metal-round-shape-360-camera-booth-360-video-booth\/\"]}]},{\"@type\":\"ImageObject\",\"inLanguage\":\"sv-SE\",\"@id\":\"https:\/\/360photoboothpro.eu\/sv\/produkt\/360-photo-booth-pro-80-cm-automatic-metal-round-shape-360-camera-booth-360-video-booth\/#primaryimage\",\"url\":\"https:\/\/360photoboothpro.eu\/wp-content\/uploads\/2023\/03\/360-photo-booth-pro-automatic-metal-round-shape-360-camera-booth-360-video-booth-24.jpg\",\"contentUrl\":\"https:\/\/360photoboothpro.eu\/wp-content\/uploads\/2023\/03\/360-photo-booth-pro-automatic-metal-round-shape-360-camera-booth-360-video-booth-24.jpg\",\"width\":1000,\"height\":1000,\"caption\":\"360 video booth pro metal round shape\"},{\"@type\":\"BreadcrumbList\",\"@id\":\"https:\/\/360photoboothpro.eu\/sv\/produkt\/360-photo-booth-pro-80-cm-automatic-metal-round-shape-360-camera-booth-360-video-booth\/#breadcrumb\",\"itemListElement\":[{\"@type\":\"ListItem\",\"position\":1,\"name\":\"Home\",\"item\":\"https:\/\/360photoboothpro.eu\/sv\/\"},{\"@type\":\"ListItem\",\"position\":2,\"name\":\"Butik\",\"item\":\"https:\/\/360photoboothpro.eu\/sv\/shoppa\/\"},{\"@type\":\"ListItem\",\"position\":3,\"name\":\"360 Photo Booth PRO &#8211; 80cm AUTOMATIC Metal Round Shape (360 kamera b\u00e5s, 360 video b\u00e5s)\"}]},{\"@type\":\"WebSite\",\"@id\":\"https:\/\/360photoboothpro.eu\/sv\/#website\",\"url\":\"https:\/\/360photoboothpro.eu\/sv\/\",\"name\":\"360PhotoBoothPRO\",\"description\":\"360PhotoBoothPRO\",\"publisher\":{\"@id\":\"https:\/\/360photoboothpro.eu\/sv\/#organization\"},\"potentialAction\":[{\"@type\":\"SearchAction\",\"target\":{\"@type\":\"EntryPoint\",\"urlTemplate\":\"https:\/\/360photoboothpro.eu\/sv\/?s={search_term_string}\"},\"query-input\":{\"@type\":\"PropertyValueSpecification\",\"valueRequired\":true,\"valueName\":\"search_term_string\"}}],\"inLanguage\":\"sv-SE\"},{\"@type\":\"Organization\",\"@id\":\"https:\/\/360photoboothpro.eu\/sv\/#organization\",\"name\":\"360PhotoBoothPRO\",\"url\":\"https:\/\/360photoboothpro.eu\/sv\/\",\"logo\":{\"@type\":\"ImageObject\",\"inLanguage\":\"sv-SE\",\"@id\":\"https:\/\/360photoboothpro.eu\/sv\/#\/schema\/logo\/image\/\",\"url\":\"https:\/\/360photoboothpro.eu\/wp-content\/uploads\/2023\/03\/logo-360photoboothpro-favicon.png\",\"contentUrl\":\"https:\/\/360photoboothpro.eu\/wp-content\/uploads\/2023\/03\/logo-360photoboothpro-favicon.png\",\"width\":317,\"height\":317,\"caption\":\"360PhotoBoothPRO\"},\"image\":{\"@id\":\"https:\/\/360photoboothpro.eu\/sv\/#\/schema\/logo\/image\/\"},\"sameAs\":[\"https:\/\/www.facebook.com\/360PhotoBoothPRO.Canada\/\"]}]}<\/script>\n<!-- \/ Yoast SEO plugin. -->","yoast_head_json":{"title":"360 Photo Booth PRO - 80cm AUTOMATIC Metal Round Shape (360 kamera b\u00e5s, 360 video b\u00e5s) - 360PhotoBoothPRO","description":"Photo Booth PRO is an online store where you can buy quality 360 Photo Booth PRO - 80cm AUTOMATIC Metal Round Shape (360 kamera b\u00e5s, 360 video b\u00e5s) at an affordable price. Buy now!","robots":{"index":"index","follow":"follow","max-snippet":"max-snippet:-1","max-image-preview":"max-image-preview:large","max-video-preview":"max-video-preview:-1"},"canonical":"https:\/\/360photoboothpro.eu\/sv\/produkt\/360-photo-booth-pro-80-cm-automatic-metal-round-shape-360-camera-booth-360-video-booth\/","og_locale":"sv_SE","og_type":"article","og_title":"360 Photo Booth PRO - 80cm AUTOMATIC Metal Round Shape (360 kamera b\u00e5s, 360 video b\u00e5s) - 360PhotoBoothPRO","og_description":"Photo Booth PRO is an online store where you can buy quality 360 Photo Booth PRO - 80cm AUTOMATIC Metal Round Shape (360 kamera b\u00e5s, 360 video b\u00e5s) at an affordable price. Buy now!","og_url":"https:\/\/360photoboothpro.eu\/sv\/produkt\/360-photo-booth-pro-80-cm-automatic-metal-round-shape-360-camera-booth-360-video-booth\/","og_site_name":"360PhotoBoothPRO","article_publisher":"https:\/\/www.facebook.com\/360PhotoBoothPRO.Canada\/","article_modified_time":"2025-09-25T13:55:13+00:00","og_image":[{"url":"https:\/\/360photoboothpro.eu\/wp-content\/uploads\/2023\/03\/360-photo-booth-pro-automatic-metal-round-shape-360-camera-booth-360-video-booth-24-social.jpg"}],"twitter_card":"summary_large_image","schema":{"@context":"https:\/\/schema.org","@graph":[{"@type":"WebPage","@id":"https:\/\/360photoboothpro.eu\/sv\/produkt\/360-photo-booth-pro-80-cm-automatic-metal-round-shape-360-camera-booth-360-video-booth\/","url":"https:\/\/360photoboothpro.eu\/sv\/produkt\/360-photo-booth-pro-80-cm-automatic-metal-round-shape-360-camera-booth-360-video-booth\/","name":"360 Photo Booth PRO - 80cm AUTOMATIC Metal Round Shape (360 kamera b\u00e5s, 360 video b\u00e5s) - 360PhotoBoothPRO","isPartOf":{"@id":"https:\/\/360photoboothpro.eu\/sv\/#website"},"primaryImageOfPage":{"@id":"https:\/\/360photoboothpro.eu\/sv\/produkt\/360-photo-booth-pro-80-cm-automatic-metal-round-shape-360-camera-booth-360-video-booth\/#primaryimage"},"image":{"@id":"https:\/\/360photoboothpro.eu\/sv\/produkt\/360-photo-booth-pro-80-cm-automatic-metal-round-shape-360-camera-booth-360-video-booth\/#primaryimage"},"thumbnailUrl":"https:\/\/360photoboothpro.eu\/wp-content\/uploads\/2023\/03\/360-photo-booth-pro-automatic-metal-round-shape-360-camera-booth-360-video-booth-24.jpg","datePublished":"2023-04-11T09:18:04+00:00","dateModified":"2025-09-25T13:55:13+00:00","description":"Photo Booth PRO is an online store where you can buy quality 360 Photo Booth PRO - 80cm AUTOMATIC Metal Round Shape (360 kamera b\u00e5s, 360 video b\u00e5s) at an affordable price. Buy now!","breadcrumb":{"@id":"https:\/\/360photoboothpro.eu\/sv\/produkt\/360-photo-booth-pro-80-cm-automatic-metal-round-shape-360-camera-booth-360-video-booth\/#breadcrumb"},"inLanguage":"sv-SE","potentialAction":[{"@type":"ReadAction","target":["https:\/\/360photoboothpro.eu\/sv\/produkt\/360-photo-booth-pro-80-cm-automatic-metal-round-shape-360-camera-booth-360-video-booth\/"]}]},{"@type":"ImageObject","inLanguage":"sv-SE","@id":"https:\/\/360photoboothpro.eu\/sv\/produkt\/360-photo-booth-pro-80-cm-automatic-metal-round-shape-360-camera-booth-360-video-booth\/#primaryimage","url":"https:\/\/360photoboothpro.eu\/wp-content\/uploads\/2023\/03\/360-photo-booth-pro-automatic-metal-round-shape-360-camera-booth-360-video-booth-24.jpg","contentUrl":"https:\/\/360photoboothpro.eu\/wp-content\/uploads\/2023\/03\/360-photo-booth-pro-automatic-metal-round-shape-360-camera-booth-360-video-booth-24.jpg","width":1000,"height":1000,"caption":"360 video booth pro metal round shape"},{"@type":"BreadcrumbList","@id":"https:\/\/360photoboothpro.eu\/sv\/produkt\/360-photo-booth-pro-80-cm-automatic-metal-round-shape-360-camera-booth-360-video-booth\/#breadcrumb","itemListElement":[{"@type":"ListItem","position":1,"name":"Home","item":"https:\/\/360photoboothpro.eu\/sv\/"},{"@type":"ListItem","position":2,"name":"Butik","item":"https:\/\/360photoboothpro.eu\/sv\/shoppa\/"},{"@type":"ListItem","position":3,"name":"360 Photo Booth PRO &#8211; 80cm AUTOMATIC Metal Round Shape (360 kamera b\u00e5s, 360 video b\u00e5s)"}]},{"@type":"WebSite","@id":"https:\/\/360photoboothpro.eu\/sv\/#website","url":"https:\/\/360photoboothpro.eu\/sv\/","name":"360PhotoBoothPRO","description":"360PhotoBoothPRO","publisher":{"@id":"https:\/\/360photoboothpro.eu\/sv\/#organization"},"potentialAction":[{"@type":"SearchAction","target":{"@type":"EntryPoint","urlTemplate":"https:\/\/360photoboothpro.eu\/sv\/?s={search_term_string}"},"query-input":{"@type":"PropertyValueSpecification","valueRequired":true,"valueName":"search_term_string"}}],"inLanguage":"sv-SE"},{"@type":"Organization","@id":"https:\/\/360photoboothpro.eu\/sv\/#organization","name":"360PhotoBoothPRO","url":"https:\/\/360photoboothpro.eu\/sv\/","logo":{"@type":"ImageObject","inLanguage":"sv-SE","@id":"https:\/\/360photoboothpro.eu\/sv\/#\/schema\/logo\/image\/","url":"https:\/\/360photoboothpro.eu\/wp-content\/uploads\/2023\/03\/logo-360photoboothpro-favicon.png","contentUrl":"https:\/\/360photoboothpro.eu\/wp-content\/uploads\/2023\/03\/logo-360photoboothpro-favicon.png","width":317,"height":317,"caption":"360PhotoBoothPRO"},"image":{"@id":"https:\/\/360photoboothpro.eu\/sv\/#\/schema\/logo\/image\/"},"sameAs":["https:\/\/www.facebook.com\/360PhotoBoothPRO.Canada\/"]}]}},"_links":{"self":[{"href":"https:\/\/360photoboothpro.eu\/sv\/wp-json\/wp\/v2\/product\/9061"}],"collection":[{"href":"https:\/\/360photoboothpro.eu\/sv\/wp-json\/wp\/v2\/product"}],"about":[{"href":"https:\/\/360photoboothpro.eu\/sv\/wp-json\/wp\/v2\/types\/product"}],"replies":[{"embeddable":true,"href":"https:\/\/360photoboothpro.eu\/sv\/wp-json\/wp\/v2\/comments?post=9061"}],"wp:featuredmedia":[{"embeddable":true,"href":"https:\/\/360photoboothpro.eu\/sv\/wp-json\/wp\/v2\/media\/12626"}],"wp:attachment":[{"href":"https:\/\/360photoboothpro.eu\/sv\/wp-json\/wp\/v2\/media?parent=9061"}],"wp:term":[{"taxonomy":"product_cat","embeddable":true,"href":"https:\/\/360photoboothpro.eu\/sv\/wp-json\/wp\/v2\/product_cat?post=9061"},{"taxonomy":"product_tag","embeddable":true,"href":"https:\/\/360photoboothpro.eu\/sv\/wp-json\/wp\/v2\/product_tag?post=9061"}],"curies":[{"name":"wp","href":"https:\/\/api.w.org\/{rel}","templated":true}]}}